{"id":9951,"date":"2020-04-09T15:31:32","date_gmt":"2020-04-09T15:31:32","guid":{"rendered":"https:\/\/sacidkordas.com\/producte\/meches"},"modified":"2022-03-21T08:19:30","modified_gmt":"2022-03-21T08:19:30","slug":"meches","status":"publish","type":"product","link":"https:\/\/sacidkordas.com\/fr\/meches\/","title":{"rendered":"M\u00e8ches"},"content":{"rendered":"","protected":false},"excerpt":{"rendered":"<p><span style=\"font-weight: 400\">Torsion de plusieurs fils en un.<\/span><\/p>\n<ul>\n<li style=\"font-weight: 400\"><strong>CARACT\u00c9RISTIQUES<\/strong><\/li>\n<\/ul>\n<p><span style=\"font-weight: 400\">Torons pour remplir ou attacher.<\/span><\/p>\n<ul>\n<li style=\"font-weight: 400\"><strong>TYPES D\u2019UTILISATION<\/strong><\/li>\n<\/ul>\n<p><span style=\"font-weight: 400\">Confection, agriculture, travaux manuels, bricolage, industrie&#8230;<\/span><\/p>\n<p><span style=\"font-weight: 400\">Notre condition de fabricant nous permet de r\u00e9aliser toute commande sp\u00e9ciale, n\u2019h\u00e9sitez pas \u00e0 nous le demander \u00e0 travers notre <a href=\"https:\/\/sacidkordas.com\/contact\"><strong>formulaire de contact Korda\u2019s.<\/strong><\/a><\/span><\/p>\n","protected":false},"featured_media":8262,"template":"","meta":[],"product_brand":[],"product_cat":[293],"product_tag":[],"class_list":{"0":"post-9951","1":"product","2":"type-product","3":"status-publish","4":"has-post-thumbnail","6":"product_cat-convencional-fr","8":"first","9":"outofstock","10":"downloadable","11":"virtual","12":"product-type-simple"},"_links":{"self":[{"href":"https:\/\/sacidkordas.com\/fr\/wp-json\/wp\/v2\/product\/9951","targetHints":{"allow":["GET"]}}],"collection":[{"href":"https:\/\/sacidkordas.com\/fr\/wp-json\/wp\/v2\/product"}],"about":[{"href":"https:\/\/sacidkordas.com\/fr\/wp-json\/wp\/v2\/types\/product"}],"wp:featuredmedia":[{"embeddable":true,"href":"https:\/\/sacidkordas.com\/fr\/wp-json\/wp\/v2\/media\/8262"}],"wp:attachment":[{"href":"https:\/\/sacidkordas.com\/fr\/wp-json\/wp\/v2\/media?parent=9951"}],"wp:term":[{"taxonomy":"product_brand","embeddable":true,"href":"https:\/\/sacidkordas.com\/fr\/wp-json\/wp\/v2\/product_brand?post=9951"},{"taxonomy":"product_cat","embeddable":true,"href":"https:\/\/sacidkordas.com\/fr\/wp-json\/wp\/v2\/product_cat?post=9951"},{"taxonomy":"product_tag","embeddable":true,"href":"https:\/\/sacidkordas.com\/fr\/wp-json\/wp\/v2\/product_tag?post=9951"}],"curies":[{"name":"wp","href":"https:\/\/api.w.org\/{rel}","templated":true}]}}