{"id":9946,"date":"2020-04-09T15:46:14","date_gmt":"2020-04-09T15:46:14","guid":{"rendered":"https:\/\/sacidkordas.com\/producte\/tissages-tordus"},"modified":"2022-03-21T08:19:29","modified_gmt":"2022-03-21T08:19:29","slug":"tissages-tordus","status":"publish","type":"product","link":"https:\/\/sacidkordas.com\/fr\/tissages-tordus\/","title":{"rendered":"Tissages tordus"},"content":{"rendered":"","protected":false},"excerpt":{"rendered":"<p><span style=\"font-weight: 400\">Tissages \u00e0 2, 3 ou 4 torons.<\/span><\/p>\n<ul>\n<li style=\"font-weight: 400\"><strong>CARACT\u00c9RISTIQUES<\/strong><\/li>\n<\/ul>\n<p><span style=\"font-weight: 400\">Tissage coup\u00e9 en diff\u00e9rentes largeurs et tordu en fonction du diam\u00e8tre voulu. Dans ce type de fabrication il n\u2019y a pas de probl\u00e8me pour changer la couleur de la pi\u00e8ce, car il s\u2019agit du m\u00eame tissage.<\/span><\/p>\n<ul>\n<li style=\"font-weight: 400\"><strong>TYPES D\u2019UTILISATION<\/strong><\/li>\n<\/ul>\n<p><span style=\"font-weight: 400\">Confection<\/span><\/p>\n<p><span style=\"font-weight: 400\">Notre condition de fabricant nous permet de r\u00e9aliser toute commande sp\u00e9ciale, n\u2019h\u00e9sitez\u00a0 pas \u00e0 nous le demander \u00e0 travers notre <a href=\"https:\/\/sacidkordas.com\/contact\"><strong>formulaire de contact Korda\u2019s.<\/strong><\/a><\/span><\/p>\n","protected":false},"featured_media":8637,"template":"","meta":[],"product_brand":[],"product_cat":[293],"product_tag":[],"class_list":{"0":"post-9946","1":"product","2":"type-product","3":"status-publish","4":"has-post-thumbnail","6":"product_cat-convencional-fr","8":"first","9":"outofstock","10":"downloadable","11":"virtual","12":"product-type-simple"},"_links":{"self":[{"href":"https:\/\/sacidkordas.com\/fr\/wp-json\/wp\/v2\/product\/9946","targetHints":{"allow":["GET"]}}],"collection":[{"href":"https:\/\/sacidkordas.com\/fr\/wp-json\/wp\/v2\/product"}],"about":[{"href":"https:\/\/sacidkordas.com\/fr\/wp-json\/wp\/v2\/types\/product"}],"wp:featuredmedia":[{"embeddable":true,"href":"https:\/\/sacidkordas.com\/fr\/wp-json\/wp\/v2\/media\/8637"}],"wp:attachment":[{"href":"https:\/\/sacidkordas.com\/fr\/wp-json\/wp\/v2\/media?parent=9946"}],"wp:term":[{"taxonomy":"product_brand","embeddable":true,"href":"https:\/\/sacidkordas.com\/fr\/wp-json\/wp\/v2\/product_brand?post=9946"},{"taxonomy":"product_cat","embeddable":true,"href":"https:\/\/sacidkordas.com\/fr\/wp-json\/wp\/v2\/product_cat?post=9946"},{"taxonomy":"product_tag","embeddable":true,"href":"https:\/\/sacidkordas.com\/fr\/wp-json\/wp\/v2\/product_tag?post=9946"}],"curies":[{"name":"wp","href":"https:\/\/api.w.org\/{rel}","templated":true}]}}