{"id":9932,"date":"2020-04-09T15:27:39","date_gmt":"2020-04-09T15:27:39","guid":{"rendered":"https:\/\/sacidkordas.com\/producte\/cordes-toronnees-en-cotton"},"modified":"2022-03-21T08:19:31","modified_gmt":"2022-03-21T08:19:31","slug":"cordes-toronnees-en-cotton","status":"publish","type":"product","link":"https:\/\/sacidkordas.com\/fr\/cordes-toronnees-en-cotton\/","title":{"rendered":"Cordes toronn\u00e9es en cotton"},"content":{"rendered":"","protected":false},"excerpt":{"rendered":"<p>Cordes tordues en 2, 3 ou 4 torons.<\/p>\n<ul>\n<li style=\"font-weight: 400\"><strong>CARACT\u00c9RISTIQUES<\/strong><\/li>\n<\/ul>\n<p><span style=\"font-weight: 400\">Cordages sp\u00e9ciaux permettant leur teinture en n\u2019importe quelle couleur, tr\u00e8s flexibles et doux au toucher. Possibilit\u00e9 de fabrication personnalis\u00e9e.<\/span><\/p>\n<ul>\n<li style=\"font-weight: 400\"><strong>TYPES D\u2019UTILISATION<\/strong><\/li>\n<\/ul>\n<p><span style=\"font-weight: 400\">Travaux manuels, confection, d\u00e9coration, boucherie, bricolage&#8230;<\/span><\/p>\n<p><span style=\"font-weight: 400\">Notre condition de fabricant nous permet de r\u00e9aliser toute commande sp\u00e9ciale, n\u2019h\u00e9sitez\u00a0 pas \u00e0 nous le demander \u00e0 travers notre formulaire de contact Korda\u2019s.<\/span><\/p>\n","protected":false},"featured_media":8266,"template":"","meta":[],"product_brand":[],"product_cat":[293],"product_tag":[],"class_list":{"0":"post-9932","1":"product","2":"type-product","3":"status-publish","4":"has-post-thumbnail","6":"product_cat-convencional-fr","8":"first","9":"outofstock","10":"downloadable","11":"virtual","12":"product-type-simple"},"_links":{"self":[{"href":"https:\/\/sacidkordas.com\/fr\/wp-json\/wp\/v2\/product\/9932","targetHints":{"allow":["GET"]}}],"collection":[{"href":"https:\/\/sacidkordas.com\/fr\/wp-json\/wp\/v2\/product"}],"about":[{"href":"https:\/\/sacidkordas.com\/fr\/wp-json\/wp\/v2\/types\/product"}],"wp:featuredmedia":[{"embeddable":true,"href":"https:\/\/sacidkordas.com\/fr\/wp-json\/wp\/v2\/media\/8266"}],"wp:attachment":[{"href":"https:\/\/sacidkordas.com\/fr\/wp-json\/wp\/v2\/media?parent=9932"}],"wp:term":[{"taxonomy":"product_brand","embeddable":true,"href":"https:\/\/sacidkordas.com\/fr\/wp-json\/wp\/v2\/product_brand?post=9932"},{"taxonomy":"product_cat","embeddable":true,"href":"https:\/\/sacidkordas.com\/fr\/wp-json\/wp\/v2\/product_cat?post=9932"},{"taxonomy":"product_tag","embeddable":true,"href":"https:\/\/sacidkordas.com\/fr\/wp-json\/wp\/v2\/product_tag?post=9932"}],"curies":[{"name":"wp","href":"https:\/\/api.w.org\/{rel}","templated":true}]}}