{"id":9930,"date":"2020-04-09T15:35:02","date_gmt":"2020-04-09T15:35:02","guid":{"rendered":"https:\/\/sacidkordas.com\/producte\/corde-helicoidale"},"modified":"2022-03-21T08:19:30","modified_gmt":"2022-03-21T08:19:30","slug":"corde-helicoidale","status":"publish","type":"product","link":"https:\/\/sacidkordas.com\/fr\/corde-helicoidale\/","title":{"rendered":"Corde h\u00e9lico\u00efdale"},"content":{"rendered":"","protected":false},"excerpt":{"rendered":"<p><span style=\"font-weight: 400\">Cordes fabriqu\u00e9es en tresse creuse.<\/span><\/p>\n<ul>\n<li style=\"font-weight: 400\"><strong>CARACT\u00c9RISTIQUES<\/strong><\/li>\n<\/ul>\n<p><span style=\"font-weight: 400\">Cordes tr\u00e8s flexibles et tr\u00e8s douces au toucher.<\/span><\/p>\n<ul>\n<li style=\"font-weight: 400\"><strong>TYPES D\u2019UTILISATION<\/strong><\/li>\n<\/ul>\n<p><span style=\"font-weight: 400\">D\u00e9marrage de moteurs, industrie en g\u00e9n\u00e9ral.<\/span><\/p>\n<p><span style=\"font-weight: 400\">Notre condition de fabricant nous permet de r\u00e9aliser toute commande sp\u00e9ciale, n\u2019h\u00e9sitez pas \u00e0 nous le demander \u00e0 travers notre formulaire de contact Korda\u2019s.<\/span><\/p>\n","protected":false},"featured_media":8617,"template":"","meta":[],"product_brand":[],"product_cat":[293],"product_tag":[],"class_list":{"0":"post-9930","1":"product","2":"type-product","3":"status-publish","4":"has-post-thumbnail","6":"product_cat-convencional-fr","8":"first","9":"outofstock","10":"downloadable","11":"virtual","12":"product-type-simple"},"_links":{"self":[{"href":"https:\/\/sacidkordas.com\/fr\/wp-json\/wp\/v2\/product\/9930","targetHints":{"allow":["GET"]}}],"collection":[{"href":"https:\/\/sacidkordas.com\/fr\/wp-json\/wp\/v2\/product"}],"about":[{"href":"https:\/\/sacidkordas.com\/fr\/wp-json\/wp\/v2\/types\/product"}],"wp:featuredmedia":[{"embeddable":true,"href":"https:\/\/sacidkordas.com\/fr\/wp-json\/wp\/v2\/media\/8617"}],"wp:attachment":[{"href":"https:\/\/sacidkordas.com\/fr\/wp-json\/wp\/v2\/media?parent=9930"}],"wp:term":[{"taxonomy":"product_brand","embeddable":true,"href":"https:\/\/sacidkordas.com\/fr\/wp-json\/wp\/v2\/product_brand?post=9930"},{"taxonomy":"product_cat","embeddable":true,"href":"https:\/\/sacidkordas.com\/fr\/wp-json\/wp\/v2\/product_cat?post=9930"},{"taxonomy":"product_tag","embeddable":true,"href":"https:\/\/sacidkordas.com\/fr\/wp-json\/wp\/v2\/product_tag?post=9930"}],"curies":[{"name":"wp","href":"https:\/\/api.w.org\/{rel}","templated":true}]}}