{"id":9928,"date":"2020-04-09T15:36:12","date_gmt":"2020-04-09T15:36:12","guid":{"rendered":"https:\/\/sacidkordas.com\/producte\/goma-elastica"},"modified":"2022-03-21T08:19:30","modified_gmt":"2022-03-21T08:19:30","slug":"goma-elastica","status":"publish","type":"product","link":"https:\/\/sacidkordas.com\/fr\/goma-elastica\/","title":{"rendered":"Cordes \u00e9lastiques"},"content":{"rendered":"","protected":false},"excerpt":{"rendered":"<p><span style=\"font-weight: 400\">Cordes fabriqu\u00e9es en double tressage avec gaine en gomme \u00e9lastique.<\/span><\/p>\n<ul>\n<li style=\"font-weight: 400\"><span style=\"font-weight: 400\">CARACT\u00c9RISTIQUES<\/span><\/li>\n<\/ul>\n<p><span style=\"font-weight: 400\">Cordes qui en fonction de l\u2019utilisation peuvent se faire avec un allongement contr\u00f4l\u00e9e sous un stricte contr\u00f4le interne.<\/span><\/p>\n<ul>\n<li style=\"font-weight: 400\"><span style=\"font-weight: 400\">TYPES D\u2019UTILISATION<\/span><\/li>\n<\/ul>\n<p><span style=\"font-weight: 400\">Automobile, transport, agriculture, structures pour b\u00e2ches et stores.<\/span><\/p>\n<p><span style=\"font-weight: 400\">Notre condition de fabricant nous permet de r\u00e9aliser toute commande sp\u00e9ciale, n\u2019h\u00e9sitez\u00a0 pas \u00e0 nous le demander \u00e0 travers notre formulaire de contact Korda\u2019s.<\/span><\/p>\n","protected":false},"featured_media":8633,"template":"","meta":[],"product_brand":[],"product_cat":[293],"product_tag":[],"class_list":{"0":"post-9928","1":"product","2":"type-product","3":"status-publish","4":"has-post-thumbnail","6":"product_cat-convencional-fr","8":"first","9":"outofstock","10":"downloadable","11":"virtual","12":"product-type-simple"},"_links":{"self":[{"href":"https:\/\/sacidkordas.com\/fr\/wp-json\/wp\/v2\/product\/9928","targetHints":{"allow":["GET"]}}],"collection":[{"href":"https:\/\/sacidkordas.com\/fr\/wp-json\/wp\/v2\/product"}],"about":[{"href":"https:\/\/sacidkordas.com\/fr\/wp-json\/wp\/v2\/types\/product"}],"wp:featuredmedia":[{"embeddable":true,"href":"https:\/\/sacidkordas.com\/fr\/wp-json\/wp\/v2\/media\/8633"}],"wp:attachment":[{"href":"https:\/\/sacidkordas.com\/fr\/wp-json\/wp\/v2\/media?parent=9928"}],"wp:term":[{"taxonomy":"product_brand","embeddable":true,"href":"https:\/\/sacidkordas.com\/fr\/wp-json\/wp\/v2\/product_brand?post=9928"},{"taxonomy":"product_cat","embeddable":true,"href":"https:\/\/sacidkordas.com\/fr\/wp-json\/wp\/v2\/product_cat?post=9928"},{"taxonomy":"product_tag","embeddable":true,"href":"https:\/\/sacidkordas.com\/fr\/wp-json\/wp\/v2\/product_tag?post=9928"}],"curies":[{"name":"wp","href":"https:\/\/api.w.org\/{rel}","templated":true}]}}