{"id":9176,"date":"2020-04-27T08:00:45","date_gmt":"2020-04-27T08:00:45","guid":{"rendered":"https:\/\/sacidkordas.com\/producte\/corda-socorrs"},"modified":"2023-11-22T11:25:16","modified_gmt":"2023-11-22T11:25:16","slug":"corde-sauvetage-aquatique","status":"publish","type":"product","link":"https:\/\/sacidkordas.com\/fr\/corde-sauvetage-aquatique\/","title":{"rendered":"Corde de sauvetage aquatique"},"content":{"rendered":"","protected":false},"excerpt":{"rendered":"<p><span style=\"font-weight: 400;\">Corde de diam\u00e8tre de 6, 8 ou 10mm en polypropyl\u00e8ne (tressage h\u00e9lico\u00efdal)\u00a0 flexible tr\u00e8s utile pour des actions de sauvetage aquatiques de surface.<\/span><\/p>\n<h4 class=\"rtejustify\"><\/h4>\n<ul>\n<li style=\"font-weight: 400;\"><span style=\"font-weight: 400;\">Corde 6mm: poids 12,0 g\/m;\u00a0 resistance rupture 215 daN<\/span><\/li>\n<li style=\"font-weight: 400;\"><span style=\"font-weight: 400;\">Corde 8mm:\u00a0 21,7 g\/m; resistance rupture: 590 daN<\/span><\/li>\n<li style=\"font-weight: 400;\"><span style=\"font-weight: 400;\">Corde 10mm:\u00a0 <\/span><span style=\"font-weight: 400;\">36,2 g\/m; resistance rupture<\/span><span style=\"font-weight: 400;\">: 1008 daN<\/span><\/li>\n<li style=\"font-weight: 400;\"><span style=\"font-weight: 400;\">Couleur corde: jaune<\/span><\/li>\n<\/ul>\n<p><strong>Ne pas utilisier la corde pour faire du rappel.<\/strong><\/p>\n","protected":false},"featured_media":12730,"template":"","meta":[],"product_brand":[],"product_cat":[280,128,209,210],"product_tag":[],"class_list":{"0":"post-9176","1":"product","2":"type-product","3":"status-publish","4":"has-post-thumbnail","6":"product_cat-complementos-fr","7":"product_cat-outdoor-fr","8":"product_cat-profesional-fr","9":"product_cat-sauvetage-intervention","11":"first","12":"outofstock","13":"downloadable","14":"virtual","15":"product-type-simple"},"_links":{"self":[{"href":"https:\/\/sacidkordas.com\/fr\/wp-json\/wp\/v2\/product\/9176","targetHints":{"allow":["GET"]}}],"collection":[{"href":"https:\/\/sacidkordas.com\/fr\/wp-json\/wp\/v2\/product"}],"about":[{"href":"https:\/\/sacidkordas.com\/fr\/wp-json\/wp\/v2\/types\/product"}],"wp:featuredmedia":[{"embeddable":true,"href":"https:\/\/sacidkordas.com\/fr\/wp-json\/wp\/v2\/media\/12730"}],"wp:attachment":[{"href":"https:\/\/sacidkordas.com\/fr\/wp-json\/wp\/v2\/media?parent=9176"}],"wp:term":[{"taxonomy":"product_brand","embeddable":true,"href":"https:\/\/sacidkordas.com\/fr\/wp-json\/wp\/v2\/product_brand?post=9176"},{"taxonomy":"product_cat","embeddable":true,"href":"https:\/\/sacidkordas.com\/fr\/wp-json\/wp\/v2\/product_cat?post=9176"},{"taxonomy":"product_tag","embeddable":true,"href":"https:\/\/sacidkordas.com\/fr\/wp-json\/wp\/v2\/product_tag?post=9176"}],"curies":[{"name":"wp","href":"https:\/\/api.w.org\/{rel}","templated":true}]}}