{"id":9175,"date":"2020-03-17T12:31:35","date_gmt":"2020-03-17T12:31:35","guid":{"rendered":"https:\/\/sacidkordas.com\/producte\/bossa-rescat-aquatic"},"modified":"2024-06-19T10:40:49","modified_gmt":"2024-06-19T10:40:49","slug":"sac-de-secours-aquatique","status":"publish","type":"product","link":"https:\/\/sacidkordas.com\/fr\/sac-de-secours-aquatique\/","title":{"rendered":"Sac de secours aquatique"},"content":{"rendered":"","protected":false},"excerpt":{"rendered":"<p><span style=\"font-weight: 400;\">Sac tr\u00e8s compact et l\u00e9ger, qui peut s\u2019accrocher confortablement au baudrier et tr\u00e8s rapide \u00e0 lancer en cas de situations aquatiques de surface compliqu\u00e9es. Corde de polypropyl\u00e8ne de tressage h\u00e9lico\u00efdal.<\/span><\/p>\n<p><strong>Ne pas utiliser la corde pour faire du rappel.<\/strong><\/p>\n<ul>\n<li>Couleur\u00a0: Rouge \/ Orange \/ Jaune \/ Vert<\/li>\n<li style=\"font-weight: 400;\"><span style=\"font-weight: 400;\">Poids: 250g<\/span><\/li>\n<li style=\"font-weight: 400;\"><span style=\"font-weight: 400;\">R\u00e9sistance corde:\u00a0350 daN<\/span><\/li>\n<li style=\"font-weight: 400;\"><span style=\"font-weight: 400;\">Diam\u00e8tre corde flottante: 6mm<\/span><\/li>\n<li style=\"font-weight: 400;\"><span style=\"font-weight: 400;\">Longueur corde: 15m<\/span><\/li>\n<li>Nous soulignons: Tr\u00e8s l\u00e9ger et utile dans des situations complexes.<\/li>\n<\/ul>\n<p>&nbsp;<\/p>\n<p>&nbsp;<\/p>\n","protected":false},"featured_media":16565,"template":"","meta":[],"product_brand":[],"product_cat":[280,128],"product_tag":[],"class_list":{"0":"post-9175","1":"product","2":"type-product","3":"status-publish","4":"has-post-thumbnail","6":"product_cat-complementos-fr","7":"product_cat-outdoor-fr","9":"first","10":"outofstock","11":"downloadable","12":"virtual","13":"product-type-simple"},"_links":{"self":[{"href":"https:\/\/sacidkordas.com\/fr\/wp-json\/wp\/v2\/product\/9175","targetHints":{"allow":["GET"]}}],"collection":[{"href":"https:\/\/sacidkordas.com\/fr\/wp-json\/wp\/v2\/product"}],"about":[{"href":"https:\/\/sacidkordas.com\/fr\/wp-json\/wp\/v2\/types\/product"}],"wp:featuredmedia":[{"embeddable":true,"href":"https:\/\/sacidkordas.com\/fr\/wp-json\/wp\/v2\/media\/16565"}],"wp:attachment":[{"href":"https:\/\/sacidkordas.com\/fr\/wp-json\/wp\/v2\/media?parent=9175"}],"wp:term":[{"taxonomy":"product_brand","embeddable":true,"href":"https:\/\/sacidkordas.com\/fr\/wp-json\/wp\/v2\/product_brand?post=9175"},{"taxonomy":"product_cat","embeddable":true,"href":"https:\/\/sacidkordas.com\/fr\/wp-json\/wp\/v2\/product_cat?post=9175"},{"taxonomy":"product_tag","embeddable":true,"href":"https:\/\/sacidkordas.com\/fr\/wp-json\/wp\/v2\/product_tag?post=9175"}],"curies":[{"name":"wp","href":"https:\/\/api.w.org\/{rel}","templated":true}]}}