{"id":9173,"date":"2020-04-22T09:07:47","date_gmt":"2020-04-22T09:07:47","guid":{"rendered":"https:\/\/sacidkordas.com\/producte\/corda-plomada"},"modified":"2023-11-22T10:49:45","modified_gmt":"2023-11-22T10:49:45","slug":"corde-plombee","status":"publish","type":"product","link":"https:\/\/sacidkordas.com\/fr\/corde-plombee\/","title":{"rendered":"Corde plomb\u00e9e"},"content":{"rendered":"","protected":false},"excerpt":{"rendered":"<p><span style=\"font-weight: 400;\">Corde de 9mm avec une gaine de polyester tress\u00e9 et une \u00e2me de plomb qui sert de lest.<\/span><\/p>\n<p><span style=\"font-weight: 400;\">Utilis\u00e9e pour la d\u00e9marcation de zones submerg\u00e9es. Une fois impr\u00e9gn\u00e9e d\u2019eau elle coule avec facilit\u00e9.<\/span><\/p>\n<p><span style=\"font-weight: 400;\">Sa couleur vive permet un rep\u00e9rage facile en dessous de l\u2019eau.<\/span><\/p>\n<ul>\n<li><span style=\"font-weight: 400;\">Diam\u00e8tre 9mm<\/span><\/li>\n<li>Poids \/ m\u00e8tre: 106,5<\/li>\n<li style=\"font-weight: 400;\"><span style=\"font-weight: 400;\">Densit\u00e9: 2,35 g\/cm3.<\/span><\/li>\n<li style=\"font-weight: 400;\"><span style=\"font-weight: 400;\">Resistance statique \u00e0 la rupture: 1560 daN<\/span><\/li>\n<li style=\"font-weight: 400;\"><span style=\"font-weight: 400;\">Couleurs: Orange<\/span><\/li>\n<li style=\"font-weight: 400;\"><span style=\"font-weight: 400;\">Format 100m \/ 200m<\/span><\/li>\n<\/ul>\n","protected":false},"featured_media":15094,"template":"","meta":[],"product_brand":[],"product_cat":[209,210,281],"product_tag":[],"class_list":{"0":"post-9173","1":"product","2":"type-product","3":"status-publish","4":"has-post-thumbnail","6":"product_cat-profesional-fr","7":"product_cat-sauvetage-intervention","8":"product_cat-travaux-en-hauteur","10":"first","11":"outofstock","12":"downloadable","13":"virtual","14":"product-type-simple"},"_links":{"self":[{"href":"https:\/\/sacidkordas.com\/fr\/wp-json\/wp\/v2\/product\/9173","targetHints":{"allow":["GET"]}}],"collection":[{"href":"https:\/\/sacidkordas.com\/fr\/wp-json\/wp\/v2\/product"}],"about":[{"href":"https:\/\/sacidkordas.com\/fr\/wp-json\/wp\/v2\/types\/product"}],"wp:featuredmedia":[{"embeddable":true,"href":"https:\/\/sacidkordas.com\/fr\/wp-json\/wp\/v2\/media\/15094"}],"wp:attachment":[{"href":"https:\/\/sacidkordas.com\/fr\/wp-json\/wp\/v2\/media?parent=9173"}],"wp:term":[{"taxonomy":"product_brand","embeddable":true,"href":"https:\/\/sacidkordas.com\/fr\/wp-json\/wp\/v2\/product_brand?post=9173"},{"taxonomy":"product_cat","embeddable":true,"href":"https:\/\/sacidkordas.com\/fr\/wp-json\/wp\/v2\/product_cat?post=9173"},{"taxonomy":"product_tag","embeddable":true,"href":"https:\/\/sacidkordas.com\/fr\/wp-json\/wp\/v2\/product_tag?post=9173"}],"curies":[{"name":"wp","href":"https:\/\/api.w.org\/{rel}","templated":true}]}}