{"id":9164,"date":"2020-03-17T08:45:55","date_gmt":"2020-03-17T08:45:55","guid":{"rendered":"https:\/\/sacidkordas.com\/producte\/pistola-tall-termic"},"modified":"2025-04-07T11:06:04","modified_gmt":"2025-04-07T11:06:04","slug":"coupe-corde-thermique","status":"publish","type":"product","link":"https:\/\/sacidkordas.com\/fr\/coupe-corde-thermique\/","title":{"rendered":"Coupe-corde thermique"},"content":{"rendered":"","protected":false},"excerpt":{"rendered":"<p><span style=\"font-weight: 400;\">Sp\u00e9cial pour couper des tissus, cordes et sangles de fibres synth\u00e9tiques.\u00a0 Il conf\u00e8re une continuit\u00e9 et r\u00e9gularit\u00e9 pour des coupes pr\u00e9cises et nettes.<\/span><\/p>\n<p>&nbsp;<\/p>\n","protected":false},"featured_media":16524,"template":"","meta":[],"product_brand":[],"product_cat":[280,128],"product_tag":[],"class_list":{"0":"post-9164","1":"product","2":"type-product","3":"status-publish","4":"has-post-thumbnail","6":"product_cat-complementos-fr","7":"product_cat-outdoor-fr","9":"first","10":"outofstock","11":"downloadable","12":"virtual","13":"product-type-simple"},"_links":{"self":[{"href":"https:\/\/sacidkordas.com\/fr\/wp-json\/wp\/v2\/product\/9164","targetHints":{"allow":["GET"]}}],"collection":[{"href":"https:\/\/sacidkordas.com\/fr\/wp-json\/wp\/v2\/product"}],"about":[{"href":"https:\/\/sacidkordas.com\/fr\/wp-json\/wp\/v2\/types\/product"}],"wp:featuredmedia":[{"embeddable":true,"href":"https:\/\/sacidkordas.com\/fr\/wp-json\/wp\/v2\/media\/16524"}],"wp:attachment":[{"href":"https:\/\/sacidkordas.com\/fr\/wp-json\/wp\/v2\/media?parent=9164"}],"wp:term":[{"taxonomy":"product_brand","embeddable":true,"href":"https:\/\/sacidkordas.com\/fr\/wp-json\/wp\/v2\/product_brand?post=9164"},{"taxonomy":"product_cat","embeddable":true,"href":"https:\/\/sacidkordas.com\/fr\/wp-json\/wp\/v2\/product_cat?post=9164"},{"taxonomy":"product_tag","embeddable":true,"href":"https:\/\/sacidkordas.com\/fr\/wp-json\/wp\/v2\/product_tag?post=9164"}],"curies":[{"name":"wp","href":"https:\/\/api.w.org\/{rel}","templated":true}]}}