{"id":9162,"date":"2020-03-17T11:54:22","date_gmt":"2020-03-17T11:54:22","guid":{"rendered":"https:\/\/sacidkordas.com\/producte\/kit-final-de-corda"},"modified":"2023-11-22T11:41:48","modified_gmt":"2023-11-22T11:41:48","slug":"kit-fin-de-corde","status":"publish","type":"product","link":"https:\/\/sacidkordas.com\/fr\/kit-fin-de-corde\/","title":{"rendered":"Kit fin de corde"},"content":{"rendered":"","protected":false},"excerpt":{"rendered":"<p>&nbsp;<\/p>\n<p><span style=\"font-weight: 400;\">Kit compos\u00e9 de 30 \u00e9tiquettes de papier thermique et 30 tubes de plastique thermo-r\u00e9tractable pour le marquage de d\u00e9coupes de cordes de son format original.<\/span><\/p>\n<p>&nbsp;<\/p>\n","protected":false},"featured_media":16521,"template":"","meta":[],"product_brand":[],"product_cat":[280,128,209],"product_tag":[],"class_list":{"0":"post-9162","1":"product","2":"type-product","3":"status-publish","4":"has-post-thumbnail","6":"product_cat-complementos-fr","7":"product_cat-outdoor-fr","8":"product_cat-profesional-fr","10":"first","11":"outofstock","12":"downloadable","13":"virtual","14":"product-type-simple"},"_links":{"self":[{"href":"https:\/\/sacidkordas.com\/fr\/wp-json\/wp\/v2\/product\/9162","targetHints":{"allow":["GET"]}}],"collection":[{"href":"https:\/\/sacidkordas.com\/fr\/wp-json\/wp\/v2\/product"}],"about":[{"href":"https:\/\/sacidkordas.com\/fr\/wp-json\/wp\/v2\/types\/product"}],"wp:featuredmedia":[{"embeddable":true,"href":"https:\/\/sacidkordas.com\/fr\/wp-json\/wp\/v2\/media\/16521"}],"wp:attachment":[{"href":"https:\/\/sacidkordas.com\/fr\/wp-json\/wp\/v2\/media?parent=9162"}],"wp:term":[{"taxonomy":"product_brand","embeddable":true,"href":"https:\/\/sacidkordas.com\/fr\/wp-json\/wp\/v2\/product_brand?post=9162"},{"taxonomy":"product_cat","embeddable":true,"href":"https:\/\/sacidkordas.com\/fr\/wp-json\/wp\/v2\/product_cat?post=9162"},{"taxonomy":"product_tag","embeddable":true,"href":"https:\/\/sacidkordas.com\/fr\/wp-json\/wp\/v2\/product_tag?post=9162"}],"curies":[{"name":"wp","href":"https:\/\/api.w.org\/{rel}","templated":true}]}}