{"id":9077,"date":"2020-03-12T08:28:11","date_gmt":"2020-03-12T08:28:11","guid":{"rendered":"https:\/\/sacidkordas.com\/producte\/kris-101"},"modified":"2025-06-09T15:05:01","modified_gmt":"2025-06-09T15:05:01","slug":"kris-101","status":"publish","type":"product","link":"https:\/\/sacidkordas.com\/fr\/kris-101\/","title":{"rendered":"Kris 10,1"},"content":{"rendered":"[vc_row type=\u00a0\u00bbin_container\u00a0\u00bb full_screen_row_position=\u00a0\u00bbmiddle\u00a0\u00bb column_margin=\u00a0\u00bbdefault\u00a0\u00bb column_direction=\u00a0\u00bbdefault\u00a0\u00bb column_direction_tablet=\u00a0\u00bbdefault\u00a0\u00bb column_direction_phone=\u00a0\u00bbdefault\u00a0\u00bb scene_position=\u00a0\u00bbcenter\u00a0\u00bb text_color=\u00a0\u00bbdark\u00a0\u00bb text_align=\u00a0\u00bbleft\u00a0\u00bb row_border_radius=\u00a0\u00bbnone\u00a0\u00bb row_border_radius_applies=\u00a0\u00bbbg\u00a0\u00bb overflow=\u00a0\u00bbvisible\u00a0\u00bb overlay_strength=\u00a0\u00bb0.3&Prime; gradient_direction=\u00a0\u00bbleft_to_right\u00a0\u00bb shape_divider_position=\u00a0\u00bbbottom\u00a0\u00bb bg_image_animation=\u00a0\u00bbnone\u00a0\u00bb][vc_column column_padding=\u00a0\u00bbno-extra-padding\u00a0\u00bb column_padding_tablet=\u00a0\u00bbinherit\u00a0\u00bb column_padding_phone=\u00a0\u00bbinherit\u00a0\u00bb column_padding_position=\u00a0\u00bball\u00a0\u00bb column_element_direction_desktop=\u00a0\u00bbdefault\u00a0\u00bb column_element_spacing=\u00a0\u00bbdefault\u00a0\u00bb desktop_text_alignment=\u00a0\u00bbdefault\u00a0\u00bb tablet_text_alignment=\u00a0\u00bbdefault\u00a0\u00bb phone_text_alignment=\u00a0\u00bbdefault\u00a0\u00bb background_color_opacity=\u00a0\u00bb1&Prime; background_hover_color_opacity=\u00a0\u00bb1&Prime; column_backdrop_filter=\u00a0\u00bbnone\u00a0\u00bb column_shadow=\u00a0\u00bbnone\u00a0\u00bb column_border_radius=\u00a0\u00bbnone\u00a0\u00bb column_link_target=\u00a0\u00bb_self\u00a0\u00bb column_position=\u00a0\u00bbdefault\u00a0\u00bb gradient_direction=\u00a0\u00bbleft_to_right\u00a0\u00bb overlay_strength=\u00a0\u00bb0.3&Prime; width=\u00a0\u00bb1\/2&Prime; tablet_width_inherit=\u00a0\u00bbdefault\u00a0\u00bb animation_type=\u00a0\u00bbdefault\u00a0\u00bb bg_image_animation=\u00a0\u00bbnone\u00a0\u00bb border_type=\u00a0\u00bbsimple\u00a0\u00bb column_border_width=\u00a0\u00bbnone\u00a0\u00bb column_border_style=\u00a0\u00bbsolid\u00a0\u00bb][vc_column_text]\n<h5><strong>CARACT\u00c9RISTIQUES DYNAMIQUE <\/strong><strong>EN 892:2012 + A3:2023<\/strong><\/h5>\n[\/vc_column_text][\/vc_column][vc_column column_padding=\u00a0\u00bbno-extra-padding\u00a0\u00bb column_padding_tablet=\u00a0\u00bbinherit\u00a0\u00bb column_padding_phone=\u00a0\u00bbinherit\u00a0\u00bb column_padding_position=\u00a0\u00bball\u00a0\u00bb column_element_direction_desktop=\u00a0\u00bbdefault\u00a0\u00bb column_element_spacing=\u00a0\u00bbdefault\u00a0\u00bb desktop_text_alignment=\u00a0\u00bbdefault\u00a0\u00bb tablet_text_alignment=\u00a0\u00bbdefault\u00a0\u00bb phone_text_alignment=\u00a0\u00bbdefault\u00a0\u00bb background_color_opacity=\u00a0\u00bb1&Prime; background_hover_color_opacity=\u00a0\u00bb1&Prime; column_backdrop_filter=\u00a0\u00bbnone\u00a0\u00bb column_shadow=\u00a0\u00bbnone\u00a0\u00bb column_border_radius=\u00a0\u00bbnone\u00a0\u00bb column_link_target=\u00a0\u00bb_self\u00a0\u00bb column_position=\u00a0\u00bbdefault\u00a0\u00bb gradient_direction=\u00a0\u00bbleft_to_right\u00a0\u00bb overlay_strength=\u00a0\u00bb0.3&Prime; width=\u00a0\u00bb1\/2&Prime; tablet_width_inherit=\u00a0\u00bbdefault\u00a0\u00bb animation_type=\u00a0\u00bbdefault\u00a0\u00bb bg_image_animation=\u00a0\u00bbnone\u00a0\u00bb border_type=\u00a0\u00bbsimple\u00a0\u00bb column_border_width=\u00a0\u00bbnone\u00a0\u00bb column_border_style=\u00a0\u00bbsolid\u00a0\u00bb][\/vc_column][\/vc_row][vc_row type=\u00a0\u00bbin_container\u00a0\u00bb full_screen_row_position=\u00a0\u00bbmiddle\u00a0\u00bb column_margin=\u00a0\u00bbdefault\u00a0\u00bb column_direction=\u00a0\u00bbdefault\u00a0\u00bb column_direction_tablet=\u00a0\u00bbdefault\u00a0\u00bb column_direction_phone=\u00a0\u00bbdefault\u00a0\u00bb scene_position=\u00a0\u00bbcenter\u00a0\u00bb text_color=\u00a0\u00bbdark\u00a0\u00bb text_align=\u00a0\u00bbleft\u00a0\u00bb row_border_radius=\u00a0\u00bbnone\u00a0\u00bb row_border_radius_applies=\u00a0\u00bbbg\u00a0\u00bb overflow=\u00a0\u00bbvisible\u00a0\u00bb overlay_strength=\u00a0\u00bb0.3&Prime; gradient_direction=\u00a0\u00bbleft_to_right\u00a0\u00bb shape_divider_position=\u00a0\u00bbbottom\u00a0\u00bb bg_image_animation=\u00a0\u00bbnone\u00a0\u00bb][vc_column column_padding=\u00a0\u00bbno-extra-padding\u00a0\u00bb column_padding_tablet=\u00a0\u00bbinherit\u00a0\u00bb column_padding_phone=\u00a0\u00bbinherit\u00a0\u00bb column_padding_position=\u00a0\u00bball\u00a0\u00bb column_element_direction_desktop=\u00a0\u00bbdefault\u00a0\u00bb column_element_spacing=\u00a0\u00bbdefault\u00a0\u00bb desktop_text_alignment=\u00a0\u00bbdefault\u00a0\u00bb tablet_text_alignment=\u00a0\u00bbdefault\u00a0\u00bb phone_text_alignment=\u00a0\u00bbdefault\u00a0\u00bb background_color_opacity=\u00a0\u00bb1&Prime; background_hover_color_opacity=\u00a0\u00bb1&Prime; column_backdrop_filter=\u00a0\u00bbnone\u00a0\u00bb column_shadow=\u00a0\u00bbnone\u00a0\u00bb column_border_radius=\u00a0\u00bbnone\u00a0\u00bb column_link_target=\u00a0\u00bb_self\u00a0\u00bb column_position=\u00a0\u00bbdefault\u00a0\u00bb gradient_direction=\u00a0\u00bbleft_to_right\u00a0\u00bb overlay_strength=\u00a0\u00bb0.3&Prime; width=\u00a0\u00bb2\/3&Prime; tablet_width_inherit=\u00a0\u00bbdefault\u00a0\u00bb animation_type=\u00a0\u00bbdefault\u00a0\u00bb bg_image_animation=\u00a0\u00bbnone\u00a0\u00bb border_type=\u00a0\u00bbsimple\u00a0\u00bb column_border_width=\u00a0\u00bbnone\u00a0\u00bb column_border_style=\u00a0\u00bbsolid\u00a0\u00bb][nectar_horizontal_list_item columns=\u00a0\u00bb2&Prime; column_layout_using_2_columns=\u00a0\u00bbeven\u00a0\u00bb col_1_text_align=\u00a0\u00bbleft\u00a0\u00bb col_2_text_align=\u00a0\u00bbleft\u00a0\u00bb col_1_text_element=\u00a0\u00bbp\u00a0\u00bb col_2_text_element=\u00a0\u00bbp\u00a0\u00bb font_family=\u00a0\u00bbp\u00a0\u00bb hover_effect=\u00a0\u00bbnone\u00a0\u00bb icon_family=\u00a0\u00bbnone\u00a0\u00bb icon_size=\u00a0\u00bbregular\u00a0\u00bb col_1_content=\u00a0\u00bbDiam\u00e8tre\u00a0\u00bb col_2_content=\u00a0\u00bb10,1 mm\u00a0\u00bb][nectar_horizontal_list_item columns=\u00a0\u00bb2&Prime; column_layout_using_2_columns=\u00a0\u00bbeven\u00a0\u00bb col_1_text_align=\u00a0\u00bbleft\u00a0\u00bb col_2_text_align=\u00a0\u00bbleft\u00a0\u00bb col_1_text_element=\u00a0\u00bbp\u00a0\u00bb col_2_text_element=\u00a0\u00bbp\u00a0\u00bb font_family=\u00a0\u00bbp\u00a0\u00bb hover_effect=\u00a0\u00bbnone\u00a0\u00bb icon_family=\u00a0\u00bbnone\u00a0\u00bb icon_size=\u00a0\u00bbregular\u00a0\u00bb col_1_content=\u00a0\u00bbPoids \/ m\u00e8tre\u00a0\u00bb col_2_content=\u00a0\u00bb66g\u00a0\u00bb][nectar_horizontal_list_item columns=\u00a0\u00bb2&Prime; column_layout_using_2_columns=\u00a0\u00bbeven\u00a0\u00bb col_1_text_align=\u00a0\u00bbleft\u00a0\u00bb col_2_text_align=\u00a0\u00bbleft\u00a0\u00bb col_1_text_element=\u00a0\u00bbp\u00a0\u00bb col_2_text_element=\u00a0\u00bbp\u00a0\u00bb font_family=\u00a0\u00bbp\u00a0\u00bb hover_effect=\u00a0\u00bbnone\u00a0\u00bb icon_family=\u00a0\u00bbnone\u00a0\u00bb icon_size=\u00a0\u00bbregular\u00a0\u00bb col_1_content=\u00a0\u00bbPoids \u00e2me\u00a0\u00bb col_2_content=\u00a0\u00bb43g\u00a0\u00bb][nectar_horizontal_list_item columns=\u00a0\u00bb2&Prime; column_layout_using_2_columns=\u00a0\u00bbeven\u00a0\u00bb col_1_text_align=\u00a0\u00bbleft\u00a0\u00bb col_2_text_align=\u00a0\u00bbleft\u00a0\u00bb col_1_text_element=\u00a0\u00bbp\u00a0\u00bb col_2_text_element=\u00a0\u00bbp\u00a0\u00bb font_family=\u00a0\u00bbp\u00a0\u00bb hover_effect=\u00a0\u00bbnone\u00a0\u00bb icon_family=\u00a0\u00bbnone\u00a0\u00bb icon_size=\u00a0\u00bbregular\u00a0\u00bb col_1_content=\u00a0\u00bbPourcentage \u00e2me\u00a0\u00bb col_2_content=\u00a0\u00bb67%\u00a0\u00bb][nectar_horizontal_list_item columns=\u00a0\u00bb2&Prime; column_layout_using_2_columns=\u00a0\u00bbeven\u00a0\u00bb col_1_text_align=\u00a0\u00bbleft\u00a0\u00bb col_2_text_align=\u00a0\u00bbleft\u00a0\u00bb col_1_text_element=\u00a0\u00bbp\u00a0\u00bb col_2_text_element=\u00a0\u00bbp\u00a0\u00bb font_family=\u00a0\u00bbp\u00a0\u00bb hover_effect=\u00a0\u00bbnone\u00a0\u00bb icon_family=\u00a0\u00bbnone\u00a0\u00bb icon_size=\u00a0\u00bbregular\u00a0\u00bb col_1_content=\u00a0\u00bbD\u00e9placement gaine\u00a0\u00bb col_2_content=\u00a0\u00bb0%\u00a0\u00bb][nectar_horizontal_list_item columns=\u00a0\u00bb2&Prime; column_layout_using_2_columns=\u00a0\u00bbeven\u00a0\u00bb col_1_text_align=\u00a0\u00bbleft\u00a0\u00bb col_2_text_align=\u00a0\u00bbleft\u00a0\u00bb col_1_text_element=\u00a0\u00bbp\u00a0\u00bb col_2_text_element=\u00a0\u00bbp\u00a0\u00bb font_family=\u00a0\u00bbp\u00a0\u00bb hover_effect=\u00a0\u00bbnone\u00a0\u00bb icon_family=\u00a0\u00bbnone\u00a0\u00bb icon_size=\u00a0\u00bbregular\u00a0\u00bb col_1_content=\u00a0\u00bb\u00c9longation\u00a0\u00bb col_2_content=\u00a0\u00bb8%\u00a0\u00bb][nectar_horizontal_list_item columns=\u00a0\u00bb2&Prime; column_layout_using_2_columns=\u00a0\u00bbeven\u00a0\u00bb col_1_text_align=\u00a0\u00bbleft\u00a0\u00bb col_2_text_align=\u00a0\u00bbleft\u00a0\u00bb col_1_text_element=\u00a0\u00bbp\u00a0\u00bb col_2_text_element=\u00a0\u00bbp\u00a0\u00bb font_family=\u00a0\u00bbp\u00a0\u00bb hover_effect=\u00a0\u00bbnone\u00a0\u00bb icon_family=\u00a0\u00bbnone\u00a0\u00bb icon_size=\u00a0\u00bbregular\u00a0\u00bb col_1_content=\u00a0\u00bbForce de choc\u00a0\u00bb col_2_content=\u00a0\u00bb8,3 kN\u00a0\u00bb][nectar_horizontal_list_item columns=\u00a0\u00bb2&Prime; column_layout_using_2_columns=\u00a0\u00bbeven\u00a0\u00bb col_1_text_align=\u00a0\u00bbleft\u00a0\u00bb col_2_text_align=\u00a0\u00bbleft\u00a0\u00bb col_1_text_element=\u00a0\u00bbp\u00a0\u00bb col_2_text_element=\u00a0\u00bbp\u00a0\u00bb font_family=\u00a0\u00bbp\u00a0\u00bb hover_effect=\u00a0\u00bbnone\u00a0\u00bb icon_family=\u00a0\u00bbnone\u00a0\u00bb icon_size=\u00a0\u00bbregular\u00a0\u00bb col_1_content=\u00a0\u00bbNombre de chutes\u00a0\u00bb col_2_content=\u00a0\u00bb8&Prime;][nectar_horizontal_list_item columns=\u00a0\u00bb2&Prime; column_layout_using_2_columns=\u00a0\u00bbeven\u00a0\u00bb col_1_text_align=\u00a0\u00bbleft\u00a0\u00bb col_2_text_align=\u00a0\u00bbleft\u00a0\u00bb col_1_text_element=\u00a0\u00bbp\u00a0\u00bb col_2_text_element=\u00a0\u00bbp\u00a0\u00bb font_family=\u00a0\u00bbp\u00a0\u00bb hover_effect=\u00a0\u00bbnone\u00a0\u00bb icon_family=\u00a0\u00bbnone\u00a0\u00bb icon_size=\u00a0\u00bbregular\u00a0\u00bb col_1_content=\u00a0\u00bb\u00c9lasticit\u00e9 dynamique\u00a0\u00bb col_2_content=\u00a0\u00bb32,5%\u00a0\u00bb][\/vc_column][vc_column column_padding=\u00a0\u00bbno-extra-padding\u00a0\u00bb column_padding_tablet=\u00a0\u00bbinherit\u00a0\u00bb column_padding_phone=\u00a0\u00bbinherit\u00a0\u00bb column_padding_position=\u00a0\u00bball\u00a0\u00bb column_element_direction_desktop=\u00a0\u00bbdefault\u00a0\u00bb column_element_spacing=\u00a0\u00bbdefault\u00a0\u00bb desktop_text_alignment=\u00a0\u00bbdefault\u00a0\u00bb tablet_text_alignment=\u00a0\u00bbdefault\u00a0\u00bb phone_text_alignment=\u00a0\u00bbdefault\u00a0\u00bb background_color_opacity=\u00a0\u00bb1&Prime; background_hover_color_opacity=\u00a0\u00bb1&Prime; column_backdrop_filter=\u00a0\u00bbnone\u00a0\u00bb column_shadow=\u00a0\u00bbnone\u00a0\u00bb column_border_radius=\u00a0\u00bbnone\u00a0\u00bb column_link_target=\u00a0\u00bb_self\u00a0\u00bb column_position=\u00a0\u00bbdefault\u00a0\u00bb gradient_direction=\u00a0\u00bbleft_to_right\u00a0\u00bb overlay_strength=\u00a0\u00bb0.3&Prime; width=\u00a0\u00bb1\/3&Prime; tablet_width_inherit=\u00a0\u00bbdefault\u00a0\u00bb animation_type=\u00a0\u00bbdefault\u00a0\u00bb bg_image_animation=\u00a0\u00bbnone\u00a0\u00bb border_type=\u00a0\u00bbsimple\u00a0\u00bb column_border_width=\u00a0\u00bbnone\u00a0\u00bb column_border_style=\u00a0\u00bbsolid\u00a0\u00bb][\/vc_column][\/vc_row][vc_row type=\u00a0\u00bbin_container\u00a0\u00bb full_screen_row_position=\u00a0\u00bbmiddle\u00a0\u00bb column_margin=\u00a0\u00bbdefault\u00a0\u00bb column_direction=\u00a0\u00bbdefault\u00a0\u00bb column_direction_tablet=\u00a0\u00bbdefault\u00a0\u00bb column_direction_phone=\u00a0\u00bbdefault\u00a0\u00bb scene_position=\u00a0\u00bbcenter\u00a0\u00bb text_color=\u00a0\u00bbdark\u00a0\u00bb text_align=\u00a0\u00bbleft\u00a0\u00bb row_border_radius=\u00a0\u00bbnone\u00a0\u00bb row_border_radius_applies=\u00a0\u00bbbg\u00a0\u00bb overflow=\u00a0\u00bbvisible\u00a0\u00bb overlay_strength=\u00a0\u00bb0.3&Prime; gradient_direction=\u00a0\u00bbleft_to_right\u00a0\u00bb shape_divider_position=\u00a0\u00bbbottom\u00a0\u00bb bg_image_animation=\u00a0\u00bbnone\u00a0\u00bb][vc_column column_padding=\u00a0\u00bbno-extra-padding\u00a0\u00bb column_padding_tablet=\u00a0\u00bbinherit\u00a0\u00bb column_padding_phone=\u00a0\u00bbinherit\u00a0\u00bb column_padding_position=\u00a0\u00bball\u00a0\u00bb column_element_direction_desktop=\u00a0\u00bbdefault\u00a0\u00bb column_element_spacing=\u00a0\u00bbdefault\u00a0\u00bb desktop_text_alignment=\u00a0\u00bbdefault\u00a0\u00bb tablet_text_alignment=\u00a0\u00bbdefault\u00a0\u00bb phone_text_alignment=\u00a0\u00bbdefault\u00a0\u00bb background_color_opacity=\u00a0\u00bb1&Prime; background_hover_color_opacity=\u00a0\u00bb1&Prime; column_backdrop_filter=\u00a0\u00bbnone\u00a0\u00bb column_shadow=\u00a0\u00bbnone\u00a0\u00bb column_border_radius=\u00a0\u00bbnone\u00a0\u00bb column_link_target=\u00a0\u00bb_self\u00a0\u00bb column_position=\u00a0\u00bbdefault\u00a0\u00bb gradient_direction=\u00a0\u00bbleft_to_right\u00a0\u00bb overlay_strength=\u00a0\u00bb0.3&Prime; width=\u00a0\u00bb1\/1&Prime; tablet_width_inherit=\u00a0\u00bbdefault\u00a0\u00bb animation_type=\u00a0\u00bbdefault\u00a0\u00bb bg_image_animation=\u00a0\u00bbnone\u00a0\u00bb border_type=\u00a0\u00bbsimple\u00a0\u00bb column_border_width=\u00a0\u00bbnone\u00a0\u00bb column_border_style=\u00a0\u00bbsolid\u00a0\u00bb][nectar_btn size=\u00a0\u00bbsmall\u00a0\u00bb open_new_tab=\u00a0\u00bbtrue\u00a0\u00bb button_style=\u00a0\u00bbregular-tilt\u00a0\u00bb button_color=\u00a0\u00bbExtra-Color-3&Prime; icon_family=\u00a0\u00bbnone\u00a0\u00bb margin_top=\u00a0\u00bb10&Prime; margin_right=\u00a0\u00bb10&Prime; margin_bottom=\u00a0\u00bb10&Prime; margin_left=\u00a0\u00bb10&Prime; text=\u00a0\u00bbDeclaration de conformit\u00e9\u00a0\u00bb url=\u00a0\u00bbhttps:\/\/sacidkordas.com\/wp-content\/uploads\/2023\/04\/Declaracion-Conformidad-KRIS-10.1-2023.pdf\u00a0\u00bb][nectar_btn size=\u00a0\u00bbsmall\u00a0\u00bb open_new_tab=\u00a0\u00bbtrue\u00a0\u00bb button_style=\u00a0\u00bbregular-tilt\u00a0\u00bb button_color=\u00a0\u00bbExtra-Color-3&Prime; icon_family=\u00a0\u00bbnone\u00a0\u00bb margin_top=\u00a0\u00bb10&Prime; margin_right=\u00a0\u00bb10&Prime; margin_bottom=\u00a0\u00bb10&Prime; margin_left=\u00a0\u00bb10&Prime; text=\u00a0\u00bbFiche technique\u00a0\u00bb url=\u00a0\u00bbhttps:\/\/sacidkordas.com\/wp-content\/uploads\/2023\/11\/KRIS-101-2023.pdf\u00a0\u00bb][nectar_btn size=\u00a0\u00bbsmall\u00a0\u00bb open_new_tab=\u00a0\u00bbtrue\u00a0\u00bb button_style=\u00a0\u00bbregular-tilt\u00a0\u00bb button_color=\u00a0\u00bbExtra-Color-3&Prime; icon_family=\u00a0\u00bbnone\u00a0\u00bb margin_top=\u00a0\u00bb10&Prime; margin_right=\u00a0\u00bb10&Prime; margin_bottom=\u00a0\u00bb10&Prime; margin_left=\u00a0\u00bb10&Prime; text=\u00a0\u00bbMode d&#8217;emploi\u00a0\u00bb url=\u00a0\u00bbhttps:\/\/sacidkordas.com\/wp-content\/uploads\/2025\/06\/KRIS-101-ES-EN-FR-IT-PT-DE.pdf\u00a0\u00bb][\/vc_column][\/vc_row]\n","protected":false},"excerpt":{"rendered":"<h5><b>Corde d\u2019escalade dynamique Simple<\/b><\/h5>\n<p><span style=\"font-weight: 400;\">Kris est une corde qui trouve un <\/span>parfait \u00e9quilibre entre la force de choc et l&rsquo;\u00e9longation<span style=\"font-weight: 400;\">. De toucher agr\u00e9able gr\u00e2ce \u00e0 ses finitions de s\u00e9rie.<\/span><\/p>\n<p class=\"rtejustify\"><span style=\"font-weight: 400;\">Elle poss\u00e8de la finition <\/span><b>Stability<\/b><span style=\"font-weight: 400;\">, exclusive de Korda&rsquo;s, pionnier dans la qu\u00eate de <\/span>la fusion de l\u2019\u00e2me et de la gaine pour emp\u00eacher le glissement de la gaine.<\/p>\n","protected":false},"featured_media":14600,"template":"","meta":[],"product_brand":[],"product_cat":[129,128],"product_tag":[],"class_list":{"0":"post-9077","1":"product","2":"type-product","3":"status-publish","4":"has-post-thumbnail","6":"product_cat-cordes-escalade-alpinisme","7":"product_cat-outdoor-fr","9":"first","10":"outofstock","11":"downloadable","12":"virtual","13":"taxable","14":"product-type-simple"},"_links":{"self":[{"href":"https:\/\/sacidkordas.com\/fr\/wp-json\/wp\/v2\/product\/9077","targetHints":{"allow":["GET"]}}],"collection":[{"href":"https:\/\/sacidkordas.com\/fr\/wp-json\/wp\/v2\/product"}],"about":[{"href":"https:\/\/sacidkordas.com\/fr\/wp-json\/wp\/v2\/types\/product"}],"wp:featuredmedia":[{"embeddable":true,"href":"https:\/\/sacidkordas.com\/fr\/wp-json\/wp\/v2\/media\/14600"}],"wp:attachment":[{"href":"https:\/\/sacidkordas.com\/fr\/wp-json\/wp\/v2\/media?parent=9077"}],"wp:term":[{"taxonomy":"product_brand","embeddable":true,"href":"https:\/\/sacidkordas.com\/fr\/wp-json\/wp\/v2\/product_brand?post=9077"},{"taxonomy":"product_cat","embeddable":true,"href":"https:\/\/sacidkordas.com\/fr\/wp-json\/wp\/v2\/product_cat?post=9077"},{"taxonomy":"product_tag","embeddable":true,"href":"https:\/\/sacidkordas.com\/fr\/wp-json\/wp\/v2\/product_tag?post=9077"}],"curies":[{"name":"wp","href":"https:\/\/api.w.org\/{rel}","templated":true}]}}