{"id":9070,"date":"2020-04-27T08:09:14","date_gmt":"2020-04-27T08:09:14","guid":{"rendered":"https:\/\/sacidkordas.com\/producte\/flota"},"modified":"2023-11-22T10:16:20","modified_gmt":"2023-11-22T10:16:20","slug":"flota-corde","status":"publish","type":"product","link":"https:\/\/sacidkordas.com\/fr\/flota-corde\/","title":{"rendered":"Flota"},"content":{"rendered":"","protected":false},"excerpt":{"rendered":"<p><span style=\"font-weight: 400;\">Corde de 9mm de diam\u00e8tre en 100% polypropyl\u00e8ne pour assurer sa flottabilit\u00e9.<\/span><\/p>\n<p><span style=\"font-weight: 400;\">Si bien on ne peut pas l\u2019utiliser en suspension en hauteur elle est tr\u00e8s utile lors de manoeuvres de secours en surface.<\/span><\/p>\n<p><span style=\"font-weight: 400;\">Ses couleurs vives facilitent les actions et le rep\u00e9rage par les secouristes et les victimes.\u00a0<\/span><\/p>\n<ul>\n<li><span style=\"font-weight: 400;\">Diam\u00e8tre 9mm<\/span><\/li>\n<li>Format 100m \/ 200m<\/li>\n<\/ul>\n","protected":false},"featured_media":14809,"template":"","meta":[],"product_brand":[],"product_cat":[280,128,209,210,281],"product_tag":[],"class_list":{"0":"post-9070","1":"product","2":"type-product","3":"status-publish","4":"has-post-thumbnail","6":"product_cat-complementos-fr","7":"product_cat-outdoor-fr","8":"product_cat-profesional-fr","9":"product_cat-sauvetage-intervention","10":"product_cat-travaux-en-hauteur","12":"first","13":"outofstock","14":"downloadable","15":"virtual","16":"product-type-simple"},"_links":{"self":[{"href":"https:\/\/sacidkordas.com\/fr\/wp-json\/wp\/v2\/product\/9070","targetHints":{"allow":["GET"]}}],"collection":[{"href":"https:\/\/sacidkordas.com\/fr\/wp-json\/wp\/v2\/product"}],"about":[{"href":"https:\/\/sacidkordas.com\/fr\/wp-json\/wp\/v2\/types\/product"}],"wp:featuredmedia":[{"embeddable":true,"href":"https:\/\/sacidkordas.com\/fr\/wp-json\/wp\/v2\/media\/14809"}],"wp:attachment":[{"href":"https:\/\/sacidkordas.com\/fr\/wp-json\/wp\/v2\/media?parent=9070"}],"wp:term":[{"taxonomy":"product_brand","embeddable":true,"href":"https:\/\/sacidkordas.com\/fr\/wp-json\/wp\/v2\/product_brand?post=9070"},{"taxonomy":"product_cat","embeddable":true,"href":"https:\/\/sacidkordas.com\/fr\/wp-json\/wp\/v2\/product_cat?post=9070"},{"taxonomy":"product_tag","embeddable":true,"href":"https:\/\/sacidkordas.com\/fr\/wp-json\/wp\/v2\/product_tag?post=9070"}],"curies":[{"name":"wp","href":"https:\/\/api.w.org\/{rel}","templated":true}]}}