{"id":9066,"date":"2020-03-12T14:42:49","date_gmt":"2020-03-12T14:42:49","guid":{"rendered":"https:\/\/sacidkordas.com\/producte\/dana-10"},"modified":"2025-06-09T14:50:54","modified_gmt":"2025-06-09T14:50:54","slug":"dana-10","status":"publish","type":"product","link":"https:\/\/sacidkordas.com\/fr\/dana-10\/","title":{"rendered":"Dana 10"},"content":{"rendered":"[vc_row type=\u00a0\u00bbin_container\u00a0\u00bb full_screen_row_position=\u00a0\u00bbmiddle\u00a0\u00bb column_margin=\u00a0\u00bbdefault\u00a0\u00bb column_direction=\u00a0\u00bbdefault\u00a0\u00bb column_direction_tablet=\u00a0\u00bbdefault\u00a0\u00bb column_direction_phone=\u00a0\u00bbdefault\u00a0\u00bb scene_position=\u00a0\u00bbcenter\u00a0\u00bb text_color=\u00a0\u00bbdark\u00a0\u00bb text_align=\u00a0\u00bbleft\u00a0\u00bb row_border_radius=\u00a0\u00bbnone\u00a0\u00bb row_border_radius_applies=\u00a0\u00bbbg\u00a0\u00bb overflow=\u00a0\u00bbvisible\u00a0\u00bb overlay_strength=\u00a0\u00bb0.3&Prime; gradient_direction=\u00a0\u00bbleft_to_right\u00a0\u00bb shape_divider_position=\u00a0\u00bbbottom\u00a0\u00bb bg_image_animation=\u00a0\u00bbnone\u00a0\u00bb][vc_column column_padding=\u00a0\u00bbno-extra-padding\u00a0\u00bb column_padding_tablet=\u00a0\u00bbinherit\u00a0\u00bb column_padding_phone=\u00a0\u00bbinherit\u00a0\u00bb column_padding_position=\u00a0\u00bball\u00a0\u00bb column_element_direction_desktop=\u00a0\u00bbdefault\u00a0\u00bb column_element_spacing=\u00a0\u00bbdefault\u00a0\u00bb desktop_text_alignment=\u00a0\u00bbdefault\u00a0\u00bb tablet_text_alignment=\u00a0\u00bbdefault\u00a0\u00bb phone_text_alignment=\u00a0\u00bbdefault\u00a0\u00bb background_color_opacity=\u00a0\u00bb1&Prime; background_hover_color_opacity=\u00a0\u00bb1&Prime; column_backdrop_filter=\u00a0\u00bbnone\u00a0\u00bb column_shadow=\u00a0\u00bbnone\u00a0\u00bb column_border_radius=\u00a0\u00bbnone\u00a0\u00bb column_link_target=\u00a0\u00bb_self\u00a0\u00bb column_position=\u00a0\u00bbdefault\u00a0\u00bb gradient_direction=\u00a0\u00bbleft_to_right\u00a0\u00bb overlay_strength=\u00a0\u00bb0.3&Prime; width=\u00a0\u00bb1\/2&Prime; tablet_width_inherit=\u00a0\u00bbdefault\u00a0\u00bb animation_type=\u00a0\u00bbdefault\u00a0\u00bb bg_image_animation=\u00a0\u00bbnone\u00a0\u00bb border_type=\u00a0\u00bbsimple\u00a0\u00bb column_border_width=\u00a0\u00bbnone\u00a0\u00bb column_border_style=\u00a0\u00bbsolid\u00a0\u00bb][vc_column_text]\n<div class=\"vc_col-sm-6 wpb_column column_container vc_column_container col no-extra-padding instance-1\" data-t-w-inherits=\"default\" data-border-radius=\"none\" data-shadow=\"none\" data-border-animation=\"\" data-border-animation-delay=\"\" data-border-width=\"none\" data-border-style=\"solid\" data-border-color=\"\" data-bg-cover=\"\" data-padding-pos=\"all\" data-has-bg-color=\"false\" data-bg-color=\"\" data-bg-opacity=\"1\" data-hover-bg=\"\" data-hover-bg-opacity=\"1\" data-animation=\"\" data-delay=\"0\">\n<div class=\"vc_column-inner\">\n<div class=\"wpb_wrapper\">\n<div class=\"wpb_text_column wpb_content_element \">\n<div class=\"wpb_wrapper\">\n<h5><strong>CARACT\u00c9RISTIQUES SEMI-STATIQUE EN1891:1998<\/strong><\/h5>\n<\/div>\n<\/div>\n<\/div>\n<\/div>\n<\/div>\n[\/vc_column_text][\/vc_column][vc_column column_padding=\u00a0\u00bbno-extra-padding\u00a0\u00bb column_padding_tablet=\u00a0\u00bbinherit\u00a0\u00bb column_padding_phone=\u00a0\u00bbinherit\u00a0\u00bb column_padding_position=\u00a0\u00bball\u00a0\u00bb column_element_direction_desktop=\u00a0\u00bbdefault\u00a0\u00bb column_element_spacing=\u00a0\u00bbdefault\u00a0\u00bb desktop_text_alignment=\u00a0\u00bbdefault\u00a0\u00bb tablet_text_alignment=\u00a0\u00bbdefault\u00a0\u00bb phone_text_alignment=\u00a0\u00bbdefault\u00a0\u00bb background_color_opacity=\u00a0\u00bb1&Prime; background_hover_color_opacity=\u00a0\u00bb1&Prime; column_backdrop_filter=\u00a0\u00bbnone\u00a0\u00bb column_shadow=\u00a0\u00bbnone\u00a0\u00bb column_border_radius=\u00a0\u00bbnone\u00a0\u00bb column_link_target=\u00a0\u00bb_self\u00a0\u00bb column_position=\u00a0\u00bbdefault\u00a0\u00bb gradient_direction=\u00a0\u00bbleft_to_right\u00a0\u00bb overlay_strength=\u00a0\u00bb0.3&Prime; width=\u00a0\u00bb1\/2&Prime; tablet_width_inherit=\u00a0\u00bbdefault\u00a0\u00bb animation_type=\u00a0\u00bbdefault\u00a0\u00bb bg_image_animation=\u00a0\u00bbnone\u00a0\u00bb border_type=\u00a0\u00bbsimple\u00a0\u00bb column_border_width=\u00a0\u00bbnone\u00a0\u00bb column_border_style=\u00a0\u00bbsolid\u00a0\u00bb][\/vc_column][\/vc_row][vc_row type=\u00a0\u00bbin_container\u00a0\u00bb full_screen_row_position=\u00a0\u00bbmiddle\u00a0\u00bb column_margin=\u00a0\u00bbdefault\u00a0\u00bb column_direction=\u00a0\u00bbdefault\u00a0\u00bb column_direction_tablet=\u00a0\u00bbdefault\u00a0\u00bb column_direction_phone=\u00a0\u00bbdefault\u00a0\u00bb scene_position=\u00a0\u00bbcenter\u00a0\u00bb text_color=\u00a0\u00bbdark\u00a0\u00bb text_align=\u00a0\u00bbleft\u00a0\u00bb row_border_radius=\u00a0\u00bbnone\u00a0\u00bb row_border_radius_applies=\u00a0\u00bbbg\u00a0\u00bb overflow=\u00a0\u00bbvisible\u00a0\u00bb overlay_strength=\u00a0\u00bb0.3&Prime; gradient_direction=\u00a0\u00bbleft_to_right\u00a0\u00bb shape_divider_position=\u00a0\u00bbbottom\u00a0\u00bb bg_image_animation=\u00a0\u00bbnone\u00a0\u00bb][vc_column column_padding=\u00a0\u00bbno-extra-padding\u00a0\u00bb column_padding_tablet=\u00a0\u00bbinherit\u00a0\u00bb column_padding_phone=\u00a0\u00bbinherit\u00a0\u00bb column_padding_position=\u00a0\u00bball\u00a0\u00bb column_element_direction_desktop=\u00a0\u00bbdefault\u00a0\u00bb column_element_spacing=\u00a0\u00bbdefault\u00a0\u00bb desktop_text_alignment=\u00a0\u00bbdefault\u00a0\u00bb tablet_text_alignment=\u00a0\u00bbdefault\u00a0\u00bb phone_text_alignment=\u00a0\u00bbdefault\u00a0\u00bb background_color_opacity=\u00a0\u00bb1&Prime; background_hover_color_opacity=\u00a0\u00bb1&Prime; column_backdrop_filter=\u00a0\u00bbnone\u00a0\u00bb column_shadow=\u00a0\u00bbnone\u00a0\u00bb column_border_radius=\u00a0\u00bbnone\u00a0\u00bb column_link_target=\u00a0\u00bb_self\u00a0\u00bb column_position=\u00a0\u00bbdefault\u00a0\u00bb gradient_direction=\u00a0\u00bbleft_to_right\u00a0\u00bb overlay_strength=\u00a0\u00bb0.3&Prime; width=\u00a0\u00bb1\/2&Prime; tablet_width_inherit=\u00a0\u00bbdefault\u00a0\u00bb animation_type=\u00a0\u00bbdefault\u00a0\u00bb bg_image_animation=\u00a0\u00bbnone\u00a0\u00bb border_type=\u00a0\u00bbsimple\u00a0\u00bb column_border_width=\u00a0\u00bbnone\u00a0\u00bb column_border_style=\u00a0\u00bbsolid\u00a0\u00bb][nectar_horizontal_list_item columns=\u00a0\u00bb2&Prime; column_layout_using_2_columns=\u00a0\u00bbeven\u00a0\u00bb col_1_text_align=\u00a0\u00bbleft\u00a0\u00bb col_2_text_align=\u00a0\u00bbleft\u00a0\u00bb col_1_text_element=\u00a0\u00bbp\u00a0\u00bb col_2_text_element=\u00a0\u00bbp\u00a0\u00bb font_family=\u00a0\u00bbp\u00a0\u00bb hover_effect=\u00a0\u00bbnone\u00a0\u00bb icon_family=\u00a0\u00bbnone\u00a0\u00bb icon_size=\u00a0\u00bbregular\u00a0\u00bb col_1_content=\u00a0\u00bbDiam\u00e8tre\u00a0\u00bb col_2_content=\u00a0\u00bb10mm\u00a0\u00bb][nectar_horizontal_list_item columns=\u00a0\u00bb2&Prime; column_layout_using_2_columns=\u00a0\u00bbeven\u00a0\u00bb col_1_text_align=\u00a0\u00bbleft\u00a0\u00bb col_2_text_align=\u00a0\u00bbleft\u00a0\u00bb col_1_text_element=\u00a0\u00bbp\u00a0\u00bb col_2_text_element=\u00a0\u00bbp\u00a0\u00bb font_family=\u00a0\u00bbp\u00a0\u00bb hover_effect=\u00a0\u00bbnone\u00a0\u00bb icon_family=\u00a0\u00bbnone\u00a0\u00bb icon_size=\u00a0\u00bbregular\u00a0\u00bb col_1_content=\u00a0\u00bbPoids \/ m\u00e8tre\u00a0\u00bb col_2_content=\u00a0\u00bb68g\u00a0\u00bb][nectar_horizontal_list_item columns=\u00a0\u00bb2&Prime; column_layout_using_2_columns=\u00a0\u00bbeven\u00a0\u00bb col_1_text_align=\u00a0\u00bbleft\u00a0\u00bb col_2_text_align=\u00a0\u00bbleft\u00a0\u00bb col_1_text_element=\u00a0\u00bbp\u00a0\u00bb col_2_text_element=\u00a0\u00bbp\u00a0\u00bb font_family=\u00a0\u00bbp\u00a0\u00bb hover_effect=\u00a0\u00bbnone\u00a0\u00bb icon_family=\u00a0\u00bbnone\u00a0\u00bb icon_size=\u00a0\u00bbregular\u00a0\u00bb col_1_content=\u00a0\u00bbPourcentage \u00e2me\u00a0\u00bb col_2_content=\u00a0\u00bb60,6%\u00a0\u00bb][nectar_horizontal_list_item columns=\u00a0\u00bb2&Prime; column_layout_using_2_columns=\u00a0\u00bbeven\u00a0\u00bb col_1_text_align=\u00a0\u00bbleft\u00a0\u00bb col_2_text_align=\u00a0\u00bbleft\u00a0\u00bb col_1_text_element=\u00a0\u00bbp\u00a0\u00bb col_2_text_element=\u00a0\u00bbp\u00a0\u00bb font_family=\u00a0\u00bbp\u00a0\u00bb hover_effect=\u00a0\u00bbnone\u00a0\u00bb icon_family=\u00a0\u00bbnone\u00a0\u00bb icon_size=\u00a0\u00bbregular\u00a0\u00bb col_1_content=\u00a0\u00bbPourcentage gaine\u00a0\u00bb col_2_content=\u00a0\u00bb39,4%\u00a0\u00bb][nectar_horizontal_list_item columns=\u00a0\u00bb2&Prime; column_layout_using_2_columns=\u00a0\u00bbeven\u00a0\u00bb col_1_text_align=\u00a0\u00bbleft\u00a0\u00bb col_2_text_align=\u00a0\u00bbleft\u00a0\u00bb col_1_text_element=\u00a0\u00bbp\u00a0\u00bb col_2_text_element=\u00a0\u00bbp\u00a0\u00bb font_family=\u00a0\u00bbp\u00a0\u00bb hover_effect=\u00a0\u00bbnone\u00a0\u00bb icon_family=\u00a0\u00bbnone\u00a0\u00bb icon_size=\u00a0\u00bbregular\u00a0\u00bb col_1_content=\u00a0\u00bbD\u00e9placement gaine\u00a0\u00bb col_2_content=\u00a0\u00bb0%\u00a0\u00bb][nectar_horizontal_list_item columns=\u00a0\u00bb2&Prime; column_layout_using_2_columns=\u00a0\u00bbeven\u00a0\u00bb col_1_text_align=\u00a0\u00bbleft\u00a0\u00bb col_2_text_align=\u00a0\u00bbleft\u00a0\u00bb col_1_text_element=\u00a0\u00bbp\u00a0\u00bb col_2_text_element=\u00a0\u00bbp\u00a0\u00bb font_family=\u00a0\u00bbp\u00a0\u00bb hover_effect=\u00a0\u00bbnone\u00a0\u00bb icon_family=\u00a0\u00bbnone\u00a0\u00bb icon_size=\u00a0\u00bbregular\u00a0\u00bb col_1_content=\u00a0\u00bb\u00c9longation\u00a0\u00bb col_2_content=\u00a0\u00bb2,7%\u00a0\u00bb][nectar_horizontal_list_item columns=\u00a0\u00bb2&Prime; column_layout_using_2_columns=\u00a0\u00bbeven\u00a0\u00bb col_1_text_align=\u00a0\u00bbleft\u00a0\u00bb col_2_text_align=\u00a0\u00bbleft\u00a0\u00bb col_1_text_element=\u00a0\u00bbp\u00a0\u00bb col_2_text_element=\u00a0\u00bbp\u00a0\u00bb font_family=\u00a0\u00bbp\u00a0\u00bb hover_effect=\u00a0\u00bbnone\u00a0\u00bb icon_family=\u00a0\u00bbnone\u00a0\u00bb icon_size=\u00a0\u00bbregular\u00a0\u00bb col_1_content=\u00a0\u00bbR\u00e9sistance statique\u00a0\u00bb col_2_content=\u00a0\u00bb27,8 kN\u00a0\u00bb][\/vc_column][vc_column column_padding=\u00a0\u00bbno-extra-padding\u00a0\u00bb column_padding_tablet=\u00a0\u00bbinherit\u00a0\u00bb column_padding_phone=\u00a0\u00bbinherit\u00a0\u00bb column_padding_position=\u00a0\u00bball\u00a0\u00bb column_element_direction_desktop=\u00a0\u00bbdefault\u00a0\u00bb column_element_spacing=\u00a0\u00bbdefault\u00a0\u00bb desktop_text_alignment=\u00a0\u00bbdefault\u00a0\u00bb tablet_text_alignment=\u00a0\u00bbdefault\u00a0\u00bb phone_text_alignment=\u00a0\u00bbdefault\u00a0\u00bb background_color_opacity=\u00a0\u00bb1&Prime; background_hover_color_opacity=\u00a0\u00bb1&Prime; column_backdrop_filter=\u00a0\u00bbnone\u00a0\u00bb column_shadow=\u00a0\u00bbnone\u00a0\u00bb column_border_radius=\u00a0\u00bbnone\u00a0\u00bb column_link_target=\u00a0\u00bb_self\u00a0\u00bb column_position=\u00a0\u00bbdefault\u00a0\u00bb gradient_direction=\u00a0\u00bbleft_to_right\u00a0\u00bb overlay_strength=\u00a0\u00bb0.3&Prime; width=\u00a0\u00bb1\/2&Prime; tablet_width_inherit=\u00a0\u00bbdefault\u00a0\u00bb animation_type=\u00a0\u00bbdefault\u00a0\u00bb bg_image_animation=\u00a0\u00bbnone\u00a0\u00bb border_type=\u00a0\u00bbsimple\u00a0\u00bb column_border_width=\u00a0\u00bbnone\u00a0\u00bb column_border_style=\u00a0\u00bbsolid\u00a0\u00bb][\/vc_column][\/vc_row][vc_row type=\u00a0\u00bbin_container\u00a0\u00bb full_screen_row_position=\u00a0\u00bbmiddle\u00a0\u00bb column_margin=\u00a0\u00bbdefault\u00a0\u00bb column_direction=\u00a0\u00bbdefault\u00a0\u00bb column_direction_tablet=\u00a0\u00bbdefault\u00a0\u00bb column_direction_phone=\u00a0\u00bbdefault\u00a0\u00bb scene_position=\u00a0\u00bbcenter\u00a0\u00bb text_color=\u00a0\u00bbdark\u00a0\u00bb text_align=\u00a0\u00bbleft\u00a0\u00bb row_border_radius=\u00a0\u00bbnone\u00a0\u00bb row_border_radius_applies=\u00a0\u00bbbg\u00a0\u00bb overflow=\u00a0\u00bbvisible\u00a0\u00bb overlay_strength=\u00a0\u00bb0.3&Prime; gradient_direction=\u00a0\u00bbleft_to_right\u00a0\u00bb shape_divider_position=\u00a0\u00bbbottom\u00a0\u00bb bg_image_animation=\u00a0\u00bbnone\u00a0\u00bb][vc_column column_padding=\u00a0\u00bbno-extra-padding\u00a0\u00bb column_padding_tablet=\u00a0\u00bbinherit\u00a0\u00bb column_padding_phone=\u00a0\u00bbinherit\u00a0\u00bb column_padding_position=\u00a0\u00bball\u00a0\u00bb column_element_direction_desktop=\u00a0\u00bbdefault\u00a0\u00bb column_element_spacing=\u00a0\u00bbdefault\u00a0\u00bb desktop_text_alignment=\u00a0\u00bbdefault\u00a0\u00bb tablet_text_alignment=\u00a0\u00bbdefault\u00a0\u00bb phone_text_alignment=\u00a0\u00bbdefault\u00a0\u00bb background_color_opacity=\u00a0\u00bb1&Prime; background_hover_color_opacity=\u00a0\u00bb1&Prime; column_backdrop_filter=\u00a0\u00bbnone\u00a0\u00bb column_shadow=\u00a0\u00bbnone\u00a0\u00bb column_border_radius=\u00a0\u00bbnone\u00a0\u00bb column_link_target=\u00a0\u00bb_self\u00a0\u00bb column_position=\u00a0\u00bbdefault\u00a0\u00bb gradient_direction=\u00a0\u00bbleft_to_right\u00a0\u00bb overlay_strength=\u00a0\u00bb0.3&Prime; width=\u00a0\u00bb1\/1&Prime; tablet_width_inherit=\u00a0\u00bbdefault\u00a0\u00bb animation_type=\u00a0\u00bbdefault\u00a0\u00bb bg_image_animation=\u00a0\u00bbnone\u00a0\u00bb border_type=\u00a0\u00bbsimple\u00a0\u00bb column_border_width=\u00a0\u00bbnone\u00a0\u00bb column_border_style=\u00a0\u00bbsolid\u00a0\u00bb][nectar_btn size=\u00a0\u00bbsmall\u00a0\u00bb open_new_tab=\u00a0\u00bbtrue\u00a0\u00bb button_style=\u00a0\u00bbregular-tilt\u00a0\u00bb button_color=\u00a0\u00bbExtra-Color-3&Prime; icon_family=\u00a0\u00bbnone\u00a0\u00bb text=\u00a0\u00bbDeclaration de conformit\u00e9\u00a0\u00bb margin_top=\u00a0\u00bb10&Prime; margin_right=\u00a0\u00bb10&Prime; margin_bottom=\u00a0\u00bb10&Prime; margin_left=\u00a0\u00bb10&Prime; url=\u00a0\u00bbhttps:\/\/sacidkordas.com\/wp-content\/uploads\/2024\/03\/DECLARACION-CONFORMIDAD-DANA-10-ES-EN-FR-PO.pdf\u00a0\u00bb][nectar_btn size=\u00a0\u00bbsmall\u00a0\u00bb open_new_tab=\u00a0\u00bbtrue\u00a0\u00bb button_style=\u00a0\u00bbregular-tilt\u00a0\u00bb button_color=\u00a0\u00bbExtra-Color-3&Prime; icon_family=\u00a0\u00bbnone\u00a0\u00bb text=\u00a0\u00bbFiche technique\u00a0\u00bb margin_top=\u00a0\u00bb10&Prime; margin_right=\u00a0\u00bb10&Prime; margin_bottom=\u00a0\u00bb10&Prime; margin_left=\u00a0\u00bb10&Prime; url=\u00a0\u00bbhttps:\/\/sacidkordas.com\/wp-content\/uploads\/2023\/11\/DANA-10-2023.pdf\u00a0\u00bb][nectar_btn size=\u00a0\u00bbsmall\u00a0\u00bb open_new_tab=\u00a0\u00bbtrue\u00a0\u00bb button_style=\u00a0\u00bbregular-tilt\u00a0\u00bb button_color=\u00a0\u00bbExtra-Color-3&Prime; icon_family=\u00a0\u00bbnone\u00a0\u00bb text=\u00a0\u00bbFitxa Comercial\u00a0\u00bb margin_top=\u00a0\u00bb10&Prime; margin_right=\u00a0\u00bb10&Prime; margin_bottom=\u00a0\u00bb10&Prime; margin_left=\u00a0\u00bb10&Prime; url=\u00a0\u00bbhttps:\/\/sacidkordas.com\/wp-content\/uploads\/2021\/07\/DANA-10-Barranquismo-ES.pdf\u00a0\u00bb][nectar_btn size=\u00a0\u00bbsmall\u00a0\u00bb open_new_tab=\u00a0\u00bbtrue\u00a0\u00bb button_style=\u00a0\u00bbregular-tilt\u00a0\u00bb button_color=\u00a0\u00bbExtra-Color-3&Prime; icon_family=\u00a0\u00bbnone\u00a0\u00bb text=\u00a0\u00bbMode d&#8217;emploi\u00a0\u00bb margin_top=\u00a0\u00bb10&Prime; margin_right=\u00a0\u00bb10&Prime; margin_bottom=\u00a0\u00bb10&Prime; margin_left=\u00a0\u00bb10&Prime; url=\u00a0\u00bbhttps:\/\/sacidkordas.com\/wp-content\/uploads\/2025\/06\/DANA-10-B-ES-EN-FR-IT-PT-DE.pdf\u00a0\u00bb][\/vc_column][\/vc_row]\n","protected":false},"excerpt":{"rendered":"<h5><b>Corde de canyoning semi-statique Type A<\/b><\/h5>\n<p><span style=\"font-weight: 400;\">Corde s<\/span>p\u00e9cialement indiqu\u00e9e\u00a0 pour la descente de canyons intensive et avec des groupes nombreux.<span style=\"font-weight: 400;\">\u00a0 Corde tr\u00e8s maniable disponible dans des couleurs bien visibles qui facilitent son rep\u00e9rage en dessous de l\u2019eau.<\/span><\/p>\n<p><span style=\"font-weight: 400;\">La Dana 10 est construite de fa\u00e7on \u00e0 mieux r\u00e9sister les descentes rapides ou longues sans se br\u00fbler.\u00a0\u00a0<\/span><\/p>\n","protected":false},"featured_media":14676,"template":"","meta":[],"product_brand":[],"product_cat":[173,128],"product_tag":[],"class_list":{"0":"post-9066","1":"product","2":"type-product","3":"status-publish","4":"has-post-thumbnail","6":"product_cat-cordes-de-canyoning","7":"product_cat-outdoor-fr","9":"first","10":"outofstock","11":"featured","12":"downloadable","13":"virtual","14":"taxable","15":"product-type-simple"},"_links":{"self":[{"href":"https:\/\/sacidkordas.com\/fr\/wp-json\/wp\/v2\/product\/9066","targetHints":{"allow":["GET"]}}],"collection":[{"href":"https:\/\/sacidkordas.com\/fr\/wp-json\/wp\/v2\/product"}],"about":[{"href":"https:\/\/sacidkordas.com\/fr\/wp-json\/wp\/v2\/types\/product"}],"wp:featuredmedia":[{"embeddable":true,"href":"https:\/\/sacidkordas.com\/fr\/wp-json\/wp\/v2\/media\/14676"}],"wp:attachment":[{"href":"https:\/\/sacidkordas.com\/fr\/wp-json\/wp\/v2\/media?parent=9066"}],"wp:term":[{"taxonomy":"product_brand","embeddable":true,"href":"https:\/\/sacidkordas.com\/fr\/wp-json\/wp\/v2\/product_brand?post=9066"},{"taxonomy":"product_cat","embeddable":true,"href":"https:\/\/sacidkordas.com\/fr\/wp-json\/wp\/v2\/product_cat?post=9066"},{"taxonomy":"product_tag","embeddable":true,"href":"https:\/\/sacidkordas.com\/fr\/wp-json\/wp\/v2\/product_tag?post=9066"}],"curies":[{"name":"wp","href":"https:\/\/api.w.org\/{rel}","templated":true}]}}