{"id":9101,"date":"2020-02-28T08:59:05","date_gmt":"2020-02-28T08:59:05","guid":{"rendered":"https:\/\/sacidkordas.com\/tecnologia\/tipus-de-corda"},"modified":"2020-08-18T09:20:05","modified_gmt":"2020-08-18T09:20:05","slug":"tipus-de-corda","status":"publish","type":"page","link":"https:\/\/sacidkordas.com\/fr\/finitions\/tipus-de-corda\/","title":{"rendered":"Types de cordes"},"content":{"rendered":"[vc_row type=\u00a0\u00bbfull_width_background\u00a0\u00bb full_screen_row_position=\u00a0\u00bbmiddle\u00a0\u00bb column_margin=\u00a0\u00bbdefault\u00a0\u00bb bg_color=\u00a0\u00bb#ffffff\u00a0\u00bb scene_position=\u00a0\u00bbcenter\u00a0\u00bb text_color=\u00a0\u00bbdark\u00a0\u00bb text_align=\u00a0\u00bbleft\u00a0\u00bb top_padding=\u00a0\u00bb88&Prime; bottom_padding=\u00a0\u00bb88&Prime; enable_gradient=\u00a0\u00bbtrue\u00a0\u00bb color_overlay=\u00a0\u00bb#d8d8d8&Prime; color_overlay_2=\u00a0\u00bb#f7f7f7&Prime; gradient_direction=\u00a0\u00bbtop_to_bottom\u00a0\u00bb overlay_strength=\u00a0\u00bb0.3&Prime; shape_divider_position=\u00a0\u00bbbottom\u00a0\u00bb bg_image_animation=\u00a0\u00bbnone\u00a0\u00bb shape_type=\u00a0\u00bb\u00a0\u00bb][vc_column column_padding=\u00a0\u00bbno-extra-padding\u00a0\u00bb column_padding_position=\u00a0\u00bball\u00a0\u00bb background_color_opacity=\u00a0\u00bb1&Prime; background_hover_color_opacity=\u00a0\u00bb1&Prime; column_link_target=\u00a0\u00bb_self\u00a0\u00bb column_shadow=\u00a0\u00bbnone\u00a0\u00bb column_border_radius=\u00a0\u00bbnone\u00a0\u00bb width=\u00a0\u00bb1\/1&Prime; tablet_width_inherit=\u00a0\u00bbdefault\u00a0\u00bb tablet_text_alignment=\u00a0\u00bbdefault\u00a0\u00bb phone_text_alignment=\u00a0\u00bbdefault\u00a0\u00bb overlay_strength=\u00a0\u00bb0.3&Prime; column_border_width=\u00a0\u00bbnone\u00a0\u00bb column_border_style=\u00a0\u00bbsolid\u00a0\u00bb bg_image_animation=\u00a0\u00bbnone\u00a0\u00bb][heading]SEMI-STATIQUES[\/heading][vc_column_text el_class=\u00a0\u00bbjustificat\u00a0\u00bb]<span style=\"font-weight: 400\">Cordes utilis\u00e9es comme moyen de progression, autrement dit pour monter ou descendre confortablement. Elles conf\u00e8rent un minimum de s\u00e9curit\u00e9 lors de chutes \u00e9ventuelles: elles sont s\u00fbres pour des chutes allant jusqu\u2019au facteur 1. La personne qui utilise ce genre de corde doit donc toujours \u00eatre situ\u00e9e en dessous du point d\u2019ancrage de la corde<\/span><b>. Elles sont destin\u00e9es aux travaux en hauteur, \u00e0 la sp\u00e9l\u00e9ologie, \u00e0 la descente de canyons et aux secouristes.<\/b>[\/vc_column_text][vc_row_inner equal_height=\u00a0\u00bbyes\u00a0\u00bb column_margin=\u00a0\u00bbdefault\u00a0\u00bb top_padding=\u00a0\u00bb44&Prime; text_align=\u00a0\u00bbleft\u00a0\u00bb][vc_column_inner column_padding=\u00a0\u00bbpadding-4-percent\u00a0\u00bb column_padding_position=\u00a0\u00bball\u00a0\u00bb background_color=\u00a0\u00bb#ffffff\u00a0\u00bb background_color_opacity=\u00a0\u00bb1&Prime; background_hover_color_opacity=\u00a0\u00bb1&Prime; column_shadow=\u00a0\u00bbnone\u00a0\u00bb column_border_radius=\u00a0\u00bb10px\u00a0\u00bb column_link_target=\u00a0\u00bb_self\u00a0\u00bb width=\u00a0\u00bb1\/2&Prime; tablet_width_inherit=\u00a0\u00bbdefault\u00a0\u00bb overlay_strength=\u00a0\u00bb0.3&Prime; column_border_width=\u00a0\u00bbnone\u00a0\u00bb column_border_style=\u00a0\u00bbsolid\u00a0\u00bb bg_image_animation=\u00a0\u00bbnone\u00a0\u00bb]<div class=\"iwithtext\"><div class=\"iwt-icon\"> <img decoding=\"async\" src=\"https:\/\/sacidkordas.com\/wp-content\/uploads\/2020\/03\/TIPO-A-.png?v=1695905054\" alt=\"Cuerda semiest\u00e1tica Tipo A\" \/> <\/div><div class=\"iwt-text\"> \n<h3 class=\"rtejustify\"><strong>Type A<\/strong><\/h3>\n <\/div><div class=\"clear\"><\/div><\/div>[vc_column_text el_class=\u00a0\u00bbjustificat\u00a0\u00bb]<span style=\"font-weight: 400\">C\u2019est la cat\u00e9gorie qui offre le plus haut marge de s\u00e9curit\u00e9 parmi les semi-statiques. Utilis\u00e9es par les professionnels, les groupes d\u2019intervention, les groupes de sp\u00e9l\u00e9ologie en \u00e9quipes nombreuses, pour l\u2019\u00e9quipement d&rsquo;itin\u00e9raires en montagne ou pour des travaux en grandes parois. On peut monter et descendre en simple.<\/span>[\/vc_column_text][\/vc_column_inner][vc_column_inner column_padding=\u00a0\u00bbpadding-4-percent\u00a0\u00bb column_padding_position=\u00a0\u00bball\u00a0\u00bb background_color=\u00a0\u00bb#ffffff\u00a0\u00bb background_color_opacity=\u00a0\u00bb1&Prime; background_hover_color_opacity=\u00a0\u00bb1&Prime; column_shadow=\u00a0\u00bbnone\u00a0\u00bb column_border_radius=\u00a0\u00bb10px\u00a0\u00bb column_link_target=\u00a0\u00bb_self\u00a0\u00bb width=\u00a0\u00bb1\/2&Prime; tablet_width_inherit=\u00a0\u00bbdefault\u00a0\u00bb overlay_strength=\u00a0\u00bb0.3&Prime; column_border_width=\u00a0\u00bbnone\u00a0\u00bb column_border_style=\u00a0\u00bbsolid\u00a0\u00bb bg_image_animation=\u00a0\u00bbnone\u00a0\u00bb]<div class=\"iwithtext\"><div class=\"iwt-icon\"> <img decoding=\"async\" src=\"https:\/\/sacidkordas.com\/wp-content\/uploads\/2020\/03\/TIPO-B-.png?v=1695905051\" alt=\"Cuerda semiest\u00e1tica Tipo B\" \/> <\/div><div class=\"iwt-text\"> \n<h3 class=\"rtejustify\"><strong>Type B<\/strong><\/h3>\n <\/div><div class=\"clear\"><\/div><\/div>[vc_column_text el_class=\u00a0\u00bbjustificat\u00a0\u00bb]<span style=\"font-weight: 400\">Cat\u00e9gorie de corde semi-statique offrant des marges de s\u00e9curit\u00e9 plus r\u00e9duits que celles du type A. Elles n\u00e9cessitent une majeure attention lors de leur emploi, notamment lors de leur installation. Ce type de corde s\u2019emploi en sp\u00e9l\u00e9ologie, en descente de canyons, pour l\u2019\u00e9quipement d&rsquo;itin\u00e9raires en montagne ou en grandes parois. Elle est r\u00e9serv\u00e9e aux \u00e9quipes peu nombreuses et ayant une bonne exp\u00e9rience et formation. On peut monter et descendre en simple.<\/span>[\/vc_column_text][\/vc_column_inner][\/vc_row_inner][vc_row_inner equal_height=\u00a0\u00bbyes\u00a0\u00bb column_margin=\u00a0\u00bbdefault\u00a0\u00bb top_padding=\u00a0\u00bb10&Prime; text_align=\u00a0\u00bbleft\u00a0\u00bb][vc_column_inner column_padding=\u00a0\u00bbpadding-4-percent\u00a0\u00bb column_padding_position=\u00a0\u00bball\u00a0\u00bb background_color=\u00a0\u00bb#ffffff\u00a0\u00bb background_color_opacity=\u00a0\u00bb1&Prime; background_hover_color_opacity=\u00a0\u00bb1&Prime; column_shadow=\u00a0\u00bbnone\u00a0\u00bb column_border_radius=\u00a0\u00bb10px\u00a0\u00bb column_link_target=\u00a0\u00bb_self\u00a0\u00bb width=\u00a0\u00bb1\/2&Prime; tablet_width_inherit=\u00a0\u00bbdefault\u00a0\u00bb overlay_strength=\u00a0\u00bb0.3&Prime; column_border_width=\u00a0\u00bbnone\u00a0\u00bb column_border_style=\u00a0\u00bbsolid\u00a0\u00bb bg_image_animation=\u00a0\u00bbnone\u00a0\u00bb]<div class=\"iwithtext\"><div class=\"iwt-icon\">  <\/div><div class=\"iwt-text\"> \n<h3 class=\"rtejustify\"><strong>Type L<\/strong><\/h3>\n <\/div><div class=\"clear\"><\/div><\/div>[vc_column_text el_class=\u00a0\u00bbjustificat\u00a0\u00bb]<span style=\"font-weight: 400\">C\u2019est la cat\u00e9gorie qui offre le plus haut marge de s\u00e9curit\u00e9 parmi les semi-statiques. Utilis\u00e9es par les professionnels, les groupes d\u2019intervention, les groupes de sp\u00e9l\u00e9ologie en \u00e9quipes nombreuses, pour l\u2019\u00e9quipement d&rsquo;itin\u00e9raires en montagne ou pour des travaux en grandes parois. On peut monter et descendre en simple.<\/span>[\/vc_column_text][\/vc_column_inner][vc_column_inner column_padding=\u00a0\u00bbpadding-4-percent\u00a0\u00bb column_padding_position=\u00a0\u00bball\u00a0\u00bb background_color=\u00a0\u00bb#ffffff\u00a0\u00bb background_color_opacity=\u00a0\u00bb1&Prime; background_hover_color_opacity=\u00a0\u00bb1&Prime; column_shadow=\u00a0\u00bbnone\u00a0\u00bb column_border_radius=\u00a0\u00bb10px\u00a0\u00bb column_link_target=\u00a0\u00bb_self\u00a0\u00bb width=\u00a0\u00bb1\/2&Prime; tablet_width_inherit=\u00a0\u00bbdefault\u00a0\u00bb overlay_strength=\u00a0\u00bb0.3&Prime; column_border_width=\u00a0\u00bbnone\u00a0\u00bb column_border_style=\u00a0\u00bbsolid\u00a0\u00bb bg_image_animation=\u00a0\u00bbnone\u00a0\u00bb]<div class=\"iwithtext\"><div class=\"iwt-icon\">  <\/div><div class=\"iwt-text\"> \n<h3 class=\"rtejustify\"><strong>Type C<\/strong><\/h3>\n <\/div><div class=\"clear\"><\/div><\/div>[vc_column_text el_class=\u00a0\u00bbjustificat\u00a0\u00bb]<span style=\"font-weight: 400\">Cat\u00e9gorie de corde semi-statique offrant des marges de s\u00e9curit\u00e9 plus r\u00e9duits que celles du type A. Elles n\u00e9cessitent une majeure attention lors de leur emploi, notamment lors de leur installation. Ce type de corde s\u2019emploi en sp\u00e9l\u00e9ologie, en descente de canyons, pour l\u2019\u00e9quipement d&rsquo;itin\u00e9raires en montagne ou en grandes parois. Elle est r\u00e9serv\u00e9e aux \u00e9quipes peu nombreuses et ayant une bonne exp\u00e9rience et formation. On peut monter et descendre en simple.<\/span>[\/vc_column_text][\/vc_column_inner][\/vc_row_inner][\/vc_column][\/vc_row][vc_row type=\u00a0\u00bbfull_width_background\u00a0\u00bb full_screen_row_position=\u00a0\u00bbmiddle\u00a0\u00bb equal_height=\u00a0\u00bbyes\u00a0\u00bb column_margin=\u00a0\u00bbdefault\u00a0\u00bb bg_color=\u00a0\u00bb#ffffff\u00a0\u00bb scene_position=\u00a0\u00bbcenter\u00a0\u00bb text_color=\u00a0\u00bbdark\u00a0\u00bb text_align=\u00a0\u00bbleft\u00a0\u00bb top_padding=\u00a0\u00bb20&Prime; bottom_padding=\u00a0\u00bb88&Prime; overlay_strength=\u00a0\u00bb0.3&Prime; shape_divider_position=\u00a0\u00bbbottom\u00a0\u00bb bg_image_animation=\u00a0\u00bbnone\u00a0\u00bb shape_type=\u00a0\u00bbtilt_alt\u00a0\u00bb][vc_column column_padding=\u00a0\u00bbno-extra-padding\u00a0\u00bb column_padding_position=\u00a0\u00bball\u00a0\u00bb background_color_opacity=\u00a0\u00bb1&Prime; background_hover_color_opacity=\u00a0\u00bb1&Prime; column_link_target=\u00a0\u00bb_self\u00a0\u00bb column_shadow=\u00a0\u00bbnone\u00a0\u00bb column_border_radius=\u00a0\u00bbnone\u00a0\u00bb width=\u00a0\u00bb1\/1&Prime; tablet_width_inherit=\u00a0\u00bbdefault\u00a0\u00bb tablet_text_alignment=\u00a0\u00bbdefault\u00a0\u00bb phone_text_alignment=\u00a0\u00bbdefault\u00a0\u00bb overlay_strength=\u00a0\u00bb0.3&Prime; column_border_width=\u00a0\u00bbnone\u00a0\u00bb column_border_style=\u00a0\u00bbsolid\u00a0\u00bb bg_image_animation=\u00a0\u00bbnone\u00a0\u00bb][heading]DYNAMIQUES[\/heading][vc_column_text]<span style=\"font-weight: 400\">Ces cordes sont destin\u00e9es \u00e0 <strong>absorber la plus grande quantit\u00e9 d\u2019\u00e9nergie possible en cas de chute.<\/strong> Elles ont pour mission de prot\u00e9ger et de stopper en s\u00e9curit\u00e9 les chutes de grimpeurs et d\u2019alpinistes. Elles sont con\u00e7ues pour arr\u00eater des chutes allant jusqu\u2019au facteur 2.<\/span><\/p>\n[\/vc_column_text][vc_row_inner equal_height=\u00a0\u00bbyes\u00a0\u00bb column_margin=\u00a0\u00bbdefault\u00a0\u00bb top_padding=\u00a0\u00bb44&Prime; text_align=\u00a0\u00bbleft\u00a0\u00bb][vc_column_inner column_padding=\u00a0\u00bbpadding-4-percent\u00a0\u00bb column_padding_position=\u00a0\u00bball\u00a0\u00bb background_color=\u00a0\u00bb#ffffff\u00a0\u00bb background_color_opacity=\u00a0\u00bb1&Prime; background_hover_color_opacity=\u00a0\u00bb1&Prime; column_shadow=\u00a0\u00bbnone\u00a0\u00bb column_border_radius=\u00a0\u00bb10px\u00a0\u00bb column_link_target=\u00a0\u00bb_self\u00a0\u00bb width=\u00a0\u00bb1\/3&Prime; tablet_width_inherit=\u00a0\u00bbdefault\u00a0\u00bb overlay_strength=\u00a0\u00bb0.3&Prime; column_border_width=\u00a0\u00bbnone\u00a0\u00bb column_border_style=\u00a0\u00bbsolid\u00a0\u00bb bg_image_animation=\u00a0\u00bbnone\u00a0\u00bb]<div class=\"iwithtext\"><div class=\"iwt-icon\"> <img decoding=\"async\" src=\"https:\/\/sacidkordas.com\/wp-content\/uploads\/2020\/03\/TIPO-simple.png?v=1695905042\" alt=\"Cuerda Din\u00e1mica simple\" \/> <\/div><div class=\"iwt-text\"> <b>CORDE \u00c0 SIMPLE<\/b><\/p>\n<h3><\/h3>\n <\/div><div class=\"clear\"><\/div><\/div>[vc_column_text el_class=\u00a0\u00bbjustificat\u00a0\u00bb]<span style=\"font-weight: 400\">Elle fait partie de la cha\u00eene d\u2019assurage employ\u00e9 en un seul brin, pouvant absorber la chute d\u2019une personne \u00e0 elle seule. <\/span><b>Elle est con\u00e7ue pour l\u2019escalade sportive, libre en moulinette ou sur grandes parois.<\/b>[\/vc_column_text][image_with_animation image_url=\u00a0\u00bb11516&Prime; alignment=\u00a0\u00bbcenter\u00a0\u00bb animation=\u00a0\u00bbFade In\u00a0\u00bb hover_animation=\u00a0\u00bbnone\u00a0\u00bb border_radius=\u00a0\u00bbnone\u00a0\u00bb box_shadow=\u00a0\u00bbnone\u00a0\u00bb image_loading=\u00a0\u00bbdefault\u00a0\u00bb max_width=\u00a0\u00bb125%\u00a0\u00bb max_width_mobile=\u00a0\u00bbdefault\u00a0\u00bb margin_top=\u00a0\u00bb170&Prime;][\/vc_column_inner][vc_column_inner column_padding=\u00a0\u00bbpadding-4-percent\u00a0\u00bb column_padding_position=\u00a0\u00bball\u00a0\u00bb background_color=\u00a0\u00bb#ffffff\u00a0\u00bb background_color_opacity=\u00a0\u00bb1&Prime; background_hover_color_opacity=\u00a0\u00bb1&Prime; column_shadow=\u00a0\u00bbnone\u00a0\u00bb column_border_radius=\u00a0\u00bb10px\u00a0\u00bb column_link_target=\u00a0\u00bb_self\u00a0\u00bb width=\u00a0\u00bb1\/3&Prime; tablet_width_inherit=\u00a0\u00bbdefault\u00a0\u00bb overlay_strength=\u00a0\u00bb0.3&Prime; column_border_width=\u00a0\u00bbnone\u00a0\u00bb column_border_style=\u00a0\u00bbsolid\u00a0\u00bb bg_image_animation=\u00a0\u00bbnone\u00a0\u00bb]<div class=\"iwithtext\"><div class=\"iwt-icon\"> <img decoding=\"async\" src=\"https:\/\/sacidkordas.com\/wp-content\/uploads\/2020\/03\/TIPO-doble.png?v=1695905048\" alt=\"Cuerda Din\u00e1mica doble\" \/> <\/div><div class=\"iwt-text\"> <b>CORDE \u00c0 DOUBLE:<\/b><\/p>\n<h3 class=\"rtejustify\"><\/h3>\n <\/div><div class=\"clear\"><\/div><\/div>[vc_column_text el_class=\u00a0\u00bbjustificat\u00a0\u00bb]<span style=\"font-weight: 400\">Utilis\u00e9e en double, comme partie de la cha\u00eene d\u2019assurage, elle est capable d\u2019absorber la chute du premier de cord\u00e9e. <\/span><span style=\"font-weight: 400\">Form\u00e9e de 2 brins sur lesquels le leader doit s\u2019encorder. Par contre, deux seconds peuvent \u00eatre encord\u00e9s, chacun sur un seul brin. Afin de limiter le tirage, on peut ne mousquetonner qu\u2019un seul brin \u00e0 la fois.<\/span><span style=\"font-weight: 400\">. <\/span><b>Elle est con\u00e7ue pour l\u2019escalade en libre, l\u2019alpinisme, l\u2019escalade sur glace ou mixte.<\/b>[\/vc_column_text][image_with_animation image_url=\u00a0\u00bb11520&Prime; alignment=\u00a0\u00bbcenter\u00a0\u00bb animation=\u00a0\u00bbFade In\u00a0\u00bb hover_animation=\u00a0\u00bbnone\u00a0\u00bb border_radius=\u00a0\u00bbnone\u00a0\u00bb box_shadow=\u00a0\u00bbnone\u00a0\u00bb image_loading=\u00a0\u00bbdefault\u00a0\u00bb max_width=\u00a0\u00bb150%\u00a0\u00bb max_width_mobile=\u00a0\u00bbdefault\u00a0\u00bb margin_top=\u00a0\u00bb40&Prime;][\/vc_column_inner][vc_column_inner column_padding=\u00a0\u00bbpadding-4-percent\u00a0\u00bb column_padding_position=\u00a0\u00bball\u00a0\u00bb background_color=\u00a0\u00bb#ffffff\u00a0\u00bb background_color_opacity=\u00a0\u00bb1&Prime; background_hover_color_opacity=\u00a0\u00bb1&Prime; column_shadow=\u00a0\u00bbnone\u00a0\u00bb column_border_radius=\u00a0\u00bb10px\u00a0\u00bb column_link_target=\u00a0\u00bb_self\u00a0\u00bb width=\u00a0\u00bb1\/3&Prime; tablet_width_inherit=\u00a0\u00bbdefault\u00a0\u00bb overlay_strength=\u00a0\u00bb0.3&Prime; column_border_width=\u00a0\u00bbnone\u00a0\u00bb column_border_style=\u00a0\u00bbsolid\u00a0\u00bb bg_image_animation=\u00a0\u00bbnone\u00a0\u00bb]<div class=\"iwithtext\"><div class=\"iwt-icon\"> <img decoding=\"async\" src=\"https:\/\/sacidkordas.com\/wp-content\/uploads\/2020\/03\/TIPO-gemela.png?v=1695905045\" alt=\"Cuerda Din\u00e1mica gemela\" \/> <\/div><div class=\"iwt-text\"> <b>CORDE JUMEL\u00c9E:<\/b><\/p>\n<h3 class=\"rtejustify\"><\/h3>\n <\/div><div class=\"clear\"><\/div><\/div>[vc_column_text el_class=\u00a0\u00bbjustificat\u00a0\u00bb]<span style=\"font-weight: 400\">Utilis\u00e9e en double, elle est capable d\u2019absorber la chute d\u2019une personne. <\/span><span style=\"font-weight: 400\">Non seulement chaque grimpeur s\u2019encorde sur les deux brins, mais ces deux brins doivent \u00eatre mousquetonn\u00e9s simultan\u00e9ment et rester parall\u00e8les<\/span><span style=\"font-weight: 400\">. <\/span><b>Elle est principalement con\u00e7ue pour les grands itin\u00e9raires en haute montagne.<\/b>[\/vc_column_text][image_with_animation image_url=\u00a0\u00bb11524&Prime; alignment=\u00a0\u00bb\u00a0\u00bb animation=\u00a0\u00bbFade In\u00a0\u00bb hover_animation=\u00a0\u00bbnone\u00a0\u00bb border_radius=\u00a0\u00bbnone\u00a0\u00bb box_shadow=\u00a0\u00bbnone\u00a0\u00bb image_loading=\u00a0\u00bbdefault\u00a0\u00bb max_width=\u00a0\u00bb110%\u00a0\u00bb max_width_mobile=\u00a0\u00bbdefault\u00a0\u00bb margin_top=\u00a0\u00bb60&Prime;][\/vc_column_inner][\/vc_row_inner][\/vc_column][\/vc_row]\n","protected":false},"excerpt":{"rendered":"<p>[vc_row type=\u00a0\u00bbfull_width_background\u00a0\u00bb full_screen_row_position=\u00a0\u00bbmiddle\u00a0\u00bb column_margin=\u00a0\u00bbdefault\u00a0\u00bb bg_color=\u00a0\u00bb#ffffff\u00a0\u00bb scene_position=\u00a0\u00bbcenter\u00a0\u00bb text_color=\u00a0\u00bbdark\u00a0\u00bb text_align=\u00a0\u00bbleft\u00a0\u00bb top_padding=\u00a0\u00bb88&Prime; bottom_padding=\u00a0\u00bb88&Prime; enable_gradient=\u00a0\u00bbtrue\u00a0\u00bb color_overlay=\u00a0\u00bb#d8d8d8&Prime; color_overlay_2=\u00a0\u00bb#f7f7f7&Prime; gradient_direction=\u00a0\u00bbtop_to_bottom\u00a0\u00bb overlay_strength=\u00a0\u00bb0.3&Prime; shape_divider_position=\u00a0\u00bbbottom\u00a0\u00bb bg_image_animation=\u00a0\u00bbnone\u00a0\u00bb shape_type=\u00a0\u00bb\u00a0\u00bb][vc_column column_padding=\u00a0\u00bbno-extra-padding\u00a0\u00bb column_padding_position=\u00a0\u00bball\u00a0\u00bb background_color_opacity=\u00a0\u00bb1&Prime; background_hover_color_opacity=\u00a0\u00bb1&Prime; column_link_target=\u00a0\u00bb_self\u00a0\u00bb column_shadow=\u00a0\u00bbnone\u00a0\u00bb column_border_radius=\u00a0\u00bbnone\u00a0\u00bb width=\u00a0\u00bb1\/1&Prime; tablet_width_inherit=\u00a0\u00bbdefault\u00a0\u00bb tablet_text_alignment=\u00a0\u00bbdefault\u00a0\u00bb phone_text_alignment=\u00a0\u00bbdefault\u00a0\u00bb overlay_strength=\u00a0\u00bb0.3&Prime; column_border_width=\u00a0\u00bbnone\u00a0\u00bb column_border_style=\u00a0\u00bbsolid\u00a0\u00bb bg_image_animation=\u00a0\u00bbnone\u00a0\u00bb][heading]SEMI-STATIQUES[\/heading][vc_column_text el_class=\u00a0\u00bbjustificat\u00a0\u00bb]Cordes utilis\u00e9es comme moyen de progression, autrement&#8230;<\/p>\n","protected":false},"author":7,"featured_media":0,"parent":9012,"menu_order":0,"comment_status":"closed","ping_status":"closed","template":"","meta":{"footnotes":""},"class_list":["post-9101","page","type-page","status-publish"],"_links":{"self":[{"href":"https:\/\/sacidkordas.com\/fr\/wp-json\/wp\/v2\/pages\/9101","targetHints":{"allow":["GET"]}}],"collection":[{"href":"https:\/\/sacidkordas.com\/fr\/wp-json\/wp\/v2\/pages"}],"about":[{"href":"https:\/\/sacidkordas.com\/fr\/wp-json\/wp\/v2\/types\/page"}],"author":[{"embeddable":true,"href":"https:\/\/sacidkordas.com\/fr\/wp-json\/wp\/v2\/users\/7"}],"replies":[{"embeddable":true,"href":"https:\/\/sacidkordas.com\/fr\/wp-json\/wp\/v2\/comments?post=9101"}],"version-history":[{"count":0,"href":"https:\/\/sacidkordas.com\/fr\/wp-json\/wp\/v2\/pages\/9101\/revisions"}],"up":[{"embeddable":true,"href":"https:\/\/sacidkordas.com\/fr\/wp-json\/wp\/v2\/pages\/9012"}],"wp:attachment":[{"href":"https:\/\/sacidkordas.com\/fr\/wp-json\/wp\/v2\/media?parent=9101"}],"curies":[{"name":"wp","href":"https:\/\/api.w.org\/{rel}","templated":true}]}}