{"id":9097,"date":"2020-04-09T17:12:57","date_gmt":"2020-04-09T17:12:57","guid":{"rendered":"https:\/\/sacidkordas.com\/contact\/preguntes-frequents"},"modified":"2023-10-11T11:58:55","modified_gmt":"2023-10-11T11:58:55","slug":"preguntes-frequents","status":"publish","type":"page","link":"https:\/\/sacidkordas.com\/fr\/contact\/preguntes-frequents\/","title":{"rendered":"Foire aux questions Korda\u2019s"},"content":{"rendered":"[vc_row type=\u00a0\u00bbin_container\u00a0\u00bb full_screen_row_position=\u00a0\u00bbmiddle\u00a0\u00bb column_margin=\u00a0\u00bbdefault\u00a0\u00bb column_direction=\u00a0\u00bbdefault\u00a0\u00bb column_direction_tablet=\u00a0\u00bbdefault\u00a0\u00bb column_direction_phone=\u00a0\u00bbdefault\u00a0\u00bb scene_position=\u00a0\u00bbcenter\u00a0\u00bb text_color=\u00a0\u00bbdark\u00a0\u00bb text_align=\u00a0\u00bbleft\u00a0\u00bb row_border_radius=\u00a0\u00bbnone\u00a0\u00bb row_border_radius_applies=\u00a0\u00bbbg\u00a0\u00bb overflow=\u00a0\u00bbvisible\u00a0\u00bb overlay_strength=\u00a0\u00bb0.3&Prime; gradient_direction=\u00a0\u00bbleft_to_right\u00a0\u00bb shape_divider_position=\u00a0\u00bbbottom\u00a0\u00bb bg_image_animation=\u00a0\u00bbnone\u00a0\u00bb][vc_column column_padding=\u00a0\u00bbno-extra-padding\u00a0\u00bb column_padding_tablet=\u00a0\u00bbinherit\u00a0\u00bb column_padding_phone=\u00a0\u00bbinherit\u00a0\u00bb column_padding_position=\u00a0\u00bball\u00a0\u00bb column_element_direction_desktop=\u00a0\u00bbdefault\u00a0\u00bb column_element_spacing=\u00a0\u00bbdefault\u00a0\u00bb desktop_text_alignment=\u00a0\u00bbdefault\u00a0\u00bb tablet_text_alignment=\u00a0\u00bbdefault\u00a0\u00bb phone_text_alignment=\u00a0\u00bbdefault\u00a0\u00bb background_color_opacity=\u00a0\u00bb1&Prime; background_hover_color_opacity=\u00a0\u00bb1&Prime; column_backdrop_filter=\u00a0\u00bbnone\u00a0\u00bb column_shadow=\u00a0\u00bbnone\u00a0\u00bb column_border_radius=\u00a0\u00bbnone\u00a0\u00bb column_link_target=\u00a0\u00bb_self\u00a0\u00bb column_position=\u00a0\u00bbdefault\u00a0\u00bb gradient_direction=\u00a0\u00bbleft_to_right\u00a0\u00bb overlay_strength=\u00a0\u00bb0.3&Prime; width=\u00a0\u00bb1\/1&Prime; tablet_width_inherit=\u00a0\u00bbdefault\u00a0\u00bb animation_type=\u00a0\u00bbdefault\u00a0\u00bb bg_image_animation=\u00a0\u00bbnone\u00a0\u00bb border_type=\u00a0\u00bbsimple\u00a0\u00bb column_border_width=\u00a0\u00bbnone\u00a0\u00bb column_border_style=\u00a0\u00bbsolid\u00a0\u00bb][vc_row_inner column_margin=\u00a0\u00bbnone\u00a0\u00bb column_direction=\u00a0\u00bbdefault\u00a0\u00bb column_direction_tablet=\u00a0\u00bbdefault\u00a0\u00bb column_direction_phone=\u00a0\u00bbdefault\u00a0\u00bb top_padding=\u00a0\u00bb0&Prime; bottom_padding=\u00a0\u00bb40&Prime; text_align=\u00a0\u00bbleft\u00a0\u00bb row_position=\u00a0\u00bbdefault\u00a0\u00bb row_position_tablet=\u00a0\u00bbinherit\u00a0\u00bb row_position_phone=\u00a0\u00bbinherit\u00a0\u00bb overflow=\u00a0\u00bbvisible\u00a0\u00bb pointer_events=\u00a0\u00bball\u00a0\u00bb][\/vc_row_inner][\/vc_column][\/vc_row][vc_row type=\u00a0\u00bbin_container\u00a0\u00bb full_screen_row_position=\u00a0\u00bbmiddle\u00a0\u00bb column_margin=\u00a0\u00bbdefault\u00a0\u00bb column_direction=\u00a0\u00bbdefault\u00a0\u00bb column_direction_tablet=\u00a0\u00bbdefault\u00a0\u00bb column_direction_phone=\u00a0\u00bbdefault\u00a0\u00bb scene_position=\u00a0\u00bbcenter\u00a0\u00bb text_color=\u00a0\u00bbdark\u00a0\u00bb text_align=\u00a0\u00bbleft\u00a0\u00bb row_border_radius=\u00a0\u00bbnone\u00a0\u00bb row_border_radius_applies=\u00a0\u00bbbg\u00a0\u00bb overflow=\u00a0\u00bbvisible\u00a0\u00bb overlay_strength=\u00a0\u00bb0.3&Prime; gradient_direction=\u00a0\u00bbleft_to_right\u00a0\u00bb shape_divider_position=\u00a0\u00bbbottom\u00a0\u00bb bg_image_animation=\u00a0\u00bbnone\u00a0\u00bb][vc_column column_padding=\u00a0\u00bbno-extra-padding\u00a0\u00bb column_padding_tablet=\u00a0\u00bbinherit\u00a0\u00bb column_padding_phone=\u00a0\u00bbinherit\u00a0\u00bb column_padding_position=\u00a0\u00bball\u00a0\u00bb column_element_direction_desktop=\u00a0\u00bbdefault\u00a0\u00bb column_element_spacing=\u00a0\u00bbdefault\u00a0\u00bb desktop_text_alignment=\u00a0\u00bbdefault\u00a0\u00bb tablet_text_alignment=\u00a0\u00bbdefault\u00a0\u00bb phone_text_alignment=\u00a0\u00bbdefault\u00a0\u00bb background_color_opacity=\u00a0\u00bb1&Prime; background_hover_color_opacity=\u00a0\u00bb1&Prime; column_backdrop_filter=\u00a0\u00bbnone\u00a0\u00bb column_shadow=\u00a0\u00bbnone\u00a0\u00bb column_border_radius=\u00a0\u00bbnone\u00a0\u00bb column_link_target=\u00a0\u00bb_self\u00a0\u00bb column_position=\u00a0\u00bbdefault\u00a0\u00bb gradient_direction=\u00a0\u00bbleft_to_right\u00a0\u00bb overlay_strength=\u00a0\u00bb0.3&Prime; width=\u00a0\u00bb1\/1&Prime; tablet_width_inherit=\u00a0\u00bbdefault\u00a0\u00bb animation_type=\u00a0\u00bbdefault\u00a0\u00bb bg_image_animation=\u00a0\u00bbnone\u00a0\u00bb border_type=\u00a0\u00bbsimple\u00a0\u00bb column_border_width=\u00a0\u00bbnone\u00a0\u00bb column_border_style=\u00a0\u00bbsolid\u00a0\u00bb][toggles style=\u00a0\u00bbminimal\u00a0\u00bb][toggle color=\u00a0\u00bbAccent-Color\u00a0\u00bb heading_tag=\u00a0\u00bbdefault\u00a0\u00bb heading_tag_functionality=\u00a0\u00bbdefault\u00a0\u00bb title=\u00a0\u00bbQuelle est la diff\u00e9rence entre la dana version Sp\u00e9l\u00e9ologie (blanche) et la version Canyoning (couleurs).\u00a0\u00bb][vc_column_text el_class=\u00a0\u00bbjustificat\u00a0\u00bb]\n<p style=\"padding-left: 40px;\"><span style=\"font-weight: 400;\">Dans les deux cas la corde est m\u00e9caniquement la m\u00eame, aussi bien en version canyoning qu\u2019en sp\u00e9l\u00e9ologie. Cependant la version canyoning poss\u00e8de des couleurs vifs qui permettent son rapide rep\u00e9rage sous l\u2019eau et la finition TOTAL DRY qui est appliqu\u00e9 \u00e0 cette version canyoning est plus fort pour obtenir une corde qui absorbe moins d\u2019eau et donc gagne moins de poids. Ce traitement contribue \u00e9galement \u00e0 am\u00e9liorer le vieillissement de la corde et l\u2019usure produite avec le mouillage-s\u00e9chage.<\/span><\/p>\n[\/vc_column_text][vc_column_text][\/vc_column_text][\/toggle][toggle color=\u00a0\u00bbAccent-Color\u00a0\u00bb heading_tag=\u00a0\u00bbdefault\u00a0\u00bb heading_tag_functionality=\u00a0\u00bbdefault\u00a0\u00bb title=\u00a0\u00bbComment doit se laver une corde?\u00a0\u00bb][vc_column_text el_class=\u00a0\u00bbjustificat\u00a0\u00bb]Une corde doit se laver avec une fr\u00e9quence en accord avec son utilisation. Elle peut se laver \u00e0 la main ou \u00e0 la machine.\u00a0 S\u2019il y a besoin de savonner il faut absolument employer un savon neutre (type savon de Marseille) et si elle est trop rigide on peut \u00e9galement utiliser un adoucissant neutre. De cette fa\u00e7on les fibres glissent mieux et ont un toucher plus agr\u00e9able.<\/p>\n<h5><img loading=\"lazy\" decoding=\"async\" class=\"size-full wp-image-15371 alignleft\" src=\"https:\/\/sacidkordas.com\/wp-content\/uploads\/2023\/10\/ETIQUETES-TEXTILS-03-e1697023074507.png\" alt=\"\" width=\"125\" height=\"125\" \/>LAVAGE \u00c0 MAINS<\/h5>\n<p>Pour le lavage \u00e0 la main on conseille utiliser la <strong><a href=\"https:\/\/sacidkordas.com\/fr\/brosse-a-corde\/\" target=\"_blank\" rel=\"noopener\"><span style=\"color: #c8c8c8;\">brosse Korda\u2019s<\/span><\/a><\/strong> pour obtenir un meilleur r\u00e9sultat.\u00a0 La corde doit \u00eatre submerg\u00e9e dans de l\u2019eau froide ou ti\u00e8de, ajouter un peu de savon et passer la brosse d\u2019une extr\u00e9mit\u00e9 \u00e0 l\u2019autre et r\u00e9p\u00e9ter l\u2019op\u00e9ration dans les deux sens.\u00a0 Si les cordes on beaucoup de boue il faut r\u00e9p\u00e9ter cette op\u00e9ration plusieurs fois. Finalement rincer abondement \u00e0 l\u2019eau, et lors du dernier rin\u00e7age on peut ajouter un peu d\u2019adoucisseur (ne pas rincer apr\u00e8s avoir adouci).<\/p>\n<h5><img loading=\"lazy\" decoding=\"async\" class=\"size-full wp-image-15375 alignleft\" src=\"https:\/\/sacidkordas.com\/wp-content\/uploads\/2023\/10\/ETIQUETES-TEXTILS-04-e1697023049957.png\" alt=\"\" width=\"125\" height=\"125\" \/>LAVAGE \u00c0 MACHINE<\/h5>\n<p>Si on veut laver \u00e0 la machine il faut utiliser un programme court et \u00e0 l\u2019eau froide (maximum 30\u00baC). L\u2019essorage n\u2019est PAS conseill\u00e9 car il vrille les cordes d\u2019avantage.<\/p>\n<p>&nbsp;<\/p>\n<h5><img loading=\"lazy\" decoding=\"async\" class=\"size-full wp-image-15367 alignleft\" src=\"https:\/\/sacidkordas.com\/wp-content\/uploads\/2023\/10\/ETIQUETES-TEXTILS-02-e1697023085110.png\" alt=\"\" width=\"125\" height=\"125\" \/>S\u00c9CHAGE<\/h5>\n<p>Pour la s\u00e9cher il faut la placer \u00e0 l\u2019ombre, pr\u00e8s d\u2019un lieu sec et ventil\u00e9. Il est important de ne pas exposer la corde au soleil car il d\u00e9t\u00e9riore les fibres. Ne pas utiliser de machine \u00e0 s\u00e9cher ni aucune autre source de chaleur.[\/vc_column_text][vc_column_text][\/vc_column_text][\/toggle][toggle color=\u00a0\u00bbAccent-Color\u00a0\u00bb heading_tag=\u00a0\u00bbdefault\u00a0\u00bb heading_tag_functionality=\u00a0\u00bbdefault\u00a0\u00bb title=\u00a0\u00bbComment peut-on savoir si une corde est certifi\u00e9e?\u00a0\u00bb][vc_column_text el_class=\u00a0\u00bbjustificat\u00a0\u00bb]\n<p style=\"padding-left: 40px;\"><span style=\"font-weight: 400;\">Pour voir si une corde est certifi\u00e9e on doit regarder \u00e0 l\u2019int\u00e9rieur de la corde. <img loading=\"lazy\" decoding=\"async\" class=\" wp-image-7715 alignright\" src=\"https:\/\/sacidkordas.com\/wp-content\/uploads\/2020\/03\/Tabla-color-a\u00f1o-fabricacion-01-e1588785135919.png\" alt=\"color cinta interior\" width=\"290\" height=\"202\" srcset=\"https:\/\/sacidkordas.com\/wp-content\/uploads\/2020\/03\/Tabla-color-a\u00f1o-fabricacion-01-e1588785135919.png?v=1695905027 2404w, https:\/\/sacidkordas.com\/wp-content\/uploads\/2020\/03\/Tabla-color-a\u00f1o-fabricacion-01-e1588785135919-600x419.png?v=1695905027 600w, https:\/\/sacidkordas.com\/wp-content\/uploads\/2020\/03\/Tabla-color-a\u00f1o-fabricacion-01-e1588785135919-300x209.png?v=1695905027 300w, https:\/\/sacidkordas.com\/wp-content\/uploads\/2020\/03\/Tabla-color-a\u00f1o-fabricacion-01-e1588785135919-1024x714.png?v=1695905027 1024w, https:\/\/sacidkordas.com\/wp-content\/uploads\/2020\/03\/Tabla-color-a\u00f1o-fabricacion-01-e1588785135919-768x536.png?v=1695905027 768w, https:\/\/sacidkordas.com\/wp-content\/uploads\/2020\/03\/Tabla-color-a\u00f1o-fabricacion-01-e1588785135919-1536x1071.png?v=1695905027 1536w, https:\/\/sacidkordas.com\/wp-content\/uploads\/2020\/03\/Tabla-color-a\u00f1o-fabricacion-01-e1588785135919-2048x1429.png?v=1695905027 2048w\" sizes=\"auto, (max-width: 290px) 100vw, 290px\" \/> <\/span><\/p>\n<p style=\"padding-left: 40px;\"><span style=\"font-weight: 400;\">Toutes les cordes certifi\u00e9es sont fabriqu\u00e9es avec un ruban int\u00e9rieur indiquant le fabricant, le type de certification (Dynamique \/ Semi-statique), l\u2019ann\u00e9e de fabrication et le mat\u00e9riel.<br \/>\n<\/span><\/p>\n<p style=\"padding-left: 40px;\"><span style=\"font-weight: 400;\">Pour les cordes dynamique ceci n\u2019est pas de caract\u00e8re obligatoire mais conseill\u00e9 pour identifier l\u2019ann\u00e9e de fabrication de la corde.<\/span><\/p>\n<p style=\"padding-left: 40px;\"><span style=\"font-weight: 400;\">Sur la charte de codes couleur Korda\u2019s de ce ruban vous pouvez identifier l\u2019ann\u00e9e de fabrication plus facilement.<\/span><\/p>\n[\/vc_column_text][vc_column_text][\/vc_column_text][\/toggle][toggle color=\u00a0\u00bbAccent-Color\u00a0\u00bb heading_tag=\u00a0\u00bbdefault\u00a0\u00bb heading_tag_functionality=\u00a0\u00bbdefault\u00a0\u00bb title=\u00a0\u00bbPourquoi les cordes vrillent?\u00a0\u00bb][vc_column_text el_class=\u00a0\u00bbjustificat\u00a0\u00bb]\n<p style=\"padding-left: 40px;\"><span style=\"font-weight: 400;\">Les cordes se fabriquent de mani\u00e8re que toute la corde est neutre.\u00a0 Lorsque on la retire de la bobine ou de l\u2019\u00e9cheveau il faut bien prendre soin de le faire sans la vriller comme l\u2019image suivante illustre bien. De cette fa\u00e7on on aura une corde neutre pr\u00eate \u00e0 utiliser.<\/span><\/p>\n<p><img loading=\"lazy\" decoding=\"async\" class=\"size-medium wp-image-15358 aligncenter\" src=\"https:\/\/sacidkordas.com\/wp-content\/uploads\/2023\/10\/Kordas-instruccions_Mesa-de-trabajo-1-300x211.png\" alt=\"\" width=\"300\" height=\"211\" srcset=\"https:\/\/sacidkordas.com\/wp-content\/uploads\/2023\/10\/Kordas-instruccions_Mesa-de-trabajo-1-300x211.png 300w, https:\/\/sacidkordas.com\/wp-content\/uploads\/2023\/10\/Kordas-instruccions_Mesa-de-trabajo-1-600x422.png 600w, https:\/\/sacidkordas.com\/wp-content\/uploads\/2023\/10\/Kordas-instruccions_Mesa-de-trabajo-1-1024x721.png 1024w, https:\/\/sacidkordas.com\/wp-content\/uploads\/2023\/10\/Kordas-instruccions_Mesa-de-trabajo-1-768x541.png 768w, https:\/\/sacidkordas.com\/wp-content\/uploads\/2023\/10\/Kordas-instruccions_Mesa-de-trabajo-1-1536x1081.png 1536w, https:\/\/sacidkordas.com\/wp-content\/uploads\/2023\/10\/Kordas-instruccions_Mesa-de-trabajo-1-2048x1442.png 2048w\" sizes=\"auto, (max-width: 300px) 100vw, 300px\" \/><\/p>\n<p style=\"padding-left: 40px;\"><span style=\"font-weight: 400;\">Les boucles sont principalement provoqu\u00e9es par le descendeur et la technique de rappel. Sur les dispositifs de sp\u00e9l\u00e9ologie par exemple, la corde r\u00e9alise tout le parcours en poulies avec un m\u00eame plan (en deux dimensions).\u00a0 <\/span><\/p>\n<p style=\"padding-left: 40px;\"><span style=\"font-weight: 400;\">Lorsque les parcours des cordes ont 3 dimensions (comme le huit ou un noeud dynamique) la corde vrille.<\/span><\/p>\n<p style=\"padding-left: 40px;\"><span style=\"font-weight: 400;\">Il est convenable de parfois \u00e9tirer toute la corde et enlever les boucles pour am\u00e9liorer son rendement.<\/span><\/p>\n[\/vc_column_text][vc_column_text][\/vc_column_text][\/toggle][toggle color=\u00a0\u00bbAccent-Color\u00a0\u00bb heading_tag=\u00a0\u00bbdefault\u00a0\u00bb heading_tag_functionality=\u00a0\u00bbdefault\u00a0\u00bb title=\u00a0\u00bbO\u00fa faut-il stocker les cordes pour une bonne conservation?\u00a0\u00bb][vc_column_text el_class=\u00a0\u00bbjustificat\u00a0\u00bb]\n<p style=\"padding-left: 40px;\"><span style=\"font-weight: 400;\">Le bon stockage de la corde est fondamental. Les fibres que les constituent peuvent perdre leur propri\u00e9t\u00e9s si elle est en contact avec des produits de nettoyage, huiles, batteries,. Elle doit se ranger dans un endroit sec, \u00e0 l\u2019abri de la lumi\u00e8re solaire directe et prot\u00e9g\u00e9e de tout agent dangereux.<\/span><\/p>\n[\/vc_column_text][vc_column_text][\/vc_column_text][\/toggle][toggle color=\u00a0\u00bbAccent-Color\u00a0\u00bb heading_tag=\u00a0\u00bbdefault\u00a0\u00bb heading_tag_functionality=\u00a0\u00bbdefault\u00a0\u00bb title=\u00a0\u00bbFaut-il tremper les cordes de sp\u00e9l\u00e9ologie ou de travaux en hauteur avant leur emploi?\u00a0\u00bb][vc_column_text el_class=\u00a0\u00bbjustificat\u00a0\u00bb]\n<p style=\"padding-left: 40px;\"><span style=\"font-weight: 400;\">Toutes les cordes Korda\u2019s sont pr\u00e9-r\u00e9tr\u00e9cies en usine, donc le premier lavage-s\u00e9chage fait. Il n\u2019est pas n\u00e9cessaire de tremper pr\u00e9alablement aucune corde Korda\u2019s.<\/span><\/p>\n<p style=\"padding-left: 40px;\"><span style=\"font-weight: 400;\">Additionnellement il faut noter que, \u00e9tant donn\u00e9 que le r\u00e9tr\u00e9cissement d\u2019une corde est plus important lors du premier contact avec l\u2019eau, l\u2019utilisateur de korda\u2019s re\u00e7oit une corde qui r\u00e9tr\u00e9cis moins de ce qu\u2019on peut esp\u00e9rer au long de sa vie utile.<\/span><\/p>\n[\/vc_column_text][vc_column_text][\/vc_column_text][\/toggle][toggle color=\u00a0\u00bbDefault\u00a0\u00bb heading_tag=\u00a0\u00bbdefault\u00a0\u00bb heading_tag_functionality=\u00a0\u00bbdefault\u00a0\u00bb title=\u00a0\u00bbPremi\u00e8res utilisations de la corde\u00a0\u00bb][vc_column_text]Lorsqu\u2019une corde est neuve <strong>elle n\u00e9cessite la majeure attention et soin<\/strong> lors de son utilisation.<\/p>\n<p>Les fibres sont neuves et \u00a0d\u00e9tendues, donc plus susceptibles aux frictions provoquant des coupures et br\u00fblures . \u00a0Avec <strong>l\u2019utilisation et le vieillissement<\/strong> (surtout si lors de chaque s\u00e9ance elle se mouille puis se s\u00e8che) les fibres se compactent et gagnent de la tension en am\u00e9liorant leur r\u00e9sistance \u00e0 l\u2019abrasion.<\/p>\n<p>En tant que fabricant, Korda\u2019s conseille vivement d\u2019\u00eatre tr\u00e8s vigilants lors des premi\u00e8res utilisations, surtout les 4-5 premi\u00e8res occasions.[\/vc_column_text][\/toggle][\/toggles][\/vc_column][\/vc_row][vc_row type=\u00a0\u00bbin_container\u00a0\u00bb full_screen_row_position=\u00a0\u00bbmiddle\u00a0\u00bb column_margin=\u00a0\u00bbdefault\u00a0\u00bb column_direction=\u00a0\u00bbdefault\u00a0\u00bb column_direction_tablet=\u00a0\u00bbdefault\u00a0\u00bb column_direction_phone=\u00a0\u00bbdefault\u00a0\u00bb scene_position=\u00a0\u00bbcenter\u00a0\u00bb text_color=\u00a0\u00bbdark\u00a0\u00bb text_align=\u00a0\u00bbleft\u00a0\u00bb row_border_radius=\u00a0\u00bbnone\u00a0\u00bb row_border_radius_applies=\u00a0\u00bbbg\u00a0\u00bb overflow=\u00a0\u00bbvisible\u00a0\u00bb overlay_strength=\u00a0\u00bb0.3&Prime; gradient_direction=\u00a0\u00bbleft_to_right\u00a0\u00bb shape_divider_position=\u00a0\u00bbbottom\u00a0\u00bb bg_image_animation=\u00a0\u00bbnone\u00a0\u00bb][vc_column column_padding=\u00a0\u00bbno-extra-padding\u00a0\u00bb column_padding_tablet=\u00a0\u00bbinherit\u00a0\u00bb column_padding_phone=\u00a0\u00bbinherit\u00a0\u00bb column_padding_position=\u00a0\u00bball\u00a0\u00bb column_element_direction_desktop=\u00a0\u00bbdefault\u00a0\u00bb column_element_spacing=\u00a0\u00bbdefault\u00a0\u00bb desktop_text_alignment=\u00a0\u00bbdefault\u00a0\u00bb tablet_text_alignment=\u00a0\u00bbdefault\u00a0\u00bb phone_text_alignment=\u00a0\u00bbdefault\u00a0\u00bb background_color_opacity=\u00a0\u00bb1&Prime; background_hover_color_opacity=\u00a0\u00bb1&Prime; column_backdrop_filter=\u00a0\u00bbnone\u00a0\u00bb column_shadow=\u00a0\u00bbnone\u00a0\u00bb column_border_radius=\u00a0\u00bbnone\u00a0\u00bb column_link_target=\u00a0\u00bb_self\u00a0\u00bb column_position=\u00a0\u00bbdefault\u00a0\u00bb gradient_direction=\u00a0\u00bbleft_to_right\u00a0\u00bb overlay_strength=\u00a0\u00bb0.3&Prime; width=\u00a0\u00bb1\/1&Prime; tablet_width_inherit=\u00a0\u00bbdefault\u00a0\u00bb animation_type=\u00a0\u00bbdefault\u00a0\u00bb bg_image_animation=\u00a0\u00bbnone\u00a0\u00bb border_type=\u00a0\u00bbsimple\u00a0\u00bb column_border_width=\u00a0\u00bbnone\u00a0\u00bb column_border_style=\u00a0\u00bbsolid\u00a0\u00bb][vc_row_inner column_margin=\u00a0\u00bbnone\u00a0\u00bb column_direction=\u00a0\u00bbdefault\u00a0\u00bb column_direction_tablet=\u00a0\u00bbdefault\u00a0\u00bb column_direction_phone=\u00a0\u00bbdefault\u00a0\u00bb top_padding=\u00a0\u00bb0&Prime; bottom_padding=\u00a0\u00bb40&Prime; text_align=\u00a0\u00bbleft\u00a0\u00bb row_position=\u00a0\u00bbdefault\u00a0\u00bb row_position_tablet=\u00a0\u00bbinherit\u00a0\u00bb row_position_phone=\u00a0\u00bbinherit\u00a0\u00bb overflow=\u00a0\u00bbvisible\u00a0\u00bb pointer_events=\u00a0\u00bball\u00a0\u00bb][\/vc_row_inner][\/vc_column][\/vc_row][vc_row type=\u00a0\u00bbin_container\u00a0\u00bb full_screen_row_position=\u00a0\u00bbmiddle\u00a0\u00bb column_margin=\u00a0\u00bbdefault\u00a0\u00bb column_direction=\u00a0\u00bbdefault\u00a0\u00bb column_direction_tablet=\u00a0\u00bbdefault\u00a0\u00bb column_direction_phone=\u00a0\u00bbdefault\u00a0\u00bb scene_position=\u00a0\u00bbcenter\u00a0\u00bb text_color=\u00a0\u00bbdark\u00a0\u00bb text_align=\u00a0\u00bbleft\u00a0\u00bb row_border_radius=\u00a0\u00bbnone\u00a0\u00bb row_border_radius_applies=\u00a0\u00bbbg\u00a0\u00bb overflow=\u00a0\u00bbvisible\u00a0\u00bb overlay_strength=\u00a0\u00bb0.3&Prime; gradient_direction=\u00a0\u00bbleft_to_right\u00a0\u00bb shape_divider_position=\u00a0\u00bbbottom\u00a0\u00bb bg_image_animation=\u00a0\u00bbnone\u00a0\u00bb][vc_column column_padding=\u00a0\u00bbno-extra-padding\u00a0\u00bb column_padding_tablet=\u00a0\u00bbinherit\u00a0\u00bb column_padding_phone=\u00a0\u00bbinherit\u00a0\u00bb column_padding_position=\u00a0\u00bball\u00a0\u00bb column_element_direction_desktop=\u00a0\u00bbdefault\u00a0\u00bb column_element_spacing=\u00a0\u00bbdefault\u00a0\u00bb desktop_text_alignment=\u00a0\u00bbdefault\u00a0\u00bb tablet_text_alignment=\u00a0\u00bbdefault\u00a0\u00bb phone_text_alignment=\u00a0\u00bbdefault\u00a0\u00bb background_color_opacity=\u00a0\u00bb1&Prime; background_hover_color_opacity=\u00a0\u00bb1&Prime; column_backdrop_filter=\u00a0\u00bbnone\u00a0\u00bb column_shadow=\u00a0\u00bbnone\u00a0\u00bb column_border_radius=\u00a0\u00bbnone\u00a0\u00bb column_link_target=\u00a0\u00bb_self\u00a0\u00bb column_position=\u00a0\u00bbdefault\u00a0\u00bb gradient_direction=\u00a0\u00bbleft_to_right\u00a0\u00bb overlay_strength=\u00a0\u00bb0.3&Prime; width=\u00a0\u00bb1\/1&Prime; tablet_width_inherit=\u00a0\u00bbdefault\u00a0\u00bb animation_type=\u00a0\u00bbdefault\u00a0\u00bb bg_image_animation=\u00a0\u00bbnone\u00a0\u00bb border_type=\u00a0\u00bbsimple\u00a0\u00bb column_border_width=\u00a0\u00bbnone\u00a0\u00bb column_border_style=\u00a0\u00bbsolid\u00a0\u00bb][heading]\n<div class=\"traductor-textarea form-group\">\n<div class=\"textarea-desti col-xs-12 col-sm-6\">\n<h3 style=\"text-align: center;\"><strong>Pour toute autre question nous vous invitons \u00e0 nous \u00e9crire sur notre <\/strong><a href=\"https:\/\/sacidkordas.com\/fr\/contact\">formulaire de contact<\/a><strong>\u00a0et on sera bien contents de vous aider!<\/strong><\/h3>\n<\/div>\n<\/div>\n<div class=\"traductor-checkbox form-group\">\n<div class=\"row\"><\/div>\n<\/div>\n[\/heading][\/vc_column][\/vc_row]\n","protected":false},"excerpt":{"rendered":"<p>[vc_row type=\u00a0\u00bbin_container\u00a0\u00bb full_screen_row_position=\u00a0\u00bbmiddle\u00a0\u00bb column_margin=\u00a0\u00bbdefault\u00a0\u00bb column_direction=\u00a0\u00bbdefault\u00a0\u00bb column_direction_tablet=\u00a0\u00bbdefault\u00a0\u00bb column_direction_phone=\u00a0\u00bbdefault\u00a0\u00bb scene_position=\u00a0\u00bbcenter\u00a0\u00bb text_color=\u00a0\u00bbdark\u00a0\u00bb text_align=\u00a0\u00bbleft\u00a0\u00bb row_border_radius=\u00a0\u00bbnone\u00a0\u00bb row_border_radius_applies=\u00a0\u00bbbg\u00a0\u00bb overflow=\u00a0\u00bbvisible\u00a0\u00bb overlay_strength=\u00a0\u00bb0.3&Prime; gradient_direction=\u00a0\u00bbleft_to_right\u00a0\u00bb shape_divider_position=\u00a0\u00bbbottom\u00a0\u00bb bg_image_animation=\u00a0\u00bbnone\u00a0\u00bb][vc_column column_padding=\u00a0\u00bbno-extra-padding\u00a0\u00bb column_padding_tablet=\u00a0\u00bbinherit\u00a0\u00bb column_padding_phone=\u00a0\u00bbinherit\u00a0\u00bb column_padding_position=\u00a0\u00bball\u00a0\u00bb column_element_direction_desktop=\u00a0\u00bbdefault\u00a0\u00bb column_element_spacing=\u00a0\u00bbdefault\u00a0\u00bb desktop_text_alignment=\u00a0\u00bbdefault\u00a0\u00bb tablet_text_alignment=\u00a0\u00bbdefault\u00a0\u00bb phone_text_alignment=\u00a0\u00bbdefault\u00a0\u00bb background_color_opacity=\u00a0\u00bb1&Prime; background_hover_color_opacity=\u00a0\u00bb1&Prime; column_backdrop_filter=\u00a0\u00bbnone\u00a0\u00bb column_shadow=\u00a0\u00bbnone\u00a0\u00bb column_border_radius=\u00a0\u00bbnone\u00a0\u00bb column_link_target=\u00a0\u00bb_self\u00a0\u00bb column_position=\u00a0\u00bbdefault\u00a0\u00bb gradient_direction=\u00a0\u00bbleft_to_right\u00a0\u00bb overlay_strength=\u00a0\u00bb0.3&Prime; width=\u00a0\u00bb1\/1&Prime; tablet_width_inherit=\u00a0\u00bbdefault\u00a0\u00bb animation_type=\u00a0\u00bbdefault\u00a0\u00bb bg_image_animation=\u00a0\u00bbnone\u00a0\u00bb border_type=\u00a0\u00bbsimple\u00a0\u00bb&#8230;<\/p>\n","protected":false},"author":7,"featured_media":0,"parent":9093,"menu_order":0,"comment_status":"closed","ping_status":"closed","template":"","meta":{"footnotes":""},"class_list":["post-9097","page","type-page","status-publish"],"_links":{"self":[{"href":"https:\/\/sacidkordas.com\/fr\/wp-json\/wp\/v2\/pages\/9097","targetHints":{"allow":["GET"]}}],"collection":[{"href":"https:\/\/sacidkordas.com\/fr\/wp-json\/wp\/v2\/pages"}],"about":[{"href":"https:\/\/sacidkordas.com\/fr\/wp-json\/wp\/v2\/types\/page"}],"author":[{"embeddable":true,"href":"https:\/\/sacidkordas.com\/fr\/wp-json\/wp\/v2\/users\/7"}],"replies":[{"embeddable":true,"href":"https:\/\/sacidkordas.com\/fr\/wp-json\/wp\/v2\/comments?post=9097"}],"version-history":[{"count":0,"href":"https:\/\/sacidkordas.com\/fr\/wp-json\/wp\/v2\/pages\/9097\/revisions"}],"up":[{"embeddable":true,"href":"https:\/\/sacidkordas.com\/fr\/wp-json\/wp\/v2\/pages\/9093"}],"wp:attachment":[{"href":"https:\/\/sacidkordas.com\/fr\/wp-json\/wp\/v2\/media?parent=9097"}],"curies":[{"name":"wp","href":"https:\/\/api.w.org\/{rel}","templated":true}]}}