{"id":10834,"date":"2020-05-27T15:25:01","date_gmt":"2020-05-27T15:25:01","guid":{"rendered":"https:\/\/sacidkordas.com\/cookie-policy"},"modified":"2024-07-23T15:41:55","modified_gmt":"2024-07-23T15:41:55","slug":"cookie-fr","status":"publish","type":"page","link":"https:\/\/sacidkordas.com\/fr\/cookie-fr\/","title":{"rendered":"Politique de Cookies"},"content":{"rendered":"<p>Sur ce site, des cookies tiers et propres sont utilis\u00e9s pour vous permettre d\u2019avoir une meilleure exp\u00e9rience de navigation, vous pouvez partager du contenu sur les r\u00e9seaux sociaux et afin que nous puissions obtenir des statistiques d\u2019utilisateurs.<\/p>\n<p>Vous pouvez emp\u00eacher le t\u00e9l\u00e9chargement de cookies via les param\u00e8tres de votre navigateur, en emp\u00eachant les cookies d\u2019\u00eatre stock\u00e9s sur votre appareil.<\/p>\n<p>En tant que propri\u00e9taire de ce site, je vous informe que nous n\u2019utilisons aucune information personnelle provenant des cookies, nous ne r\u00e9alisons que des statistiques g\u00e9n\u00e9rales de visites qui ne comportent aucune information personnelle.<\/p>\n<p>Il est tr\u00e8s important que vous lisiez cette politique de cookies et que vous compreniez que si vous continuez \u00e0 naviguer, nous consid\u00e9rerons que vous acceptez son utilisation.<\/p>\n<p>Selon les termes inclus dans l\u2019article 22.2 de la loi 34\/2002 sur les services de la soci\u00e9t\u00e9 de l\u2019information et le commerce \u00e9lectronique, si vous continuez \u00e0 naviguer, vous consentez \u00e0 l\u2019utilisation de ces m\u00e9canismes.<\/p>\n<p><strong>Entit\u00e9 responsable<\/strong><\/p>\n<p>L\u2019entit\u00e9 responsable de la collecte, du traitement et de l\u2019utilisation de vos donn\u00e9es personnelles au sens de la loi sur la protection des donn\u00e9es personnelles est le site www.sacidkordas.com, propri\u00e9t\u00e9 de SA de CABULLERIA INDUSTRIAL Y DEPORTIVA &#8211; Pol\u00edgono Raval dels Torrents parcela 4, 08297 Castellgal\u00ed, Spain.<\/p>\n<p><strong>Qu\u2019est-ce que les cookies?<\/strong><\/p>\n<p>Les cookies sont un ensemble de donn\u00e9es qu\u2019un serveur d\u00e9pose dans le navigateur de l\u2019utilisateur pour recueillir des informations standard d\u2019enregistrement sur Internet et des informations sur le comportement des visiteurs sur un site Web. Il s\u2019agit de petits fichiers texte qui sont stock\u00e9s sur le disque dur de l\u2019ordinateur et servent \u00e0 identifier l\u2019utilisateur lorsqu\u2019il se reconnecte au site. Leur but est d\u2019enregistrer la visite de l\u2019utilisateur et de stocker certaines informations. Son utilisation est commune et fr\u00e9quente sur le web car elle permet aux pages de fonctionner plus efficacement et d\u2019obtenir une plus grande personnalisation et analyse du comportement de l\u2019utilisateur.<\/p>\n<p><strong>Quels types de cookies existent?<\/strong><\/p>\n<p>Les cookies utilis\u00e9s sur notre site sont des cookies de session et de tiers, et nous permettent de stocker et d\u2019acc\u00e9der \u00e0 des informations relatives \u00e0 la langue, le type de navigateur utilis\u00e9, et d\u2019autres caract\u00e9ristiques g\u00e9n\u00e9rales pr\u00e9d\u00e9finies par l\u2019utilisateur, ainsi que de suivre et d\u2019analyser l\u2019activit\u00e9 qu\u2019il effectue, afin d\u2019apporter des am\u00e9liorations et de fournir nos services de mani\u00e8re plus efficace et personnalis\u00e9e.<\/p>\n<p>Les cookies, en fonction de leur dur\u00e9e de vie, peuvent \u00eatre divis\u00e9s en cookies de session ou permanents. Ceux qui expirent lorsque l\u2019utilisateur ferme le navigateur. Celles qui expirent en fonction de l\u2019accomplissement du but pour lequel elles servent (par exemple, pour que l\u2019utilisateur reste identifi\u00e9 dans les services de SA de CABULLERIA INDUSTRIAL Y DEPORTIVA) ou lorsqu\u2019elles sont supprim\u00e9es manuellement.<\/p>\n<table>\n<tbody>\n<tr>\n<td>Nom<\/td>\n<td>Type<\/td>\n<td>Date d\u2019expiration<\/td>\n<td>Objet<\/td>\n<td>Classe<\/td>\n<\/tr>\n<tr>\n<td>__utma<\/td>\n<td>Tiers (Google Analytics)<\/td>\n<td>2 ans<\/td>\n<td>Utilis\u00e9 pour distinguer les utilisateurs et les sessions.<\/td>\n<td>Non exempte<\/td>\n<\/tr>\n<tr>\n<td>__utmb<\/td>\n<td>Tiers (Google Analytics)<\/td>\n<td>30 minutes<\/td>\n<td>Utilis\u00e9 pour d\u00e9terminer les nouvelles sessions ou visites.<\/td>\n<td>Non exempte<\/td>\n<\/tr>\n<tr>\n<td>__utmc<\/td>\n<td>Tiers (Google Analytics)<\/td>\n<td>\u00c0 la fin de la session<\/td>\n<td>Il est configur\u00e9 pour \u00eatre utilis\u00e9 avec Urchin.<\/td>\n<td>Non exempte<\/td>\n<\/tr>\n<tr>\n<td>__utmz<\/td>\n<td>Tiers (Google Analytics)<\/td>\n<td>6 mois<\/td>\n<td>Stocke l\u2019origine ou la campagne qui explique comment l\u2019utilisateur est arriv\u00e9 sur le site.<\/td>\n<td>Non exempte<\/td>\n<\/tr>\n<\/tbody>\n<\/table>\n<p>&nbsp;<\/p>\n<p>&nbsp;<\/p>\n<p>En outre, selon leur objectif, les cookies peuvent \u00eatre class\u00e9s comme suit:<\/p>\n<p><strong>Cookies de performance<\/strong><\/p>\n<p>Ce type de cookie se souvient de vos pr\u00e9f\u00e9rences pour les outils qui sont dans les services, donc vous n\u2019avez pas \u00e0 reconfigurer le service chaque fois que vous visitez. \u00c0 titre d\u2019exemple, dans cette typologie sont inclus\u00a0: R\u00e9glages de volume des lecteurs vid\u00e9o ou audio. Les vitesses de transmission vid\u00e9o qui sont compatibles avec votre navigateur. Les objets enregistr\u00e9s dans le \u00ab\u00a0panier d\u2019achat\u00a0\u00bb sur les services e-commerce tels que les magasins.<\/p>\n<p><strong>Cookies de g\u00e9olocalisation<\/strong><\/p>\n<p>Ces cookies sont utilis\u00e9s pour savoir dans quel pays vous \u00eates lorsque vous demandez un service. Ce cookie est totalement anonyme, et il est utilis\u00e9 uniquement pour aider \u00e0 orienter le contenu vers votre emplacement.<\/p>\n<p><strong>Cookies d\u2019enregistrement<\/strong><\/p>\n<p>Les cookies d\u2019enregistrement sont g\u00e9n\u00e9r\u00e9s une fois que l\u2019utilisateur s\u2019est enregistr\u00e9 ou a ouvert une session ult\u00e9rieure, et ils sont utilis\u00e9s pour vous identifier dans les services avec les objectifs suivants:<\/p>\n<p>Garder l\u2019utilisateur identifi\u00e9 de telle sorte que, si vous fermez un service, le navigateur ou l\u2019ordinateur et \u00e0 un autre moment ou un autre jour revient dans ce service, il restera identifi\u00e9, en facilitant ainsi leur navigation sans avoir \u00e0 s\u2019identifier \u00e0 nouveau. Cette fonctionnalit\u00e9 peut \u00eatre supprim\u00e9e si l\u2019utilisateur clique sur la fonctionnalit\u00e9 [d\u00e9connexion], de sorte que ce cookie est supprim\u00e9 et la prochaine fois que vous entrez dans le service l\u2019utilisateur devra se connecter pour \u00eatre identifi\u00e9.<\/p>\n<p>V\u00e9rifier si l\u2019utilisateur est autoris\u00e9 \u00e0 acc\u00e9der \u00e0 certains services, par exemple pour participer \u00e0 un concours.<\/p>\n<p>En outre, certains services peuvent utiliser des connecteurs avec les r\u00e9seaux sociaux tels que Facebook ou Twitter. Lorsque l\u2019utilisateur s\u2019inscrit \u00e0 un service avec des identifiants de r\u00e9seau social, autorise le r\u00e9seau social \u00e0 stocker un cookie persistant qui se souvient de votre identit\u00e9 et vous garantit l\u2019acc\u00e8s aux services jusqu\u2019\u00e0 son expiration. L\u2019utilisateur peut supprimer ce cookie et r\u00e9voquer l\u2019acc\u00e8s aux services via les r\u00e9seaux sociaux en mettant \u00e0 jour ses pr\u00e9f\u00e9rences sur le r\u00e9seau social sp\u00e9cifique.<\/p>\n<p><strong>Cookies d\u2019analyse<\/strong><\/p>\n<p>Chaque fois qu\u2019un utilisateur visite un service, un outil d\u2019un fournisseur tiers g\u00e9n\u00e8re un cookie analytique sur l\u2019ordinateur de l\u2019utilisateur. Ce cookie, qui est g\u00e9n\u00e9r\u00e9 uniquement lors de la visite, servira lors des prochaines visites aux services de SA de CABULLERIA INDUSTRIAL Y DEPORTIVA pour identifier de mani\u00e8re anonyme le visiteur. Les principaux objectifs sont les suivants\u00a0:<\/p>\n<p>Permettre l\u2019identification anonyme des utilisateurs de la navigation via le cookie (identifie les navigateurs et les appareils, pas les personnes) et donc la comptabilisation approximative du nombre de visiteurs et leur tendance dans le temps.<\/p>\n<p>Identifier de mani\u00e8re anonyme les contenus les plus visit\u00e9s et donc les plus attrayants pour les utilisateurs Savoir si l\u2019utilisateur qui acc\u00e8de est nouveau ou visite r\u00e9p\u00e9t\u00e9e.<\/p>\n<p>Important\u00a0: \u00c0 moins que l\u2019utilisateur ne d\u00e9cide de s\u2019inscrire \u00e0 un service de SA de CABULLERIA INDUSTRIAL Y DEPORTIVA, le cookie ne sera jamais associ\u00e9 \u00e0 des donn\u00e9es \u00e0 caract\u00e8re personnel qui pourraient l\u2019identifier. Ces cookies ne seront utilis\u00e9s qu\u2019\u00e0 des fins statistiques qui aident \u00e0 optimiser l\u2019exp\u00e9rience des utilisateurs sur le site.<\/p>\n<p><strong>\u00a0<\/strong><\/p>\n<p><strong>\u00a0<\/strong><\/p>\n<p><strong>Cookies publicitaires<\/strong><\/p>\n<p>Ce type de cookies permet d\u2019\u00e9largir les informations des annonces affich\u00e9es \u00e0 chaque utilisateur anonyme dans les services SA de CABULLERIA INDUSTRIAL Y DEPORTIVA. La dur\u00e9e ou la fr\u00e9quence d\u2019affichage des positions publicitaires, l\u2019interaction avec celles-ci, etc., sont enregistr\u00e9es, ou les habitudes de navigation et\/ou comportements de l\u2019utilisateur car ils aident \u00e0 former un profil d\u2019int\u00e9r\u00eat publicitaire. Ils permettent ainsi de proposer des publicit\u00e9s correspondant aux int\u00e9r\u00eats de l\u2019utilisateur.<\/p>\n<p><strong>Cookies publicitaires de tiers<\/strong><\/p>\n<p>En plus de la publicit\u00e9 g\u00e9r\u00e9e par les sites SA de CABULLERIA INDUSTRIAL Y DEPORTIVA dans ses services, les sites de SA de CABULLERIA INDUSTRIAL Y DEPORTIVA offrent \u00e0 leurs annonceurs la possibilit\u00e9 de servir des annonces via des tiers (\u00ab\u00a0Ad-Servers\u00a0\u00bb). Ainsi, ces tiers peuvent stocker des cookies envoy\u00e9s par les services de SA de CABULLERIA INDUSTRIAL Y DEPORTIVA provenant des navigateurs des utilisateurs, ainsi que d\u2019acc\u00e9der aux donn\u00e9es qui y sont stock\u00e9es.<\/p>\n<p>Les entreprises qui g\u00e9n\u00e8rent ces cookies ont leurs propres politiques de confidentialit\u00e9. Actuellement, les sites de SA de CABULLERIA INDUSTRIAL Y DEPORTIVA utilisent la plate-forme Doubleclick (Google) pour g\u00e9rer ces services. Pour plus d\u2019informations, veuillez-vous adresser \u00e0<\/p>\n<p><a href=\"http:\/\/www.google.es\/policies\/privacy\/ads\/#toc-doubleclick\" target=\"_blank\" rel=\"noopener\">http:\/\/www.google.es\/policies\/privacy\/ads\/#toc-doubleclick<\/a> et <a href=\"http:\/\/www.google.es\/policies\/privacy\/ads\/\" target=\"_blank\" rel=\"noopener\">http:\/\/www.google.es\/policies\/privacy\/ads\/<\/a>.<\/p>\n<p><strong>Comment d\u00e9sactiver les cookies dans mon navigateur ?<\/strong><\/p>\n<p>Les diff\u00e9rents navigateurs peuvent \u00eatre configur\u00e9s pour avertir l\u2019utilisateur de la r\u00e9ception des cookies et, si vous le souhaitez, emp\u00eacher leur installation sur votre ordinateur. De m\u00eame, l\u2019utilisateur peut v\u00e9rifier dans son navigateur quels cookies sont install\u00e9s et quel est le d\u00e9lai d\u2019expiration des m\u00eames, pouvant les supprimer.<\/p>\n<p>Pour plus de d\u00e9tails, veuillez consulter les instructions et manuels de votre navigateur\u00a0:<\/p>\n<p>Pour plus d\u2019informations sur la gestion des cookies dans Google Chrome: <a href=\"https:\/\/support.google.com\/chrome\/answer\/95647?hl=fr\" target=\"_blank\" rel=\"noopener\">https:\/\/support.google.com\/chrome\/answer\/95647?hl=fr<\/a>.<\/p>\n<p>Pour plus d\u2019informations sur la gestion des cookies dans Internet Explorer: <a href=\"http:\/\/windows.microsoft.com\/es-es\/windows-vista\/cookies-frequently-asked-questions\" target=\"_blank\" rel=\"noopener\">http:\/\/windows.microsoft.com\/es-es\/windows-vista\/cookies-frequently-asked-questions<\/a><\/p>\n<p>Pour plus d\u2019informations sur la gestion des cookies dans Mozilla Firefox: <a href=\"http:\/\/support.mozilla.org\/fr\/kb\/habiliter-et-deactiver-cookies-que-les-sites-nous\" target=\"_blank\" rel=\"noopener\">http:\/\/support.mozilla.org\/fr\/kb\/habiliter-et-deactiver-cookies-que-les-sites-nous<\/a><\/p>\n<p>Pour plus d\u2019informations sur la gestion des cookies dans Safari: <a href=\"http:\/\/www.apple.com\/es\/privacy\/use-of-cookies\/\" target=\"_blank\" rel=\"noopener\">http:\/\/www.apple.com\/es\/privacy\/use-of-cookies\/<\/a><\/p>\n<p>Pour plus d\u2019informations sur la gestion des cookies dans Opera: <a href=\"http:\/\/help.opera.com\/Windows\/11.50\/fr-ES\/cookies.html\" target=\"_blank\" rel=\"noopener\">http:\/\/help.opera.com\/Windows\/11.50\/fr-ES\/cookies.html<\/a><\/p>\n<p>Si vous ne souhaitez plus \u00eatre suivi par Google Analytics, veuillez consulter: <a href=\"http:\/\/tools.google.com\/dlpage\/gaoptout\" target=\"_blank\" rel=\"noopener\">http:\/\/tools.google.com\/dlpage\/gaoptout<\/a><\/p>\n<p><strong>En savoir plus sur les cookies<\/strong><\/p>\n<p>Vous pouvez obtenir plus d\u2019informations sur la publicit\u00e9 comportementale en ligne et la protection de la vie priv\u00e9e en ligne \u00e0 l\u2019adresse suivante\u00a0: <a href=\"http:\/\/www.youronlinechoices.com\/fr\/\" target=\"_blank\" rel=\"noopener\">http:\/\/www.youronlinechoices.com\/fr\/<\/a><\/p>\n<p>Protection des donn\u00e9es de Google Analytics\u00a0: <a href=\"http:\/\/www.google.com\/analytics\/learn\/privacy.html\" target=\"_blank\" rel=\"noopener\">http:\/\/www.google.com\/analytics\/learn\/privacy.html<\/a><\/p>\n<p>Comment Google Analytics utilise les cookies\u00a0: <a href=\"https:\/\/developers.google.com\/analytics\/devguides\/collection\/analyticsjs\/cookie-usage?hl=fr#analyticsjs\" target=\"_blank\" rel=\"noopener\">https:\/\/developers.google.com\/analytics\/devguides\/collection\/analyticsjs\/cookie-usage?hl=fr#analyticsjs<\/a><\/p>\n<p><strong>\u00a0<\/strong><\/p>\n<p><strong>Mises \u00e0 jour et changements de la politique de confidentialit\u00e9\/cookies<\/strong><\/p>\n<p>Les sites de SA de CABULLERIA INDUSTRIAL Y DEPORTIVA peuvent modifier cette politique de cookies en fonction des exigences l\u00e9gislatives, r\u00e9glementaires, ou dans le but d\u2019adapter cette politique aux instructions donn\u00e9es par l\u2019Agence espagnole de protection des donn\u00e9es, Il est donc conseill\u00e9 aux utilisateurs de visiter r\u00e9guli\u00e8rement.<\/p>\n<p>Lorsque des changements importants sont apport\u00e9s \u00e0 cette politique de cookies, ils seront communiqu\u00e9s aux utilisateurs soit via le site web ou par e-mail aux utilisateurs enregistr\u00e9s.<\/p>\n","protected":false},"excerpt":{"rendered":"<p>Sur ce site, des cookies tiers et propres sont utilis\u00e9s pour vous permettre d\u2019avoir une meilleure exp\u00e9rience de navigation, vous pouvez partager du contenu sur les r\u00e9seaux sociaux et afin que nous puissions obtenir des statistiques d\u2019utilisateurs. Vous pouvez emp\u00eacher&#8230;<\/p>\n","protected":false},"author":7,"featured_media":0,"parent":0,"menu_order":0,"comment_status":"closed","ping_status":"closed","template":"","meta":{"footnotes":""},"class_list":["post-10834","page","type-page","status-publish"],"_links":{"self":[{"href":"https:\/\/sacidkordas.com\/fr\/wp-json\/wp\/v2\/pages\/10834","targetHints":{"allow":["GET"]}}],"collection":[{"href":"https:\/\/sacidkordas.com\/fr\/wp-json\/wp\/v2\/pages"}],"about":[{"href":"https:\/\/sacidkordas.com\/fr\/wp-json\/wp\/v2\/types\/page"}],"author":[{"embeddable":true,"href":"https:\/\/sacidkordas.com\/fr\/wp-json\/wp\/v2\/users\/7"}],"replies":[{"embeddable":true,"href":"https:\/\/sacidkordas.com\/fr\/wp-json\/wp\/v2\/comments?post=10834"}],"version-history":[{"count":0,"href":"https:\/\/sacidkordas.com\/fr\/wp-json\/wp\/v2\/pages\/10834\/revisions"}],"wp:attachment":[{"href":"https:\/\/sacidkordas.com\/fr\/wp-json\/wp\/v2\/media?parent=10834"}],"curies":[{"name":"wp","href":"https:\/\/api.w.org\/{rel}","templated":true}]}}