{"id":10832,"date":"2020-05-28T16:55:01","date_gmt":"2020-05-28T16:55:01","guid":{"rendered":"https:\/\/sacidkordas.com\/aviso-legal-y-terminos-de-uso"},"modified":"2024-07-23T12:44:05","modified_gmt":"2024-07-23T12:44:05","slug":"mentions-legales","status":"publish","type":"page","link":"https:\/\/sacidkordas.com\/fr\/mentions-legales\/","title":{"rendered":"Mentions l\u00e9gales"},"content":{"rendered":"[vc_row type=\u00a0\u00bbin_container\u00a0\u00bb full_screen_row_position=\u00a0\u00bbmiddle\u00a0\u00bb column_margin=\u00a0\u00bbdefault\u00a0\u00bb column_direction=\u00a0\u00bbdefault\u00a0\u00bb column_direction_tablet=\u00a0\u00bbdefault\u00a0\u00bb column_direction_phone=\u00a0\u00bbdefault\u00a0\u00bb scene_position=\u00a0\u00bbcenter\u00a0\u00bb text_color=\u00a0\u00bbdark\u00a0\u00bb text_align=\u00a0\u00bbleft\u00a0\u00bb row_border_radius=\u00a0\u00bbnone\u00a0\u00bb row_border_radius_applies=\u00a0\u00bbbg\u00a0\u00bb overflow=\u00a0\u00bbvisible\u00a0\u00bb overlay_strength=\u00a0\u00bb0.3&Prime; gradient_direction=\u00a0\u00bbleft_to_right\u00a0\u00bb shape_divider_position=\u00a0\u00bbbottom\u00a0\u00bb bg_image_animation=\u00a0\u00bbnone\u00a0\u00bb][vc_column column_padding=\u00a0\u00bbno-extra-padding\u00a0\u00bb column_padding_tablet=\u00a0\u00bbinherit\u00a0\u00bb column_padding_phone=\u00a0\u00bbinherit\u00a0\u00bb column_padding_position=\u00a0\u00bball\u00a0\u00bb column_element_direction_desktop=\u00a0\u00bbdefault\u00a0\u00bb column_element_spacing=\u00a0\u00bbdefault\u00a0\u00bb desktop_text_alignment=\u00a0\u00bbdefault\u00a0\u00bb tablet_text_alignment=\u00a0\u00bbdefault\u00a0\u00bb phone_text_alignment=\u00a0\u00bbdefault\u00a0\u00bb background_color_opacity=\u00a0\u00bb1&Prime; background_hover_color_opacity=\u00a0\u00bb1&Prime; column_backdrop_filter=\u00a0\u00bbnone\u00a0\u00bb column_shadow=\u00a0\u00bbnone\u00a0\u00bb column_border_radius=\u00a0\u00bbnone\u00a0\u00bb column_link_target=\u00a0\u00bb_self\u00a0\u00bb column_position=\u00a0\u00bbdefault\u00a0\u00bb gradient_direction=\u00a0\u00bbleft_to_right\u00a0\u00bb overlay_strength=\u00a0\u00bb0.3&Prime; width=\u00a0\u00bb1\/1&Prime; tablet_width_inherit=\u00a0\u00bbdefault\u00a0\u00bb animation_type=\u00a0\u00bbdefault\u00a0\u00bb bg_image_animation=\u00a0\u00bbnone\u00a0\u00bb border_type=\u00a0\u00bbsimple\u00a0\u00bb column_border_width=\u00a0\u00bbnone\u00a0\u00bb column_border_style=\u00a0\u00bbsolid\u00a0\u00bb][vc_column_text]\n<p style=\"text-align: center;\"><strong><u>MENTIONS L\u00c9GALES<\/u><\/strong><\/p>\n<p>Le but de cette notice l\u00e9gale, est d\u2019informer les utilisateurs de <a href=\"http:\/\/www.sacidkordas.com\">www.sacidkordas.com<\/a>, domicili\u00e9 \u00e0, Pol\u00edgon Raval dels Torrents, 4, Parcel.la 4 dont le nom du responsable du traitement est SA DE CABULLERIA INDUSTRIAL Y DEPORTIVA (KORDAS), quelle est sa politique de protection de la vie priv\u00e9e et de confidentialit\u00e9 des donn\u00e9es \u00e0 caract\u00e8re personnel selon le R\u00e8glement g\u00e9n\u00e9ral sur la protection des donn\u00e9es (RGPD) que ses utilisateurs fournissent librement et volontairement.<\/p>\n<p>SA DE CABULLERIA INDUSTRIAL Y DEPORTIVA (KORDAS) informe que vous disposez de vos donn\u00e9es personnelles sp\u00e9cifi\u00e9es dans le registre correspondant des activit\u00e9s de traitement de l\u2019entreprise appel\u00e9 Gestion des utilisateurs du Web.<\/p>\n<p>La base l\u00e9gale pour le traitement de vos donn\u00e9es est le consentement obtenu du titulaire du traitement au moment de remplir notre formulaire on-line line et accepter express\u00e9ment la m\u00eame chose.<\/p>\n<p>La finalit\u00e9 de la cr\u00e9ation, de l\u2019existence et du maintien est le traitement des donn\u00e9es aux seules fins de pouvoir donner suite \u00e0 la demande d\u2019informations.<\/p>\n<p>&nbsp;<\/p>\n<p>Les destinataires de l\u2019information sont tous les d\u00e9partements, compartiments, locaux et entit\u00e9s associ\u00e9es dans lesquels SA DE CABULLERIA INDUSTRIAL Y DEPORTIVA (KORDAS) est organis\u00e9 et ne seront pas c\u00e9d\u00e9s \u00e0 des tiers sauf dans les cas o\u00f9 il existe une obligation l\u00e9gale.<\/p>\n<p>En tout cas, vous avez le droit d\u2019obtenir une confirmation sur si SA DE CABULLERIA INDUSTRIAL Y DEPORTIVA traite vos donn\u00e9es personnelles et donc vous avez le droit d\u2019acc\u00e9der \u00e0 vos donn\u00e9es personnels, rectifier les donn\u00e9es inexactes ou demander leur suppression lorsque les donn\u00e9es ne sont plus n\u00e9cessaires.<\/p>\n<p>Todos los campos del formulario on-line marcados como \u201cobligatorios\u201d son de obligada cumplimentaci\u00f3n para poder hacer efectiva su solicitud de informaci\u00f3n.<\/p>\n<p>Le site <a href=\"http:\/\/www.sacidkordas.com\">www.sacidkordas.com<\/a> a pris les mesures techniques et organisationnelles n\u00e9cessaires, conform\u00e9ment au niveau de s\u00e9curit\u00e9 de protection des donn\u00e9es qui lui est l\u00e9galement pour garantir la s\u00e9curit\u00e9 du traitement des donn\u00e9es \u00e0 caract\u00e8re personnel qui constituent son fichier automatis\u00e9. Cependant, l\u2019utilisateur doit \u00eatre conscient que les mesures de s\u00e9curit\u00e9 sur Internet ne sont pas inattaquables et donc ne sont pas \u00e0 l\u2019abri d\u2019\u00e9ventuelles intrusions ill\u00e9gales et inappropri\u00e9es, que ne seraient pas la responsabilit\u00e9 de SA DE CABULLERIA INDUSTRIAL Y DEPORTIVA (KORDAS), car elle a agi avec la diligence n\u00e9cessaire pour prot\u00e9ger les donn\u00e9es conform\u00e9ment \u00e0 la loi.<\/p>\n<p>La politique de cookies du site <a href=\"http:\/\/www.sacidkordas.com\">www.sacidkordas.com<\/a> est d\u00e9termin\u00e9e dans la section correspondante.<\/p>\n<p>Le site <a href=\"http:\/\/www.sacidkordas.com\">www.sacidkordas.com<\/a> fera tout son possible pour que vos donn\u00e9es soient toujours \u00e0 jour. Toutefois, la responsabilit\u00e9 de la qualit\u00e9 des donn\u00e9es incombe au d\u00e9tenteur, d\u2019o\u00f9 que s\u2019il y a une modification des donn\u00e9es l\u2019utilisateur du site les communique au Responsable du Fichier, en rejetant toute responsabilit\u00e9 si vous omettez de notifier les changements.<\/p>\n<p>La prestation du service de ce site et les pr\u00e9sentes conditions d\u2019utilisation du site sont r\u00e9gies par la loi espagnole. Pour toute divergence dans l\u2019ex\u00e9cution, interpr\u00e9tation, respect de ces conditions, les parties se soumettent aux tribunaux comp\u00e9tents.[\/vc_column_text][\/vc_column][\/vc_row]\n","protected":false},"excerpt":{"rendered":"<p>[vc_row type=\u00a0\u00bbin_container\u00a0\u00bb full_screen_row_position=\u00a0\u00bbmiddle\u00a0\u00bb column_margin=\u00a0\u00bbdefault\u00a0\u00bb column_direction=\u00a0\u00bbdefault\u00a0\u00bb column_direction_tablet=\u00a0\u00bbdefault\u00a0\u00bb column_direction_phone=\u00a0\u00bbdefault\u00a0\u00bb scene_position=\u00a0\u00bbcenter\u00a0\u00bb text_color=\u00a0\u00bbdark\u00a0\u00bb text_align=\u00a0\u00bbleft\u00a0\u00bb row_border_radius=\u00a0\u00bbnone\u00a0\u00bb row_border_radius_applies=\u00a0\u00bbbg\u00a0\u00bb overflow=\u00a0\u00bbvisible\u00a0\u00bb overlay_strength=\u00a0\u00bb0.3&Prime; gradient_direction=\u00a0\u00bbleft_to_right\u00a0\u00bb shape_divider_position=\u00a0\u00bbbottom\u00a0\u00bb bg_image_animation=\u00a0\u00bbnone\u00a0\u00bb][vc_column column_padding=\u00a0\u00bbno-extra-padding\u00a0\u00bb column_padding_tablet=\u00a0\u00bbinherit\u00a0\u00bb column_padding_phone=\u00a0\u00bbinherit\u00a0\u00bb column_padding_position=\u00a0\u00bball\u00a0\u00bb column_element_direction_desktop=\u00a0\u00bbdefault\u00a0\u00bb column_element_spacing=\u00a0\u00bbdefault\u00a0\u00bb desktop_text_alignment=\u00a0\u00bbdefault\u00a0\u00bb tablet_text_alignment=\u00a0\u00bbdefault\u00a0\u00bb phone_text_alignment=\u00a0\u00bbdefault\u00a0\u00bb background_color_opacity=\u00a0\u00bb1&Prime; background_hover_color_opacity=\u00a0\u00bb1&Prime; column_backdrop_filter=\u00a0\u00bbnone\u00a0\u00bb column_shadow=\u00a0\u00bbnone\u00a0\u00bb column_border_radius=\u00a0\u00bbnone\u00a0\u00bb column_link_target=\u00a0\u00bb_self\u00a0\u00bb column_position=\u00a0\u00bbdefault\u00a0\u00bb gradient_direction=\u00a0\u00bbleft_to_right\u00a0\u00bb overlay_strength=\u00a0\u00bb0.3&Prime; width=\u00a0\u00bb1\/1&Prime; tablet_width_inherit=\u00a0\u00bbdefault\u00a0\u00bb animation_type=\u00a0\u00bbdefault\u00a0\u00bb bg_image_animation=\u00a0\u00bbnone\u00a0\u00bb border_type=\u00a0\u00bbsimple\u00a0\u00bb&#8230;<\/p>\n","protected":false},"author":7,"featured_media":0,"parent":0,"menu_order":0,"comment_status":"closed","ping_status":"closed","template":"","meta":{"footnotes":""},"class_list":["post-10832","page","type-page","status-publish"],"_links":{"self":[{"href":"https:\/\/sacidkordas.com\/fr\/wp-json\/wp\/v2\/pages\/10832","targetHints":{"allow":["GET"]}}],"collection":[{"href":"https:\/\/sacidkordas.com\/fr\/wp-json\/wp\/v2\/pages"}],"about":[{"href":"https:\/\/sacidkordas.com\/fr\/wp-json\/wp\/v2\/types\/page"}],"author":[{"embeddable":true,"href":"https:\/\/sacidkordas.com\/fr\/wp-json\/wp\/v2\/users\/7"}],"replies":[{"embeddable":true,"href":"https:\/\/sacidkordas.com\/fr\/wp-json\/wp\/v2\/comments?post=10832"}],"version-history":[{"count":0,"href":"https:\/\/sacidkordas.com\/fr\/wp-json\/wp\/v2\/pages\/10832\/revisions"}],"wp:attachment":[{"href":"https:\/\/sacidkordas.com\/fr\/wp-json\/wp\/v2\/media?parent=10832"}],"curies":[{"name":"wp","href":"https:\/\/api.w.org\/{rel}","templated":true}]}}