{"id":10799,"date":"2020-05-28T16:57:22","date_gmt":"2020-05-28T16:57:22","guid":{"rendered":"https:\/\/sacidkordas.com\/privacitat"},"modified":"2024-07-23T13:04:05","modified_gmt":"2024-07-23T13:04:05","slug":"politique-de-confidentialite","status":"publish","type":"page","link":"https:\/\/sacidkordas.com\/fr\/politique-de-confidentialite\/","title":{"rendered":"PRIVACIT\u00c9"},"content":{"rendered":"[vc_row type=\u00a0\u00bbin_container\u00a0\u00bb full_screen_row_position=\u00a0\u00bbmiddle\u00a0\u00bb column_margin=\u00a0\u00bbdefault\u00a0\u00bb column_direction=\u00a0\u00bbdefault\u00a0\u00bb column_direction_tablet=\u00a0\u00bbdefault\u00a0\u00bb column_direction_phone=\u00a0\u00bbdefault\u00a0\u00bb scene_position=\u00a0\u00bbcenter\u00a0\u00bb text_color=\u00a0\u00bbdark\u00a0\u00bb text_align=\u00a0\u00bbleft\u00a0\u00bb row_border_radius=\u00a0\u00bbnone\u00a0\u00bb row_border_radius_applies=\u00a0\u00bbbg\u00a0\u00bb overflow=\u00a0\u00bbvisible\u00a0\u00bb overlay_strength=\u00a0\u00bb0.3&Prime; gradient_direction=\u00a0\u00bbleft_to_right\u00a0\u00bb shape_divider_position=\u00a0\u00bbbottom\u00a0\u00bb bg_image_animation=\u00a0\u00bbnone\u00a0\u00bb][vc_column column_padding=\u00a0\u00bbno-extra-padding\u00a0\u00bb column_padding_tablet=\u00a0\u00bbinherit\u00a0\u00bb column_padding_phone=\u00a0\u00bbinherit\u00a0\u00bb column_padding_position=\u00a0\u00bball\u00a0\u00bb column_element_direction_desktop=\u00a0\u00bbdefault\u00a0\u00bb column_element_spacing=\u00a0\u00bbdefault\u00a0\u00bb desktop_text_alignment=\u00a0\u00bbdefault\u00a0\u00bb tablet_text_alignment=\u00a0\u00bbdefault\u00a0\u00bb phone_text_alignment=\u00a0\u00bbdefault\u00a0\u00bb background_color_opacity=\u00a0\u00bb1&Prime; background_hover_color_opacity=\u00a0\u00bb1&Prime; column_backdrop_filter=\u00a0\u00bbnone\u00a0\u00bb column_shadow=\u00a0\u00bbnone\u00a0\u00bb column_border_radius=\u00a0\u00bbnone\u00a0\u00bb column_link_target=\u00a0\u00bb_self\u00a0\u00bb column_position=\u00a0\u00bbdefault\u00a0\u00bb gradient_direction=\u00a0\u00bbleft_to_right\u00a0\u00bb overlay_strength=\u00a0\u00bb0.3&Prime; width=\u00a0\u00bb1\/1&Prime; tablet_width_inherit=\u00a0\u00bbdefault\u00a0\u00bb animation_type=\u00a0\u00bbdefault\u00a0\u00bb bg_image_animation=\u00a0\u00bbnone\u00a0\u00bb border_type=\u00a0\u00bbsimple\u00a0\u00bb column_border_width=\u00a0\u00bbnone\u00a0\u00bb column_border_style=\u00a0\u00bbsolid\u00a0\u00bb][vc_column_text]\n<p style=\"text-align: center;\"><strong><u>Politique de confidentialit\u00e9<\/u><\/strong><\/p>\n<p><strong><u>RESPONSABLE DU TRAITEMENT<\/u><\/strong><\/p>\n<p>SA DE CABULLERIA INDUSTRIAL Y DEPORTIVA (KORDAS) A58174798, domicili\u00e9e \u00e0 Pol\u00edgon Raval dels Torrents, 4, Parcel.la 4, 08297, Castellgal\u00ed T\u00e9l\u00e9phone 938330302 et mail <a href=\"mailto:sacid@sacidkordas.com\">sacid@sacidkordas.com<\/a>.<\/p>\n<p>&nbsp;<\/p>\n<p><strong><u>FINALIT\u00c9<\/u><\/strong><\/p>\n<p>Le finalit\u00e9 de la cr\u00e9ation, existence et maintenance est le traitement des donn\u00e9es aux seules fins de pouvoir faire effectif notre relation commerciale et r\u00e9aliser la facturation de celle-ci.<\/p>\n<p>&nbsp;<\/p>\n<p><strong><u>L\u00c9GITIMATION<\/u><\/strong><\/p>\n<p>La base l\u00e9gale pour le traitement de vos donn\u00e9es est l\u2019ex\u00e9cution de la relation commerciale entre le titulaire des donn\u00e9es et le responsable du traitement et ces informations personnelles seront conserv\u00e9es pendant la relation est maintenue ou pendant le temps strictement n\u00e9cessaire pour se conformer aux obligations l\u00e9gales.<\/p>\n<p>&nbsp;<\/p>\n<p><strong><u>COMMUNICATIONS COMMERCIALES<\/u><\/strong><\/p>\n<p>De m\u00eame, et sur la base de votre consentement donn\u00e9 de mani\u00e8re affirmative et expresse, il nous permet de vous envoyer des informations commerciales sur nos produits et nouveaut\u00e9s par e-mail. Ce consentement peut \u00eatre r\u00e9voqu\u00e9 \u00e0 tout moment par l\u2019interm\u00e9diaire de notre email <a href=\"mailto:sacid@sacidkordas.com\">sacid@sacidkordas.com<\/a>.<\/p>\n<p>&nbsp;<\/p>\n<p><strong><u>DUR\u00c9E DE CONSERVATION<\/u><\/strong><\/p>\n<p>Les donn\u00e9es fournies seront conserv\u00e9es aussi longtemps que la relation commerciale est maintenue ou pendant les ann\u00e9es n\u00e9cessaires pour se conformer aux obligations l\u00e9gales.<\/p>\n<p>&nbsp;<\/p>\n<p><strong><u>DESTINATAIRES<\/u><\/strong><\/p>\n<p>Pendant la dur\u00e9e du traitement des donn\u00e9es de l\u2019int\u00e9ress\u00e9, SA DE CABULLERIA INDUSTRIAL Y DEPORTIVA (KORDAS) ne transmettra pas les donn\u00e9es \u00e0 des tiers, sauf obligation l\u00e9gale.<\/p>\n<p>Dans les cas o\u00f9, pour la r\u00e9alisation de traitements de type administratif, fiscal, comptable et\/ou commercial, on compte sur les services de tiers, le contrat de sous-traitant obligatoire sera d\u00fbment formalis\u00e9, afin d\u2019assurer la s\u00e9curit\u00e9 et la confidentialit\u00e9 des donn\u00e9es de la personne concern\u00e9e vis-\u00e0-vis des tiers.<\/p>\n<p><strong><em>\u00a0<\/em><\/strong><\/p>\n<p><strong><u>DROITS<\/u><\/strong><\/p>\n<p>Les personnes concern\u00e9es ont le droit d\u2019acc\u00e9der \u00e0 leurs donn\u00e9es personnelles et de demander la rectification des donn\u00e9es inexactes ou, le cas \u00e9ch\u00e9ant, de demander leur suppression lorsqu\u2019entre autres, les donn\u00e9es ne sont plus n\u00e9cessaires pour l\u2019objectif qui a \u00e9t\u00e9 fourni et de retirer le consentement donn\u00e9. L\u2019exercice d\u2019opposition au traitement de vos donn\u00e9es pour l\u2019envoi d\u2019informations publicitaires par voie \u00e9lectronique. Vous pouvez \u00e9galement exercer votre droit \u00e0 la limitation du traitement, de sorte que vos donn\u00e9es ne seront pas supprim\u00e9es mais le traitement sera soumis \u00e0 des limitations. Les exercices de portabilit\u00e9 et d\u2019automatisation des d\u00e9cisions ne s\u2019appliquent pas dans ce cas en raison de la typologie des donn\u00e9es et du traitement de celles-ci.[\/vc_column_text][\/vc_column][\/vc_row]\n","protected":false},"excerpt":{"rendered":"<p>[vc_row type=\u00a0\u00bbin_container\u00a0\u00bb full_screen_row_position=\u00a0\u00bbmiddle\u00a0\u00bb column_margin=\u00a0\u00bbdefault\u00a0\u00bb column_direction=\u00a0\u00bbdefault\u00a0\u00bb column_direction_tablet=\u00a0\u00bbdefault\u00a0\u00bb column_direction_phone=\u00a0\u00bbdefault\u00a0\u00bb scene_position=\u00a0\u00bbcenter\u00a0\u00bb text_color=\u00a0\u00bbdark\u00a0\u00bb text_align=\u00a0\u00bbleft\u00a0\u00bb row_border_radius=\u00a0\u00bbnone\u00a0\u00bb row_border_radius_applies=\u00a0\u00bbbg\u00a0\u00bb overflow=\u00a0\u00bbvisible\u00a0\u00bb overlay_strength=\u00a0\u00bb0.3&Prime; gradient_direction=\u00a0\u00bbleft_to_right\u00a0\u00bb shape_divider_position=\u00a0\u00bbbottom\u00a0\u00bb bg_image_animation=\u00a0\u00bbnone\u00a0\u00bb][vc_column column_padding=\u00a0\u00bbno-extra-padding\u00a0\u00bb column_padding_tablet=\u00a0\u00bbinherit\u00a0\u00bb column_padding_phone=\u00a0\u00bbinherit\u00a0\u00bb column_padding_position=\u00a0\u00bball\u00a0\u00bb column_element_direction_desktop=\u00a0\u00bbdefault\u00a0\u00bb column_element_spacing=\u00a0\u00bbdefault\u00a0\u00bb desktop_text_alignment=\u00a0\u00bbdefault\u00a0\u00bb tablet_text_alignment=\u00a0\u00bbdefault\u00a0\u00bb phone_text_alignment=\u00a0\u00bbdefault\u00a0\u00bb background_color_opacity=\u00a0\u00bb1&Prime; background_hover_color_opacity=\u00a0\u00bb1&Prime; column_backdrop_filter=\u00a0\u00bbnone\u00a0\u00bb column_shadow=\u00a0\u00bbnone\u00a0\u00bb column_border_radius=\u00a0\u00bbnone\u00a0\u00bb column_link_target=\u00a0\u00bb_self\u00a0\u00bb column_position=\u00a0\u00bbdefault\u00a0\u00bb gradient_direction=\u00a0\u00bbleft_to_right\u00a0\u00bb overlay_strength=\u00a0\u00bb0.3&Prime; width=\u00a0\u00bb1\/1&Prime; tablet_width_inherit=\u00a0\u00bbdefault\u00a0\u00bb animation_type=\u00a0\u00bbdefault\u00a0\u00bb bg_image_animation=\u00a0\u00bbnone\u00a0\u00bb border_type=\u00a0\u00bbsimple\u00a0\u00bb&#8230;<\/p>\n","protected":false},"author":7,"featured_media":0,"parent":0,"menu_order":0,"comment_status":"closed","ping_status":"closed","template":"","meta":{"footnotes":""},"class_list":["post-10799","page","type-page","status-publish"],"_links":{"self":[{"href":"https:\/\/sacidkordas.com\/fr\/wp-json\/wp\/v2\/pages\/10799","targetHints":{"allow":["GET"]}}],"collection":[{"href":"https:\/\/sacidkordas.com\/fr\/wp-json\/wp\/v2\/pages"}],"about":[{"href":"https:\/\/sacidkordas.com\/fr\/wp-json\/wp\/v2\/types\/page"}],"author":[{"embeddable":true,"href":"https:\/\/sacidkordas.com\/fr\/wp-json\/wp\/v2\/users\/7"}],"replies":[{"embeddable":true,"href":"https:\/\/sacidkordas.com\/fr\/wp-json\/wp\/v2\/comments?post=10799"}],"version-history":[{"count":0,"href":"https:\/\/sacidkordas.com\/fr\/wp-json\/wp\/v2\/pages\/10799\/revisions"}],"wp:attachment":[{"href":"https:\/\/sacidkordas.com\/fr\/wp-json\/wp\/v2\/media?parent=10799"}],"curies":[{"name":"wp","href":"https:\/\/api.w.org\/{rel}","templated":true}]}}