{"id":9054,"date":"2020-04-27T08:09:14","date_gmt":"2020-04-27T08:09:14","guid":{"rendered":"https:\/\/sacidkordas.com\/?post_type=product&#038;p=9054"},"modified":"2023-11-22T10:09:12","modified_gmt":"2023-11-22T10:09:12","slug":"cuerda-flota","status":"publish","type":"product","link":"https:\/\/sacidkordas.com\/es\/cuerda-flota\/","title":{"rendered":"Flota"},"content":{"rendered":"","protected":false},"excerpt":{"rendered":"<p>Cuerda de di\u00e1metro 9mm, 100% de polipropileno para asegurar la m\u00e1xima flotabilidad.<\/p>\n<p>Se trata de una cuerda no v\u00e1lida para la suspensi\u00f3n en altura, pero muy \u00fatil para acciones de auxilio en la superficie del agua. Sus colores vivos y la excelente flotabilidad aseguran su visibilidad en el agua con lo que se facilitan las tareas de rescate tanto a los profesionales como a las v\u00edctimas.<\/p>\n","protected":false},"featured_media":14810,"template":"","meta":[],"product_brand":[],"product_cat":[247,183,184,138,222],"product_tag":[],"class_list":{"0":"post-9054","1":"product","2":"type-product","3":"status-publish","4":"has-post-thumbnail","6":"product_cat-complementos-cuerdas","7":"product_cat-cuerdas-de-trabajo","8":"product_cat-cuerdas-rescate-intervencion","9":"product_cat-cuerdas-deportivas","10":"product_cat-trabajos-en-altura","12":"first","13":"outofstock","14":"downloadable","15":"virtual","16":"product-type-simple"},"_links":{"self":[{"href":"https:\/\/sacidkordas.com\/es\/wp-json\/wp\/v2\/product\/9054","targetHints":{"allow":["GET"]}}],"collection":[{"href":"https:\/\/sacidkordas.com\/es\/wp-json\/wp\/v2\/product"}],"about":[{"href":"https:\/\/sacidkordas.com\/es\/wp-json\/wp\/v2\/types\/product"}],"wp:featuredmedia":[{"embeddable":true,"href":"https:\/\/sacidkordas.com\/es\/wp-json\/wp\/v2\/media\/14810"}],"wp:attachment":[{"href":"https:\/\/sacidkordas.com\/es\/wp-json\/wp\/v2\/media?parent=9054"}],"wp:term":[{"taxonomy":"product_brand","embeddable":true,"href":"https:\/\/sacidkordas.com\/es\/wp-json\/wp\/v2\/product_brand?post=9054"},{"taxonomy":"product_cat","embeddable":true,"href":"https:\/\/sacidkordas.com\/es\/wp-json\/wp\/v2\/product_cat?post=9054"},{"taxonomy":"product_tag","embeddable":true,"href":"https:\/\/sacidkordas.com\/es\/wp-json\/wp\/v2\/product_tag?post=9054"}],"curies":[{"name":"wp","href":"https:\/\/api.w.org\/{rel}","templated":true}]}}