{"id":8990,"date":"2020-04-09T15:46:14","date_gmt":"2020-04-09T15:46:14","guid":{"rendered":"https:\/\/sacidkordas.com\/producte\/teixits-torcats"},"modified":"2022-03-21T08:13:30","modified_gmt":"2022-03-21T08:13:30","slug":"teixits-torcats","status":"publish","type":"product","link":"https:\/\/sacidkordas.com\/es\/teixits-torcats\/","title":{"rendered":"Tejidos torcidos"},"content":{"rendered":"","protected":false},"excerpt":{"rendered":"<p class=\"rtejustify\">Torcido a 2, 3 o 4 cabos.<\/p>\n<ul>\n<li class=\"rtejustify\"><strong>CARACTERISTICAS<\/strong><\/li>\n<\/ul>\n<p class=\"rtejustify\">Tejido cortado a diferentes anchos y torcido seg\u00fan la necesidad del di\u00e1metro final. En este tipo de fabricaci\u00f3n no hay problem\u00e1tica de cambios de colores de la prenda, ya que es el mismo tejido.<\/p>\n<ul>\n<li class=\"rtejustify\"><strong>SECTOR<\/strong><\/li>\n<\/ul>\n<p class=\"rtejustify\">Confecci\u00f3n.<\/p>\n<p>Nuestra condici\u00f3n de fabricantes nos permite realizar cualquier pedido especial, no duden en consultarnos a trav\u00e9s del <a href=\"https:\/\/sacidkordas.com\/contact\"><strong>formulario de contacto Korda\u2019s.<\/strong><\/a><\/p>\n","protected":false},"featured_media":8638,"template":"","meta":[],"product_brand":[],"product_cat":[221],"product_tag":[],"class_list":{"0":"post-8990","1":"product","2":"type-product","3":"status-publish","4":"has-post-thumbnail","6":"product_cat-cordeleria-convencional","8":"first","9":"outofstock","10":"downloadable","11":"virtual","12":"product-type-simple"},"_links":{"self":[{"href":"https:\/\/sacidkordas.com\/es\/wp-json\/wp\/v2\/product\/8990","targetHints":{"allow":["GET"]}}],"collection":[{"href":"https:\/\/sacidkordas.com\/es\/wp-json\/wp\/v2\/product"}],"about":[{"href":"https:\/\/sacidkordas.com\/es\/wp-json\/wp\/v2\/types\/product"}],"wp:featuredmedia":[{"embeddable":true,"href":"https:\/\/sacidkordas.com\/es\/wp-json\/wp\/v2\/media\/8638"}],"wp:attachment":[{"href":"https:\/\/sacidkordas.com\/es\/wp-json\/wp\/v2\/media?parent=8990"}],"wp:term":[{"taxonomy":"product_brand","embeddable":true,"href":"https:\/\/sacidkordas.com\/es\/wp-json\/wp\/v2\/product_brand?post=8990"},{"taxonomy":"product_cat","embeddable":true,"href":"https:\/\/sacidkordas.com\/es\/wp-json\/wp\/v2\/product_cat?post=8990"},{"taxonomy":"product_tag","embeddable":true,"href":"https:\/\/sacidkordas.com\/es\/wp-json\/wp\/v2\/product_tag?post=8990"}],"curies":[{"name":"wp","href":"https:\/\/api.w.org\/{rel}","templated":true}]}}