{"id":8978,"date":"2020-04-09T15:27:39","date_gmt":"2020-04-09T15:27:39","guid":{"rendered":"https:\/\/sacidkordas.com\/producte\/torcats-coto"},"modified":"2022-03-21T08:14:04","modified_gmt":"2022-03-21T08:14:04","slug":"torcats-coto","status":"publish","type":"product","link":"https:\/\/sacidkordas.com\/es\/torcats-coto\/","title":{"rendered":"Torcidos algod\u00f3n"},"content":{"rendered":"","protected":false},"excerpt":{"rendered":"<p class=\"rtejustify\">Cuerdas torcidas fabricadas en 2, 3 o 4 cabos.<\/p>\n<ul>\n<li class=\"rtejustify\"><strong>CARACTERISTICAS<\/strong><\/li>\n<\/ul>\n<p class=\"rtejustify\">Torcidos especiales muy flexibles y suaves al tacto con la posibilidad de poder tintar a cualquier color.<\/p>\n<p class=\"rtejustify\">Fabricaci\u00f3n personalizada dependiendo del uso.<\/p>\n<ul>\n<li class=\"rtejustify\"><strong>SECTOR<\/strong><\/li>\n<\/ul>\n<p class=\"rtejustify\">Manualidades, confecci\u00f3n, decoraci\u00f3n, industrias c\u00e1rnicas, bricolaje\u2026<\/p>\n<p class=\"rtejustify\">Nuestra condici\u00f3n de fabricantes nos permite realizar cualquier pedido especial, no duden en consultarnos a trav\u00e9s del <a href=\"https:\/\/sacidkordas.com\/contact\"><strong>formulario de contacto Korda\u2019s.<\/strong><\/a><\/p>\n","protected":false},"featured_media":8267,"template":"","meta":[],"product_brand":[],"product_cat":[221],"product_tag":[],"class_list":{"0":"post-8978","1":"product","2":"type-product","3":"status-publish","4":"has-post-thumbnail","6":"product_cat-cordeleria-convencional","8":"first","9":"outofstock","10":"downloadable","11":"virtual","12":"product-type-simple"},"_links":{"self":[{"href":"https:\/\/sacidkordas.com\/es\/wp-json\/wp\/v2\/product\/8978","targetHints":{"allow":["GET"]}}],"collection":[{"href":"https:\/\/sacidkordas.com\/es\/wp-json\/wp\/v2\/product"}],"about":[{"href":"https:\/\/sacidkordas.com\/es\/wp-json\/wp\/v2\/types\/product"}],"wp:featuredmedia":[{"embeddable":true,"href":"https:\/\/sacidkordas.com\/es\/wp-json\/wp\/v2\/media\/8267"}],"wp:attachment":[{"href":"https:\/\/sacidkordas.com\/es\/wp-json\/wp\/v2\/media?parent=8978"}],"wp:term":[{"taxonomy":"product_brand","embeddable":true,"href":"https:\/\/sacidkordas.com\/es\/wp-json\/wp\/v2\/product_brand?post=8978"},{"taxonomy":"product_cat","embeddable":true,"href":"https:\/\/sacidkordas.com\/es\/wp-json\/wp\/v2\/product_cat?post=8978"},{"taxonomy":"product_tag","embeddable":true,"href":"https:\/\/sacidkordas.com\/es\/wp-json\/wp\/v2\/product_tag?post=8978"}],"curies":[{"name":"wp","href":"https:\/\/api.w.org\/{rel}","templated":true}]}}