{"id":8911,"date":"2020-04-22T09:07:47","date_gmt":"2020-04-22T09:07:47","guid":{"rendered":"https:\/\/sacidkordas.com\/producte\/corda-plomada"},"modified":"2023-11-22T10:47:59","modified_gmt":"2023-11-22T10:47:59","slug":"cuerda-plomada","status":"publish","type":"product","link":"https:\/\/sacidkordas.com\/es\/cuerda-plomada\/","title":{"rendered":"Cabo plomado"},"content":{"rendered":"","protected":false},"excerpt":{"rendered":"<p class=\"rtejustify\">Cuerda de di\u00e1metro 9mm con una cobertura de trenzado de poli\u00e9ster y alma de plomo.<\/p>\n<p class=\"rtejustify\">Dise\u00f1ada para <strong>delimitar \u00e1reas de b\u00fasqueda<\/strong> en zonas sumergidas. Una vez impregnada de agua se hunde con mucha facilidad.<\/p>\n<p class=\"rtejustify\">El color vivo garantiza una alta visibilidad debajo del agua.<\/p>\n<ul>\n<li>Diametro: 9mm<\/li>\n<li>Peso por metro: 106,5<\/li>\n<li>Densidad: 2,35 g\/cm3.<\/li>\n<li>Resistencia estatica a la rotura: 1560 daN<\/li>\n<li>Colores: Naranja<\/li>\n<li>Presentacion: 100 \/ 200m<\/li>\n<\/ul>\n","protected":false},"featured_media":15095,"template":"","meta":[],"product_brand":[],"product_cat":[183,184,222],"product_tag":[],"class_list":{"0":"post-8911","1":"product","2":"type-product","3":"status-publish","4":"has-post-thumbnail","6":"product_cat-cuerdas-de-trabajo","7":"product_cat-cuerdas-rescate-intervencion","8":"product_cat-trabajos-en-altura","10":"first","11":"outofstock","12":"downloadable","13":"virtual","14":"product-type-simple"},"_links":{"self":[{"href":"https:\/\/sacidkordas.com\/es\/wp-json\/wp\/v2\/product\/8911","targetHints":{"allow":["GET"]}}],"collection":[{"href":"https:\/\/sacidkordas.com\/es\/wp-json\/wp\/v2\/product"}],"about":[{"href":"https:\/\/sacidkordas.com\/es\/wp-json\/wp\/v2\/types\/product"}],"wp:featuredmedia":[{"embeddable":true,"href":"https:\/\/sacidkordas.com\/es\/wp-json\/wp\/v2\/media\/15095"}],"wp:attachment":[{"href":"https:\/\/sacidkordas.com\/es\/wp-json\/wp\/v2\/media?parent=8911"}],"wp:term":[{"taxonomy":"product_brand","embeddable":true,"href":"https:\/\/sacidkordas.com\/es\/wp-json\/wp\/v2\/product_brand?post=8911"},{"taxonomy":"product_cat","embeddable":true,"href":"https:\/\/sacidkordas.com\/es\/wp-json\/wp\/v2\/product_cat?post=8911"},{"taxonomy":"product_tag","embeddable":true,"href":"https:\/\/sacidkordas.com\/es\/wp-json\/wp\/v2\/product_tag?post=8911"}],"curies":[{"name":"wp","href":"https:\/\/api.w.org\/{rel}","templated":true}]}}