{"id":8838,"date":"2020-03-17T08:06:47","date_gmt":"2020-03-17T08:06:47","guid":{"rendered":"https:\/\/sacidkordas.com\/producte\/contametres"},"modified":"2022-03-29T10:34:30","modified_gmt":"2022-03-29T10:34:30","slug":"cuentametros","status":"publish","type":"product","link":"https:\/\/sacidkordas.com\/es\/cuentametros\/","title":{"rendered":"Cuentametros"},"content":{"rendered":"[vc_row type=\u00bbin_container\u00bb full_screen_row_position=\u00bbmiddle\u00bb column_margin=\u00bbdefault\u00bb scene_position=\u00bbcenter\u00bb text_color=\u00bbdark\u00bb text_align=\u00bbleft\u00bb overlay_strength=\u00bb0.3&#8243; shape_divider_position=\u00bbbottom\u00bb bg_image_animation=\u00bbnone\u00bb][vc_column column_padding=\u00bbno-extra-padding\u00bb column_padding_position=\u00bball\u00bb background_color_opacity=\u00bb1&#8243; background_hover_color_opacity=\u00bb1&#8243; column_link_target=\u00bb_self\u00bb column_shadow=\u00bbnone\u00bb column_border_radius=\u00bbnone\u00bb width=\u00bb1\/1&#8243; tablet_width_inherit=\u00bbdefault\u00bb tablet_text_alignment=\u00bbdefault\u00bb phone_text_alignment=\u00bbdefault\u00bb overlay_strength=\u00bb0.3&#8243; column_border_width=\u00bbnone\u00bb column_border_style=\u00bbsolid\u00bb bg_image_animation=\u00bbnone\u00bb][vc_column_text]Descarga las instrucciones de uso.[\/vc_column_text][\/vc_column][\/vc_row][vc_row type=\u00bbin_container\u00bb full_screen_row_position=\u00bbmiddle\u00bb column_margin=\u00bbdefault\u00bb scene_position=\u00bbcenter\u00bb text_color=\u00bbdark\u00bb text_align=\u00bbleft\u00bb overlay_strength=\u00bb0.3&#8243; shape_divider_position=\u00bbbottom\u00bb bg_image_animation=\u00bbnone\u00bb][vc_column column_padding=\u00bbno-extra-padding\u00bb column_padding_position=\u00bball\u00bb background_color_opacity=\u00bb1&#8243; background_hover_color_opacity=\u00bb1&#8243; column_link_target=\u00bb_self\u00bb column_shadow=\u00bbnone\u00bb column_border_radius=\u00bbnone\u00bb width=\u00bb1\/1&#8243; tablet_width_inherit=\u00bbdefault\u00bb tablet_text_alignment=\u00bbdefault\u00bb phone_text_alignment=\u00bbdefault\u00bb overlay_strength=\u00bb0.3&#8243; column_border_width=\u00bbnone\u00bb column_border_style=\u00bbsolid\u00bb bg_image_animation=\u00bbnone\u00bb][nectar_btn size=\u00bbsmall\u00bb open_new_tab=\u00bbtrue\u00bb button_style=\u00bbregular-tilt\u00bb button_color=\u00bbExtra-Color-3&#8243; icon_family=\u00bbnone\u00bb url=\u00bbhttps:\/\/sacidkordas.com\/wp-content\/uploads\/2020\/05\/INSTRUCCIONS-CASTELLA-ANGLES-FRANCES-CONTAMETRES-WEB.pdf\u00bb margin_top=\u00bb10&#8243; margin_right=\u00bb10&#8243; margin_bottom=\u00bb10&#8243; margin_left=\u00bb10&#8243; text=\u00bbINSTRUCCIONES DE USO\u00bb][\/vc_column][\/vc_row]\n","protected":false},"excerpt":{"rendered":"<p>Aparato medidor de metros desarrollado espec\u00edficamente para medir con precisi\u00f3n cuerdas y cintas.<\/p>\n<p>Dise\u00f1ado ergon\u00f3micamente para su f\u00e1cil manejo.<\/p>\n<p>Se subministra con un complemento que permite ser fijado a un soporte permitiendo mover la cuerda\/cinta con ambas manos.<\/p>\n<p>DATOS T\u00c9CNICOS<\/p>\n<ul>\n<li>Capacitad de medida: 10.000m.<\/li>\n<li>Resoluci\u00f3n de medida: 10cm.<\/li>\n<li>Rango lectura cuerdas: \u00d85-16mm.<\/li>\n<li>Rango lectura cintas: Hasta 20mm ancho.<\/li>\n<li>Peso total: 500g (Aprox.)<\/li>\n<li>Error medio de lectura: Inferior al 1%.<\/li>\n<\/ul>\n<p>Se tiene que medir a una velocidad constante, proporcionando siempre la misma tensi\u00f3n.<\/p>\n","protected":false},"featured_media":14786,"template":"","meta":[],"product_brand":[],"product_cat":[247,138],"product_tag":[],"class_list":{"0":"post-8838","1":"product","2":"type-product","3":"status-publish","4":"has-post-thumbnail","6":"product_cat-complementos-cuerdas","7":"product_cat-cuerdas-deportivas","9":"first","10":"outofstock","11":"downloadable","12":"virtual","13":"product-type-simple"},"_links":{"self":[{"href":"https:\/\/sacidkordas.com\/es\/wp-json\/wp\/v2\/product\/8838","targetHints":{"allow":["GET"]}}],"collection":[{"href":"https:\/\/sacidkordas.com\/es\/wp-json\/wp\/v2\/product"}],"about":[{"href":"https:\/\/sacidkordas.com\/es\/wp-json\/wp\/v2\/types\/product"}],"wp:featuredmedia":[{"embeddable":true,"href":"https:\/\/sacidkordas.com\/es\/wp-json\/wp\/v2\/media\/14786"}],"wp:attachment":[{"href":"https:\/\/sacidkordas.com\/es\/wp-json\/wp\/v2\/media?parent=8838"}],"wp:term":[{"taxonomy":"product_brand","embeddable":true,"href":"https:\/\/sacidkordas.com\/es\/wp-json\/wp\/v2\/product_brand?post=8838"},{"taxonomy":"product_cat","embeddable":true,"href":"https:\/\/sacidkordas.com\/es\/wp-json\/wp\/v2\/product_cat?post=8838"},{"taxonomy":"product_tag","embeddable":true,"href":"https:\/\/sacidkordas.com\/es\/wp-json\/wp\/v2\/product_tag?post=8838"}],"curies":[{"name":"wp","href":"https:\/\/api.w.org\/{rel}","templated":true}]}}