{"id":8836,"date":"2020-03-17T12:31:35","date_gmt":"2020-03-17T12:31:35","guid":{"rendered":"https:\/\/sacidkordas.com\/producte\/bossa-rescat-aquatic"},"modified":"2024-06-19T10:41:22","modified_gmt":"2024-06-19T10:41:22","slug":"bolsa-rescate-acuatico","status":"publish","type":"product","link":"https:\/\/sacidkordas.com\/es\/bolsa-rescate-acuatico\/","title":{"rendered":"Bolsa rescate acu\u00e1tico"},"content":{"rendered":"","protected":false},"excerpt":{"rendered":"<p>Bolsa muy compacta y ligera, c\u00f3moda de llevar fijada al arn\u00e9s. F\u00e1cil y r\u00e1pida de lanzar en situaciones acu\u00e1ticas complicadas.<\/p>\n<p><strong>No utilizar la cuerda para rapelar.<\/strong><\/p>\n<ul>\n<li>Color: Roja \/ Naranja \/ Amarillo \/ Verde<\/li>\n<li>Peso: 250g<\/li>\n<li>Resistencia cuerda: 350 daN<\/li>\n<li>Di\u00e1metro cuerda: 6mm<\/li>\n<li>Longitud cuerda: 15m<\/li>\n<li>Destacamos: Muy ligera y \u00fatil en situaciones complicadas.<\/li>\n<\/ul>\n<p>&nbsp;<\/p>\n<p>&nbsp;<\/p>\n","protected":false},"featured_media":16562,"template":"","meta":[],"product_brand":[],"product_cat":[247,138],"product_tag":[],"class_list":{"0":"post-8836","1":"product","2":"type-product","3":"status-publish","4":"has-post-thumbnail","6":"product_cat-complementos-cuerdas","7":"product_cat-cuerdas-deportivas","9":"first","10":"outofstock","11":"downloadable","12":"virtual","13":"product-type-simple"},"_links":{"self":[{"href":"https:\/\/sacidkordas.com\/es\/wp-json\/wp\/v2\/product\/8836","targetHints":{"allow":["GET"]}}],"collection":[{"href":"https:\/\/sacidkordas.com\/es\/wp-json\/wp\/v2\/product"}],"about":[{"href":"https:\/\/sacidkordas.com\/es\/wp-json\/wp\/v2\/types\/product"}],"wp:featuredmedia":[{"embeddable":true,"href":"https:\/\/sacidkordas.com\/es\/wp-json\/wp\/v2\/media\/16562"}],"wp:attachment":[{"href":"https:\/\/sacidkordas.com\/es\/wp-json\/wp\/v2\/media?parent=8836"}],"wp:term":[{"taxonomy":"product_brand","embeddable":true,"href":"https:\/\/sacidkordas.com\/es\/wp-json\/wp\/v2\/product_brand?post=8836"},{"taxonomy":"product_cat","embeddable":true,"href":"https:\/\/sacidkordas.com\/es\/wp-json\/wp\/v2\/product_cat?post=8836"},{"taxonomy":"product_tag","embeddable":true,"href":"https:\/\/sacidkordas.com\/es\/wp-json\/wp\/v2\/product_tag?post=8836"}],"curies":[{"name":"wp","href":"https:\/\/api.w.org\/{rel}","templated":true}]}}