{"id":8666,"date":"2020-03-27T16:55:42","date_gmt":"2020-03-27T16:55:42","guid":{"rendered":"https:\/\/sacidkordas.com\/producte\/strong-14"},"modified":"2022-03-21T08:14:10","modified_gmt":"2022-03-21T08:14:10","slug":"strong-14","status":"publish","type":"product","link":"https:\/\/sacidkordas.com\/es\/strong-14\/","title":{"rendered":"Strong 14"},"content":{"rendered":"[vc_row type=\u00bbin_container\u00bb full_screen_row_position=\u00bbmiddle\u00bb column_margin=\u00bbdefault\u00bb scene_position=\u00bbcenter\u00bb text_color=\u00bbdark\u00bb text_align=\u00bbleft\u00bb overlay_strength=\u00bb0.3&#8243; shape_divider_position=\u00bbbottom\u00bb bg_image_animation=\u00bbnone\u00bb][vc_column column_padding=\u00bbno-extra-padding\u00bb column_padding_position=\u00bball\u00bb background_color_opacity=\u00bb1&#8243; background_hover_color_opacity=\u00bb1&#8243; column_link_target=\u00bb_self\u00bb column_shadow=\u00bbnone\u00bb column_border_radius=\u00bbnone\u00bb width=\u00bb1\/2&#8243; tablet_width_inherit=\u00bbdefault\u00bb tablet_text_alignment=\u00bbdefault\u00bb phone_text_alignment=\u00bbdefault\u00bb overlay_strength=\u00bb0.3&#8243; column_border_width=\u00bbnone\u00bb column_border_style=\u00bbsolid\u00bb bg_image_animation=\u00bbnone\u00bb][split_line_heading animation_type=\u00bbdefault\u00bb]\n<ul>\n<li>Cuerda <strong>no certificada.<\/strong><\/li>\n<\/ul>\n[\/split_line_heading][\/vc_column][\/vc_row][vc_row type=\u00bbin_container\u00bb full_screen_row_position=\u00bbmiddle\u00bb column_margin=\u00bbdefault\u00bb scene_position=\u00bbcenter\u00bb text_color=\u00bbdark\u00bb text_align=\u00bbleft\u00bb overlay_strength=\u00bb0.3&#8243; shape_divider_position=\u00bbbottom\u00bb bg_image_animation=\u00bbnone\u00bb][vc_column column_padding=\u00bbno-extra-padding\u00bb column_padding_position=\u00bball\u00bb background_color_opacity=\u00bb1&#8243; background_hover_color_opacity=\u00bb1&#8243; column_link_target=\u00bb_self\u00bb column_shadow=\u00bbnone\u00bb column_border_radius=\u00bbnone\u00bb width=\u00bb1\/2&#8243; tablet_width_inherit=\u00bbdefault\u00bb tablet_text_alignment=\u00bbdefault\u00bb phone_text_alignment=\u00bbdefault\u00bb overlay_strength=\u00bb0.3&#8243; column_border_width=\u00bbnone\u00bb column_border_style=\u00bbsolid\u00bb bg_image_animation=\u00bbnone\u00bb][vc_column_text]\n<h5><strong>CARACTER\u00cdSTICAS\u00a0<\/strong><\/h5>\n[\/vc_column_text][\/vc_column][vc_column column_padding=\u00bbno-extra-padding\u00bb column_padding_position=\u00bball\u00bb background_color_opacity=\u00bb1&#8243; background_hover_color_opacity=\u00bb1&#8243; column_link_target=\u00bb_self\u00bb column_shadow=\u00bbnone\u00bb column_border_radius=\u00bbnone\u00bb width=\u00bb1\/2&#8243; tablet_width_inherit=\u00bbdefault\u00bb tablet_text_alignment=\u00bbdefault\u00bb phone_text_alignment=\u00bbdefault\u00bb overlay_strength=\u00bb0.3&#8243; column_border_width=\u00bbnone\u00bb column_border_style=\u00bbsolid\u00bb bg_image_animation=\u00bbnone\u00bb][\/vc_column][\/vc_row][vc_row type=\u00bbin_container\u00bb full_screen_row_position=\u00bbmiddle\u00bb column_margin=\u00bbdefault\u00bb scene_position=\u00bbcenter\u00bb text_color=\u00bbdark\u00bb text_align=\u00bbleft\u00bb overlay_strength=\u00bb0.3&#8243; shape_divider_position=\u00bbbottom\u00bb bg_image_animation=\u00bbnone\u00bb][vc_column column_padding=\u00bbno-extra-padding\u00bb column_padding_position=\u00bball\u00bb background_color_opacity=\u00bb1&#8243; background_hover_color_opacity=\u00bb1&#8243; column_link_target=\u00bb_self\u00bb column_shadow=\u00bbnone\u00bb column_border_radius=\u00bbnone\u00bb width=\u00bb1\/2&#8243; tablet_width_inherit=\u00bbdefault\u00bb tablet_text_alignment=\u00bbdefault\u00bb phone_text_alignment=\u00bbdefault\u00bb overlay_strength=\u00bb0.3&#8243; column_border_width=\u00bbnone\u00bb column_border_style=\u00bbsolid\u00bb bg_image_animation=\u00bbnone\u00bb][nectar_horizontal_list_item columns=\u00bb2&#8243; column_layout_using_2_columns=\u00bbeven\u00bb col_1_text_align=\u00bbleft\u00bb col_2_text_align=\u00bbleft\u00bb col_1_text_element=\u00bbp\u00bb col_2_text_element=\u00bbp\u00bb font_family=\u00bbp\u00bb hover_effect=\u00bbnone\u00bb col_1_content=\u00bbDiametro\u00bb col_2_content=\u00bb14mm\u00bb][nectar_horizontal_list_item columns=\u00bb2&#8243; column_layout_using_2_columns=\u00bbeven\u00bb col_1_text_align=\u00bbleft\u00bb col_2_text_align=\u00bbleft\u00bb col_1_text_element=\u00bbp\u00bb col_2_text_element=\u00bbp\u00bb font_family=\u00bbp\u00bb hover_effect=\u00bbnone\u00bb col_1_content=\u00bbPeso por metro\u00bb col_2_content=\u00bb128g\u00bb][nectar_horizontal_list_item columns=\u00bb2&#8243; column_layout_using_2_columns=\u00bbeven\u00bb col_1_text_align=\u00bbleft\u00bb col_2_text_align=\u00bbleft\u00bb col_1_text_element=\u00bbp\u00bb col_2_text_element=\u00bbp\u00bb font_family=\u00bbp\u00bb hover_effect=\u00bbnone\u00bb col_1_content=\u00bbResistencia est\u00e1tica\u00bb col_2_content=\u00bb4830daN\u00bb][\/vc_column][vc_column column_padding=\u00bbno-extra-padding\u00bb column_padding_position=\u00bball\u00bb background_color_opacity=\u00bb1&#8243; background_hover_color_opacity=\u00bb1&#8243; column_link_target=\u00bb_self\u00bb column_shadow=\u00bbnone\u00bb column_border_radius=\u00bbnone\u00bb width=\u00bb1\/2&#8243; tablet_width_inherit=\u00bbdefault\u00bb tablet_text_alignment=\u00bbdefault\u00bb phone_text_alignment=\u00bbdefault\u00bb overlay_strength=\u00bb0.3&#8243; column_border_width=\u00bbnone\u00bb column_border_style=\u00bbsolid\u00bb bg_image_animation=\u00bbnone\u00bb][\/vc_column][\/vc_row][vc_row type=\u00bbin_container\u00bb full_screen_row_position=\u00bbmiddle\u00bb column_margin=\u00bbdefault\u00bb scene_position=\u00bbcenter\u00bb text_color=\u00bbdark\u00bb text_align=\u00bbleft\u00bb overlay_strength=\u00bb0.3&#8243; shape_divider_position=\u00bbbottom\u00bb bg_image_animation=\u00bbnone\u00bb][vc_column column_padding=\u00bbno-extra-padding\u00bb column_padding_position=\u00bball\u00bb background_color_opacity=\u00bb1&#8243; background_hover_color_opacity=\u00bb1&#8243; column_link_target=\u00bb_self\u00bb column_shadow=\u00bbnone\u00bb column_border_radius=\u00bbnone\u00bb width=\u00bb1\/1&#8243; tablet_width_inherit=\u00bbdefault\u00bb tablet_text_alignment=\u00bbdefault\u00bb phone_text_alignment=\u00bbdefault\u00bb overlay_strength=\u00bb0.3&#8243; column_border_width=\u00bbnone\u00bb column_border_style=\u00bbsolid\u00bb bg_image_animation=\u00bbnone\u00bb][nectar_btn size=\u00bbsmall\u00bb button_style=\u00bbregular-tilt\u00bb button_color=\u00bbExtra-Color-3&#8243; icon_family=\u00bbnone\u00bb text=\u00bbFicha T\u00e9cnica\u00bb margin_top=\u00bb10&#8243; margin_right=\u00bb10&#8243; margin_bottom=\u00bb10&#8243; margin_left=\u00bb10&#8243;][\/vc_column][\/vc_row][vc_row type=\u00bbin_container\u00bb full_screen_row_position=\u00bbmiddle\u00bb column_margin=\u00bbdefault\u00bb scene_position=\u00bbcenter\u00bb text_color=\u00bbdark\u00bb text_align=\u00bbleft\u00bb overlay_strength=\u00bb0.3&#8243; shape_divider_position=\u00bbbottom\u00bb bg_image_animation=\u00bbnone\u00bb][vc_column column_padding=\u00bbno-extra-padding\u00bb column_padding_position=\u00bball\u00bb background_color_opacity=\u00bb1&#8243; background_hover_color_opacity=\u00bb1&#8243; column_link_target=\u00bb_self\u00bb column_shadow=\u00bbnone\u00bb column_border_radius=\u00bbnone\u00bb width=\u00bb1\/1&#8243; tablet_width_inherit=\u00bbdefault\u00bb tablet_text_alignment=\u00bbdefault\u00bb phone_text_alignment=\u00bbdefault\u00bb overlay_strength=\u00bb0.3&#8243; column_border_width=\u00bbnone\u00bb column_border_style=\u00bbsolid\u00bb bg_image_animation=\u00bbnone\u00bb][\/vc_column][\/vc_row]\n","protected":false},"excerpt":{"rendered":"<p>Cuerda de 14mm, trenzada de 32 husos y 100% poliamida. Esta cuerda cubre las necesidades de aquellos usuarios que requieren una cuerda de poliamida de este di\u00e1metro y de una gran resistencia.<\/p>\n<p>Las cuerdas m\u00e1s habituales en este di\u00e1metro son de poli\u00e9ster, que no ofrecen la absorci\u00f3n de energ\u00eda de la poliamida.<\/p>\n<ul>\n<li>Posibilidad de servir la cuerda con terminales cosidos.<\/li>\n<\/ul>\n","protected":false},"featured_media":15027,"template":"","meta":[],"product_brand":[],"product_cat":[214,183],"product_tag":[],"class_list":{"0":"post-8666","1":"product","2":"type-product","3":"status-publish","4":"has-post-thumbnail","6":"product_cat-levantar-cargas","7":"product_cat-cuerdas-de-trabajo","9":"first","10":"outofstock","11":"downloadable","12":"virtual","13":"taxable","14":"product-type-simple"},"_links":{"self":[{"href":"https:\/\/sacidkordas.com\/es\/wp-json\/wp\/v2\/product\/8666","targetHints":{"allow":["GET"]}}],"collection":[{"href":"https:\/\/sacidkordas.com\/es\/wp-json\/wp\/v2\/product"}],"about":[{"href":"https:\/\/sacidkordas.com\/es\/wp-json\/wp\/v2\/types\/product"}],"wp:featuredmedia":[{"embeddable":true,"href":"https:\/\/sacidkordas.com\/es\/wp-json\/wp\/v2\/media\/15027"}],"wp:attachment":[{"href":"https:\/\/sacidkordas.com\/es\/wp-json\/wp\/v2\/media?parent=8666"}],"wp:term":[{"taxonomy":"product_brand","embeddable":true,"href":"https:\/\/sacidkordas.com\/es\/wp-json\/wp\/v2\/product_brand?post=8666"},{"taxonomy":"product_cat","embeddable":true,"href":"https:\/\/sacidkordas.com\/es\/wp-json\/wp\/v2\/product_cat?post=8666"},{"taxonomy":"product_tag","embeddable":true,"href":"https:\/\/sacidkordas.com\/es\/wp-json\/wp\/v2\/product_tag?post=8666"}],"curies":[{"name":"wp","href":"https:\/\/api.w.org\/{rel}","templated":true}]}}