{"id":16767,"date":"2024-09-24T06:56:23","date_gmt":"2024-09-24T06:56:23","guid":{"rendered":"https:\/\/sacidkordas.com\/?post_type=product&#038;p=16767"},"modified":"2024-09-24T09:41:31","modified_gmt":"2024-09-24T09:41:31","slug":"hilo-guia","status":"publish","type":"product","link":"https:\/\/sacidkordas.com\/es\/hilo-guia\/","title":{"rendered":"Hilo gu\u00eda"},"content":{"rendered":"","protected":false},"excerpt":{"rendered":"<p>Cordino de 2mm fabricado en color naranja fluorescente para asegurar su visi\u00f3n dentro del agua. Especializado para uso en espeleobuceo. Este peque\u00f1o cordino, est\u00e1 elaborado en poli\u00e9ster para asegurar la m\u00e1xima durabilidad en contacto continuado con el agua. Permite se\u00f1alizar de forma simple, r\u00e1pida y econ\u00f3mica una ruta en el interior del agua facilitando el regreso al origen o a la repetici\u00f3n del camino a posteriori.<\/p>\n","protected":false},"featured_media":16771,"template":"","meta":[],"product_brand":[],"product_cat":[247,183,184,138,222],"product_tag":[],"class_list":{"0":"post-16767","1":"product","2":"type-product","3":"status-publish","4":"has-post-thumbnail","6":"product_cat-complementos-cuerdas","7":"product_cat-cuerdas-de-trabajo","8":"product_cat-cuerdas-rescate-intervencion","9":"product_cat-cuerdas-deportivas","10":"product_cat-trabajos-en-altura","12":"first","13":"outofstock","14":"downloadable","15":"virtual","16":"product-type-simple"},"_links":{"self":[{"href":"https:\/\/sacidkordas.com\/es\/wp-json\/wp\/v2\/product\/16767","targetHints":{"allow":["GET"]}}],"collection":[{"href":"https:\/\/sacidkordas.com\/es\/wp-json\/wp\/v2\/product"}],"about":[{"href":"https:\/\/sacidkordas.com\/es\/wp-json\/wp\/v2\/types\/product"}],"wp:featuredmedia":[{"embeddable":true,"href":"https:\/\/sacidkordas.com\/es\/wp-json\/wp\/v2\/media\/16771"}],"wp:attachment":[{"href":"https:\/\/sacidkordas.com\/es\/wp-json\/wp\/v2\/media?parent=16767"}],"wp:term":[{"taxonomy":"product_brand","embeddable":true,"href":"https:\/\/sacidkordas.com\/es\/wp-json\/wp\/v2\/product_brand?post=16767"},{"taxonomy":"product_cat","embeddable":true,"href":"https:\/\/sacidkordas.com\/es\/wp-json\/wp\/v2\/product_cat?post=16767"},{"taxonomy":"product_tag","embeddable":true,"href":"https:\/\/sacidkordas.com\/es\/wp-json\/wp\/v2\/product_tag?post=16767"}],"curies":[{"name":"wp","href":"https:\/\/api.w.org\/{rel}","templated":true}]}}