{"id":16482,"date":"2024-05-30T12:13:43","date_gmt":"2024-05-30T12:13:43","guid":{"rendered":"https:\/\/sacidkordas.com\/?post_type=product&#038;p=16482"},"modified":"2025-06-09T14:55:13","modified_gmt":"2025-06-09T14:55:13","slug":"dyna-5mm","status":"publish","type":"product","link":"https:\/\/sacidkordas.com\/es\/dyna-5mm\/","title":{"rendered":"Dyna 5mm"},"content":{"rendered":"[vc_row type=\u00bbin_container\u00bb full_screen_row_position=\u00bbmiddle\u00bb column_margin=\u00bbdefault\u00bb column_direction=\u00bbdefault\u00bb column_direction_tablet=\u00bbdefault\u00bb column_direction_phone=\u00bbdefault\u00bb scene_position=\u00bbcenter\u00bb text_color=\u00bbdark\u00bb text_align=\u00bbleft\u00bb row_border_radius=\u00bbnone\u00bb row_border_radius_applies=\u00bbbg\u00bb overflow=\u00bbvisible\u00bb overlay_strength=\u00bb0.3&#8243; gradient_direction=\u00bbleft_to_right\u00bb shape_divider_position=\u00bbbottom\u00bb bg_image_animation=\u00bbnone\u00bb][vc_column column_padding=\u00bbno-extra-padding\u00bb column_padding_tablet=\u00bbinherit\u00bb column_padding_phone=\u00bbinherit\u00bb column_padding_position=\u00bball\u00bb column_element_direction_desktop=\u00bbdefault\u00bb column_element_spacing=\u00bbdefault\u00bb desktop_text_alignment=\u00bbdefault\u00bb tablet_text_alignment=\u00bbdefault\u00bb phone_text_alignment=\u00bbdefault\u00bb background_color_opacity=\u00bb1&#8243; background_hover_color_opacity=\u00bb1&#8243; column_backdrop_filter=\u00bbnone\u00bb column_shadow=\u00bbnone\u00bb column_border_radius=\u00bbnone\u00bb column_link_target=\u00bb_self\u00bb column_position=\u00bbdefault\u00bb gradient_direction=\u00bbleft_to_right\u00bb overlay_strength=\u00bb0.3&#8243; width=\u00bb1\/1&#8243; tablet_width_inherit=\u00bbdefault\u00bb animation_type=\u00bbdefault\u00bb bg_image_animation=\u00bbnone\u00bb border_type=\u00bbsimple\u00bb column_border_width=\u00bbnone\u00bb column_border_style=\u00bbsolid\u00bb][vc_column_text]\n<h4><strong>CARACTER\u00cdSTICAS T\u00c9CNICAS<\/strong><\/h4>\n[\/vc_column_text][\/vc_column][\/vc_row][vc_row type=\u00bbin_container\u00bb full_screen_row_position=\u00bbmiddle\u00bb column_margin=\u00bbdefault\u00bb column_direction=\u00bbdefault\u00bb column_direction_tablet=\u00bbdefault\u00bb column_direction_phone=\u00bbdefault\u00bb scene_position=\u00bbcenter\u00bb text_color=\u00bbdark\u00bb text_align=\u00bbleft\u00bb row_border_radius=\u00bbnone\u00bb row_border_radius_applies=\u00bbbg\u00bb overflow=\u00bbvisible\u00bb overlay_strength=\u00bb0.3&#8243; gradient_direction=\u00bbleft_to_right\u00bb shape_divider_position=\u00bbbottom\u00bb bg_image_animation=\u00bbnone\u00bb][vc_column column_padding=\u00bbno-extra-padding\u00bb column_padding_tablet=\u00bbinherit\u00bb column_padding_phone=\u00bbinherit\u00bb column_padding_position=\u00bball\u00bb column_element_direction_desktop=\u00bbdefault\u00bb column_element_spacing=\u00bbdefault\u00bb desktop_text_alignment=\u00bbdefault\u00bb tablet_text_alignment=\u00bbdefault\u00bb phone_text_alignment=\u00bbdefault\u00bb background_color_opacity=\u00bb1&#8243; background_hover_color_opacity=\u00bb1&#8243; column_backdrop_filter=\u00bbnone\u00bb column_shadow=\u00bbnone\u00bb column_border_radius=\u00bbnone\u00bb column_link_target=\u00bb_self\u00bb column_position=\u00bbdefault\u00bb gradient_direction=\u00bbleft_to_right\u00bb overlay_strength=\u00bb0.3&#8243; width=\u00bb1\/2&#8243; tablet_width_inherit=\u00bbdefault\u00bb animation_type=\u00bbdefault\u00bb bg_image_animation=\u00bbnone\u00bb border_type=\u00bbsimple\u00bb column_border_width=\u00bbnone\u00bb column_border_style=\u00bbsolid\u00bb][nectar_horizontal_list_item columns=\u00bb2&#8243; column_layout_using_2_columns=\u00bbeven\u00bb col_1_text_align=\u00bbleft\u00bb col_2_text_align=\u00bbleft\u00bb col_1_text_element=\u00bbp\u00bb col_2_text_element=\u00bbp\u00bb font_family=\u00bbp\u00bb hover_effect=\u00bbnone\u00bb icon_family=\u00bbnone\u00bb icon_size=\u00bbregular\u00bb col_1_content=\u00bbDi\u00e1metro\u00bb col_2_content=\u00bb5,2 mm\u00bb][nectar_horizontal_list_item columns=\u00bb2&#8243; column_layout_using_2_columns=\u00bbeven\u00bb col_1_text_align=\u00bbleft\u00bb col_2_text_align=\u00bbleft\u00bb col_1_text_element=\u00bbp\u00bb col_2_text_element=\u00bbp\u00bb font_family=\u00bbp\u00bb hover_effect=\u00bbnone\u00bb icon_family=\u00bbnone\u00bb icon_size=\u00bbregular\u00bb col_1_content=\u00bbResistencia\u00bb col_2_content=\u00bb9,7 kN\u00bb][nectar_horizontal_list_item columns=\u00bb2&#8243; column_layout_using_2_columns=\u00bbeven\u00bb col_1_text_align=\u00bbleft\u00bb col_2_text_align=\u00bbleft\u00bb col_1_text_element=\u00bbp\u00bb col_2_text_element=\u00bbp\u00bb font_family=\u00bbp\u00bb hover_effect=\u00bbnone\u00bb icon_family=\u00bbnone\u00bb icon_size=\u00bbregular\u00bb col_1_content=\u00bbPeso \/ metro\u00bb col_2_content=\u00bb15,8 g\/m\u00bb][\/vc_column][vc_column column_padding=\u00bbno-extra-padding\u00bb column_padding_tablet=\u00bbinherit\u00bb column_padding_phone=\u00bbinherit\u00bb column_padding_position=\u00bball\u00bb column_element_direction_desktop=\u00bbdefault\u00bb column_element_spacing=\u00bbdefault\u00bb desktop_text_alignment=\u00bbdefault\u00bb tablet_text_alignment=\u00bbdefault\u00bb phone_text_alignment=\u00bbdefault\u00bb background_color_opacity=\u00bb1&#8243; background_hover_color_opacity=\u00bb1&#8243; column_backdrop_filter=\u00bbnone\u00bb column_shadow=\u00bbnone\u00bb column_border_radius=\u00bbnone\u00bb column_link_target=\u00bb_self\u00bb column_position=\u00bbdefault\u00bb gradient_direction=\u00bbleft_to_right\u00bb overlay_strength=\u00bb0.3&#8243; width=\u00bb1\/2&#8243; tablet_width_inherit=\u00bbdefault\u00bb animation_type=\u00bbdefault\u00bb bg_image_animation=\u00bbnone\u00bb border_type=\u00bbsimple\u00bb column_border_width=\u00bbnone\u00bb column_border_style=\u00bbsolid\u00bb][\/vc_column][\/vc_row][vc_row type=\u00bbin_container\u00bb full_screen_row_position=\u00bbmiddle\u00bb column_margin=\u00bbdefault\u00bb column_direction=\u00bbdefault\u00bb column_direction_tablet=\u00bbdefault\u00bb column_direction_phone=\u00bbdefault\u00bb scene_position=\u00bbcenter\u00bb text_color=\u00bbdark\u00bb text_align=\u00bbleft\u00bb row_border_radius=\u00bbnone\u00bb row_border_radius_applies=\u00bbbg\u00bb overflow=\u00bbvisible\u00bb overlay_strength=\u00bb0.3&#8243; gradient_direction=\u00bbleft_to_right\u00bb shape_divider_position=\u00bbbottom\u00bb bg_image_animation=\u00bbnone\u00bb][vc_column column_padding=\u00bbno-extra-padding\u00bb column_padding_tablet=\u00bbinherit\u00bb column_padding_phone=\u00bbinherit\u00bb column_padding_position=\u00bball\u00bb column_element_direction_desktop=\u00bbdefault\u00bb column_element_spacing=\u00bbdefault\u00bb desktop_text_alignment=\u00bbdefault\u00bb tablet_text_alignment=\u00bbdefault\u00bb phone_text_alignment=\u00bbdefault\u00bb background_color_opacity=\u00bb1&#8243; background_hover_color_opacity=\u00bb1&#8243; column_backdrop_filter=\u00bbnone\u00bb column_shadow=\u00bbnone\u00bb column_border_radius=\u00bbnone\u00bb column_link_target=\u00bb_self\u00bb column_position=\u00bbdefault\u00bb gradient_direction=\u00bbleft_to_right\u00bb overlay_strength=\u00bb0.3&#8243; width=\u00bb1\/1&#8243; tablet_width_inherit=\u00bbdefault\u00bb animation_type=\u00bbdefault\u00bb bg_image_animation=\u00bbnone\u00bb border_type=\u00bbsimple\u00bb column_border_width=\u00bbnone\u00bb column_border_style=\u00bbsolid\u00bb][nectar_btn size=\u00bbsmall\u00bb open_new_tab=\u00bbtrue\u00bb button_style=\u00bbregular-tilt\u00bb button_color=\u00bbExtra-Color-3&#8243; icon_family=\u00bbnone\u00bb margin_top=\u00bb10&#8243; margin_right=\u00bb10&#8243; margin_bottom=\u00bb10&#8243; margin_left=\u00bb10&#8243; text=\u00bbDeclaraci\u00f3n Conformidad Dyna 5mm\u00bb url=\u00bbhttps:\/\/sacidkordas.com\/wp-content\/uploads\/2024\/07\/DECLARACION-CONFORMIDAD-DYNA-5-ES-EN-FR.pdf\u00bb][nectar_btn size=\u00bbsmall\u00bb open_new_tab=\u00bbtrue\u00bb button_style=\u00bbregular-tilt\u00bb button_color=\u00bbExtra-Color-3&#8243; icon_family=\u00bbnone\u00bb margin_top=\u00bb10&#8243; margin_right=\u00bb10&#8243; margin_bottom=\u00bb10&#8243; margin_left=\u00bb10&#8243; text=\u00bbFICHA T\u00c9CNICA\u00bb url=\u00bbhttps:\/\/sacidkordas.com\/wp-content\/uploads\/2025\/02\/DYNA-5-2024.pdf\u00bb][nectar_btn size=\u00bbsmall\u00bb open_new_tab=\u00bbtrue\u00bb button_style=\u00bbregular-tilt\u00bb button_color=\u00bbExtra-Color-3&#8243; icon_family=\u00bbnone\u00bb margin_top=\u00bb10&#8243; margin_right=\u00bb10&#8243; margin_bottom=\u00bb10&#8243; margin_left=\u00bb10&#8243; text=\u00bbManual de instrucciones\u00bb url=\u00bbhttps:\/\/sacidkordas.com\/wp-content\/uploads\/2025\/06\/DYNA-5-ES-EN-FR-IT-PT-DE.pdf\u00bb][\/vc_column][\/vc_row]\n","protected":false},"excerpt":{"rendered":"<h4 class=\"rtejustify\">Dyna 5mm<\/h4>\n<p>Cordino accesorio, con funda de Dyneema\u00ae, y alma de poli\u00e9ster certificado seg\u00fan EN-564:2023, hiperest\u00e1tico, ligero y flexible para usos diversos.<br \/>\nSu resistencia est\u00e1tica es equivalente a un cordino de poliamida de 7 mil\u00edmetros.<\/p>\n<p>No es apto para rapelar ni para realizar nudos autoblocantes.<\/p>\n","protected":false},"featured_media":16789,"template":"","meta":[],"product_brand":[],"product_cat":[355],"product_tag":[],"class_list":{"0":"post-16482","1":"product","2":"type-product","3":"status-publish","4":"has-post-thumbnail","6":"product_cat-cordinos-accesoris","8":"first","9":"outofstock","10":"downloadable","11":"virtual","12":"product-type-simple"},"_links":{"self":[{"href":"https:\/\/sacidkordas.com\/es\/wp-json\/wp\/v2\/product\/16482","targetHints":{"allow":["GET"]}}],"collection":[{"href":"https:\/\/sacidkordas.com\/es\/wp-json\/wp\/v2\/product"}],"about":[{"href":"https:\/\/sacidkordas.com\/es\/wp-json\/wp\/v2\/types\/product"}],"wp:featuredmedia":[{"embeddable":true,"href":"https:\/\/sacidkordas.com\/es\/wp-json\/wp\/v2\/media\/16789"}],"wp:attachment":[{"href":"https:\/\/sacidkordas.com\/es\/wp-json\/wp\/v2\/media?parent=16482"}],"wp:term":[{"taxonomy":"product_brand","embeddable":true,"href":"https:\/\/sacidkordas.com\/es\/wp-json\/wp\/v2\/product_brand?post=16482"},{"taxonomy":"product_cat","embeddable":true,"href":"https:\/\/sacidkordas.com\/es\/wp-json\/wp\/v2\/product_cat?post=16482"},{"taxonomy":"product_tag","embeddable":true,"href":"https:\/\/sacidkordas.com\/es\/wp-json\/wp\/v2\/product_tag?post=16482"}],"curies":[{"name":"wp","href":"https:\/\/api.w.org\/{rel}","templated":true}]}}