{"id":8716,"date":"2020-02-28T08:59:05","date_gmt":"2020-02-28T08:59:05","guid":{"rendered":"https:\/\/sacidkordas.com\/tecnologia\/tipus-de-corda"},"modified":"2023-03-16T20:42:40","modified_gmt":"2023-03-16T20:42:40","slug":"tipos-de-cuerdas","status":"publish","type":"page","link":"https:\/\/sacidkordas.com\/es\/tecnologia-aplicada-a-cuerdas\/tipos-de-cuerdas\/","title":{"rendered":"Tipos de cuerda"},"content":{"rendered":"[vc_row type=\u00bbfull_width_background\u00bb full_screen_row_position=\u00bbmiddle\u00bb column_margin=\u00bbdefault\u00bb bg_color=\u00bb#ffffff\u00bb scene_position=\u00bbcenter\u00bb text_color=\u00bbdark\u00bb text_align=\u00bbleft\u00bb top_padding=\u00bb88&#8243; bottom_padding=\u00bb88&#8243; enable_gradient=\u00bbtrue\u00bb color_overlay=\u00bb#d8d8d8&#8243; color_overlay_2=\u00bb#f7f7f7&#8243; gradient_direction=\u00bbtop_to_bottom\u00bb overlay_strength=\u00bb0.3&#8243; shape_divider_position=\u00bbbottom\u00bb bg_image_animation=\u00bbnone\u00bb shape_type=\u00bb\u00bb][vc_column column_padding=\u00bbno-extra-padding\u00bb column_padding_position=\u00bball\u00bb background_color_opacity=\u00bb1&#8243; background_hover_color_opacity=\u00bb1&#8243; column_link_target=\u00bb_self\u00bb column_shadow=\u00bbnone\u00bb column_border_radius=\u00bbnone\u00bb width=\u00bb1\/1&#8243; tablet_width_inherit=\u00bbdefault\u00bb tablet_text_alignment=\u00bbdefault\u00bb phone_text_alignment=\u00bbdefault\u00bb overlay_strength=\u00bb0.3&#8243; column_border_width=\u00bbnone\u00bb column_border_style=\u00bbsolid\u00bb bg_image_animation=\u00bbnone\u00bb][heading]SEMIEST\u00c1TICAS[\/heading][vc_row_inner column_margin=\u00bbnone\u00bb top_padding=\u00bb0&#8243; bottom_padding=\u00bb40&#8243; text_align=\u00bbleft\u00bb][\/vc_row_inner][vc_column_text el_class=\u00bbjustificat\u00bb]\n<p class=\"rtejustify\">Cuerdas destinadas para ser utilizadas como medio de progresi\u00f3n.<\/p>\n<p class=\"rtejustify\">Permiten subir y bajar por ellas con total comodidad. Tambi\u00e9n ofrecen un m\u00ednimo de seguridad para las ca\u00eddas de <strong>hasta factor 1<\/strong>. Los usuarios de este tipo de cuerdas siempre tienen que situarse por debajo del punto de anclaje de la cuerda.<\/p>\n<p class=\"rtejustify\">Este tipo de cuerdas est\u00e1n pensadas para ser utilizadas en los trabajos de altura, la espeleolog\u00eda, el descenso de ca\u00f1ones y en los rescates.<\/p>\n[\/vc_column_text][vc_row_inner equal_height=\u00bbyes\u00bb column_margin=\u00bbdefault\u00bb top_padding=\u00bb44&#8243; text_align=\u00bbleft\u00bb][vc_column_inner column_padding=\u00bbpadding-4-percent\u00bb column_padding_position=\u00bball\u00bb background_color=\u00bb#ffffff\u00bb background_color_opacity=\u00bb1&#8243; background_hover_color_opacity=\u00bb1&#8243; column_shadow=\u00bbnone\u00bb column_border_radius=\u00bb10px\u00bb column_link_target=\u00bb_self\u00bb width=\u00bb1\/2&#8243; tablet_width_inherit=\u00bbdefault\u00bb overlay_strength=\u00bb0.3&#8243; column_border_width=\u00bbnone\u00bb column_border_style=\u00bbsolid\u00bb bg_image_animation=\u00bbnone\u00bb]<div class=\"iwithtext\"><div class=\"iwt-icon\"> <img decoding=\"async\" src=\"https:\/\/sacidkordas.com\/wp-content\/uploads\/2020\/03\/TIPO-A-.png?v=1695905054\" alt=\"Cuerda semiest\u00e1tica Tipo A\" \/> <\/div><div class=\"iwt-text\"> \n<h3 class=\"rtejustify\"><strong>Tipo A<\/strong><\/h3>\n <\/div><div class=\"clear\"><\/div><\/div>[vc_column_text el_class=\u00bbjustificat\u00bb]Categor\u00eda m\u00e1xima de las cuerdas semiest\u00e1ticas, cuya funci\u00f3n es ofrecer amplios m\u00e1rgenes de seguridad al usuario.<\/p>\n<p>Este tipo de cuerdas est\u00e1n destinadas al uso de profesionales, grupos de rescate, conjuntos numerosos de equipos de espeleolog\u00eda, tambi\u00e9n para los equipamientos de itinerarios en alta monta\u00f1a o para trabajos en Big-Wall. Se puede subir y bajar por ella siguiendo el sistema de ascenso y descenso simple.[\/vc_column_text][\/vc_column_inner][vc_column_inner column_padding=\u00bbpadding-4-percent\u00bb column_padding_position=\u00bball\u00bb background_color=\u00bb#ffffff\u00bb background_color_opacity=\u00bb1&#8243; background_hover_color_opacity=\u00bb1&#8243; column_shadow=\u00bbnone\u00bb column_border_radius=\u00bb10px\u00bb column_link_target=\u00bb_self\u00bb width=\u00bb1\/2&#8243; tablet_width_inherit=\u00bbdefault\u00bb overlay_strength=\u00bb0.3&#8243; column_border_width=\u00bbnone\u00bb column_border_style=\u00bbsolid\u00bb bg_image_animation=\u00bbnone\u00bb]<div class=\"iwithtext\"><div class=\"iwt-icon\"> <img decoding=\"async\" src=\"https:\/\/sacidkordas.com\/wp-content\/uploads\/2020\/03\/TIPO-B-.png?v=1695905051\" alt=\"Cuerda semiest\u00e1tica Tipo B\" \/> <\/div><div class=\"iwt-text\"> \n<h3 class=\"rtejustify\"><strong>Tipo B<\/strong><\/h3>\n <\/div><div class=\"clear\"><\/div><\/div>[vc_column_text el_class=\u00bbjustificat\u00bb]Cuerda semiest\u00e1tica inferior a la categor\u00eda de tipo A. Ofrece m\u00e1rgenes de seguridad m\u00e1s reducidos, con lo cual es necesario prestar mayor atenci\u00f3n al utilizarla especialmente durante su instalaci\u00f3n. Es un tipo de cuerda que se utiliza para actividades como la espeleolog\u00eda, los ascensos y descensos de ca\u00f1ones. Tambi\u00e9n se usa en equipamientos de itinerarios en alta monta\u00f1a o en BigWall.<\/p>\n<p><strong>Se recomienda su utilizaci\u00f3n para equipos poco numerosos que posean una buena experiencia y formaci\u00f3n. Se puede subir y bajar por ella siguiendo el sistema de ascenso y descenso simple.<\/strong>[\/vc_column_text][\/vc_column_inner][\/vc_row_inner][vc_row_inner column_margin=\u00bbnone\u00bb top_padding=\u00bb0&#8243; bottom_padding=\u00bb40&#8243; text_align=\u00bbleft\u00bb][\/vc_row_inner][\/vc_column][\/vc_row][vc_row type=\u00bbfull_width_background\u00bb full_screen_row_position=\u00bbmiddle\u00bb equal_height=\u00bbyes\u00bb column_margin=\u00bbdefault\u00bb bg_color=\u00bb#ffffff\u00bb scene_position=\u00bbcenter\u00bb text_color=\u00bbdark\u00bb text_align=\u00bbleft\u00bb top_padding=\u00bb0&#8243; bottom_padding=\u00bb88&#8243; overlay_strength=\u00bb0.3&#8243; shape_divider_position=\u00bbbottom\u00bb bg_image_animation=\u00bbnone\u00bb shape_type=\u00bbtilt_alt\u00bb][vc_column column_padding=\u00bbno-extra-padding\u00bb column_padding_position=\u00bball\u00bb background_color_opacity=\u00bb1&#8243; background_hover_color_opacity=\u00bb1&#8243; column_link_target=\u00bb_self\u00bb column_shadow=\u00bbnone\u00bb column_border_radius=\u00bbnone\u00bb width=\u00bb1\/1&#8243; tablet_width_inherit=\u00bbdefault\u00bb tablet_text_alignment=\u00bbdefault\u00bb phone_text_alignment=\u00bbdefault\u00bb overlay_strength=\u00bb0.3&#8243; column_border_width=\u00bbnone\u00bb column_border_style=\u00bbsolid\u00bb bg_image_animation=\u00bbnone\u00bb][heading]DIN\u00c1MICAS[\/heading][vc_row_inner column_margin=\u00bbnone\u00bb top_padding=\u00bb0&#8243; bottom_padding=\u00bb40&#8243; text_align=\u00bbleft\u00bb][\/vc_row_inner][vc_column_text]Cuerdas elaboradas para absorber la mayor cantidad de energ\u00eda posible en el caso de una ca\u00edda. Destinadas a la protecci\u00f3n y al detenimiento seguro de las ca\u00eddas que puedan sufrir escaladores y alpinistas.<\/p>\n<p>Est\u00e1n pensadas para detener<strong> ca\u00eddas de hasta factor 2. <\/strong>[\/vc_column_text][vc_row_inner equal_height=\u00bbyes\u00bb column_margin=\u00bbdefault\u00bb top_padding=\u00bb44&#8243; text_align=\u00bbleft\u00bb][vc_column_inner column_padding=\u00bbpadding-4-percent\u00bb column_padding_position=\u00bball\u00bb background_color=\u00bb#ffffff\u00bb background_color_opacity=\u00bb1&#8243; background_hover_color_opacity=\u00bb1&#8243; column_shadow=\u00bbnone\u00bb column_border_radius=\u00bb10px\u00bb column_link_target=\u00bb_self\u00bb width=\u00bb1\/3&#8243; tablet_width_inherit=\u00bbdefault\u00bb overlay_strength=\u00bb0.3&#8243; column_border_width=\u00bbnone\u00bb column_border_style=\u00bbsolid\u00bb bg_image_animation=\u00bbnone\u00bb]<div class=\"iwithtext\"><div class=\"iwt-icon\"> <img decoding=\"async\" src=\"https:\/\/sacidkordas.com\/wp-content\/uploads\/2020\/03\/TIPO-simple.png?v=1695905042\" alt=\"Cuerda Din\u00e1mica simple\" \/> <\/div><div class=\"iwt-text\"> \n<h3>Simple<\/h3>\n <\/div><div class=\"clear\"><\/div><\/div>[vc_column_text el_class=\u00bbjustificat\u00bb]Cuerdas con capacidad de absorci\u00f3n de la ca\u00edda de una persona tanto por s\u00ed sola como parte de la cadena de seguridad. Est\u00e1n pensadas para la escalada deportiva, libre, en polea o para grandes paredes.[\/vc_column_text][image_with_animation image_url=\u00bb11517&#8243; alignment=\u00bbcenter\u00bb animation=\u00bbFade In\u00bb hover_animation=\u00bbnone\u00bb border_radius=\u00bbnone\u00bb box_shadow=\u00bbnone\u00bb image_loading=\u00bbdefault\u00bb max_width=\u00bb125%\u00bb max_width_mobile=\u00bbdefault\u00bb margin_top=\u00bb80&#8243;][\/vc_column_inner][vc_column_inner column_padding=\u00bbpadding-4-percent\u00bb column_padding_position=\u00bball\u00bb background_color=\u00bb#ffffff\u00bb background_color_opacity=\u00bb1&#8243; background_hover_color_opacity=\u00bb1&#8243; column_shadow=\u00bbnone\u00bb column_border_radius=\u00bb10px\u00bb column_link_target=\u00bb_self\u00bb width=\u00bb1\/3&#8243; tablet_width_inherit=\u00bbdefault\u00bb overlay_strength=\u00bb0.3&#8243; column_border_width=\u00bbnone\u00bb column_border_style=\u00bbsolid\u00bb bg_image_animation=\u00bbnone\u00bb]<div class=\"iwithtext\"><div class=\"iwt-icon\"> <img decoding=\"async\" src=\"https:\/\/sacidkordas.com\/wp-content\/uploads\/2020\/03\/TIPO-doble.png?v=1695905048\" alt=\"Cuerda Din\u00e1mica doble\" \/> <\/div><div class=\"iwt-text\"> \n<h3 class=\"rtejustify\"><strong>Doble<\/strong><\/h3>\n <\/div><div class=\"clear\"><\/div><\/div>[vc_column_text el_class=\u00bbjustificat\u00bb]Cuerdas con la capacidad para absorber la ca\u00edda del primero de la cordada cuando se usa en doble como parte de la cadena de seguridad. \u00c9stas tienen que pasarse de forma alternativa por los seguros. Cuerdas pensadas para el alpinismo y la escalada libre, en hielo o mixta.[\/vc_column_text][image_with_animation image_url=\u00bb11521&#8243; alignment=\u00bbcenter\u00bb animation=\u00bbFade In\u00bb hover_animation=\u00bbnone\u00bb border_radius=\u00bbnone\u00bb box_shadow=\u00bbnone\u00bb image_loading=\u00bbdefault\u00bb max_width=\u00bb150%\u00bb max_width_mobile=\u00bbdefault\u00bb margin_top=\u00bb50&#8243;][\/vc_column_inner][vc_column_inner column_padding=\u00bbpadding-4-percent\u00bb column_padding_position=\u00bball\u00bb background_color=\u00bb#ffffff\u00bb background_color_opacity=\u00bb1&#8243; background_hover_color_opacity=\u00bb1&#8243; column_shadow=\u00bbnone\u00bb column_border_radius=\u00bb10px\u00bb column_link_target=\u00bb_self\u00bb width=\u00bb1\/3&#8243; tablet_width_inherit=\u00bbdefault\u00bb overlay_strength=\u00bb0.3&#8243; column_border_width=\u00bbnone\u00bb column_border_style=\u00bbsolid\u00bb bg_image_animation=\u00bbnone\u00bb]<div class=\"iwithtext\"><div class=\"iwt-icon\"> <img decoding=\"async\" src=\"https:\/\/sacidkordas.com\/wp-content\/uploads\/2020\/03\/TIPO-gemela.png?v=1695905045\" alt=\"Cuerda Din\u00e1mica gemela\" \/> <\/div><div class=\"iwt-text\"> \n<h3 class=\"rtejustify\"><strong>Gemela<\/strong><\/h3>\n <\/div><div class=\"clear\"><\/div><\/div>[vc_column_text el_class=\u00bbjustificat\u00bb]Capaces de absorber la ca\u00edda de una persona cuando se utiliza de forma doble y paralela como parte de la cadena de seguridad. Hay que pasar las cuerdas por los seguros simult\u00e1neamente. Cuerdas pensadas para grandes itinerarios de alta monta\u00f1a.[\/vc_column_text][image_with_animation image_url=\u00bb11525&#8243; alignment=\u00bbcenter\u00bb animation=\u00bbFade In\u00bb hover_animation=\u00bbnone\u00bb border_radius=\u00bbnone\u00bb box_shadow=\u00bbnone\u00bb image_loading=\u00bbdefault\u00bb max_width=\u00bb110%\u00bb max_width_mobile=\u00bbdefault\u00bb margin_top=\u00bb40&#8243;][\/vc_column_inner][\/vc_row_inner][\/vc_column][\/vc_row][vc_row type=\u00bbin_container\u00bb full_screen_row_position=\u00bbmiddle\u00bb column_margin=\u00bbnone\u00bb scene_position=\u00bbcenter\u00bb text_color=\u00bbdark\u00bb text_align=\u00bbleft\u00bb top_padding=\u00bb0&#8243; bottom_padding=\u00bb40&#8243; overlay_strength=\u00bb0.3&#8243; shape_divider_position=\u00bbbottom\u00bb bg_image_animation=\u00bbnone\u00bb el_id=\u00bb\u00bb css=\u00bb\u00bb][vc_column column_padding=\u00bbno-extra-padding\u00bb column_padding_position=\u00bball\u00bb background_color_opacity=\u00bb1&#8243; background_hover_color_opacity=\u00bb1&#8243; column_link_target=\u00bb_self\u00bb column_shadow=\u00bbnone\u00bb column_border_radius=\u00bbnone\u00bb width=\u00bb1\/1&#8243; tablet_width_inherit=\u00bbdefault\u00bb tablet_text_alignment=\u00bbdefault\u00bb phone_text_alignment=\u00bbdefault\u00bb overlay_strength=\u00bb0.3&#8243; column_border_width=\u00bbnone\u00bb column_border_style=\u00bbsolid\u00bb bg_image_animation=\u00bbnone\u00bb][vc_row_inner column_margin=\u00bbnone\u00bb top_padding=\u00bb0&#8243; bottom_padding=\u00bb40&#8243; text_align=\u00bbleft\u00bb][\/vc_row_inner][\/vc_column][\/vc_row]\n","protected":false},"excerpt":{"rendered":"<p>[vc_row type=\u00bbfull_width_background\u00bb full_screen_row_position=\u00bbmiddle\u00bb column_margin=\u00bbdefault\u00bb bg_color=\u00bb#ffffff\u00bb scene_position=\u00bbcenter\u00bb text_color=\u00bbdark\u00bb text_align=\u00bbleft\u00bb top_padding=\u00bb88&#8243; bottom_padding=\u00bb88&#8243; enable_gradient=\u00bbtrue\u00bb color_overlay=\u00bb#d8d8d8&#8243; color_overlay_2=\u00bb#f7f7f7&#8243; gradient_direction=\u00bbtop_to_bottom\u00bb overlay_strength=\u00bb0.3&#8243; shape_divider_position=\u00bbbottom\u00bb bg_image_animation=\u00bbnone\u00bb shape_type=\u00bb\u00bb][vc_column column_padding=\u00bbno-extra-padding\u00bb column_padding_position=\u00bball\u00bb background_color_opacity=\u00bb1&#8243; background_hover_color_opacity=\u00bb1&#8243; column_link_target=\u00bb_self\u00bb column_shadow=\u00bbnone\u00bb column_border_radius=\u00bbnone\u00bb width=\u00bb1\/1&#8243; tablet_width_inherit=\u00bbdefault\u00bb tablet_text_alignment=\u00bbdefault\u00bb phone_text_alignment=\u00bbdefault\u00bb overlay_strength=\u00bb0.3&#8243; column_border_width=\u00bbnone\u00bb column_border_style=\u00bbsolid\u00bb bg_image_animation=\u00bbnone\u00bb][heading]SEMIEST\u00c1TICAS[\/heading][vc_row_inner column_margin=\u00bbnone\u00bb top_padding=\u00bb0&#8243; bottom_padding=\u00bb40&#8243; text_align=\u00bbleft\u00bb][\/vc_row_inner][vc_column_text el_class=\u00bbjustificat\u00bb] Cuerdas destinadas&#8230;<\/p>\n","protected":false},"author":7,"featured_media":0,"parent":8708,"menu_order":0,"comment_status":"closed","ping_status":"closed","template":"","meta":{"footnotes":""},"class_list":["post-8716","page","type-page","status-publish"],"_links":{"self":[{"href":"https:\/\/sacidkordas.com\/es\/wp-json\/wp\/v2\/pages\/8716","targetHints":{"allow":["GET"]}}],"collection":[{"href":"https:\/\/sacidkordas.com\/es\/wp-json\/wp\/v2\/pages"}],"about":[{"href":"https:\/\/sacidkordas.com\/es\/wp-json\/wp\/v2\/types\/page"}],"author":[{"embeddable":true,"href":"https:\/\/sacidkordas.com\/es\/wp-json\/wp\/v2\/users\/7"}],"replies":[{"embeddable":true,"href":"https:\/\/sacidkordas.com\/es\/wp-json\/wp\/v2\/comments?post=8716"}],"version-history":[{"count":0,"href":"https:\/\/sacidkordas.com\/es\/wp-json\/wp\/v2\/pages\/8716\/revisions"}],"up":[{"embeddable":true,"href":"https:\/\/sacidkordas.com\/es\/wp-json\/wp\/v2\/pages\/8708"}],"wp:attachment":[{"href":"https:\/\/sacidkordas.com\/es\/wp-json\/wp\/v2\/media?parent=8716"}],"curies":[{"name":"wp","href":"https:\/\/api.w.org\/{rel}","templated":true}]}}