{"id":8713,"date":"2020-02-27T15:24:11","date_gmt":"2020-02-27T15:24:11","guid":{"rendered":"https:\/\/sacidkordas.com\/tecnologia\/idi"},"modified":"2024-11-20T12:09:18","modified_gmt":"2024-11-20T12:09:18","slug":"idi","status":"publish","type":"page","link":"https:\/\/sacidkordas.com\/es\/tecnologia-aplicada-a-cuerdas\/idi\/","title":{"rendered":"Tecnolog\u00eda"},"content":{"rendered":"[vc_row type=\u00bbin_container\u00bb full_screen_row_position=\u00bbmiddle\u00bb column_margin=\u00bbdefault\u00bb scene_position=\u00bbcenter\u00bb text_color=\u00bbdark\u00bb text_align=\u00bbleft\u00bb top_padding=\u00bb88&#8243; overlay_strength=\u00bb0.3&#8243; shape_divider_position=\u00bbbottom\u00bb bg_image_animation=\u00bbnone\u00bb shape_type=\u00bb\u00bb][vc_column column_padding=\u00bbno-extra-padding\u00bb column_padding_position=\u00bball\u00bb background_color_opacity=\u00bb1&#8243; background_hover_color_opacity=\u00bb1&#8243; column_link_target=\u00bb_self\u00bb column_shadow=\u00bbnone\u00bb column_border_radius=\u00bbnone\u00bb width=\u00bb1\/1&#8243; tablet_width_inherit=\u00bbdefault\u00bb tablet_text_alignment=\u00bbdefault\u00bb phone_text_alignment=\u00bbdefault\u00bb overlay_strength=\u00bb0.3&#8243; column_border_width=\u00bbnone\u00bb column_border_style=\u00bbsolid\u00bb bg_image_animation=\u00bbnone\u00bb][vc_column_text el_class=\u00bbjustificat\u00bb]\n<div class=\"page\" title=\"Page 3\">\n<div class=\"layoutArea\">\n<div class=\"column\">\n<p>En Korda&#8217;s, nuestro objetivo es fabricar cuerdas con acabados est\u00e1ndar de alta calidad que garanticen m\u00e1s seguridad al usuario. La<strong> innovaci\u00f3n y el desarrollo para cuerdas<\/strong> es imprescindible para conseguirlo.<\/p>\n<p><strong>\u00a0<\/strong><\/p>\n<\/div>\n<\/div>\n<\/div>\n[\/vc_column_text][\/vc_column][\/vc_row][vc_row type=\u00bbin_container\u00bb full_screen_row_position=\u00bbmiddle\u00bb column_margin=\u00bbdefault\u00bb scene_position=\u00bbcenter\u00bb text_color=\u00bbdark\u00bb text_align=\u00bbleft\u00bb top_padding=\u00bb0&#8243; overlay_strength=\u00bb0.3&#8243; shape_divider_position=\u00bbbottom\u00bb bg_image_animation=\u00bbnone\u00bb shape_type=\u00bb\u00bb][vc_column column_padding=\u00bbno-extra-padding\u00bb column_padding_position=\u00bball\u00bb background_color_opacity=\u00bb1&#8243; background_hover_color_opacity=\u00bb1&#8243; column_link_target=\u00bb_self\u00bb column_shadow=\u00bbnone\u00bb column_border_radius=\u00bbnone\u00bb width=\u00bb1\/1&#8243; tablet_width_inherit=\u00bbdefault\u00bb tablet_text_alignment=\u00bbdefault\u00bb phone_text_alignment=\u00bbdefault\u00bb overlay_strength=\u00bb0.3&#8243; column_border_width=\u00bbnone\u00bb column_border_style=\u00bbsolid\u00bb bg_image_animation=\u00bbnone\u00bb][split_line_heading animation_type=\u00bbdefault\u00bb]\n<h2 class=\"form-control second-textarea\">Los or\u00edgenes de nuestro equipo de I+D+i y nuestra apuesta por la innovaci\u00f3n y desarrollo para cuerdas<\/h2>\n[\/split_line_heading][\/vc_column][\/vc_row][vc_row type=\u00bbin_container\u00bb full_screen_row_position=\u00bbmiddle\u00bb column_margin=\u00bbdefault\u00bb scene_position=\u00bbcenter\u00bb text_color=\u00bbdark\u00bb text_align=\u00bbleft\u00bb overlay_strength=\u00bb0.3&#8243; shape_divider_position=\u00bbbottom\u00bb bg_image_animation=\u00bbnone\u00bb][vc_column column_padding=\u00bbno-extra-padding\u00bb column_padding_position=\u00bball\u00bb background_color_opacity=\u00bb1&#8243; background_hover_color_opacity=\u00bb1&#8243; column_link_target=\u00bb_self\u00bb column_shadow=\u00bbnone\u00bb column_border_radius=\u00bbnone\u00bb width=\u00bb1\/2&#8243; tablet_width_inherit=\u00bbdefault\u00bb tablet_text_alignment=\u00bbdefault\u00bb phone_text_alignment=\u00bbdefault\u00bb overlay_strength=\u00bb0.3&#8243; column_border_width=\u00bbnone\u00bb column_border_style=\u00bbsolid\u00bb bg_image_animation=\u00bbnone\u00bb][vc_column_text el_class=\u00bbjustificat\u00bb]\n<div class=\"page\" title=\"Page 3\">\n<div class=\"layoutArea\">\n<div class=\"column\">\n<p><span style=\"font-weight: 400;\">Poco antes del a\u00f1o 2000, un equipo de j\u00f3venes ingenieros y emprendedores se iniciaban en el dise\u00f1o y desarrollo de unas cuerdas con unas caracter\u00edsticas muy especiales. Se trataba de un grupo de gu\u00edas e instructores de escalada, espeleolog\u00eda y el descenso de barrancos, as\u00ed como profesionales de los trabajos verticales.<\/span><\/p>\n<p><span style=\"font-weight: 400;\">Fueron sus propias experiencias y trabajos realizados, a partir de los cuales Korda&#8217;s extrajo conocimientos y conclusiones que permitieron abrir una nueva v\u00eda de investigaci\u00f3n para reducir las causas de los accidentes y minimizar los incidentes previamente registrados.<\/span><\/p>\n<p><span style=\"font-weight: 400;\">Por ello, creemos firmemente en la innovaci\u00f3n y desarrollo para cuerdas y contamos con un equipo de I+D+i (Investigaci\u00f3n, desarrollo e innovaci\u00f3n) cuya funci\u00f3n es investigar y mejorar continuamente los procesos de fabricaci\u00f3n y los materiales empleados.<\/span><\/p>\n<\/div>\n<\/div>\n<\/div>\n[\/vc_column_text][nectar_btn size=\u00bbmedium\u00bb open_new_tab=\u00bbtrue\u00bb button_style=\u00bbregular\u00bb button_color_2=\u00bbExtra-Color-1&#8243; icon_family=\u00bbnone\u00bb button_id=\u00bbbotoncentrat\u00bb url=\u00bbhttps:\/\/sacidkordas.com\/es\/empresa\/\u00bb text=\u00bbSobre Korda&#8217;s\u00bb margin_top=\u00bb5%\u00bb margin_right=\u00bb10%\u00bb margin_bottom=\u00bb5%\u00bb margin_left=\u00bb10%\u00bb][vc_row_inner column_margin=\u00bbnone\u00bb top_padding=\u00bb0&#8243; bottom_padding=\u00bb40&#8243; text_align=\u00bbleft\u00bb][\/vc_row_inner][\/vc_column][vc_column column_padding=\u00bbno-extra-padding\u00bb column_padding_position=\u00bball\u00bb background_color_opacity=\u00bb1&#8243; background_hover_color_opacity=\u00bb1&#8243; column_link_target=\u00bb_self\u00bb column_shadow=\u00bbnone\u00bb column_border_radius=\u00bbnone\u00bb width=\u00bb1\/2&#8243; tablet_width_inherit=\u00bbdefault\u00bb tablet_text_alignment=\u00bbdefault\u00bb phone_text_alignment=\u00bbdefault\u00bb overlay_strength=\u00bb0.3&#8243; column_border_width=\u00bbnone\u00bb column_border_style=\u00bbsolid\u00bb bg_image_animation=\u00bbnone\u00bb][image_with_animation image_url=\u00bb12786&#8243; alignment=\u00bbcenter\u00bb animation=\u00bbFade In\u00bb hover_animation=\u00bbnone\u00bb border_radius=\u00bbnone\u00bb box_shadow=\u00bbnone\u00bb image_loading=\u00bbdefault\u00bb max_width=\u00bb100%\u00bb max_width_mobile=\u00bbdefault\u00bb][\/vc_column][\/vc_row][vc_row type=\u00bbin_container\u00bb full_screen_row_position=\u00bbmiddle\u00bb column_margin=\u00bbdefault\u00bb scene_position=\u00bbcenter\u00bb text_color=\u00bbdark\u00bb text_align=\u00bbleft\u00bb top_padding=\u00bb88&#8243; overlay_strength=\u00bb0.3&#8243; shape_divider_position=\u00bbbottom\u00bb bg_image_animation=\u00bbnone\u00bb shape_type=\u00bb\u00bb][vc_column column_padding=\u00bbno-extra-padding\u00bb column_padding_position=\u00bball\u00bb background_color_opacity=\u00bb1&#8243; background_hover_color_opacity=\u00bb1&#8243; column_link_target=\u00bb_self\u00bb column_shadow=\u00bbnone\u00bb column_border_radius=\u00bbnone\u00bb width=\u00bb1\/1&#8243; tablet_width_inherit=\u00bbdefault\u00bb tablet_text_alignment=\u00bbdefault\u00bb phone_text_alignment=\u00bbdefault\u00bb overlay_strength=\u00bb0.3&#8243; column_border_width=\u00bbnone\u00bb column_border_style=\u00bbsolid\u00bb bg_image_animation=\u00bbnone\u00bb][split_line_heading animation_type=\u00bbdefault\u00bb]\n<h3 class=\"form-control second-textarea\">La experiencia del equipo de Korda\u2019s a la hora de fabricar cuerdas<\/h3>\n[\/split_line_heading][\/vc_column][\/vc_row][vc_row type=\u00bbin_container\u00bb full_screen_row_position=\u00bbmiddle\u00bb column_margin=\u00bbdefault\u00bb scene_position=\u00bbcenter\u00bb text_color=\u00bbdark\u00bb text_align=\u00bbleft\u00bb overlay_strength=\u00bb0.3&#8243; shape_divider_position=\u00bbbottom\u00bb bg_image_animation=\u00bbnone\u00bb][vc_column column_padding=\u00bbno-extra-padding\u00bb column_padding_position=\u00bball\u00bb background_color_opacity=\u00bb1&#8243; background_hover_color_opacity=\u00bb1&#8243; column_link_target=\u00bb_self\u00bb column_shadow=\u00bbnone\u00bb column_border_radius=\u00bbnone\u00bb width=\u00bb1\/2&#8243; tablet_width_inherit=\u00bbdefault\u00bb tablet_text_alignment=\u00bbdefault\u00bb phone_text_alignment=\u00bbdefault\u00bb overlay_strength=\u00bb0.3&#8243; column_border_width=\u00bbnone\u00bb column_border_style=\u00bbsolid\u00bb bg_image_animation=\u00bbnone\u00bb][image_with_animation image_url=\u00bb12488&#8243; alignment=\u00bbcenter\u00bb animation=\u00bbFade In\u00bb hover_animation=\u00bbnone\u00bb border_radius=\u00bbnone\u00bb box_shadow=\u00bbnone\u00bb image_loading=\u00bbdefault\u00bb max_width=\u00bb100%\u00bb max_width_mobile=\u00bbdefault\u00bb][vc_row_inner column_margin=\u00bbnone\u00bb top_padding=\u00bb0&#8243; bottom_padding=\u00bb40&#8243; text_align=\u00bbleft\u00bb][\/vc_row_inner][\/vc_column][vc_column column_padding=\u00bbno-extra-padding\u00bb column_padding_position=\u00bball\u00bb background_color_opacity=\u00bb1&#8243; background_hover_color_opacity=\u00bb1&#8243; column_link_target=\u00bb_self\u00bb column_shadow=\u00bbnone\u00bb column_border_radius=\u00bbnone\u00bb width=\u00bb1\/2&#8243; tablet_width_inherit=\u00bbdefault\u00bb tablet_text_alignment=\u00bbdefault\u00bb phone_text_alignment=\u00bbdefault\u00bb overlay_strength=\u00bb0.3&#8243; column_border_width=\u00bbnone\u00bb column_border_style=\u00bbsolid\u00bb bg_image_animation=\u00bbnone\u00bb][vc_column_text el_class=\u00bbjustificat\u00bb]\n<div class=\"page\" title=\"Page 3\">\n<div class=\"layoutArea\">\n<div class=\"column\">\n<p><span style=\"font-weight: 400;\">Parte del equipo humano de Sacid Korda\u2019s practica el barranquismo, la escalada, la espeleolog\u00eda o est\u00e1 altamente cualificado en trabajos verticales. Es este conocimiento de actividades el que nos permite dialogar con expertos profesionales de estas actividades para estar a la \u00faltima de las distintas t\u00e9cnicas y de las formas de uso de las cuerdas con las que se llevan a cabo cada uno de los ejercicios.<\/span><\/p>\n<p><span style=\"font-weight: 400;\">Se lleva a cabo de manera constante una <\/span><b>investigaci\u00f3n para innovar y desarrollar para conseguir cuerdas<\/b><span style=\"font-weight: 400;\"> que permitan cubrir las necesidades que requieren estos deportes o actividades. Nuestro objetivo es minimizar riesgos, mejorar la calidad de las cuerdas y garantizar la seguridad del usuario.\u00a0<\/span><\/p>\n<p><span style=\"font-weight: 400;\">Todo esto, sumado a la experiencia de fabricaci\u00f3n y al af\u00e1n por lograr la mejora constante de nuestros productos, nos ha hecho evolucionar y revolucionar este mundo a nivel tecnol\u00f3gico y en el desarrollo de nuevos sistemas productivos.<\/span><\/p>\n<\/div>\n<\/div>\n<\/div>\n[\/vc_column_text][nectar_btn size=\u00bbmedium\u00bb open_new_tab=\u00bbtrue\u00bb button_style=\u00bbregular\u00bb button_color_2=\u00bbExtra-Color-1&#8243; icon_family=\u00bbnone\u00bb button_id=\u00bbbotoncentrat\u00bb url=\u00bbhttps:\/\/sacidkordas.com\/es\/productes-kordas\/\u00bb text=\u00bbProductos KORDA&#8217;s\u00bb margin_top=\u00bb5%\u00bb margin_right=\u00bb10%\u00bb margin_bottom=\u00bb5%\u00bb margin_left=\u00bb10%\u00bb][\/vc_column][\/vc_row][vc_row type=\u00bbin_container\u00bb full_screen_row_position=\u00bbmiddle\u00bb column_margin=\u00bbdefault\u00bb scene_position=\u00bbcenter\u00bb text_color=\u00bbdark\u00bb text_align=\u00bbleft\u00bb overlay_strength=\u00bb0.3&#8243; shape_divider_position=\u00bbbottom\u00bb bg_image_animation=\u00bbnone\u00bb][vc_column column_padding=\u00bbno-extra-padding\u00bb column_padding_position=\u00bball\u00bb background_color_opacity=\u00bb1&#8243; background_hover_color_opacity=\u00bb1&#8243; column_link_target=\u00bb_self\u00bb column_shadow=\u00bbnone\u00bb column_border_radius=\u00bbnone\u00bb width=\u00bb1\/1&#8243; tablet_width_inherit=\u00bbdefault\u00bb tablet_text_alignment=\u00bbdefault\u00bb phone_text_alignment=\u00bbdefault\u00bb overlay_strength=\u00bb0.3&#8243; column_border_width=\u00bbnone\u00bb column_border_style=\u00bbsolid\u00bb bg_image_animation=\u00bbnone\u00bb][split_line_heading animation_type=\u00bbdefault\u00bb]\n<h2><strong>Innovaci\u00f3n y desarrollo para fabricar cuerdas en Korda\u2019s<\/strong><\/h2>\n[\/split_line_heading]<div class=\"nectar-fancy-ul\" data-list-icon=\"dot\" data-animation=\"false\" data-animation-delay=\"0\" data-spacing=\"default\" data-alignment=\"left\"> <span style=\"font-weight: 400;\">El siguiente paso fue centrarnos en un nuevo proceso de fabricaci\u00f3n \u2013 a\u00fan vigente \u2013 y en el uso de materiales espec\u00edficos, hasta que conseguir cuerdas con las siguientes caracter\u00edsticas:<\/span><\/p>\n<ul>\n<li><span style=\"font-weight: 400;\">Cuerdas acabadas en f\u00e1brica, mediante las cuales conseguimos que se mantengan sus propiedades el m\u00e1ximo periodo de tiempo posible.<\/span><\/li>\n<li><span style=\"font-weight: 400;\">Cuerdas previamente encogidas en f\u00e1brica, un proceso mediante el cual conseguimos minimizar la p\u00e9rdida de metros a lo largo de su vida \u00fatil.<\/span><\/li>\n<li><span style=\"font-weight: 400;\">Con la uni\u00f3n del alma-funda impedimos el resbalamiento de la funda y, en consecuencia, se evita el riesgo de accidentes en caso de rotura de la misma.<\/span><\/li>\n<\/ul>\n <\/div>[vc_column_text el_class=\u00bbjustificat\u00bb]\n<div class=\"page\" title=\"Page 3\">\n<div class=\"layoutArea\">\n<div class=\"column\">\n<p><span style=\"font-weight: 400;\">Una vez pautadas las directrices, nacen en el a\u00f1o 2002 las primeras Korda\u2019s de uso espec\u00edfico con un revolucionario e innovador m\u00e9todo de fabricaci\u00f3n que cre\u00f3 escuela y fue seguido por otros fabricantes que elaboraron cuerdas siguiendo los criterios de elaboraci\u00f3n que Korda\u2019s aplic\u00f3 en su momento.\u00a0<\/span><\/p>\n<p><span style=\"font-weight: 400;\">Un hecho que adem\u00e1s de revolucionar y causar un considerable impacto en el mercado, supuso un paso hacia delante de nuestra empresa tanto en lo que ata\u00f1e a la elaboraci\u00f3n, en la calidad y en la especificidad de nuestros productos.<\/span><\/p>\n<p><span style=\"font-weight: 400;\">Hemos desarrollado un completo sistema mediante el cual podemos garantizar una excelente calidad y la homogeneidad de nuestras cuerdas. Nuestro trabajo permiti\u00f3 obtener la ISO 9001 y la certificaci\u00f3n de las cuerdas seg\u00fan el art\u00edculo 19 (M\u00f3dulo D) del reglamento UE2016-425.<\/span><\/p>\n<p><span style=\"font-weight: 400;\">El esp\u00edritu de investigaci\u00f3n, <\/span><b>innovaci\u00f3n y desarrollo para cuerdas <\/b><span style=\"font-weight: 400;\">sigue intacto y continuamos trabajando en nuestros productos para ofrecer a\u00fan m\u00e1s calidad y seguridad a nuestros usuarios. Trabajamos para ofrecer cuerdas de un acabado est\u00e1ndar del m\u00e1s alto nivel, adem\u00e1s de unas magn\u00edficas prestaciones mec\u00e1nicas, con el fin de garantizar la m\u00e1xima seguridad y confort del usuario.<\/span><\/p>\n<\/div>\n<\/div>\n<\/div>\n[\/vc_column_text][\/vc_column][\/vc_row][vc_row type=\u00bbin_container\u00bb full_screen_row_position=\u00bbmiddle\u00bb column_margin=\u00bbdefault\u00bb scene_position=\u00bbcenter\u00bb text_color=\u00bbdark\u00bb text_align=\u00bbleft\u00bb overlay_strength=\u00bb0.3&#8243; shape_divider_position=\u00bbbottom\u00bb bg_image_animation=\u00bbnone\u00bb][vc_column column_padding=\u00bbno-extra-padding\u00bb column_padding_position=\u00bball\u00bb background_color_opacity=\u00bb1&#8243; background_hover_color_opacity=\u00bb1&#8243; column_link_target=\u00bb_self\u00bb column_shadow=\u00bbnone\u00bb column_border_radius=\u00bbnone\u00bb width=\u00bb1\/1&#8243; tablet_width_inherit=\u00bbdefault\u00bb tablet_text_alignment=\u00bbdefault\u00bb phone_text_alignment=\u00bbdefault\u00bb overlay_strength=\u00bb0.3&#8243; column_border_width=\u00bbnone\u00bb column_border_style=\u00bbsolid\u00bb bg_image_animation=\u00bbnone\u00bb][split_line_heading animation_type=\u00bbdefault\u00bb]\n<h3><strong>Certificado de garant\u00eda en las cuerdas de Korda\u2019s <\/strong><\/h3>\n[\/split_line_heading]<div class=\"nectar-fancy-ul\" data-list-icon=\"dot\" data-animation=\"false\" data-animation-delay=\"0\" data-spacing=\"default\" data-alignment=\"left\"> <span style=\"font-weight: 400;\">Todas las cuerdas disponen de un periodo de 3 a\u00f1os de garant\u00eda.<\/span><\/p>\n<p><span style=\"font-weight: 400;\">De esa garant\u00eda se excluyen las siguientes situaciones:<\/span><\/p>\n<ul>\n<li><span style=\"font-weight: 400;\">Los productos que sufran da\u00f1os a causa del mal almacenamiento o de la mala conservaci\u00f3n por parte del usuario.<\/span><\/li>\n<li><span style=\"font-weight: 400;\">El desgaste normal de la cuerda.<\/span><\/li>\n<li><span style=\"font-weight: 400;\">Los da\u00f1os producidos, las negligencias o los accidentes a causa del uso incorrecto de la cuerda.<\/span><\/li>\n<li><span style=\"font-weight: 400;\">Cualquier modificaci\u00f3n estructural del producto.<\/span><\/li>\n<\/ul>\n<p><span style=\"font-weight: 400;\">La l\u00ednea de productos que mostramos es el resultado del esfuerzo y las ganas de innovar por parte de todo un equipo de profesionales que creen en el trabajo bien hecho.<\/span> <\/div>[\/vc_column][\/vc_row][vc_row type=\u00bbin_container\u00bb full_screen_row_position=\u00bbmiddle\u00bb column_margin=\u00bbdefault\u00bb scene_position=\u00bbcenter\u00bb text_color=\u00bbdark\u00bb text_align=\u00bbleft\u00bb overlay_strength=\u00bb0.3&#8243; shape_divider_position=\u00bbbottom\u00bb bg_image_animation=\u00bbnone\u00bb][vc_column column_padding=\u00bbno-extra-padding\u00bb column_padding_position=\u00bball\u00bb background_color_opacity=\u00bb1&#8243; background_hover_color_opacity=\u00bb1&#8243; column_link_target=\u00bb_self\u00bb column_shadow=\u00bbnone\u00bb column_border_radius=\u00bbnone\u00bb width=\u00bb1\/1&#8243; tablet_width_inherit=\u00bbdefault\u00bb tablet_text_alignment=\u00bbdefault\u00bb phone_text_alignment=\u00bbdefault\u00bb overlay_strength=\u00bb0.3&#8243; column_border_width=\u00bbnone\u00bb column_border_style=\u00bbsolid\u00bb bg_image_animation=\u00bbnone\u00bb][split_line_heading animation_type=\u00bbdefault\u00bb]\n<h3>Hacemos bandera de la innovaci\u00f3n y desarrollo para fabricar cuerdas<\/h3>\n[\/split_line_heading][vc_column_text el_class=\u00bbjustificat\u00bb]\n<div class=\"page\" title=\"Page 3\">\n<div class=\"layoutArea\">\n<div class=\"column\">\n<p>Si quiere conocer un poco m\u00e1s<strong><a href=\"https:\/\/sacidkordas.com\/es\/empresa\/\"> sobre Korda&#8217;s<\/a><\/strong> o nuestros productos, no dude en visitar nuestro <strong><a href=\"https:\/\/sacidkordas.com\/es\/catalogo\/\">cat\u00e1logo<\/a><\/strong>, redes sociales y p\u00e1gina web, donde encontrar\u00e1 una gran variedad de <strong><a href=\"https:\/\/sacidkordas.com\/es\/cuerdas-deportivas\/\">cuerdas deportivas<\/a><\/strong>\u00a0(perfectas para <strong><a href=\"https:\/\/sacidkordas.com\/es\/cuerdas-deportivas\/barranquismo\/\">barranquismo<\/a><\/strong>, <strong><a href=\"https:\/\/sacidkordas.com\/es\/cuerdas-deportivas\/escalada\/\">escalada\/alpinismo<\/a><\/strong> y <strong><a href=\"https:\/\/sacidkordas.com\/es\/cuerdas-deportivas\/espeleologia\/\">espeleolog\u00eda)<\/a>, <a href=\"https:\/\/sacidkordas.com\/es\/cuerdas-profesionales\/\">cuerdas profesionales<\/a><a href=\"https:\/\/sacidkordas.com\/es\/cuerdas-profesionales\/\">\u00a0<\/a><\/strong>(<strong><a href=\"https:\/\/sacidkordas.com\/es\/cuerdas-profesionales\/trabajo-altura\/\">trabajos en altura<\/a><\/strong>, <a style=\"font-weight: bold;\" href=\"https:\/\/sacidkordas.com\/es\/cuerdas-profesionales\/rescate\/\">rescate e intervenci\u00f3n<\/a>, manipulaci\u00f3n<strong><a href=\"https:\/\/sacidkordas.com\/es\/cuerdas-profesionales\/levantar-cargas\/\">\u00a0de cargas<\/a><\/strong>, <strong><a href=\"https:\/\/sacidkordas.com\/es\/cuerdas-profesionales\/especiales\/\">cuerdas especiales<\/a><\/strong>), <strong><a href=\"https:\/\/sacidkordas.com\/es\/complementos-cuerdas\/\">complementos<\/a><\/strong>, <strong><a href=\"https:\/\/sacidkordas.com\/es\/cordeleria-convencional\/\">cordeler\u00eda <\/a><\/strong>y&#8230;<strong> \u00a1Mucho m\u00e1s!<\/strong><\/p>\n<p>&nbsp;<\/p>\n<\/div>\n<\/div>\n<\/div>\n[\/vc_column_text][nectar_btn size=\u00bbmedium\u00bb open_new_tab=\u00bbtrue\u00bb button_style=\u00bbregular\u00bb button_color_2=\u00bbExtra-Color-1&#8243; icon_family=\u00bbnone\u00bb button_id=\u00bbbotoncentrat\u00bb url=\u00bbhttps:\/\/sacidkordas.com\/es\/contact\/\u00bb text=\u00bb\u00bfInteresado en nuestro I+D+i?\u00bb margin_top=\u00bb5%\u00bb margin_right=\u00bb10%\u00bb margin_bottom=\u00bb5%\u00bb margin_left=\u00bb10%\u00bb][\/vc_column][\/vc_row][vc_row type=\u00bbin_container\u00bb full_screen_row_position=\u00bbmiddle\u00bb column_margin=\u00bbnone\u00bb scene_position=\u00bbcenter\u00bb text_color=\u00bbdark\u00bb text_align=\u00bbleft\u00bb top_padding=\u00bb0&#8243; bottom_padding=\u00bb40&#8243; overlay_strength=\u00bb0.3&#8243; shape_divider_position=\u00bbbottom\u00bb bg_image_animation=\u00bbnone\u00bb el_id=\u00bb\u00bb css=\u00bb\u00bb][vc_column column_padding=\u00bbno-extra-padding\u00bb column_padding_position=\u00bball\u00bb background_color_opacity=\u00bb1&#8243; background_hover_color_opacity=\u00bb1&#8243; column_link_target=\u00bb_self\u00bb column_shadow=\u00bbnone\u00bb column_border_radius=\u00bbnone\u00bb width=\u00bb1\/1&#8243; tablet_width_inherit=\u00bbdefault\u00bb tablet_text_alignment=\u00bbdefault\u00bb phone_text_alignment=\u00bbdefault\u00bb overlay_strength=\u00bb0.3&#8243; column_border_width=\u00bbnone\u00bb column_border_style=\u00bbsolid\u00bb bg_image_animation=\u00bbnone\u00bb][vc_row_inner column_margin=\u00bbnone\u00bb top_padding=\u00bb0&#8243; bottom_padding=\u00bb40&#8243; text_align=\u00bbleft\u00bb][\/vc_row_inner][\/vc_column][\/vc_row]\n","protected":false},"excerpt":{"rendered":"<p>[vc_row type=\u00bbin_container\u00bb full_screen_row_position=\u00bbmiddle\u00bb column_margin=\u00bbdefault\u00bb scene_position=\u00bbcenter\u00bb text_color=\u00bbdark\u00bb text_align=\u00bbleft\u00bb top_padding=\u00bb88&#8243; overlay_strength=\u00bb0.3&#8243; shape_divider_position=\u00bbbottom\u00bb bg_image_animation=\u00bbnone\u00bb shape_type=\u00bb\u00bb][vc_column column_padding=\u00bbno-extra-padding\u00bb column_padding_position=\u00bball\u00bb background_color_opacity=\u00bb1&#8243; background_hover_color_opacity=\u00bb1&#8243; column_link_target=\u00bb_self\u00bb column_shadow=\u00bbnone\u00bb column_border_radius=\u00bbnone\u00bb width=\u00bb1\/1&#8243; tablet_width_inherit=\u00bbdefault\u00bb tablet_text_alignment=\u00bbdefault\u00bb phone_text_alignment=\u00bbdefault\u00bb overlay_strength=\u00bb0.3&#8243; column_border_width=\u00bbnone\u00bb column_border_style=\u00bbsolid\u00bb bg_image_animation=\u00bbnone\u00bb][vc_column_text el_class=\u00bbjustificat\u00bb] En Korda&#8217;s, nuestro objetivo es fabricar cuerdas con acabados est\u00e1ndar de alta&#8230;<\/p>\n","protected":false},"author":7,"featured_media":0,"parent":8708,"menu_order":0,"comment_status":"closed","ping_status":"closed","template":"","meta":{"footnotes":""},"class_list":["post-8713","page","type-page","status-publish"],"_links":{"self":[{"href":"https:\/\/sacidkordas.com\/es\/wp-json\/wp\/v2\/pages\/8713","targetHints":{"allow":["GET"]}}],"collection":[{"href":"https:\/\/sacidkordas.com\/es\/wp-json\/wp\/v2\/pages"}],"about":[{"href":"https:\/\/sacidkordas.com\/es\/wp-json\/wp\/v2\/types\/page"}],"author":[{"embeddable":true,"href":"https:\/\/sacidkordas.com\/es\/wp-json\/wp\/v2\/users\/7"}],"replies":[{"embeddable":true,"href":"https:\/\/sacidkordas.com\/es\/wp-json\/wp\/v2\/comments?post=8713"}],"version-history":[{"count":0,"href":"https:\/\/sacidkordas.com\/es\/wp-json\/wp\/v2\/pages\/8713\/revisions"}],"up":[{"embeddable":true,"href":"https:\/\/sacidkordas.com\/es\/wp-json\/wp\/v2\/pages\/8708"}],"wp:attachment":[{"href":"https:\/\/sacidkordas.com\/es\/wp-json\/wp\/v2\/media?parent=8713"}],"curies":[{"name":"wp","href":"https:\/\/api.w.org\/{rel}","templated":true}]}}