{"id":8698,"date":"2020-02-27T15:33:44","date_gmt":"2020-02-27T15:33:44","guid":{"rendered":"https:\/\/sacidkordas.com\/encongiment-en-semiestatiques"},"modified":"2023-07-12T10:22:12","modified_gmt":"2023-07-12T10:22:12","slug":"estudio-de-encogimiento-de-cuerdas-semiestaticas","status":"publish","type":"page","link":"https:\/\/sacidkordas.com\/es\/estudio-de-encogimiento-de-cuerdas-semiestaticas\/","title":{"rendered":"Encogimiento en semiestaticas"},"content":{"rendered":"[vc_row type=\u00bbin_container\u00bb full_screen_row_position=\u00bbmiddle\u00bb column_margin=\u00bbnone\u00bb scene_position=\u00bbcenter\u00bb text_color=\u00bbdark\u00bb text_align=\u00bbleft\u00bb top_padding=\u00bb0&#8243; bottom_padding=\u00bb40&#8243; overlay_strength=\u00bb0.3&#8243; shape_divider_position=\u00bbbottom\u00bb bg_image_animation=\u00bbnone\u00bb el_id=\u00bb\u00bb css=\u00bb\u00bb][vc_column column_padding=\u00bbno-extra-padding\u00bb column_padding_position=\u00bball\u00bb background_color_opacity=\u00bb1&#8243; background_hover_color_opacity=\u00bb1&#8243; column_link_target=\u00bb_self\u00bb column_shadow=\u00bbnone\u00bb column_border_radius=\u00bbnone\u00bb width=\u00bb1\/1&#8243; tablet_width_inherit=\u00bbdefault\u00bb tablet_text_alignment=\u00bbdefault\u00bb phone_text_alignment=\u00bbdefault\u00bb overlay_strength=\u00bb0.3&#8243; column_border_width=\u00bbnone\u00bb column_border_style=\u00bbsolid\u00bb bg_image_animation=\u00bbnone\u00bb][vc_row_inner column_margin=\u00bbnone\u00bb top_padding=\u00bb0&#8243; bottom_padding=\u00bb40&#8243; text_align=\u00bbleft\u00bb][\/vc_row_inner][\/vc_column][\/vc_row][vc_row type=\u00bbin_container\u00bb full_screen_row_position=\u00bbmiddle\u00bb column_margin=\u00bbdefault\u00bb scene_position=\u00bbcenter\u00bb text_color=\u00bbdark\u00bb text_align=\u00bbleft\u00bb overlay_strength=\u00bb0.3&#8243; shape_divider_position=\u00bbbottom\u00bb bg_image_animation=\u00bbnone\u00bb][vc_column column_padding=\u00bbno-extra-padding\u00bb column_padding_position=\u00bball\u00bb background_color_opacity=\u00bb1&#8243; background_hover_color_opacity=\u00bb1&#8243; column_link_target=\u00bb_self\u00bb column_shadow=\u00bbnone\u00bb column_border_radius=\u00bbnone\u00bb width=\u00bb1\/1&#8243; tablet_width_inherit=\u00bbdefault\u00bb tablet_text_alignment=\u00bbdefault\u00bb phone_text_alignment=\u00bbdefault\u00bb overlay_strength=\u00bb0.3&#8243; column_border_width=\u00bbnone\u00bb column_border_style=\u00bbsolid\u00bb bg_image_animation=\u00bbnone\u00bb][heading]\u00bfPor qu\u00e9 es importante el estudio de encogimiento de cuerdas semiest\u00e1ticas?[\/heading][\/vc_column][\/vc_row][vc_row type=\u00bbin_container\u00bb full_screen_row_position=\u00bbmiddle\u00bb column_margin=\u00bbdefault\u00bb scene_position=\u00bbcenter\u00bb text_color=\u00bbdark\u00bb text_align=\u00bbleft\u00bb top_padding=\u00bb88&#8243; overlay_strength=\u00bb0.3&#8243; shape_divider_position=\u00bbbottom\u00bb bg_image_animation=\u00bbnone\u00bb shape_type=\u00bb\u00bb][vc_column column_padding=\u00bbno-extra-padding\u00bb column_padding_position=\u00bball\u00bb background_color_opacity=\u00bb1&#8243; background_hover_color_opacity=\u00bb1&#8243; column_link_target=\u00bb_self\u00bb column_shadow=\u00bbnone\u00bb column_border_radius=\u00bbnone\u00bb width=\u00bb1\/1&#8243; tablet_width_inherit=\u00bbdefault\u00bb tablet_text_alignment=\u00bbdefault\u00bb phone_text_alignment=\u00bbdefault\u00bb overlay_strength=\u00bb0.3&#8243; column_border_width=\u00bbnone\u00bb column_border_style=\u00bbsolid\u00bb bg_image_animation=\u00bbnone\u00bb][vc_column_text el_class=\u00bbjustificat\u00bb]\n<div class=\"traductor-textarea form-group\">\n<div class=\"textarea-desti col-xs-12 col-sm-6\">\n<div class=\"form-control second-textarea\">\n<p><span style=\"font-weight: 400\">Como fabricantes y usuarios de cuerdas sabemos que uno de los principales inconvenientes de las cuerdas es su encogimiento a lo largo del tiempo. Con el fin de conocer y poder mejorar este aspecto, hemos realizado un estudio de encogimiento de cuerdas semiest\u00e1ticas para mejorar las prestaciones de nuestros productos.\u00a0<\/span><\/p>\n<p><span style=\"font-weight: 400\">Este <\/span><b>estudio de encogimiento de cuerdas semiest\u00e1ticas<\/b> <span style=\"font-weight: 400\">nos ha permitido conocer mejor los materiales y su comportamiento, y desarrollar nuevos acabados para evitar este efecto.<\/span><\/p>\n<h2>\u00bfPor qu\u00e9 es esencial un estudio sobre el encogimiento de las cuerdas semiest\u00e1ticas?<\/h2>\n<p><span style=\"font-weight: 400\">Debido a la materia prima con la que se fabrican las cuerdas semiest\u00e1ticas, se produce un encogimiento de la cuerda a lo largo de su vida \u00fatil, especialmente las primeras veces que entran en contacto con el agua.\u00a0<\/span><\/p>\n<p><span style=\"font-weight: 400\">El agua es el elemento m\u00e1s importante e influyente en el encogimiento de una cuerda, debido a que la cuerda al entrar en contacto con el agua y el posterior secado natural de la misma, lleva a cabo un proceso qu\u00edmico que hace que se retraigan las cuerdas y disminuya su extensi\u00f3n.<\/span><\/p>\n<p><span style=\"font-weight: 400\">Es por este motivo que muchos fabricantes recomiendan mojar la cuerda antes de usarla.\u00a0<\/span><\/p>\n<p><span style=\"font-weight: 400\">No obstante, las cuerdas Korda\u2019s ya est\u00e1n pre encogidas en f\u00e1brica, precisamente para evitar al usuario la p\u00e9rdida de longitud de la cuerda.\u00a0 El mayor encogimiento ocurre las primeras veces que entra en contacto con el agua, y en las cuerdas Korda\u2019s este proceso se realiza en f\u00e1brica.\u00a0\u00a0<\/span><\/p>\n<p><span style=\"font-weight: 400\">Una vez la cuerda ya se ha encogido y estabilizado, es cuando se realiza el metraje y se prepara para su posterior venta. De esta forma se evita la mayor parte de p\u00e9rdida de metros al usuario.<\/span><\/p>\n<\/div>\n<\/div>\n<\/div>\n[\/vc_column_text][image_with_animation image_url=\u00bb7709&#8243; alignment=\u00bb\u00bb animation=\u00bbFade In\u00bb hover_animation=\u00bbnone\u00bb border_radius=\u00bbnone\u00bb box_shadow=\u00bbnone\u00bb image_loading=\u00bbdefault\u00bb max_width=\u00bb100%\u00bb max_width_mobile=\u00bbdefault\u00bb][vc_column_text]\n<p class=\"rtejustify\">* Los valores de encogimiento que los fabricantes facilitamos en las instrucciones de uso son muy inferiores a los reales debido a que la prueba de encogimiento se realiza sin secar la cuerda tal como indica la norma.<\/p>\n[\/vc_column_text][\/vc_column][\/vc_row][vc_row type=\u00bbin_container\u00bb full_screen_row_position=\u00bbmiddle\u00bb column_margin=\u00bbdefault\u00bb scene_position=\u00bbcenter\u00bb text_color=\u00bbdark\u00bb text_align=\u00bbleft\u00bb overlay_strength=\u00bb0.3&#8243; shape_divider_position=\u00bbbottom\u00bb bg_image_animation=\u00bbnone\u00bb][vc_column column_padding=\u00bbno-extra-padding\u00bb column_padding_position=\u00bball\u00bb background_color_opacity=\u00bb1&#8243; background_hover_color_opacity=\u00bb1&#8243; column_link_target=\u00bb_self\u00bb column_shadow=\u00bbnone\u00bb column_border_radius=\u00bbnone\u00bb width=\u00bb1\/1&#8243; tablet_width_inherit=\u00bbdefault\u00bb tablet_text_alignment=\u00bbdefault\u00bb phone_text_alignment=\u00bbdefault\u00bb overlay_strength=\u00bb0.3&#8243; column_border_width=\u00bbnone\u00bb column_border_style=\u00bbsolid\u00bb bg_image_animation=\u00bbnone\u00bb][vc_column_text]\n<h2><b>Sacid Korda\u2019s reduce el encogimiento de sus cuerdas semiest\u00e1ticas<\/b><\/h2>\n<p><span style=\"font-weight: 400\">En Sacid Korda\u2019s aplicamos unos acabados en nuestros productos que nos permiten conseguir un mejor comportamiento del encogimiento de las cuerdas semiest\u00e1ticas durante su vida \u00fatil.\u00a0<\/span><\/p>\n<p><span style=\"font-weight: 400\">Una cuerda normal, sin ning\u00fan acabado, el primer d\u00eda que entra en contacto con el agua encoge entre un 4% y un 8%. Al primer contacto con el agua, una cuerda de Sacid Korda\u2019s, encoger\u00e1 solamente entre un 1% y un 2%.<\/span><\/p>\n<p><span style=\"font-weight: 400\">Los primeros ciclos de mojado y secado son los que muestran un mayor encogimiento. Sin embargo, en los siguientes ciclos, aunque las cuerdas siguen encogi\u00e9ndose, lo hacen con menor intensidad. Nuestros procesos productivos, dise\u00f1ados a partir de un <\/span><b>estudio de encogimiento de cuerdas semiest\u00e1ticas<\/b><span style=\"font-weight: 400\">, nos permiten ofrecer cuerdas encogidas en f\u00e1brica. Gracias a dichos procesos logramos evitar el gran encogimiento de la cuerda que se produce durante los primeros ciclos de mojado-secado.<\/span><\/p>\n<p><span style=\"font-weight: 400\">La apuesta de Korda\u2019s por la innovaci\u00f3n tecnol\u00f3gica permanente es garant\u00eda de calidad y las cuerdas semiest\u00e1ticas que le ofrecemos, son garant\u00eda de ello.<\/span>[\/vc_column_text][\/vc_column][\/vc_row][vc_row type=\u00bbin_container\u00bb full_screen_row_position=\u00bbmiddle\u00bb column_margin=\u00bbdefault\u00bb scene_position=\u00bbcenter\u00bb text_color=\u00bbdark\u00bb text_align=\u00bbleft\u00bb overlay_strength=\u00bb0.3&#8243; shape_divider_position=\u00bbbottom\u00bb bg_image_animation=\u00bbnone\u00bb][vc_column column_padding=\u00bbno-extra-padding\u00bb column_padding_position=\u00bball\u00bb background_color_opacity=\u00bb1&#8243; background_hover_color_opacity=\u00bb1&#8243; column_link_target=\u00bb_self\u00bb column_shadow=\u00bbnone\u00bb column_border_radius=\u00bbnone\u00bb width=\u00bb1\/1&#8243; tablet_width_inherit=\u00bbdefault\u00bb tablet_text_alignment=\u00bbdefault\u00bb phone_text_alignment=\u00bbdefault\u00bb overlay_strength=\u00bb0.3&#8243; column_border_width=\u00bbnone\u00bb column_border_style=\u00bbsolid\u00bb bg_image_animation=\u00bbnone\u00bb][nectar_btn size=\u00bbmedium\u00bb button_style=\u00bbregular\u00bb button_color_2=\u00bbAccent-Color\u00bb icon_family=\u00bbnone\u00bb url=\u00bbhttps:\/\/sacidkordas.com\/es\/contact\/\u00bb text=\u00bb\u00a1Ser\u00e1 un placer que cuente con nuestras cuerdas!\u00bb margin_top=\u00bb6%\u00bb][\/vc_column][\/vc_row]\n","protected":false},"excerpt":{"rendered":"<p>[vc_row type=\u00bbin_container\u00bb full_screen_row_position=\u00bbmiddle\u00bb column_margin=\u00bbnone\u00bb scene_position=\u00bbcenter\u00bb text_color=\u00bbdark\u00bb text_align=\u00bbleft\u00bb top_padding=\u00bb0&#8243; bottom_padding=\u00bb40&#8243; overlay_strength=\u00bb0.3&#8243; shape_divider_position=\u00bbbottom\u00bb bg_image_animation=\u00bbnone\u00bb el_id=\u00bb\u00bb css=\u00bb\u00bb][vc_column column_padding=\u00bbno-extra-padding\u00bb column_padding_position=\u00bball\u00bb background_color_opacity=\u00bb1&#8243; background_hover_color_opacity=\u00bb1&#8243; column_link_target=\u00bb_self\u00bb column_shadow=\u00bbnone\u00bb column_border_radius=\u00bbnone\u00bb width=\u00bb1\/1&#8243; tablet_width_inherit=\u00bbdefault\u00bb tablet_text_alignment=\u00bbdefault\u00bb phone_text_alignment=\u00bbdefault\u00bb overlay_strength=\u00bb0.3&#8243; column_border_width=\u00bbnone\u00bb column_border_style=\u00bbsolid\u00bb bg_image_animation=\u00bbnone\u00bb][vc_row_inner column_margin=\u00bbnone\u00bb top_padding=\u00bb0&#8243; bottom_padding=\u00bb40&#8243; text_align=\u00bbleft\u00bb][\/vc_row_inner][\/vc_column][\/vc_row][vc_row type=\u00bbin_container\u00bb full_screen_row_position=\u00bbmiddle\u00bb column_margin=\u00bbdefault\u00bb scene_position=\u00bbcenter\u00bb text_color=\u00bbdark\u00bb text_align=\u00bbleft\u00bb overlay_strength=\u00bb0.3&#8243;&#8230;<\/p>\n","protected":false},"author":7,"featured_media":0,"parent":0,"menu_order":0,"comment_status":"closed","ping_status":"closed","template":"","meta":{"footnotes":""},"class_list":["post-8698","page","type-page","status-publish"],"_links":{"self":[{"href":"https:\/\/sacidkordas.com\/es\/wp-json\/wp\/v2\/pages\/8698","targetHints":{"allow":["GET"]}}],"collection":[{"href":"https:\/\/sacidkordas.com\/es\/wp-json\/wp\/v2\/pages"}],"about":[{"href":"https:\/\/sacidkordas.com\/es\/wp-json\/wp\/v2\/types\/page"}],"author":[{"embeddable":true,"href":"https:\/\/sacidkordas.com\/es\/wp-json\/wp\/v2\/users\/7"}],"replies":[{"embeddable":true,"href":"https:\/\/sacidkordas.com\/es\/wp-json\/wp\/v2\/comments?post=8698"}],"version-history":[{"count":0,"href":"https:\/\/sacidkordas.com\/es\/wp-json\/wp\/v2\/pages\/8698\/revisions"}],"wp:attachment":[{"href":"https:\/\/sacidkordas.com\/es\/wp-json\/wp\/v2\/media?parent=8698"}],"curies":[{"name":"wp","href":"https:\/\/api.w.org\/{rel}","templated":true}]}}