{"id":8690,"date":"2020-04-09T17:12:57","date_gmt":"2020-04-09T17:12:57","guid":{"rendered":"https:\/\/sacidkordas.com\/contact\/preguntes-frequents"},"modified":"2023-10-11T12:01:55","modified_gmt":"2023-10-11T12:01:55","slug":"preguntas-frecuentes","status":"publish","type":"page","link":"https:\/\/sacidkordas.com\/es\/contacto\/preguntas-frecuentes\/","title":{"rendered":"Preguntas frecuentes"},"content":{"rendered":"[vc_row type=\u00bbin_container\u00bb full_screen_row_position=\u00bbmiddle\u00bb column_margin=\u00bbdefault\u00bb column_direction=\u00bbdefault\u00bb column_direction_tablet=\u00bbdefault\u00bb column_direction_phone=\u00bbdefault\u00bb scene_position=\u00bbcenter\u00bb text_color=\u00bbdark\u00bb text_align=\u00bbleft\u00bb row_border_radius=\u00bbnone\u00bb row_border_radius_applies=\u00bbbg\u00bb overflow=\u00bbvisible\u00bb overlay_strength=\u00bb0.3&#8243; gradient_direction=\u00bbleft_to_right\u00bb shape_divider_position=\u00bbbottom\u00bb bg_image_animation=\u00bbnone\u00bb][vc_column column_padding=\u00bbno-extra-padding\u00bb column_padding_tablet=\u00bbinherit\u00bb column_padding_phone=\u00bbinherit\u00bb column_padding_position=\u00bball\u00bb column_element_direction_desktop=\u00bbdefault\u00bb column_element_spacing=\u00bbdefault\u00bb desktop_text_alignment=\u00bbdefault\u00bb tablet_text_alignment=\u00bbdefault\u00bb phone_text_alignment=\u00bbdefault\u00bb background_color_opacity=\u00bb1&#8243; background_hover_color_opacity=\u00bb1&#8243; column_backdrop_filter=\u00bbnone\u00bb column_shadow=\u00bbnone\u00bb column_border_radius=\u00bbnone\u00bb column_link_target=\u00bb_self\u00bb column_position=\u00bbdefault\u00bb gradient_direction=\u00bbleft_to_right\u00bb overlay_strength=\u00bb0.3&#8243; width=\u00bb1\/1&#8243; tablet_width_inherit=\u00bbdefault\u00bb animation_type=\u00bbdefault\u00bb bg_image_animation=\u00bbnone\u00bb border_type=\u00bbsimple\u00bb column_border_width=\u00bbnone\u00bb column_border_style=\u00bbsolid\u00bb][vc_row_inner column_margin=\u00bbnone\u00bb column_direction=\u00bbdefault\u00bb column_direction_tablet=\u00bbdefault\u00bb column_direction_phone=\u00bbdefault\u00bb top_padding=\u00bb0&#8243; bottom_padding=\u00bb40&#8243; text_align=\u00bbleft\u00bb row_position=\u00bbdefault\u00bb row_position_tablet=\u00bbinherit\u00bb row_position_phone=\u00bbinherit\u00bb overflow=\u00bbvisible\u00bb pointer_events=\u00bball\u00bb][\/vc_row_inner][toggles style=\u00bbminimal\u00bb][toggle color=\u00bbAccent-Color\u00bb heading_tag=\u00bbdefault\u00bb heading_tag_functionality=\u00bbdefault\u00bb title=\u00bb\u00bfPorque se rizan las cuerdas?\u00bb][vc_column_text el_class=\u00bbjustificat\u00bb]\n<h4 class=\"rtejustify\"><\/h4>\n<p>Las cuerdas se fabrican de forma que\u00a0<u>toda la estructura de la cuerda es neutra.<\/u>\u00a0Al retirarla del carrete o de la madeja se debe hacer sin provocar rizo, tal y como indica la imagen. De esta forma tendremos la cuerda neutra a punto para utilizar.<img loading=\"lazy\" decoding=\"async\" class=\"size-medium wp-image-15355 aligncenter\" src=\"https:\/\/sacidkordas.com\/wp-content\/uploads\/2023\/10\/Kordas-instruccions_Mesa-de-trabajo-1-300x211.png\" alt=\"\" width=\"300\" height=\"211\" srcset=\"https:\/\/sacidkordas.com\/wp-content\/uploads\/2023\/10\/Kordas-instruccions_Mesa-de-trabajo-1-300x211.png 300w, https:\/\/sacidkordas.com\/wp-content\/uploads\/2023\/10\/Kordas-instruccions_Mesa-de-trabajo-1-600x422.png 600w, https:\/\/sacidkordas.com\/wp-content\/uploads\/2023\/10\/Kordas-instruccions_Mesa-de-trabajo-1-1024x721.png 1024w, https:\/\/sacidkordas.com\/wp-content\/uploads\/2023\/10\/Kordas-instruccions_Mesa-de-trabajo-1-768x541.png 768w, https:\/\/sacidkordas.com\/wp-content\/uploads\/2023\/10\/Kordas-instruccions_Mesa-de-trabajo-1-1536x1081.png 1536w, https:\/\/sacidkordas.com\/wp-content\/uploads\/2023\/10\/Kordas-instruccions_Mesa-de-trabajo-1-2048x1442.png 2048w\" sizes=\"auto, (max-width: 300px) 100vw, 300px\" \/><\/p>\n<p class=\"rtejustify\">Principalmente, el rizo lo provoca el descensor y la t\u00e9cnica que se utiliza para rapelar. En los aparatos de espeleologia por ejemplo, la cuerda realiza todo el recorrido en poleas con un\u00a0 mismo plano (en dos dimensiones).<\/p>\n<p class=\"rtejustify\">Cuando los recorridos de la cuerda tienen 3 dimensiones, como puede ser en un ocho o en un din\u00e1mico, la cuerda se riza.<\/p>\n<p class=\"rtejustify\">Es conveniente de vez en cuando estirar toda la cuerda y sacar los rizos que pueda tener para mejorar el rendimiento.<\/p>\n[\/vc_column_text][vc_column_text][\/vc_column_text][\/toggle][toggle color=\u00bbAccent-Color\u00bb heading_tag=\u00bbdefault\u00bb heading_tag_functionality=\u00bbdefault\u00bb title=\u00bb\u00bfDonde se deben guardar las cuerdas para una buena conservaci\u00f3n?\u00bb][vc_column_text el_class=\u00bbjustificat\u00bb]\n<h4 class=\"rtejustify\"><\/h4>\n<div class=\"traductor-textarea form-group\">\n<div class=\"textarea-desti col-xs-12 col-sm-6\">\n<p class=\"form-control second-textarea\">Es\u00a0muy importante donde guardamos las cuerdas. La fibra con la que esta fabricada la cuerda puede perder sus propiedades si est\u00e1 en contacto con productos de limpieza, aceites, bater\u00edas\u2026 La cuerda debe estar en un lugar seco, sin radiaci\u00f3n solar directa y protegida de cualquier agente peligroso.<\/p>\n<\/div>\n<\/div>\n<div class=\"traductor-checkbox form-group\">\n<div class=\"row\"><\/div>\n<\/div>\n[\/vc_column_text][vc_column_text][\/vc_column_text][\/toggle][toggle color=\u00bbAccent-Color\u00bb heading_tag=\u00bbdefault\u00bb heading_tag_functionality=\u00bbdefault\u00bb title=\u00bb\u00bfHay que mojar las cuerdas de espeleologia o de industria antes de utilizarlas?\u00bb][vc_column_text]\n<div class=\"traductor-textarea form-group\">\n<div class=\"textarea-desti col-xs-12 col-sm-6\">\n<p class=\"rtejustify\">Todas la cuerdas Korda\u2019s vienen acabadas de fabrica, por lo tanto el primer mojado y secado ya estar\u00e1 realizado en fabrica.<strong>\u00a0<u>No es necesario realizar ning\u00fan mojado previo de ninguna cuerda Korda\u2019s.<\/u><\/strong><\/p>\n<p class=\"rtejustify\">Adem\u00e1s, la primera vez que la cuerda entra en contacto con el agua es cuando m\u00e1s encoge, de forma que al realizar este proceso en f\u00e1brica, el usuario recibe los metros que desea sin que le encoja tanto la cuerda a lo largo de su vida \u00fatil.<\/p>\n<\/div>\n<\/div>\n[\/vc_column_text][vc_column_text][\/vc_column_text][\/toggle][toggle color=\u00bbAccent-Color\u00bb heading_tag=\u00bbdefault\u00bb heading_tag_functionality=\u00bbdefault\u00bb title=\u00bb\u00bfCu\u00e1l es la diferencia entre DANA versi\u00f3n Espeleologia (color blanco) y versi\u00f3n Barrancos?\u00bb][vc_column_text]La cuerda Dana, mec\u00e1nicamente es la misma cuerda tanto en la versi\u00f3n barrancos como en la Espeleo. No obstante, en la versi\u00f3n de barrancos, el color es m\u00e1s vistoso para poder localizar mejor la cuerda en el agua, y el acabado TOTAL DRY que se le aplica a la cuerda, en la versi\u00f3n de barrancos es m\u00e1s fuerte para conseguir que la cuerda repele el agua y por lo tanto pese menos. Este tratamiento tambi\u00e9n ayuda a mejorar el envejecimiento de la cuerda con el uso por el mojado-secado.[\/vc_column_text][\/toggle][toggle color=\u00bbAccent-Color\u00bb heading_tag=\u00bbdefault\u00bb heading_tag_functionality=\u00bbdefault\u00bb title=\u00bb\u00bfComo debemos lavar una cuerda?\u00bb][vc_column_text]Una cuerda debe lavarse m\u00e1s o menos frecuentemente dependiendo de su uso. Se puede lavar a mano o a m\u00e1quina. Para lavarla, es imprescindible utilizar jab\u00f3n para ropa delicada (jab\u00f3n de Marsella o similar), y se puede a\u00f1adir un poco de suavizante (tambi\u00e9n para ropa delicada) en caso de que la cuerda est\u00e9 m\u00e1s r\u00edgida de lo deseable. Con el suavizante, las fibras, al igual que la ropa, se deslizaran mejor y quedara un mejor tacto en la cuerda.<\/p>\n<h5><img loading=\"lazy\" decoding=\"async\" class=\"size-full wp-image-15374 alignleft\" src=\"https:\/\/sacidkordas.com\/wp-content\/uploads\/2023\/10\/ETIQUETES-TEXTILS-03-e1697023074507.png\" alt=\"\" width=\"296\" height=\"296\" \/>LAVADO MANUAL<\/h5>\n<p>En caso de lavado manual, se aconseja usar el <span style=\"color: #c8c8c8;\"><strong><a style=\"color: #c8c8c8;\" href=\"https:\/\/sacidkordas.com\/es\/cepillo-para-cuerdas\/\" target=\"_blank\" rel=\"noopener\">ce<\/a><a style=\"color: #c8c8c8;\" href=\"https:\/\/sacidkordas.com\/es\/cepillo-para-cuerdas\/\" target=\"_blank\" rel=\"noopener\">pillo<\/a><a style=\"color: #c8c8c8;\" href=\"https:\/\/sacidkordas.com\/es\/cepillo-para-cuerdas\/\" target=\"_blank\" rel=\"noopener\"> Korda\u2019s<\/a> <\/strong><\/span>para un mejor resultado. Se debe sumergir la cuerda en agua fr\u00eda o templada, a\u00f1adir un poco de jab\u00f3n, y pasar el cepillo desde un extremo al otro. Repetir la operaci\u00f3n en ambas direcciones para obtener una mejor limpieza. Si fuera necesario, en caso de cuerdas muy embarradas, esta operaci\u00f3n habr\u00e1 que realizarla varias veces. Finalmente, enjuagar con abundante agua para eliminar el jab\u00f3n restante. En el \u00faltimo enjuagado, si se desea, se puede a\u00f1adir un poco de suavizante (no enjuagar despu\u00e9s de poner el suavizante).<\/p>\n<h5><img loading=\"lazy\" decoding=\"async\" class=\"size-full wp-image-15378 alignleft\" src=\"https:\/\/sacidkordas.com\/wp-content\/uploads\/2023\/10\/ETIQUETES-TEXTILS-04-e1697023049957.png\" alt=\"\" width=\"297\" height=\"296\" \/>LAVADO A M\u00c1QUINA<\/h5>\n<p>Si se quiere poner en la lavadora, es posible, utilizando un programa corto y en agua fr\u00eda o m\u00e1ximo 30\u00baC. Se recomienda, NO, centrifugar, ya que provocar\u00eda un mayor rizado en la cuerda.<\/p>\n<h5><\/h5>\n<h5><\/h5>\n<h5><\/h5>\n<p>&nbsp;<\/p>\n<h5><img loading=\"lazy\" decoding=\"async\" class=\"size-full wp-image-15370 alignleft\" src=\"https:\/\/sacidkordas.com\/wp-content\/uploads\/2023\/10\/ETIQUETES-TEXTILS-02-e1697023085110.png\" alt=\"\" width=\"297\" height=\"296\" \/>SECADO<\/h5>\n<p>Para secarla se debe poner en la sombra en un lugar seco y ventilado. Es importante no poner la cuerda al sol, porque puede da\u00f1ar las fibras. No usar secadora ni cualquier otra fuente de calor.[\/vc_column_text][\/toggle][toggle color=\u00bbAccent-Color\u00bb heading_tag=\u00bbdefault\u00bb heading_tag_functionality=\u00bbdefault\u00bb title=\u00bb\u00bfComo podemos saber si una cuerda esta certificada?\u00bb][vc_column_text]\n<p class=\"rtejustify\">Para saber si una cuerda semiestatica esta certificada, debemos mirar en su interior. Todas las cuerdas certificadas est\u00e1n fabricadas con una cinta interior que indica el fabricante, el tipo de certificaci\u00f3n (Semiestatica, din\u00e1mica), el a\u00f1o que se ha fabricado, y el material.<\/p>\n<p class=\"rtejustify\">Puedes consultar la tabla de colores de Korda\u2019s\u00a0 para identificar el a\u00f1o de fabricaci\u00f3n m\u00e1s f\u00e1cilmente:<\/p>\n<p class=\"rtejustify\"><img loading=\"lazy\" decoding=\"async\" class=\"wp-image-7716 alignright\" src=\"https:\/\/sacidkordas.com\/wp-content\/uploads\/2020\/03\/Tabla-color-a\u00f1o-fabricacion-01.png\" alt=\"color cinta interior\" width=\"326\" height=\"253\" \/><\/p>\n<div class=\"traductor-textarea form-group\">\n<div class=\"textarea-desti col-xs-12 col-sm-6\">\n<div><\/div>\n<div class=\"form-control second-textarea\">A las cuerdas din\u00e1micas no es de obligaci\u00f3n que lleven cinta interior, aunque es recomendable para poder identificar en caso necesario el a\u00f1o de fabricaci\u00f3n de la cuerda. A\u00a0Korda&#8217;s\u00a0las din\u00e1micas\u00a0incoroporen\u00a0cinta interior y por tanto siguen la misma identificaci\u00f3n.<\/div>\n<\/div>\n<\/div>\n<div class=\"traductor-checkbox form-group\">\n<div class=\"row\"><\/div>\n<\/div>\n[\/vc_column_text][\/toggle][toggle color=\u00bbDefault\u00bb heading_tag=\u00bbdefault\u00bb heading_tag_functionality=\u00bbdefault\u00bb title=\u00bbPrimeros usos de las cuerdas\u00bb][vc_column_text el_class=\u00bbjustificat\u00bb]Cuando una cuerda es nueva, es cuando <strong>m\u00e1s con cuidado debemos ir al utilizarla.<\/strong><\/p>\n<p>Las fibras al ser nuevas, est\u00e1n relajadas y es cuando los roces pueden provocar flores m\u00e1s f\u00e1cilmente. Con el <strong>envejecimiento y con el uso<\/strong>, (principalmente si durante el uso se moja la cuerda y se seca) \u00a0las fibras se tensionan y mejoran la resistencia a la abrasi\u00f3n.<\/p>\n<p>Como fabricante recomendamos ir con cuidado las primeras veces que se utiliza una cuerda nueva, sobre todo las 4 o 5 primeras veces.[\/vc_column_text][\/toggle][\/toggles][\/vc_column][\/vc_row][vc_row type=\u00bbin_container\u00bb full_screen_row_position=\u00bbmiddle\u00bb column_margin=\u00bbdefault\u00bb column_direction=\u00bbdefault\u00bb column_direction_tablet=\u00bbdefault\u00bb column_direction_phone=\u00bbdefault\u00bb scene_position=\u00bbcenter\u00bb text_color=\u00bbdark\u00bb text_align=\u00bbleft\u00bb row_border_radius=\u00bbnone\u00bb row_border_radius_applies=\u00bbbg\u00bb overflow=\u00bbvisible\u00bb overlay_strength=\u00bb0.3&#8243; gradient_direction=\u00bbleft_to_right\u00bb shape_divider_position=\u00bbbottom\u00bb bg_image_animation=\u00bbnone\u00bb][vc_column column_padding=\u00bbno-extra-padding\u00bb column_padding_tablet=\u00bbinherit\u00bb column_padding_phone=\u00bbinherit\u00bb column_padding_position=\u00bball\u00bb column_element_direction_desktop=\u00bbdefault\u00bb column_element_spacing=\u00bbdefault\u00bb desktop_text_alignment=\u00bbdefault\u00bb tablet_text_alignment=\u00bbdefault\u00bb phone_text_alignment=\u00bbdefault\u00bb background_color_opacity=\u00bb1&#8243; background_hover_color_opacity=\u00bb1&#8243; column_backdrop_filter=\u00bbnone\u00bb column_shadow=\u00bbnone\u00bb column_border_radius=\u00bbnone\u00bb column_link_target=\u00bb_self\u00bb column_position=\u00bbdefault\u00bb gradient_direction=\u00bbleft_to_right\u00bb overlay_strength=\u00bb0.3&#8243; width=\u00bb1\/1&#8243; tablet_width_inherit=\u00bbdefault\u00bb animation_type=\u00bbdefault\u00bb bg_image_animation=\u00bbnone\u00bb border_type=\u00bbsimple\u00bb column_border_width=\u00bbnone\u00bb column_border_style=\u00bbsolid\u00bb][heading]\n<div class=\"traductor-textarea form-group\">\n<div class=\"textarea-desti col-xs-12 col-sm-6\">\n<h3 class=\"form-control second-textarea\">Para cualquier otra consulta escr\u00edbenos al <a href=\"https:\/\/sacidkordas.com\/es\/contact\">formulario de contacto\u00a0Korda\u00b4s<\/a>\u00a0y estaremos encantados de ayudarte!<\/h3>\n<\/div>\n<\/div>\n<div class=\"traductor-checkbox form-group\">\n<div class=\"row\"><\/div>\n<\/div>\n[\/heading][\/vc_column][\/vc_row]\n","protected":false},"excerpt":{"rendered":"<p>[vc_row type=\u00bbin_container\u00bb full_screen_row_position=\u00bbmiddle\u00bb column_margin=\u00bbdefault\u00bb column_direction=\u00bbdefault\u00bb column_direction_tablet=\u00bbdefault\u00bb column_direction_phone=\u00bbdefault\u00bb scene_position=\u00bbcenter\u00bb text_color=\u00bbdark\u00bb text_align=\u00bbleft\u00bb row_border_radius=\u00bbnone\u00bb row_border_radius_applies=\u00bbbg\u00bb overflow=\u00bbvisible\u00bb overlay_strength=\u00bb0.3&#8243; gradient_direction=\u00bbleft_to_right\u00bb shape_divider_position=\u00bbbottom\u00bb bg_image_animation=\u00bbnone\u00bb][vc_column column_padding=\u00bbno-extra-padding\u00bb column_padding_tablet=\u00bbinherit\u00bb column_padding_phone=\u00bbinherit\u00bb column_padding_position=\u00bball\u00bb column_element_direction_desktop=\u00bbdefault\u00bb column_element_spacing=\u00bbdefault\u00bb desktop_text_alignment=\u00bbdefault\u00bb tablet_text_alignment=\u00bbdefault\u00bb phone_text_alignment=\u00bbdefault\u00bb background_color_opacity=\u00bb1&#8243; background_hover_color_opacity=\u00bb1&#8243; column_backdrop_filter=\u00bbnone\u00bb column_shadow=\u00bbnone\u00bb column_border_radius=\u00bbnone\u00bb column_link_target=\u00bb_self\u00bb column_position=\u00bbdefault\u00bb gradient_direction=\u00bbleft_to_right\u00bb overlay_strength=\u00bb0.3&#8243; width=\u00bb1\/1&#8243; tablet_width_inherit=\u00bbdefault\u00bb animation_type=\u00bbdefault\u00bb bg_image_animation=\u00bbnone\u00bb border_type=\u00bbsimple\u00bb&#8230;<\/p>\n","protected":false},"author":7,"featured_media":0,"parent":8687,"menu_order":0,"comment_status":"closed","ping_status":"closed","template":"","meta":{"footnotes":""},"class_list":["post-8690","page","type-page","status-publish"],"_links":{"self":[{"href":"https:\/\/sacidkordas.com\/es\/wp-json\/wp\/v2\/pages\/8690","targetHints":{"allow":["GET"]}}],"collection":[{"href":"https:\/\/sacidkordas.com\/es\/wp-json\/wp\/v2\/pages"}],"about":[{"href":"https:\/\/sacidkordas.com\/es\/wp-json\/wp\/v2\/types\/page"}],"author":[{"embeddable":true,"href":"https:\/\/sacidkordas.com\/es\/wp-json\/wp\/v2\/users\/7"}],"replies":[{"embeddable":true,"href":"https:\/\/sacidkordas.com\/es\/wp-json\/wp\/v2\/comments?post=8690"}],"version-history":[{"count":0,"href":"https:\/\/sacidkordas.com\/es\/wp-json\/wp\/v2\/pages\/8690\/revisions"}],"up":[{"embeddable":true,"href":"https:\/\/sacidkordas.com\/es\/wp-json\/wp\/v2\/pages\/8687"}],"wp:attachment":[{"href":"https:\/\/sacidkordas.com\/es\/wp-json\/wp\/v2\/media?parent=8690"}],"curies":[{"name":"wp","href":"https:\/\/api.w.org\/{rel}","templated":true}]}}