{"id":10835,"date":"2020-05-27T15:25:01","date_gmt":"2020-05-27T15:25:01","guid":{"rendered":"https:\/\/sacidkordas.com\/cookie-policy"},"modified":"2024-10-24T09:01:13","modified_gmt":"2024-10-24T09:01:13","slug":"politica-de-cookies","status":"publish","type":"page","link":"https:\/\/sacidkordas.com\/es\/politica-de-cookies\/","title":{"rendered":"Pol\u00edtica de Cookies"},"content":{"rendered":"[vc_row type=\u00bbin_container\u00bb full_screen_row_position=\u00bbmiddle\u00bb column_margin=\u00bbdefault\u00bb column_direction=\u00bbdefault\u00bb column_direction_tablet=\u00bbdefault\u00bb column_direction_phone=\u00bbdefault\u00bb scene_position=\u00bbcenter\u00bb text_color=\u00bbdark\u00bb text_align=\u00bbleft\u00bb row_border_radius=\u00bbnone\u00bb row_border_radius_applies=\u00bbbg\u00bb overflow=\u00bbvisible\u00bb overlay_strength=\u00bb0.3&#8243; gradient_direction=\u00bbleft_to_right\u00bb shape_divider_position=\u00bbbottom\u00bb bg_image_animation=\u00bbnone\u00bb][vc_column column_padding=\u00bbno-extra-padding\u00bb column_padding_tablet=\u00bbinherit\u00bb column_padding_phone=\u00bbinherit\u00bb column_padding_position=\u00bball\u00bb column_element_direction_desktop=\u00bbdefault\u00bb column_element_spacing=\u00bbdefault\u00bb desktop_text_alignment=\u00bbdefault\u00bb tablet_text_alignment=\u00bbdefault\u00bb phone_text_alignment=\u00bbdefault\u00bb background_color_opacity=\u00bb1&#8243; background_hover_color_opacity=\u00bb1&#8243; column_backdrop_filter=\u00bbnone\u00bb column_shadow=\u00bbnone\u00bb column_border_radius=\u00bbnone\u00bb column_link_target=\u00bb_self\u00bb column_position=\u00bbdefault\u00bb gradient_direction=\u00bbleft_to_right\u00bb overlay_strength=\u00bb0.3&#8243; width=\u00bb1\/1&#8243; tablet_width_inherit=\u00bbdefault\u00bb animation_type=\u00bbdefault\u00bb bg_image_animation=\u00bbnone\u00bb border_type=\u00bbsimple\u00bb column_border_width=\u00bbnone\u00bb column_border_style=\u00bbsolid\u00bb][vc_column_text]\n<div class=\"cli_pg_page_contaner\">\n<h5 style=\"text-align: center;\"><strong>Pol\u00edtica de Cookies<\/strong><\/h5>\n<p class=\"p1\"><span class=\"s1\">En esta web se utilizan cookies de terceros y propias para conseguir que tengas una mejor experiencia de navegaci\u00f3n, puedas compartir contenido en redes sociales y para que podamos obtener estad\u00edsticas de los usuarios.<\/span><\/p>\n<p class=\"p1\"><span class=\"s1\">Puedes evitar la descarga de cookies a trav\u00e9s de la configuraci\u00f3n de tu navegador, evitando que las cookies se almacenen en su dispositivo.<\/span><\/p>\n<p class=\"p1\"><span class=\"s1\">Como propietario de este sitio web, te comunico que no utilizamos ninguna informaci\u00f3n personal procedente de cookies, tan s\u00f3lo realizamos estad\u00edsticas generales de visitas que no suponen ninguna informaci\u00f3n personal.<\/span><\/p>\n<p class=\"p1\"><span class=\"s1\">Es muy importante que leas la presente pol\u00edtica de cookies y comprendas que, si contin\u00faas navegando, consideraremos que aceptas su uso.<\/span><\/p>\n<p class=\"p1\"><span class=\"s1\">Seg\u00fan los t\u00e9rminos incluidos en el art\u00edculo 22.2 de la Ley 34\/2002 de Servicios de la Sociedad de la Informaci\u00f3n y Comercio Electr\u00f3nico, si contin\u00faas navegando, estar\u00e1s prestando tu consentimiento para el empleo de los referidos mecanismos.<\/span><\/p>\n<p class=\"p3\"><span class=\"s1\"><b>Entidad Responsable<\/b><\/span><\/p>\n<p class=\"p1\"><span class=\"s1\">La entidad responsable de la recogida, procesamiento y utilizaci\u00f3n de tus datos personales, en el sentido establecido por la Ley de Protecci\u00f3n de Datos Personales es la p\u00e1gina www.sacidkordas.com, propiedad de SA de CABULLERIA INDUSTRIAL Y DEPORTIVA \u2013 Pol\u00edgono Raval dels Torrents parcela 4, 08297 Castellgal\u00ed, Spain.<\/span><\/p>\n<p class=\"p3\"><span class=\"s1\"><b>\u00bfQu\u00e9 son las cookies?<\/b><\/span><\/p>\n<p class=\"p1\"><span class=\"s1\">Las cookies son un conjunto de datos que un servidor deposita en el navegador del usuario para recoger la informaci\u00f3n de registro est\u00e1ndar de Internet y la informaci\u00f3n del comportamiento de los visitantes en un sitio web. Es decir, se trata de peque\u00f1os archivos de texto que quedan almacenados en el disco duro del ordenador y que sirven para identificar al usuario cuando se conecta nuevamente al sitio web. Su objetivo es registrar la visita del usuario y guardar cierta informaci\u00f3n. Su uso es com\u00fan y frecuente en la web ya que permite a las p\u00e1ginas funcionar de manera m\u00e1s eficiente y conseguir una mayor personalizaci\u00f3n y an\u00e1lisis sobre el comportamiento del usuario.<\/span><\/p>\n<p class=\"p3\"><span class=\"s1\"><b>\u00bfQu\u00e9 tipos de cookies existen?<\/b><\/span><\/p>\n<p class=\"p1\"><span class=\"s1\">Las cookies utilizadas en nuestro sitio web, son de sesi\u00f3n y de terceros, y nos permiten almacenar y acceder a informaci\u00f3n relativa al idioma, el tipo de navegador utilizado, y otras caracter\u00edsticas generales predefinidas por el usuario, as\u00ed como, seguir y analizar la actividad que lleva a cabo, con el objeto de introducir mejoras y prestar nuestros servicios de una manera m\u00e1s eficiente y personalizada. <\/span><\/p>\n<p class=\"p1\"><span class=\"s1\">Las cookies, en funci\u00f3n de su permanencia, pueden dividirse en cookies de sesi\u00f3n o permanentes. Las que expiran cuando el usuario cierra el navegador. Las que expiran en funci\u00f3n de cuando se cumpla el objetivo para el que sirven (por ejemplo, para que el usuario se mantenga identificado en los servicios de SA de CABULLERIA INDUSTRIAL Y DEPORTIVA) o bien cuando se borran manualmente.<\/span><\/p>\n<table class=\"t1\" cellspacing=\"0\" cellpadding=\"0\">\n<tbody>\n<tr>\n<td class=\"td1\" valign=\"top\">\n<p class=\"p1\"><span class=\"s1\">Nombre<\/span><\/p>\n<\/td>\n<td class=\"td1\" valign=\"top\">\n<p class=\"p1\"><span class=\"s1\">Tipo<\/span><\/p>\n<\/td>\n<td class=\"td1\" valign=\"top\">\n<p class=\"p1\"><span class=\"s1\">Caducidad<\/span><\/p>\n<\/td>\n<td class=\"td1\" valign=\"top\">\n<p class=\"p1\"><span class=\"s1\">Finalidad<\/span><\/p>\n<\/td>\n<td class=\"td1\" valign=\"top\">\n<p class=\"p1\"><span class=\"s1\">Clase<\/span><\/p>\n<\/td>\n<\/tr>\n<tr>\n<td class=\"td2\" valign=\"top\">\n<p class=\"p1\"><span class=\"s1\">__utma<\/span><\/p>\n<\/td>\n<td class=\"td2\" valign=\"top\">\n<p class=\"p1\"><span class=\"s1\">De Terceros (Google Analytics)<\/span><\/p>\n<\/td>\n<td class=\"td2\" valign=\"top\">\n<p class=\"p1\"><span class=\"s1\">2 a\u00f1os<\/span><\/p>\n<\/td>\n<td class=\"td2\" valign=\"top\">\n<p class=\"p1\"><span class=\"s1\">Se usa para distinguir usuarios y sesiones.<\/span><\/p>\n<\/td>\n<td class=\"td2\" valign=\"top\">\n<p class=\"p1\"><span class=\"s1\">No Exenta<\/span><\/p>\n<\/td>\n<\/tr>\n<tr>\n<td class=\"td3\" valign=\"top\">\n<p class=\"p1\"><span class=\"s1\">__utmb<\/span><\/p>\n<\/td>\n<td class=\"td3\" valign=\"top\">\n<p class=\"p1\"><span class=\"s1\">De Terceros (Google Analytics)<\/span><\/p>\n<\/td>\n<td class=\"td3\" valign=\"top\">\n<p class=\"p1\"><span class=\"s1\">30 minutos<\/span><\/p>\n<\/td>\n<td class=\"td3\" valign=\"top\">\n<p class=\"p1\"><span class=\"s1\">Se usa para determinar nuevas sesiones o visitas<\/span><\/p>\n<\/td>\n<td class=\"td3\" valign=\"top\">\n<p class=\"p1\"><span class=\"s1\">No Exenta<\/span><\/p>\n<\/td>\n<\/tr>\n<tr>\n<td class=\"td4\" valign=\"top\">\n<p class=\"p1\"><span class=\"s1\">__utmc<\/span><\/p>\n<\/td>\n<td class=\"td4\" valign=\"top\">\n<p class=\"p1\"><span class=\"s1\">De Terceros (Google Analytics)<\/span><\/p>\n<\/td>\n<td class=\"td4\" valign=\"top\">\n<p class=\"p1\"><span class=\"s1\">Al finalizar la sesi\u00f3n<\/span><\/p>\n<\/td>\n<td class=\"td4\" valign=\"top\">\n<p class=\"p1\"><span class=\"s1\">Se configura para su uso con Urchin<\/span><\/p>\n<\/td>\n<td class=\"td4\" valign=\"top\">\n<p class=\"p1\"><span class=\"s1\">No Exenta<\/span><\/p>\n<\/td>\n<\/tr>\n<tr>\n<td class=\"td5\" valign=\"top\">\n<p class=\"p1\"><span class=\"s1\">__utmz<\/span><\/p>\n<\/td>\n<td class=\"td5\" valign=\"top\">\n<p class=\"p1\"><span class=\"s1\">De Terceros (Google Analytics)<\/span><\/p>\n<\/td>\n<td class=\"td5\" valign=\"top\">\n<p class=\"p1\"><span class=\"s1\">6 meses<\/span><\/p>\n<\/td>\n<td class=\"td5\" valign=\"top\">\n<p class=\"p1\"><span class=\"s1\">Almacena el origen o la campa\u00f1a que explica c\u00f3mo el usuario ha llegado hasta la p\u00e1gina web<\/span><\/p>\n<\/td>\n<td class=\"td5\" valign=\"top\">\n<p class=\"p1\"><span class=\"s1\">No Exenta<\/span><\/p>\n<\/td>\n<\/tr>\n<\/tbody>\n<\/table>\n<p class=\"p1\"><span class=\"s1\">Adicionalmente, en funci\u00f3n de su objetivo, las cookies pueden clasificarse de la siguiente forma:<\/span><\/p>\n<p class=\"p3\"><span class=\"s1\"><b>Cookies de rendimiento<\/b><\/span><\/p>\n<p class=\"p1\"><span class=\"s1\">Este tipo de Cookie recuerda sus preferencias para las herramientas que se encuentran en los servicios, por lo que no tiene que volver a configurar el servicio cada vez que usted visita. A modo de ejemplo, en esta tipolog\u00eda se incluyen: Ajustes de volumen de reproductores de v\u00eddeo o sonido. Las velocidades de transmisi\u00f3n de v\u00eddeo que sean compatibles con su navegador. Los objetos guardados en el \u201ccarrito de la compra\u201d en los servicios de e-commerce tales como tiendas.<\/span><\/p>\n<p class=\"p3\"><span class=\"s1\"><b>Cookies de geo-localizaci\u00f3n<\/b><\/span><\/p>\n<p class=\"p1\"><span class=\"s1\">Estas cookies son utilizadas para averiguar en qu\u00e9 pa\u00eds se encuentra cuando se solicita un servicio. Esta cookie es totalmente an\u00f3nima, y s\u00f3lo se utiliza para ayudar a orientar el contenido a su ubicaci\u00f3n.<\/span><\/p>\n<p class=\"p3\"><span class=\"s1\"><b>Cookies de registro<\/b><\/span><\/p>\n<p class=\"p1\"><span class=\"s1\">Las cookies de registro se generan una vez que el usuario se ha registrado o posteriormente ha abierto su sesi\u00f3n, y se utilizan para identificarle en los servicios con los siguientes objetivos:<\/span><\/p>\n<p class=\"p1\"><span class=\"s1\">Mantener al usuario identificado de forma que, si cierra un servicio, el navegador o el ordenador y en otro momento u otro d\u00eda vuelve a entrar en dicho servicio, seguir\u00e1 identificado, facilitando as\u00ed su navegaci\u00f3n sin tener que volver a identificarse. Esta funcionalidad se puede suprimir si el usuario pulsa la funcionalidad [cerrar sesi\u00f3n], de forma que esta cookie se elimina y la pr\u00f3xima vez que entre en el servicio el usuario tendr\u00e1 que iniciar sesi\u00f3n para estar identificado.<\/span><\/p>\n<p class=\"p1\"><span class=\"s1\">Comprobar si el usuario est\u00e1 autorizado para acceder a ciertos servicios, por ejemplo, para participar en un concurso.<\/span><\/p>\n<p class=\"p1\"><span class=\"s1\">Adicionalmente, algunos servicios pueden utilizar conectores con redes sociales tales como Facebook o Twitter. Cuando el usuario se registra en un servicio con credenciales de una red social, autoriza a la red social a guardar una Cookie persistente que recuerda su identidad y le garantiza acceso a los servicios hasta que expira. El usuario puede borrar esta Cookie y revocar el acceso a los servicios mediante redes sociales actualizando sus preferencias en la red social que espec\u00edfica.<\/span><\/p>\n<p class=\"p3\"><span class=\"s1\"><b>Cookies de anal\u00edticas<\/b><\/span><\/p>\n<p class=\"p1\"><span class=\"s1\">Cada vez que un usuario visita un servicio, una herramienta de un proveedor externo genera una cookie anal\u00edtica en el ordenador del usuario. Esta cookie que s\u00f3lo se genera en la visita, servir\u00e1 en pr\u00f3ximas visitas a los servicios de SA de CABULLERIA INDUSTRIAL Y DEPORTIVA para identificar de forma an\u00f3nima al visitante. Los objetivos principales que se persiguen son:<\/span><\/p>\n<p class=\"p1\"><span class=\"s1\">Permitir la identificaci\u00f3n an\u00f3nima de los usuarios navegantes a trav\u00e9s de la cookie (identifica navegadores y dispositivos, no personas) y por lo tanto la contabilizaci\u00f3n aproximada del n\u00famero de visitantes y su tendencia en el tiempo.<\/span><\/p>\n<p class=\"p1\"><span class=\"s1\">Identificar de forma an\u00f3nima los contenidos m\u00e1s visitados y por lo tanto m\u00e1s atractivos para los usuarios Saber si el usuario que est\u00e1 accediendo es nuevo o repite visita.<\/span><\/p>\n<p class=\"p1\"><span class=\"s1\">Importante: Salvo que el usuario decida registrarse en un servicio de SA de CABULLERIA INDUSTRIAL Y DEPORTIVA, la cookie nunca ir\u00e1 asociada a ning\u00fan dato de car\u00e1cter personal que pueda identificarle. Dichas cookies s\u00f3lo ser\u00e1n utilizadas con prop\u00f3sitos estad\u00edsticos que ayuden a la optimizaci\u00f3n de la experiencia de los usuarios en el sitio.<\/span><\/p>\n<p class=\"p3\"><span class=\"s1\"><b>Cookies de publicidad<\/b><\/span><\/p>\n<p class=\"p1\"><span class=\"s1\">Este tipo de cookies permiten ampliar la informaci\u00f3n de los anuncios mostrados a cada usuario an\u00f3nimo en los servicios de SA de CABULLERIA INDUSTRIAL Y DEPORTIVA. Entre otros, se almacena la duraci\u00f3n o frecuencia de visualizaci\u00f3n de posiciones publicitarias, la interacci\u00f3n con las mismas, o los patrones de navegaci\u00f3n y\/o comportamientos del usuario ya que ayudan a conformar un perfil de inter\u00e9s publicitario. De este modo, permiten ofrecer publicidad af\u00edn a los intereses del usuario.<\/span><\/p>\n<p class=\"p3\"><span class=\"s1\"><b>Cookies publicitarias de terceros<\/b><\/span><\/p>\n<p class=\"p1\"><span class=\"s1\">Adem\u00e1s de la publicidad gestionada por las webs de SA de CABULLERIA INDUSTRIAL Y DEPORTIVA en sus servicios, las webs de SA de CABULLERIA INDUSTRIAL Y DEPORTIVA ofrecen a sus anunciantes la opci\u00f3n de servir anuncios a trav\u00e9s de terceros (\u201cAd-Servers\u201d). De este modo, estos terceros pueden almacenar cookies enviadas desde los servicios de SA de CABULLERIA INDUSTRIAL Y DEPORTIVA procedentes de los navegadores de los usuarios, as\u00ed como acceder a los datos que en ellas se guardan.<\/span><\/p>\n<p class=\"p1\"><span class=\"s1\">Las empresas que generan estas cookies tienen sus propias pol\u00edticas de privacidad. En la actualidad, las webs de SA de CABULLERIA INDUSTRIAL Y DEPORTIVA utilizan la plataforma Doubleclick (Google) para gestionar estos servicios. Para m\u00e1s informaci\u00f3n, acuda a<\/span><\/p>\n<p class=\"p4\"><span class=\"s2\"><a href=\"http:\/\/www.google.es\/policies\/privacy\/ads\/%23toc-doubleclick\" target=\"_blank\" rel=\"noopener\">http:\/\/www.google.es\/policies\/privacy\/ads\/#toc-doubleclick<\/a><\/span><span class=\"s3\"> y a <a href=\"http:\/\/www.google.es\/policies\/privacy\/ads\/\" target=\"_blank\" rel=\"noopener\"><span class=\"s4\">http:\/\/www.google.es\/policies\/privacy\/ads\/<\/span><\/a>.<\/span><\/p>\n<p class=\"p3\"><span class=\"s1\"><b>\u00bfC\u00f3mo puedo deshabilitar las cookies en mi navegador?<\/b><\/span><\/p>\n<p class=\"p1\"><span class=\"s1\">Se pueden configurar los diferentes navegadores para avisar al usuario de la recepci\u00f3n de cookies y, si se desea, impedir su instalaci\u00f3n en el equipo. Asimismo, el usuario puede revisar en su navegador qu\u00e9 cookies tiene instaladas y cu\u00e1l es el plazo de caducidad de las mismas, pudiendo eliminarlas.<\/span><\/p>\n<p class=\"p1\"><span class=\"s1\">Para ampliar esta informaci\u00f3n consulte las instrucciones y manuales de su navegador:<\/span><\/p>\n<p class=\"p1\"><span class=\"s1\">Para m\u00e1s informaci\u00f3n sobre la administraci\u00f3n de las cookies en Google Chrome: <a href=\"https:\/\/support.google.com\/chrome\/answer\/95647?hl=es\" target=\"_blank\" rel=\"noopener\"><span class=\"s5\">https:\/\/support.google.com\/chrome\/answer\/95647?hl=es<\/span><\/a><\/span><\/p>\n<p class=\"p4\"><span class=\"s3\">Para m\u00e1s informaci\u00f3n sobre la administraci\u00f3n de las cookies en Internet Explorer: <a href=\"http:\/\/windows.microsoft.com\/es-es\/windows-vista\/cookies-frequently-asked-questions\" target=\"_blank\" rel=\"noopener\"><span class=\"s4\">http:\/\/windows.microsoft.com\/es-es\/windows-vista\/cookies-frequently-asked-questions<\/span><\/a><\/span><\/p>\n<p class=\"p4\"><span class=\"s3\">Para m\u00e1s informaci\u00f3n sobre la administraci\u00f3n de las cookies en Mozilla Firefox: <a href=\"http:\/\/support.mozilla.org\/es\/kb\/habilitar-y-deshabilitar-cookies-que-los-sitios-we%2520\" target=\"_blank\" rel=\"noopener\"><span class=\"s4\">http:\/\/support.mozilla.org\/es\/kb\/habilitar-y-deshabilitar-cookies-que-los-sitios-we<\/span><\/a><\/span><\/p>\n<p class=\"p1\"><span class=\"s1\">Para m\u00e1s informaci\u00f3n sobre la administraci\u00f3n de las cookies en Safari: <a href=\"http:\/\/www.apple.com\/es\/privacy\/use-of-cookies\/%2520\" target=\"_blank\" rel=\"noopener\"><span class=\"s5\">http:\/\/www.apple.com\/es\/privacy\/use-of-cookies\/<\/span><\/a><\/span><\/p>\n<p class=\"p1\"><span class=\"s1\">Para m\u00e1s informaci\u00f3n sobre la administraci\u00f3n de las cookies en Opera: <a href=\"http:\/\/help.opera.com\/Windows\/11.50\/es-ES\/cookies.html\" target=\"_blank\" rel=\"noopener\"><span class=\"s5\">http:\/\/help.opera.com\/Windows\/11.50\/es-ES\/cookies.html<\/span><\/a><\/span><\/p>\n<p class=\"p1\"><span class=\"s1\">Si desea dejar de ser seguido por Google Analytics visite: <a href=\"http:\/\/tools.google.com\/dlpage\/gaoptout\" target=\"_blank\" rel=\"noopener\"><span class=\"s5\">http:\/\/tools.google.com\/dlpage\/gaoptout<\/span><\/a><\/span><\/p>\n<p class=\"p3\"><span class=\"s1\"><b>Para saber m\u00e1s sobre las cookies<\/b><\/span><\/p>\n<p class=\"p1\"><span class=\"s1\">Puede obtener m\u00e1s informaci\u00f3n sobre la publicidad online basada en el comportamiento y la privacidad online en el siguiente enlace: <a href=\"http:\/\/www.youronlinechoices.com\/es\/\" target=\"_blank\" rel=\"noopener\"><span class=\"s5\">http:\/\/www.youronlinechoices.com\/es\/<\/span><\/a><\/span><\/p>\n<p class=\"p4\"><span class=\"s3\">Protecci\u00f3n de datos de Google Analytics: <a href=\"http:\/\/www.google.com\/analytics\/learn\/privacy.html\" target=\"_blank\" rel=\"noopener\"><span class=\"s4\">http:\/\/www.google.com\/analytics\/learn\/privacy.html<\/span><\/a><\/span><\/p>\n<p class=\"p4\"><span class=\"s3\">C\u00f3mo usa Google Analytics las cookies: <a href=\"https:\/\/developers.google.com\/analytics\/devguides\/collection\/analyticsjs\/cookie-usage?hl=es%23analyticsjs\" target=\"_blank\" rel=\"noopener\"><span class=\"s4\">https:\/\/developers.google.com\/analytics\/devguides\/collection\/analyticsjs\/cookie-usage?hl=es#analyticsjs<\/span><\/a><\/span><\/p>\n<p class=\"p3\"><span class=\"s1\"><b>Actualizaciones y cambios en la pol\u00edtica de privacidad\/cookies<\/b><\/span><\/p>\n<p class=\"p1\"><span class=\"s1\">Las webs de SA de CABULLERIA INDUSTRIAL Y DEPORTIVA pueden modificar esta Pol\u00edtica de Cookies en funci\u00f3n de exigencias legislativas, reglamentarias, o con la finalidad de adaptar dicha pol\u00edtica a las instrucciones dictadas por la Agencia Espa\u00f1ola de Protecci\u00f3n de Datos, por ello se aconseja a los usuarios que la visiten peri\u00f3dicamente.<\/span><\/p>\n<p class=\"p1\"><span class=\"s1\">Cuando se produzcan cambios significativos en esta Pol\u00edtica de Cookies, estos se comunicar\u00e1n a los usuarios bien mediante la web o a trav\u00e9s de correo electr\u00f3nico a los usuarios registrados.<\/span><\/p>\n<\/div>\n[\/vc_column_text][\/vc_column][\/vc_row]\n","protected":false},"excerpt":{"rendered":"<p>[vc_row type=\u00bbin_container\u00bb full_screen_row_position=\u00bbmiddle\u00bb column_margin=\u00bbdefault\u00bb column_direction=\u00bbdefault\u00bb column_direction_tablet=\u00bbdefault\u00bb column_direction_phone=\u00bbdefault\u00bb scene_position=\u00bbcenter\u00bb text_color=\u00bbdark\u00bb text_align=\u00bbleft\u00bb row_border_radius=\u00bbnone\u00bb row_border_radius_applies=\u00bbbg\u00bb overflow=\u00bbvisible\u00bb overlay_strength=\u00bb0.3&#8243; gradient_direction=\u00bbleft_to_right\u00bb shape_divider_position=\u00bbbottom\u00bb bg_image_animation=\u00bbnone\u00bb][vc_column column_padding=\u00bbno-extra-padding\u00bb column_padding_tablet=\u00bbinherit\u00bb column_padding_phone=\u00bbinherit\u00bb column_padding_position=\u00bball\u00bb column_element_direction_desktop=\u00bbdefault\u00bb column_element_spacing=\u00bbdefault\u00bb desktop_text_alignment=\u00bbdefault\u00bb tablet_text_alignment=\u00bbdefault\u00bb phone_text_alignment=\u00bbdefault\u00bb background_color_opacity=\u00bb1&#8243; background_hover_color_opacity=\u00bb1&#8243; column_backdrop_filter=\u00bbnone\u00bb column_shadow=\u00bbnone\u00bb column_border_radius=\u00bbnone\u00bb column_link_target=\u00bb_self\u00bb column_position=\u00bbdefault\u00bb gradient_direction=\u00bbleft_to_right\u00bb overlay_strength=\u00bb0.3&#8243; width=\u00bb1\/1&#8243; tablet_width_inherit=\u00bbdefault\u00bb animation_type=\u00bbdefault\u00bb bg_image_animation=\u00bbnone\u00bb border_type=\u00bbsimple\u00bb&#8230;<\/p>\n","protected":false},"author":7,"featured_media":0,"parent":0,"menu_order":0,"comment_status":"closed","ping_status":"closed","template":"","meta":{"footnotes":""},"class_list":["post-10835","page","type-page","status-publish"],"_links":{"self":[{"href":"https:\/\/sacidkordas.com\/es\/wp-json\/wp\/v2\/pages\/10835","targetHints":{"allow":["GET"]}}],"collection":[{"href":"https:\/\/sacidkordas.com\/es\/wp-json\/wp\/v2\/pages"}],"about":[{"href":"https:\/\/sacidkordas.com\/es\/wp-json\/wp\/v2\/types\/page"}],"author":[{"embeddable":true,"href":"https:\/\/sacidkordas.com\/es\/wp-json\/wp\/v2\/users\/7"}],"replies":[{"embeddable":true,"href":"https:\/\/sacidkordas.com\/es\/wp-json\/wp\/v2\/comments?post=10835"}],"version-history":[{"count":0,"href":"https:\/\/sacidkordas.com\/es\/wp-json\/wp\/v2\/pages\/10835\/revisions"}],"wp:attachment":[{"href":"https:\/\/sacidkordas.com\/es\/wp-json\/wp\/v2\/media?parent=10835"}],"curies":[{"name":"wp","href":"https:\/\/api.w.org\/{rel}","templated":true}]}}