{"id":10805,"date":"2020-05-28T16:57:22","date_gmt":"2020-05-28T16:57:22","guid":{"rendered":"https:\/\/sacidkordas.com\/privacitat"},"modified":"2024-07-25T09:10:45","modified_gmt":"2024-07-25T09:10:45","slug":"privacidad","status":"publish","type":"page","link":"https:\/\/sacidkordas.com\/es\/privacidad\/","title":{"rendered":"PRIVACIDAD"},"content":{"rendered":"[vc_row type=\u00bbin_container\u00bb full_screen_row_position=\u00bbmiddle\u00bb column_margin=\u00bbdefault\u00bb column_direction=\u00bbdefault\u00bb column_direction_tablet=\u00bbdefault\u00bb column_direction_phone=\u00bbdefault\u00bb scene_position=\u00bbcenter\u00bb text_color=\u00bbdark\u00bb text_align=\u00bbleft\u00bb row_border_radius=\u00bbnone\u00bb row_border_radius_applies=\u00bbbg\u00bb overflow=\u00bbvisible\u00bb overlay_strength=\u00bb0.3&#8243; gradient_direction=\u00bbleft_to_right\u00bb shape_divider_position=\u00bbbottom\u00bb bg_image_animation=\u00bbnone\u00bb][vc_column column_padding=\u00bbno-extra-padding\u00bb column_padding_tablet=\u00bbinherit\u00bb column_padding_phone=\u00bbinherit\u00bb column_padding_position=\u00bball\u00bb column_element_direction_desktop=\u00bbdefault\u00bb column_element_spacing=\u00bbdefault\u00bb desktop_text_alignment=\u00bbdefault\u00bb tablet_text_alignment=\u00bbdefault\u00bb phone_text_alignment=\u00bbdefault\u00bb background_color_opacity=\u00bb1&#8243; background_hover_color_opacity=\u00bb1&#8243; column_backdrop_filter=\u00bbnone\u00bb column_shadow=\u00bbnone\u00bb column_border_radius=\u00bbnone\u00bb column_link_target=\u00bb_self\u00bb column_position=\u00bbdefault\u00bb gradient_direction=\u00bbleft_to_right\u00bb overlay_strength=\u00bb0.3&#8243; width=\u00bb1\/1&#8243; tablet_width_inherit=\u00bbdefault\u00bb animation_type=\u00bbdefault\u00bb bg_image_animation=\u00bbnone\u00bb border_type=\u00bbsimple\u00bb column_border_width=\u00bbnone\u00bb column_border_style=\u00bbsolid\u00bb][vc_column_text]\n<p style=\"text-align: center;\"><strong><u>Pol\u00edtica de Privacidad (RGPD)<\/u><\/strong><\/p>\n<p><strong><u>RESPONSABLE DEL TRATAMIENTO<\/u><\/strong><\/p>\n<p>SA DE CABULLERIA INDUSTRIAL Y DEPORTIVA (KORDAS) A58174798, con domicilio en Pol\u00edgon Raval dels Torrents, 4, Parcel.la 4, 08297, Castellgal\u00ed Telefono 938330302 y mail <a href=\"mailto:sacid@sacidkordas.com\">sacid@sacidkordas.com<\/a><\/p>\n<p><strong><u>FINALIDAD<\/u><\/strong><\/p>\n<p>La finalidad de la creaci\u00f3n, existencia y mantenimiento es el tratamiento de los datos con los exclusivos fines de de poder hacer efectiva nuestra relaci\u00f3n comercial y realizar la facturaci\u00f3n de la misma.<\/p>\n<p><strong><u>LEGITIMACI\u00d3N<\/u><\/strong><\/p>\n<p>La base legal para el tratamiento de sus datos es la ejecuci\u00f3n de la relaci\u00f3n comercial entre el titular del dato y el responsable del tratamiento y dicha informaci\u00f3n personal se conservar\u00e1 mientras se mantenga la relaci\u00f3n o durante el tiempo estrictamente necesario para cumplir con las obligaciones legales.<\/p>\n<p><strong><u>COMUNICACIONES COMERCIALES<\/u><\/strong><\/p>\n<p>Asimismo y en base a su consentimiento otorgado de forma afirmativa y expresa, nos permite poder enviarle informaci\u00f3n comercial sobre nuestros productos y novedades a trav\u00e9s de correo electr\u00f3nico. Dicho consentimiento podr\u00e1 ser revocado en cualquier momento a trav\u00e9s de nuestro correo electr\u00f3nico <a href=\"mailto:sacid@sacidkordas.com\">sacid@sacidkordas.com<\/a><\/p>\n<p><strong><u>PERIODO DE CONSERVACI\u00d3N<\/u><\/strong><\/p>\n<p>Los datos proporcionados se conservar\u00e1n mientras se mantenga la relaci\u00f3n comercial o durante los a\u00f1os necesarios para cumplir con las obligaciones legales<\/p>\n<p><strong><u>DESTINATARIOS<\/u><\/strong><\/p>\n<p>Mientras dure el tratamiento de los datos del interesado, SA DE CABULLERIA INDUSTRIAL Y DEPORTIVA (KORDAS) no ceder\u00e1 los datos a terceros, salvo que medie obligaci\u00f3n legal.<\/p>\n<p>En los supuestos que, para la realizaci\u00f3n de tratamientos de tipo administrativo, fiscal, contable y\/o comercial, se cuente con los servicios de terceros, se formalizar\u00e1 debidamente el preceptivo contrato de encargado de tratamiento, con la finalidad de garantizar la seguridad y confidencialidad de los datos del interesado frente a terceros.<\/p>\n<p><strong><em>\u00a0<\/em><\/strong><strong><u>DERECHOS<\/u><\/strong><\/p>\n<p>Las personas interesadas tienen derecho a\u00a0acceder\u00a0a sus datos de car\u00e1cter personal, as\u00ed como a solicitar la\u00a0rectificaci\u00f3n\u00a0de datos inexactos o, en su caso, solicitar la\u00a0supresi\u00f3n\u00a0cuando, entre otros motivos, los datos ya no sean necesarios para la finalidad que fueron entregados as\u00ed como\u00a0retirar el consentimiento otorgado. El ejercicio de\u00a0oposici\u00f3n\u00a0al tratamiento de sus datos para el env\u00edo de informaci\u00f3n publicitaria por v\u00eda electr\u00f3nica. Tambi\u00e9n puede ejercer su derecho a la\u00a0limitaci\u00f3n del tratamiento, de forma que sus datos no ser\u00e1n suprimidos pero el tratamiento de los mismos estar\u00e1 sujeto a limitaciones.<\/p>\n<p>Los ejercicios de portabilidad y automatizaci\u00f3n de decisiones no aplican en este caso por la tipolog\u00eda de datos y tratamiento de los mismos.[\/vc_column_text][\/vc_column][\/vc_row]\n","protected":false},"excerpt":{"rendered":"<p>[vc_row type=\u00bbin_container\u00bb full_screen_row_position=\u00bbmiddle\u00bb column_margin=\u00bbdefault\u00bb column_direction=\u00bbdefault\u00bb column_direction_tablet=\u00bbdefault\u00bb column_direction_phone=\u00bbdefault\u00bb scene_position=\u00bbcenter\u00bb text_color=\u00bbdark\u00bb text_align=\u00bbleft\u00bb row_border_radius=\u00bbnone\u00bb row_border_radius_applies=\u00bbbg\u00bb overflow=\u00bbvisible\u00bb overlay_strength=\u00bb0.3&#8243; gradient_direction=\u00bbleft_to_right\u00bb shape_divider_position=\u00bbbottom\u00bb bg_image_animation=\u00bbnone\u00bb][vc_column column_padding=\u00bbno-extra-padding\u00bb column_padding_tablet=\u00bbinherit\u00bb column_padding_phone=\u00bbinherit\u00bb column_padding_position=\u00bball\u00bb column_element_direction_desktop=\u00bbdefault\u00bb column_element_spacing=\u00bbdefault\u00bb desktop_text_alignment=\u00bbdefault\u00bb tablet_text_alignment=\u00bbdefault\u00bb phone_text_alignment=\u00bbdefault\u00bb background_color_opacity=\u00bb1&#8243; background_hover_color_opacity=\u00bb1&#8243; column_backdrop_filter=\u00bbnone\u00bb column_shadow=\u00bbnone\u00bb column_border_radius=\u00bbnone\u00bb column_link_target=\u00bb_self\u00bb column_position=\u00bbdefault\u00bb gradient_direction=\u00bbleft_to_right\u00bb overlay_strength=\u00bb0.3&#8243; width=\u00bb1\/1&#8243; tablet_width_inherit=\u00bbdefault\u00bb animation_type=\u00bbdefault\u00bb bg_image_animation=\u00bbnone\u00bb border_type=\u00bbsimple\u00bb&#8230;<\/p>\n","protected":false},"author":7,"featured_media":0,"parent":0,"menu_order":0,"comment_status":"closed","ping_status":"closed","template":"","meta":{"footnotes":""},"class_list":["post-10805","page","type-page","status-publish"],"_links":{"self":[{"href":"https:\/\/sacidkordas.com\/es\/wp-json\/wp\/v2\/pages\/10805","targetHints":{"allow":["GET"]}}],"collection":[{"href":"https:\/\/sacidkordas.com\/es\/wp-json\/wp\/v2\/pages"}],"about":[{"href":"https:\/\/sacidkordas.com\/es\/wp-json\/wp\/v2\/types\/page"}],"author":[{"embeddable":true,"href":"https:\/\/sacidkordas.com\/es\/wp-json\/wp\/v2\/users\/7"}],"replies":[{"embeddable":true,"href":"https:\/\/sacidkordas.com\/es\/wp-json\/wp\/v2\/comments?post=10805"}],"version-history":[{"count":0,"href":"https:\/\/sacidkordas.com\/es\/wp-json\/wp\/v2\/pages\/10805\/revisions"}],"wp:attachment":[{"href":"https:\/\/sacidkordas.com\/es\/wp-json\/wp\/v2\/media?parent=10805"}],"curies":[{"name":"wp","href":"https:\/\/api.w.org\/{rel}","templated":true}]}}