{"id":9055,"date":"2020-04-27T08:09:14","date_gmt":"2020-04-27T08:09:14","guid":{"rendered":"https:\/\/sacidkordas.com\/producte\/flota"},"modified":"2023-11-22T10:11:33","modified_gmt":"2023-11-22T10:11:33","slug":"corda-flota","status":"publish","type":"product","link":"https:\/\/sacidkordas.com\/ca\/corda-flota\/","title":{"rendered":"Flota"},"content":{"rendered":"","protected":false},"excerpt":{"rendered":"<p id=\"tw-target-text\" class=\"tw-data-text tw-text-large tw-ta\" dir=\"ltr\" data-placeholder=\"Traducci\u00f3\"><span lang=\"ca\">Corda de di\u00e0metre 9mm, 100% de polipropil\u00e8 per a assegurar la m\u00e0xima flotabilitat. <\/span><\/p>\n<p class=\"tw-data-text tw-text-large tw-ta\" dir=\"ltr\" data-placeholder=\"Traducci\u00f3\"><span lang=\"ca\">Es tracta d&#8217;una corda no v\u00e0lida per a la suspensi\u00f3 en al\u00e7ada, per\u00f2 molt \u00fatil per a accions d&#8217;auxili a la superf\u00edcie de l&#8217;aigua. <\/span><\/p>\n<p class=\"tw-data-text tw-text-large tw-ta\" dir=\"ltr\" data-placeholder=\"Traducci\u00f3\"><span lang=\"ca\">Els seus colors vius i l&#8217;excel\u00b7lent flotabilitat asseguren la seva visibilitat a l&#8217;aigua amb el que es faciliten les tasques de rescat tant als professionals com a les v\u00edctimes.<\/span><\/p>\n","protected":false},"featured_media":14808,"template":"","meta":[],"product_brand":[],"product_cat":[246,73,74,106,105],"product_tag":[],"class_list":{"0":"post-9055","1":"product","2":"type-product","3":"status-publish","4":"has-post-thumbnail","6":"product_cat-complements","7":"product_cat-esportives","8":"product_cat-profesional","9":"product_cat-rescat-i-intervencio","10":"product_cat-treball-en-alcada-cuerdas-de-trabajo","12":"first","13":"outofstock","14":"downloadable","15":"virtual","16":"product-type-simple"},"_links":{"self":[{"href":"https:\/\/sacidkordas.com\/ca\/wp-json\/wp\/v2\/product\/9055","targetHints":{"allow":["GET"]}}],"collection":[{"href":"https:\/\/sacidkordas.com\/ca\/wp-json\/wp\/v2\/product"}],"about":[{"href":"https:\/\/sacidkordas.com\/ca\/wp-json\/wp\/v2\/types\/product"}],"wp:featuredmedia":[{"embeddable":true,"href":"https:\/\/sacidkordas.com\/ca\/wp-json\/wp\/v2\/media\/14808"}],"wp:attachment":[{"href":"https:\/\/sacidkordas.com\/ca\/wp-json\/wp\/v2\/media?parent=9055"}],"wp:term":[{"taxonomy":"product_brand","embeddable":true,"href":"https:\/\/sacidkordas.com\/ca\/wp-json\/wp\/v2\/product_brand?post=9055"},{"taxonomy":"product_cat","embeddable":true,"href":"https:\/\/sacidkordas.com\/ca\/wp-json\/wp\/v2\/product_cat?post=9055"},{"taxonomy":"product_tag","embeddable":true,"href":"https:\/\/sacidkordas.com\/ca\/wp-json\/wp\/v2\/product_tag?post=9055"}],"curies":[{"name":"wp","href":"https:\/\/api.w.org\/{rel}","templated":true}]}}