{"id":9050,"date":"2020-04-27T08:00:45","date_gmt":"2020-04-27T08:00:45","guid":{"rendered":"https:\/\/sacidkordas.com\/?post_type=product&#038;p=9050"},"modified":"2023-11-22T10:55:58","modified_gmt":"2023-11-22T10:55:58","slug":"corda-socors","status":"publish","type":"product","link":"https:\/\/sacidkordas.com\/ca\/corda-socors\/","title":{"rendered":"Corda socors"},"content":{"rendered":"","protected":false},"excerpt":{"rendered":"<p class=\"rtejustify\">Corda de di\u00e0metre\u00a0 6, 8 o 10mm, amb trenat helicoidal i molt flexible.<\/p>\n<p class=\"rtejustify\">Fabricat en color groc per a assegurar la seva visi\u00f3 a l&#8217;aigua, i en polipropil\u00e8, per assegura la seva flotabilitat. \u00datil per a diferents tasques de rescat en zones aqu\u00e0tiques.<\/p>\n","protected":false},"featured_media":12728,"template":"","meta":[],"product_brand":[],"product_cat":[246,73,74,106],"product_tag":[],"class_list":{"0":"post-9050","1":"product","2":"type-product","3":"status-publish","4":"has-post-thumbnail","6":"product_cat-complements","7":"product_cat-esportives","8":"product_cat-profesional","9":"product_cat-rescat-i-intervencio","11":"first","12":"outofstock","13":"downloadable","14":"virtual","15":"product-type-simple"},"_links":{"self":[{"href":"https:\/\/sacidkordas.com\/ca\/wp-json\/wp\/v2\/product\/9050","targetHints":{"allow":["GET"]}}],"collection":[{"href":"https:\/\/sacidkordas.com\/ca\/wp-json\/wp\/v2\/product"}],"about":[{"href":"https:\/\/sacidkordas.com\/ca\/wp-json\/wp\/v2\/types\/product"}],"wp:featuredmedia":[{"embeddable":true,"href":"https:\/\/sacidkordas.com\/ca\/wp-json\/wp\/v2\/media\/12728"}],"wp:attachment":[{"href":"https:\/\/sacidkordas.com\/ca\/wp-json\/wp\/v2\/media?parent=9050"}],"wp:term":[{"taxonomy":"product_brand","embeddable":true,"href":"https:\/\/sacidkordas.com\/ca\/wp-json\/wp\/v2\/product_brand?post=9050"},{"taxonomy":"product_cat","embeddable":true,"href":"https:\/\/sacidkordas.com\/ca\/wp-json\/wp\/v2\/product_cat?post=9050"},{"taxonomy":"product_tag","embeddable":true,"href":"https:\/\/sacidkordas.com\/ca\/wp-json\/wp\/v2\/product_tag?post=9050"}],"curies":[{"name":"wp","href":"https:\/\/api.w.org\/{rel}","templated":true}]}}