{"id":8249,"date":"2020-04-09T15:46:14","date_gmt":"2020-04-09T15:46:14","guid":{"rendered":"https:\/\/sacidkordas.com\/?post_type=product&#038;p=8249"},"modified":"2022-03-21T08:18:21","modified_gmt":"2022-03-21T08:18:21","slug":"teixits-torcats","status":"publish","type":"product","link":"https:\/\/sacidkordas.com\/ca\/teixits-torcats\/","title":{"rendered":"Teixits tor\u00e7ats"},"content":{"rendered":"","protected":false},"excerpt":{"rendered":"<p class=\"rtejustify\">Tor\u00e7at a 2 3 o 4 caps.<\/p>\n<ul>\n<li class=\"rtejustify\"><strong>CARACTER\u00cdSTIQUES<\/strong><\/li>\n<\/ul>\n<p class=\"rtejustify\">Teixit tallat a diferents amplades i tor\u00e7at segons la necessitat del di\u00e0metre final. En aquest tipus de fabricaci\u00f3 no hi ha problem\u00e0tica de canvis de colors de la pe\u00e7a, ja que \u00e9s el mateix teixit.<\/p>\n<ul>\n<li class=\"rtejustify\"><strong>SECTOR<\/strong><\/li>\n<\/ul>\n<p class=\"rtejustify\">Confecci\u00f3<\/p>\n<p class=\"rtejustify\">La nostre condici\u00f3 de fabricant ens permet realitzar qualsevol comanda especial, no dubtin en consultar a trav\u00e9s del\u00a0<a href=\"https:\/\/sacidkordas.com\/contact\"><strong>formulari de contacte Korda\u2019s.<\/strong><\/a><\/p>\n","protected":false},"featured_media":8635,"template":"","meta":[],"product_brand":[],"product_cat":[75],"product_tag":[],"class_list":{"0":"post-8249","1":"product","2":"type-product","3":"status-publish","4":"has-post-thumbnail","6":"product_cat-corderia","8":"first","9":"outofstock","10":"downloadable","11":"virtual","12":"product-type-simple"},"_links":{"self":[{"href":"https:\/\/sacidkordas.com\/ca\/wp-json\/wp\/v2\/product\/8249","targetHints":{"allow":["GET"]}}],"collection":[{"href":"https:\/\/sacidkordas.com\/ca\/wp-json\/wp\/v2\/product"}],"about":[{"href":"https:\/\/sacidkordas.com\/ca\/wp-json\/wp\/v2\/types\/product"}],"wp:featuredmedia":[{"embeddable":true,"href":"https:\/\/sacidkordas.com\/ca\/wp-json\/wp\/v2\/media\/8635"}],"wp:attachment":[{"href":"https:\/\/sacidkordas.com\/ca\/wp-json\/wp\/v2\/media?parent=8249"}],"wp:term":[{"taxonomy":"product_brand","embeddable":true,"href":"https:\/\/sacidkordas.com\/ca\/wp-json\/wp\/v2\/product_brand?post=8249"},{"taxonomy":"product_cat","embeddable":true,"href":"https:\/\/sacidkordas.com\/ca\/wp-json\/wp\/v2\/product_cat?post=8249"},{"taxonomy":"product_tag","embeddable":true,"href":"https:\/\/sacidkordas.com\/ca\/wp-json\/wp\/v2\/product_tag?post=8249"}],"curies":[{"name":"wp","href":"https:\/\/api.w.org\/{rel}","templated":true}]}}