{"id":8242,"date":"2020-04-09T15:27:39","date_gmt":"2020-04-09T15:27:39","guid":{"rendered":"https:\/\/sacidkordas.com\/?post_type=product&#038;p=8242"},"modified":"2022-03-21T08:18:22","modified_gmt":"2022-03-21T08:18:22","slug":"torcats-coto","status":"publish","type":"product","link":"https:\/\/sacidkordas.com\/ca\/torcats-coto\/","title":{"rendered":"Tor\u00e7ats cot\u00f3"},"content":{"rendered":"","protected":false},"excerpt":{"rendered":"<p class=\"rtejustify\">Cordes tor\u00e7ades fabricades en 2, 3 o 4 caps.<\/p>\n<ul>\n<li class=\"rtejustify\"><strong>CARACTER\u00cdSTIQUES<\/strong><\/li>\n<\/ul>\n<p class=\"rtejustify\">Tor\u00e7ats especials amb possibilitat de poder tintar a qualsevol color, molt flexibles i suaus al tacte. Fabricaci\u00f3 personalitzada depenent de l\u2019\u00fas.<\/p>\n<ul>\n<li class=\"rtejustify\"><strong>SECTOR<\/strong><\/li>\n<\/ul>\n<p class=\"rtejustify\"><strong>Manualitats, confecci\u00f3, decoraci\u00f3, ind\u00fastries c\u00e0rniques, bricolatge&#8230;<\/strong><\/p>\n<p class=\"rtejustify\">La nostre condici\u00f3 de fabricant ens permet realitzar qualsevol comanda especial, no dubtin en consultar a trav\u00e9s del\u00a0<a href=\"https:\/\/sacidkordas.com\/contact\"><strong>formulari de contacte Korda\u2019s.<\/strong><\/a><\/p>\n","protected":false},"featured_media":8264,"template":"","meta":[],"product_brand":[],"product_cat":[75],"product_tag":[],"class_list":{"0":"post-8242","1":"product","2":"type-product","3":"status-publish","4":"has-post-thumbnail","6":"product_cat-corderia","8":"first","9":"outofstock","10":"downloadable","11":"virtual","12":"product-type-simple"},"_links":{"self":[{"href":"https:\/\/sacidkordas.com\/ca\/wp-json\/wp\/v2\/product\/8242","targetHints":{"allow":["GET"]}}],"collection":[{"href":"https:\/\/sacidkordas.com\/ca\/wp-json\/wp\/v2\/product"}],"about":[{"href":"https:\/\/sacidkordas.com\/ca\/wp-json\/wp\/v2\/types\/product"}],"wp:featuredmedia":[{"embeddable":true,"href":"https:\/\/sacidkordas.com\/ca\/wp-json\/wp\/v2\/media\/8264"}],"wp:attachment":[{"href":"https:\/\/sacidkordas.com\/ca\/wp-json\/wp\/v2\/media?parent=8242"}],"wp:term":[{"taxonomy":"product_brand","embeddable":true,"href":"https:\/\/sacidkordas.com\/ca\/wp-json\/wp\/v2\/product_brand?post=8242"},{"taxonomy":"product_cat","embeddable":true,"href":"https:\/\/sacidkordas.com\/ca\/wp-json\/wp\/v2\/product_cat?post=8242"},{"taxonomy":"product_tag","embeddable":true,"href":"https:\/\/sacidkordas.com\/ca\/wp-json\/wp\/v2\/product_tag?post=8242"}],"curies":[{"name":"wp","href":"https:\/\/api.w.org\/{rel}","templated":true}]}}