{"id":8079,"date":"2020-03-17T12:31:35","date_gmt":"2020-03-17T12:31:35","guid":{"rendered":"https:\/\/sacidkordas.com\/?post_type=product&#038;p=8079"},"modified":"2024-06-19T10:41:11","modified_gmt":"2024-06-19T10:41:11","slug":"bossa-rescat-aquatic","status":"publish","type":"product","link":"https:\/\/sacidkordas.com\/ca\/bossa-rescat-aquatic\/","title":{"rendered":"Bossa rescat aqu\u00e0tic"},"content":{"rendered":"","protected":false},"excerpt":{"rendered":"<p>Bossa molt compacte i lleugera, c\u00f2mode de portar lligada al arn\u00e9s. F\u00e0cil i r\u00e0pida de llen\u00e7ar en cas de situacions aqu\u00e0tiques complicades.<\/p>\n<p><strong>NO utilitzar la corda per a rapelar.<\/strong><\/p>\n<ul>\n<li>Color: Vermella \/ Taronja \/ Groc \/ Verd<\/li>\n<li>Pes: 250g<\/li>\n<li>Resist\u00e8ncia corda: 350 daN<\/li>\n<li>Di\u00e0metre corda: 6mm<\/li>\n<li>Longitut corda: 15m<\/li>\n<li>Destaquem: Molt lleugera i \u00fatil en situacions complicades.<\/li>\n<\/ul>\n<p>&nbsp;<\/p>\n","protected":false},"featured_media":16563,"template":"","meta":[],"product_brand":[],"product_cat":[246,73],"product_tag":[],"class_list":{"0":"post-8079","1":"product","2":"type-product","3":"status-publish","4":"has-post-thumbnail","6":"product_cat-complements","7":"product_cat-esportives","9":"first","10":"outofstock","11":"downloadable","12":"virtual","13":"product-type-simple"},"_links":{"self":[{"href":"https:\/\/sacidkordas.com\/ca\/wp-json\/wp\/v2\/product\/8079","targetHints":{"allow":["GET"]}}],"collection":[{"href":"https:\/\/sacidkordas.com\/ca\/wp-json\/wp\/v2\/product"}],"about":[{"href":"https:\/\/sacidkordas.com\/ca\/wp-json\/wp\/v2\/types\/product"}],"wp:featuredmedia":[{"embeddable":true,"href":"https:\/\/sacidkordas.com\/ca\/wp-json\/wp\/v2\/media\/16563"}],"wp:attachment":[{"href":"https:\/\/sacidkordas.com\/ca\/wp-json\/wp\/v2\/media?parent=8079"}],"wp:term":[{"taxonomy":"product_brand","embeddable":true,"href":"https:\/\/sacidkordas.com\/ca\/wp-json\/wp\/v2\/product_brand?post=8079"},{"taxonomy":"product_cat","embeddable":true,"href":"https:\/\/sacidkordas.com\/ca\/wp-json\/wp\/v2\/product_cat?post=8079"},{"taxonomy":"product_tag","embeddable":true,"href":"https:\/\/sacidkordas.com\/ca\/wp-json\/wp\/v2\/product_tag?post=8079"}],"curies":[{"name":"wp","href":"https:\/\/api.w.org\/{rel}","templated":true}]}}