{"id":8055,"date":"2020-03-17T11:46:33","date_gmt":"2020-03-17T11:46:33","guid":{"rendered":"https:\/\/sacidkordas.com\/?post_type=product&#038;p=8055"},"modified":"2024-06-17T14:32:26","modified_gmt":"2024-06-17T14:32:26","slug":"xiulets","status":"publish","type":"product","link":"https:\/\/sacidkordas.com\/ca\/xiulets\/","title":{"rendered":"Xiulets"},"content":{"rendered":"","protected":false},"excerpt":{"rendered":"<p>Pack de 10 xiulets.<\/p>\n<p>Destinats principalment per la comunicaci\u00f3 a trav\u00e9s de codi de senyals en barranquisme, quan el soroll de l&#8217;aigua fa impossible la comunicaci\u00f3 verbal.<\/p>\n<p>&nbsp;<\/p>\n<p>&nbsp;<\/p>\n","protected":false},"featured_media":16530,"template":"","meta":[],"product_brand":[],"product_cat":[246,73],"product_tag":[],"class_list":{"0":"post-8055","1":"product","2":"type-product","3":"status-publish","4":"has-post-thumbnail","6":"product_cat-complements","7":"product_cat-esportives","9":"first","10":"outofstock","11":"downloadable","12":"virtual","13":"product-type-simple"},"_links":{"self":[{"href":"https:\/\/sacidkordas.com\/ca\/wp-json\/wp\/v2\/product\/8055","targetHints":{"allow":["GET"]}}],"collection":[{"href":"https:\/\/sacidkordas.com\/ca\/wp-json\/wp\/v2\/product"}],"about":[{"href":"https:\/\/sacidkordas.com\/ca\/wp-json\/wp\/v2\/types\/product"}],"wp:featuredmedia":[{"embeddable":true,"href":"https:\/\/sacidkordas.com\/ca\/wp-json\/wp\/v2\/media\/16530"}],"wp:attachment":[{"href":"https:\/\/sacidkordas.com\/ca\/wp-json\/wp\/v2\/media?parent=8055"}],"wp:term":[{"taxonomy":"product_brand","embeddable":true,"href":"https:\/\/sacidkordas.com\/ca\/wp-json\/wp\/v2\/product_brand?post=8055"},{"taxonomy":"product_cat","embeddable":true,"href":"https:\/\/sacidkordas.com\/ca\/wp-json\/wp\/v2\/product_cat?post=8055"},{"taxonomy":"product_tag","embeddable":true,"href":"https:\/\/sacidkordas.com\/ca\/wp-json\/wp\/v2\/product_tag?post=8055"}],"curies":[{"name":"wp","href":"https:\/\/api.w.org\/{rel}","templated":true}]}}