{"id":8040,"date":"2020-03-17T08:45:55","date_gmt":"2020-03-17T08:45:55","guid":{"rendered":"https:\/\/sacidkordas.com\/?post_type=product&#038;p=8040"},"modified":"2025-04-07T11:05:06","modified_gmt":"2025-04-07T11:05:06","slug":"pistola-tall-termic","status":"publish","type":"product","link":"https:\/\/sacidkordas.com\/ca\/pistola-tall-termic\/","title":{"rendered":"Pistola tall t\u00e8rmic"},"content":{"rendered":"","protected":false},"excerpt":{"rendered":"<p>Eina el\u00e8ctrica especifica per tallar teixit, corda, i cintes de fibra sint\u00e8tica. Facilita un tall continu i regular que permet talls precisos i n\u00edtids.<\/p>\n<p>La fulla de tall arriba a una temperatura de 600\u00ba en aproximadament 8 segons.<\/p>\n<p>&nbsp;<\/p>\n","protected":false},"featured_media":16522,"template":"","meta":[],"product_brand":[],"product_cat":[246,73],"product_tag":[],"class_list":{"0":"post-8040","1":"product","2":"type-product","3":"status-publish","4":"has-post-thumbnail","6":"product_cat-complements","7":"product_cat-esportives","9":"first","10":"outofstock","11":"downloadable","12":"virtual","13":"product-type-simple"},"_links":{"self":[{"href":"https:\/\/sacidkordas.com\/ca\/wp-json\/wp\/v2\/product\/8040","targetHints":{"allow":["GET"]}}],"collection":[{"href":"https:\/\/sacidkordas.com\/ca\/wp-json\/wp\/v2\/product"}],"about":[{"href":"https:\/\/sacidkordas.com\/ca\/wp-json\/wp\/v2\/types\/product"}],"wp:featuredmedia":[{"embeddable":true,"href":"https:\/\/sacidkordas.com\/ca\/wp-json\/wp\/v2\/media\/16522"}],"wp:attachment":[{"href":"https:\/\/sacidkordas.com\/ca\/wp-json\/wp\/v2\/media?parent=8040"}],"wp:term":[{"taxonomy":"product_brand","embeddable":true,"href":"https:\/\/sacidkordas.com\/ca\/wp-json\/wp\/v2\/product_brand?post=8040"},{"taxonomy":"product_cat","embeddable":true,"href":"https:\/\/sacidkordas.com\/ca\/wp-json\/wp\/v2\/product_cat?post=8040"},{"taxonomy":"product_tag","embeddable":true,"href":"https:\/\/sacidkordas.com\/ca\/wp-json\/wp\/v2\/product_tag?post=8040"}],"curies":[{"name":"wp","href":"https:\/\/api.w.org\/{rel}","templated":true}]}}