{"id":8033,"date":"2020-03-17T08:06:47","date_gmt":"2020-03-17T08:06:47","guid":{"rendered":"https:\/\/sacidkordas.com\/?post_type=product&#038;p=8033"},"modified":"2023-06-30T12:31:57","modified_gmt":"2023-06-30T12:31:57","slug":"comptametres","status":"publish","type":"product","link":"https:\/\/sacidkordas.com\/ca\/comptametres\/","title":{"rendered":"Comptametres"},"content":{"rendered":"[vc_row type=&#8221;in_container&#8221; full_screen_row_position=&#8221;middle&#8221; column_margin=&#8221;default&#8221; scene_position=&#8221;center&#8221; text_color=&#8221;dark&#8221; text_align=&#8221;left&#8221; overlay_strength=&#8221;0.3&#8243; shape_divider_position=&#8221;bottom&#8221; bg_image_animation=&#8221;none&#8221;][vc_column column_padding=&#8221;no-extra-padding&#8221; column_padding_position=&#8221;all&#8221; background_color_opacity=&#8221;1&#8243; background_hover_color_opacity=&#8221;1&#8243; column_link_target=&#8221;_self&#8221; column_shadow=&#8221;none&#8221; column_border_radius=&#8221;none&#8221; width=&#8221;1\/1&#8243; tablet_width_inherit=&#8221;default&#8221; tablet_text_alignment=&#8221;default&#8221; phone_text_alignment=&#8221;default&#8221; overlay_strength=&#8221;0.3&#8243; column_border_width=&#8221;none&#8221; column_border_style=&#8221;solid&#8221; bg_image_animation=&#8221;none&#8221;][vc_column_text]Descarrega les instruccions d&#8217;\u00fas.[\/vc_column_text][\/vc_column][\/vc_row][vc_row type=&#8221;in_container&#8221; full_screen_row_position=&#8221;middle&#8221; column_margin=&#8221;default&#8221; scene_position=&#8221;center&#8221; text_color=&#8221;dark&#8221; text_align=&#8221;left&#8221; overlay_strength=&#8221;0.3&#8243; shape_divider_position=&#8221;bottom&#8221; bg_image_animation=&#8221;none&#8221;][vc_column column_padding=&#8221;no-extra-padding&#8221; column_padding_position=&#8221;all&#8221; background_color_opacity=&#8221;1&#8243; background_hover_color_opacity=&#8221;1&#8243; column_link_target=&#8221;_self&#8221; column_shadow=&#8221;none&#8221; column_border_radius=&#8221;none&#8221; width=&#8221;1\/1&#8243; tablet_width_inherit=&#8221;default&#8221; tablet_text_alignment=&#8221;default&#8221; phone_text_alignment=&#8221;default&#8221; overlay_strength=&#8221;0.3&#8243; column_border_width=&#8221;none&#8221; column_border_style=&#8221;solid&#8221; bg_image_animation=&#8221;none&#8221;][nectar_btn size=&#8221;small&#8221; open_new_tab=&#8221;true&#8221; button_style=&#8221;regular-tilt&#8221; button_color=&#8221;Extra-Color-3&#8243; icon_family=&#8221;none&#8221; url=&#8221;https:\/\/sacidkordas.com\/wp-content\/uploads\/2020\/05\/INSTRUCCIONS-CASTELLA-ANGLES-FRANCES-CONTAMETRES-WEB.pdf&#8221; margin_top=&#8221;10&#8243; margin_right=&#8221;10&#8243; margin_bottom=&#8221;10&#8243; margin_left=&#8221;10&#8243; text=&#8221;INSTRUCCIONS D&#8217;\u00daS&#8221;][\/vc_column][\/vc_row]\n","protected":false},"excerpt":{"rendered":"<p>Aparell de mesura de metres desenvolupat especialment per mesurar amb precisi\u00f3 cordes i cintes. Dissenyat ergon\u00f2micament per una f\u00e0cil utilitzaci\u00f3, incorpora un complement per ser fixat i poder manipular la corda o cinta amb les dues mans. Disposa de un visor mec\u00e0nic amb resoluci\u00f3 de dec\u00edmetres i roda de medici\u00f3 de pl\u00e0stic\u00a0que impedeix el lliscament de la corda o cinta sobre aquesta.<\/p>\n<p>DADES T\u00c9CNIQUES<\/p>\n<ul>\n<li>Capacitat de mesura. 10.000m.<\/li>\n<li>Resoluci\u00f3 de mesura. 10cm.<\/li>\n<li>Rang lectura cordes. \u00d85-16mm.<\/li>\n<li>Rang lectura cintes. Fins a 20mm ample.<\/li>\n<li>Pes total. 500g (Aprox.)<\/li>\n<li>Error mig de lectura. Inferior al 1%.<\/li>\n<\/ul>\n<p>Cal mesurar a una velocitat constant, proporcionant sempre la mateixa tensi\u00f3.<\/p>\n","protected":false},"featured_media":14783,"template":"","meta":[],"product_brand":[],"product_cat":[246,73],"product_tag":[],"class_list":{"0":"post-8033","1":"product","2":"type-product","3":"status-publish","4":"has-post-thumbnail","6":"product_cat-complements","7":"product_cat-esportives","9":"first","10":"outofstock","11":"downloadable","12":"virtual","13":"product-type-simple"},"_links":{"self":[{"href":"https:\/\/sacidkordas.com\/ca\/wp-json\/wp\/v2\/product\/8033","targetHints":{"allow":["GET"]}}],"collection":[{"href":"https:\/\/sacidkordas.com\/ca\/wp-json\/wp\/v2\/product"}],"about":[{"href":"https:\/\/sacidkordas.com\/ca\/wp-json\/wp\/v2\/types\/product"}],"wp:featuredmedia":[{"embeddable":true,"href":"https:\/\/sacidkordas.com\/ca\/wp-json\/wp\/v2\/media\/14783"}],"wp:attachment":[{"href":"https:\/\/sacidkordas.com\/ca\/wp-json\/wp\/v2\/media?parent=8033"}],"wp:term":[{"taxonomy":"product_brand","embeddable":true,"href":"https:\/\/sacidkordas.com\/ca\/wp-json\/wp\/v2\/product_brand?post=8033"},{"taxonomy":"product_cat","embeddable":true,"href":"https:\/\/sacidkordas.com\/ca\/wp-json\/wp\/v2\/product_cat?post=8033"},{"taxonomy":"product_tag","embeddable":true,"href":"https:\/\/sacidkordas.com\/ca\/wp-json\/wp\/v2\/product_tag?post=8033"}],"curies":[{"name":"wp","href":"https:\/\/api.w.org\/{rel}","templated":true}]}}