{"id":7844,"date":"2020-03-12T09:37:38","date_gmt":"2020-03-12T09:37:38","guid":{"rendered":"https:\/\/sacidkordas.com\/?post_type=product&#038;p=7844"},"modified":"2024-06-05T14:25:34","modified_gmt":"2024-06-05T14:25:34","slug":"anna-105","status":"publish","type":"product","link":"https:\/\/sacidkordas.com\/ca\/anna-105\/","title":{"rendered":"Anna 10,5"},"content":{"rendered":"[vc_row type=&#8221;in_container&#8221; full_screen_row_position=&#8221;middle&#8221; column_margin=&#8221;default&#8221; column_direction=&#8221;default&#8221; column_direction_tablet=&#8221;default&#8221; column_direction_phone=&#8221;default&#8221; scene_position=&#8221;center&#8221; text_color=&#8221;dark&#8221; text_align=&#8221;left&#8221; row_border_radius=&#8221;none&#8221; row_border_radius_applies=&#8221;bg&#8221; overflow=&#8221;visible&#8221; overlay_strength=&#8221;0.3&#8243; gradient_direction=&#8221;left_to_right&#8221; shape_divider_position=&#8221;bottom&#8221; bg_image_animation=&#8221;none&#8221;][vc_column column_padding=&#8221;no-extra-padding&#8221; column_padding_tablet=&#8221;inherit&#8221; column_padding_phone=&#8221;inherit&#8221; column_padding_position=&#8221;all&#8221; column_element_direction_desktop=&#8221;default&#8221; column_element_spacing=&#8221;default&#8221; desktop_text_alignment=&#8221;default&#8221; tablet_text_alignment=&#8221;default&#8221; phone_text_alignment=&#8221;default&#8221; background_color_opacity=&#8221;1&#8243; background_hover_color_opacity=&#8221;1&#8243; column_backdrop_filter=&#8221;none&#8221; column_shadow=&#8221;none&#8221; column_border_radius=&#8221;none&#8221; column_link_target=&#8221;_self&#8221; column_position=&#8221;default&#8221; gradient_direction=&#8221;left_to_right&#8221; overlay_strength=&#8221;0.3&#8243; width=&#8221;1\/2&#8243; tablet_width_inherit=&#8221;default&#8221; animation_type=&#8221;default&#8221; bg_image_animation=&#8221;none&#8221; border_type=&#8221;simple&#8221; column_border_width=&#8221;none&#8221; column_border_style=&#8221;solid&#8221;][vc_column_text]\n<h5><strong>CARACTER\u00cdSTIQUES DIN\u00c0MICA EN 892:2012 + A1:2016<\/strong><\/h5>\n[\/vc_column_text][\/vc_column][vc_column column_padding=&#8221;no-extra-padding&#8221; column_padding_tablet=&#8221;inherit&#8221; column_padding_phone=&#8221;inherit&#8221; column_padding_position=&#8221;all&#8221; column_element_direction_desktop=&#8221;default&#8221; column_element_spacing=&#8221;default&#8221; desktop_text_alignment=&#8221;default&#8221; tablet_text_alignment=&#8221;default&#8221; phone_text_alignment=&#8221;default&#8221; background_color_opacity=&#8221;1&#8243; background_hover_color_opacity=&#8221;1&#8243; column_backdrop_filter=&#8221;none&#8221; column_shadow=&#8221;none&#8221; column_border_radius=&#8221;none&#8221; column_link_target=&#8221;_self&#8221; column_position=&#8221;default&#8221; gradient_direction=&#8221;left_to_right&#8221; overlay_strength=&#8221;0.3&#8243; width=&#8221;1\/2&#8243; tablet_width_inherit=&#8221;default&#8221; animation_type=&#8221;default&#8221; bg_image_animation=&#8221;none&#8221; border_type=&#8221;simple&#8221; column_border_width=&#8221;none&#8221; column_border_style=&#8221;solid&#8221;][\/vc_column][\/vc_row][vc_row type=&#8221;in_container&#8221; full_screen_row_position=&#8221;middle&#8221; column_margin=&#8221;default&#8221; column_direction=&#8221;default&#8221; column_direction_tablet=&#8221;default&#8221; column_direction_phone=&#8221;default&#8221; scene_position=&#8221;center&#8221; text_color=&#8221;dark&#8221; text_align=&#8221;left&#8221; row_border_radius=&#8221;none&#8221; row_border_radius_applies=&#8221;bg&#8221; overflow=&#8221;visible&#8221; overlay_strength=&#8221;0.3&#8243; gradient_direction=&#8221;left_to_right&#8221; shape_divider_position=&#8221;bottom&#8221; bg_image_animation=&#8221;none&#8221;][vc_column column_padding=&#8221;no-extra-padding&#8221; column_padding_tablet=&#8221;inherit&#8221; column_padding_phone=&#8221;inherit&#8221; column_padding_position=&#8221;all&#8221; column_element_direction_desktop=&#8221;default&#8221; column_element_spacing=&#8221;default&#8221; desktop_text_alignment=&#8221;default&#8221; tablet_text_alignment=&#8221;default&#8221; phone_text_alignment=&#8221;default&#8221; background_color_opacity=&#8221;1&#8243; background_hover_color_opacity=&#8221;1&#8243; column_backdrop_filter=&#8221;none&#8221; column_shadow=&#8221;none&#8221; column_border_radius=&#8221;none&#8221; column_link_target=&#8221;_self&#8221; column_position=&#8221;default&#8221; gradient_direction=&#8221;left_to_right&#8221; overlay_strength=&#8221;0.3&#8243; width=&#8221;1\/2&#8243; tablet_width_inherit=&#8221;default&#8221; animation_type=&#8221;default&#8221; bg_image_animation=&#8221;none&#8221; border_type=&#8221;simple&#8221; column_border_width=&#8221;none&#8221; column_border_style=&#8221;solid&#8221;][nectar_horizontal_list_item columns=&#8221;2&#8243; column_layout_using_2_columns=&#8221;even&#8221; col_1_text_align=&#8221;left&#8221; col_2_text_align=&#8221;left&#8221; col_1_text_element=&#8221;p&#8221; col_2_text_element=&#8221;p&#8221; font_family=&#8221;p&#8221; hover_effect=&#8221;none&#8221; icon_family=&#8221;none&#8221; icon_size=&#8221;regular&#8221; col_1_content=&#8221;Diametre&#8221; col_2_content=&#8221;10,5mm&#8221;][nectar_horizontal_list_item columns=&#8221;2&#8243; column_layout_using_2_columns=&#8221;even&#8221; col_1_text_align=&#8221;left&#8221; col_2_text_align=&#8221;left&#8221; col_1_text_element=&#8221;p&#8221; col_2_text_element=&#8221;p&#8221; font_family=&#8221;p&#8221; hover_effect=&#8221;none&#8221; icon_family=&#8221;none&#8221; icon_size=&#8221;regular&#8221; col_1_content=&#8221;Pes per metre&#8221; col_2_content=&#8221;73g&#8221;][nectar_horizontal_list_item columns=&#8221;2&#8243; column_layout_using_2_columns=&#8221;even&#8221; col_1_text_align=&#8221;left&#8221; col_2_text_align=&#8221;left&#8221; col_1_text_element=&#8221;p&#8221; col_2_text_element=&#8221;p&#8221; font_family=&#8221;p&#8221; hover_effect=&#8221;none&#8221; icon_family=&#8221;none&#8221; icon_size=&#8221;regular&#8221; col_1_content=&#8221;Pes anima&#8221; col_2_content=&#8221;51,8g&#8221;][nectar_horizontal_list_item columns=&#8221;2&#8243; column_layout_using_2_columns=&#8221;even&#8221; col_1_text_align=&#8221;left&#8221; col_2_text_align=&#8221;left&#8221; col_1_text_element=&#8221;p&#8221; col_2_text_element=&#8221;p&#8221; font_family=&#8221;p&#8221; hover_effect=&#8221;none&#8221; icon_family=&#8221;none&#8221; icon_size=&#8221;regular&#8221; col_1_content=&#8221;Percentatge anima&#8221; col_2_content=&#8221;71%&#8221;][nectar_horizontal_list_item columns=&#8221;2&#8243; column_layout_using_2_columns=&#8221;even&#8221; col_1_text_align=&#8221;left&#8221; col_2_text_align=&#8221;left&#8221; col_1_text_element=&#8221;p&#8221; col_2_text_element=&#8221;p&#8221; font_family=&#8221;p&#8221; hover_effect=&#8221;none&#8221; icon_family=&#8221;none&#8221; icon_size=&#8221;regular&#8221; col_1_content=&#8221;Despla\u00e7ament funda&#8221; col_2_content=&#8221;0%&#8221;][nectar_horizontal_list_item columns=&#8221;2&#8243; column_layout_using_2_columns=&#8221;even&#8221; col_1_text_align=&#8221;left&#8221; col_2_text_align=&#8221;left&#8221; col_1_text_element=&#8221;p&#8221; col_2_text_element=&#8221;p&#8221; font_family=&#8221;p&#8221; hover_effect=&#8221;none&#8221; icon_family=&#8221;none&#8221; icon_size=&#8221;regular&#8221; col_1_content=&#8221;Allargament&#8221; col_2_content=&#8221;4%&#8221;][nectar_horizontal_list_item columns=&#8221;2&#8243; column_layout_using_2_columns=&#8221;even&#8221; col_1_text_align=&#8221;left&#8221; col_2_text_align=&#8221;left&#8221; col_1_text_element=&#8221;p&#8221; col_2_text_element=&#8221;p&#8221; font_family=&#8221;p&#8221; hover_effect=&#8221;none&#8221; icon_family=&#8221;none&#8221; icon_size=&#8221;regular&#8221; col_1_content=&#8221;For\u00e7a de xoc&#8221; col_2_content=&#8221;950 daN&#8221;][nectar_horizontal_list_item columns=&#8221;2&#8243; column_layout_using_2_columns=&#8221;even&#8221; col_1_text_align=&#8221;left&#8221; col_2_text_align=&#8221;left&#8221; col_1_text_element=&#8221;p&#8221; col_2_text_element=&#8221;p&#8221; font_family=&#8221;p&#8221; hover_effect=&#8221;none&#8221; icon_family=&#8221;none&#8221; icon_size=&#8221;regular&#8221; col_1_content=&#8221;N\u00ba de caigudes&#8221; col_2_content=&#8221;10&#8243;][nectar_horizontal_list_item columns=&#8221;2&#8243; column_layout_using_2_columns=&#8221;even&#8221; col_1_text_align=&#8221;left&#8221; col_2_text_align=&#8221;left&#8221; col_1_text_element=&#8221;p&#8221; col_2_text_element=&#8221;p&#8221; font_family=&#8221;p&#8221; hover_effect=&#8221;none&#8221; icon_family=&#8221;none&#8221; icon_size=&#8221;regular&#8221; col_1_content=&#8221;Elasticitat din\u00e0mica&#8221; col_2_content=&#8221;29,6%&#8221;][\/vc_column][vc_column column_padding=&#8221;no-extra-padding&#8221; column_padding_tablet=&#8221;inherit&#8221; column_padding_phone=&#8221;inherit&#8221; column_padding_position=&#8221;all&#8221; column_element_direction_desktop=&#8221;default&#8221; column_element_spacing=&#8221;default&#8221; desktop_text_alignment=&#8221;default&#8221; tablet_text_alignment=&#8221;default&#8221; phone_text_alignment=&#8221;default&#8221; background_color_opacity=&#8221;1&#8243; background_hover_color_opacity=&#8221;1&#8243; column_backdrop_filter=&#8221;none&#8221; column_shadow=&#8221;none&#8221; column_border_radius=&#8221;none&#8221; column_link_target=&#8221;_self&#8221; column_position=&#8221;default&#8221; gradient_direction=&#8221;left_to_right&#8221; overlay_strength=&#8221;0.3&#8243; width=&#8221;1\/2&#8243; tablet_width_inherit=&#8221;default&#8221; animation_type=&#8221;default&#8221; bg_image_animation=&#8221;none&#8221; border_type=&#8221;simple&#8221; column_border_width=&#8221;none&#8221; column_border_style=&#8221;solid&#8221;][\/vc_column][\/vc_row][vc_row type=&#8221;in_container&#8221; full_screen_row_position=&#8221;middle&#8221; column_margin=&#8221;default&#8221; column_direction=&#8221;default&#8221; column_direction_tablet=&#8221;default&#8221; column_direction_phone=&#8221;default&#8221; scene_position=&#8221;center&#8221; text_color=&#8221;dark&#8221; text_align=&#8221;left&#8221; row_border_radius=&#8221;none&#8221; row_border_radius_applies=&#8221;bg&#8221; overflow=&#8221;visible&#8221; overlay_strength=&#8221;0.3&#8243; gradient_direction=&#8221;left_to_right&#8221; shape_divider_position=&#8221;bottom&#8221; bg_image_animation=&#8221;none&#8221;][vc_column column_padding=&#8221;no-extra-padding&#8221; column_padding_tablet=&#8221;inherit&#8221; column_padding_phone=&#8221;inherit&#8221; column_padding_position=&#8221;all&#8221; column_element_direction_desktop=&#8221;default&#8221; column_element_spacing=&#8221;default&#8221; desktop_text_alignment=&#8221;default&#8221; tablet_text_alignment=&#8221;default&#8221; phone_text_alignment=&#8221;default&#8221; background_color_opacity=&#8221;1&#8243; background_hover_color_opacity=&#8221;1&#8243; column_backdrop_filter=&#8221;none&#8221; column_shadow=&#8221;none&#8221; column_border_radius=&#8221;none&#8221; column_link_target=&#8221;_self&#8221; column_position=&#8221;default&#8221; gradient_direction=&#8221;left_to_right&#8221; overlay_strength=&#8221;0.3&#8243; width=&#8221;1\/1&#8243; tablet_width_inherit=&#8221;default&#8221; animation_type=&#8221;default&#8221; bg_image_animation=&#8221;none&#8221; border_type=&#8221;simple&#8221; column_border_width=&#8221;none&#8221; column_border_style=&#8221;solid&#8221;][nectar_btn size=&#8221;small&#8221; open_new_tab=&#8221;true&#8221; button_style=&#8221;regular-tilt&#8221; button_color=&#8221;Extra-Color-3&#8243; icon_family=&#8221;none&#8221; text=&#8221;Declaraci\u00f3 conformitat&#8221; margin_top=&#8221;10&#8243; margin_right=&#8221;10&#8243; margin_bottom=&#8221;10&#8243; margin_left=&#8221;10&#8243; url=&#8221;https:\/\/sacidkordas.com\/wp-content\/uploads\/2023\/04\/Declaracion-Conformidad-ANNA-105-2023.pdf&#8221;][nectar_btn size=&#8221;small&#8221; open_new_tab=&#8221;true&#8221; button_style=&#8221;regular-tilt&#8221; button_color=&#8221;Extra-Color-3&#8243; icon_family=&#8221;none&#8221; text=&#8221;Fitxa T\u00e8cnica&#8221; margin_top=&#8221;10&#8243; margin_right=&#8221;10&#8243; margin_bottom=&#8221;10&#8243; margin_left=&#8221;10&#8243; url=&#8221;https:\/\/sacidkordas.com\/wp-content\/uploads\/2023\/11\/ANNA-105-2023.pdf&#8221;][nectar_btn size=&#8221;small&#8221; open_new_tab=&#8221;true&#8221; button_style=&#8221;regular-tilt&#8221; button_color=&#8221;Extra-Color-3&#8243; icon_family=&#8221;none&#8221; text=&#8221;Fitxa Comercial&#8221; margin_top=&#8221;10&#8243; margin_right=&#8221;10&#8243; margin_bottom=&#8221;10&#8243; margin_left=&#8221;10&#8243; url=&#8221;https:\/\/sacidkordas.com\/wp-content\/uploads\/2022\/10\/ANNA-105-ES.pdf&#8221;][nectar_btn size=&#8221;small&#8221; open_new_tab=&#8221;true&#8221; button_style=&#8221;regular-tilt&#8221; button_color=&#8221;Extra-Color-3&#8243; icon_family=&#8221;none&#8221; text=&#8221;Manual d&#8217;instruccions&#8221; margin_top=&#8221;10&#8243; margin_right=&#8221;10&#8243; margin_bottom=&#8221;10&#8243; margin_left=&#8221;10&#8243; url=&#8221;https:\/\/sacidkordas.com\/wp-content\/uploads\/2023\/03\/Instruccions-ANNA-105-2023.pdf&#8221;][\/vc_column][\/vc_row]\n","protected":false},"excerpt":{"rendered":"<h5 class=\"rtejustify\"><strong>Corda escalada din\u00e0mica Simple<\/strong><\/h5>\n<p class=\"rtejustify\">Corda simple molt\u00a0compacte i de di\u00e0metre cl\u00e0ssic. Gr\u00e0cies als acabats de s\u00e8rie, Anna 10,5 es una corda de tacte agradable i molt resistent a l&#8217;abrasi\u00f3.<\/p>\n<p class=\"rtejustify\">\n","protected":false},"featured_media":7855,"template":"","meta":[],"product_brand":[],"product_cat":[73,82],"product_tag":[],"class_list":{"0":"post-7844","1":"product","2":"type-product","3":"status-publish","4":"has-post-thumbnail","6":"product_cat-esportives","7":"product_cat-escalada","9":"first","10":"outofstock","11":"downloadable","12":"virtual","13":"taxable","14":"product-type-simple"},"_links":{"self":[{"href":"https:\/\/sacidkordas.com\/ca\/wp-json\/wp\/v2\/product\/7844","targetHints":{"allow":["GET"]}}],"collection":[{"href":"https:\/\/sacidkordas.com\/ca\/wp-json\/wp\/v2\/product"}],"about":[{"href":"https:\/\/sacidkordas.com\/ca\/wp-json\/wp\/v2\/types\/product"}],"wp:featuredmedia":[{"embeddable":true,"href":"https:\/\/sacidkordas.com\/ca\/wp-json\/wp\/v2\/media\/7855"}],"wp:attachment":[{"href":"https:\/\/sacidkordas.com\/ca\/wp-json\/wp\/v2\/media?parent=7844"}],"wp:term":[{"taxonomy":"product_brand","embeddable":true,"href":"https:\/\/sacidkordas.com\/ca\/wp-json\/wp\/v2\/product_brand?post=7844"},{"taxonomy":"product_cat","embeddable":true,"href":"https:\/\/sacidkordas.com\/ca\/wp-json\/wp\/v2\/product_cat?post=7844"},{"taxonomy":"product_tag","embeddable":true,"href":"https:\/\/sacidkordas.com\/ca\/wp-json\/wp\/v2\/product_tag?post=7844"}],"curies":[{"name":"wp","href":"https:\/\/api.w.org\/{rel}","templated":true}]}}