{"id":7840,"date":"2020-03-12T08:28:11","date_gmt":"2020-03-12T08:28:11","guid":{"rendered":"https:\/\/sacidkordas.com\/?post_type=product&#038;p=7840"},"modified":"2025-06-09T15:04:47","modified_gmt":"2025-06-09T15:04:47","slug":"kris-101","status":"publish","type":"product","link":"https:\/\/sacidkordas.com\/ca\/kris-101\/","title":{"rendered":"Kris 10,1"},"content":{"rendered":"[vc_row type=&#8221;in_container&#8221; full_screen_row_position=&#8221;middle&#8221; column_margin=&#8221;default&#8221; column_direction=&#8221;default&#8221; column_direction_tablet=&#8221;default&#8221; column_direction_phone=&#8221;default&#8221; scene_position=&#8221;center&#8221; text_color=&#8221;dark&#8221; text_align=&#8221;left&#8221; row_border_radius=&#8221;none&#8221; row_border_radius_applies=&#8221;bg&#8221; overflow=&#8221;visible&#8221; overlay_strength=&#8221;0.3&#8243; gradient_direction=&#8221;left_to_right&#8221; shape_divider_position=&#8221;bottom&#8221; bg_image_animation=&#8221;none&#8221;][vc_column column_padding=&#8221;no-extra-padding&#8221; column_padding_tablet=&#8221;inherit&#8221; column_padding_phone=&#8221;inherit&#8221; column_padding_position=&#8221;all&#8221; column_element_direction_desktop=&#8221;default&#8221; column_element_spacing=&#8221;default&#8221; desktop_text_alignment=&#8221;default&#8221; tablet_text_alignment=&#8221;default&#8221; phone_text_alignment=&#8221;default&#8221; background_color_opacity=&#8221;1&#8243; background_hover_color_opacity=&#8221;1&#8243; column_backdrop_filter=&#8221;none&#8221; column_shadow=&#8221;none&#8221; column_border_radius=&#8221;none&#8221; column_link_target=&#8221;_self&#8221; column_position=&#8221;default&#8221; gradient_direction=&#8221;left_to_right&#8221; overlay_strength=&#8221;0.3&#8243; width=&#8221;1\/2&#8243; tablet_width_inherit=&#8221;default&#8221; animation_type=&#8221;default&#8221; bg_image_animation=&#8221;none&#8221; border_type=&#8221;simple&#8221; column_border_width=&#8221;none&#8221; column_border_style=&#8221;solid&#8221;][vc_column_text]\n<h5><strong>CARACTER\u00cdSTICAS DINAMICA <\/strong><strong>EN 892:2012 + A3:2023<\/strong><\/h5>\n[\/vc_column_text][\/vc_column][vc_column column_padding=&#8221;no-extra-padding&#8221; column_padding_tablet=&#8221;inherit&#8221; column_padding_phone=&#8221;inherit&#8221; column_padding_position=&#8221;all&#8221; column_element_direction_desktop=&#8221;default&#8221; column_element_spacing=&#8221;default&#8221; desktop_text_alignment=&#8221;default&#8221; tablet_text_alignment=&#8221;default&#8221; phone_text_alignment=&#8221;default&#8221; background_color_opacity=&#8221;1&#8243; background_hover_color_opacity=&#8221;1&#8243; column_backdrop_filter=&#8221;none&#8221; column_shadow=&#8221;none&#8221; column_border_radius=&#8221;none&#8221; column_link_target=&#8221;_self&#8221; column_position=&#8221;default&#8221; gradient_direction=&#8221;left_to_right&#8221; overlay_strength=&#8221;0.3&#8243; width=&#8221;1\/2&#8243; tablet_width_inherit=&#8221;default&#8221; animation_type=&#8221;default&#8221; bg_image_animation=&#8221;none&#8221; border_type=&#8221;simple&#8221; column_border_width=&#8221;none&#8221; column_border_style=&#8221;solid&#8221;][\/vc_column][\/vc_row][vc_row type=&#8221;in_container&#8221; full_screen_row_position=&#8221;middle&#8221; column_margin=&#8221;default&#8221; column_direction=&#8221;default&#8221; column_direction_tablet=&#8221;default&#8221; column_direction_phone=&#8221;default&#8221; scene_position=&#8221;center&#8221; text_color=&#8221;dark&#8221; text_align=&#8221;left&#8221; row_border_radius=&#8221;none&#8221; row_border_radius_applies=&#8221;bg&#8221; overflow=&#8221;visible&#8221; overlay_strength=&#8221;0.3&#8243; gradient_direction=&#8221;left_to_right&#8221; shape_divider_position=&#8221;bottom&#8221; bg_image_animation=&#8221;none&#8221;][vc_column column_padding=&#8221;no-extra-padding&#8221; column_padding_tablet=&#8221;inherit&#8221; column_padding_phone=&#8221;inherit&#8221; column_padding_position=&#8221;all&#8221; column_element_direction_desktop=&#8221;default&#8221; column_element_spacing=&#8221;default&#8221; desktop_text_alignment=&#8221;default&#8221; tablet_text_alignment=&#8221;default&#8221; phone_text_alignment=&#8221;default&#8221; background_color_opacity=&#8221;1&#8243; background_hover_color_opacity=&#8221;1&#8243; column_backdrop_filter=&#8221;none&#8221; column_shadow=&#8221;none&#8221; column_border_radius=&#8221;none&#8221; column_link_target=&#8221;_self&#8221; column_position=&#8221;default&#8221; gradient_direction=&#8221;left_to_right&#8221; overlay_strength=&#8221;0.3&#8243; width=&#8221;2\/3&#8243; tablet_width_inherit=&#8221;default&#8221; animation_type=&#8221;default&#8221; bg_image_animation=&#8221;none&#8221; border_type=&#8221;simple&#8221; column_border_width=&#8221;none&#8221; column_border_style=&#8221;solid&#8221;][nectar_horizontal_list_item columns=&#8221;2&#8243; column_layout_using_2_columns=&#8221;even&#8221; col_1_text_align=&#8221;left&#8221; col_2_text_align=&#8221;left&#8221; col_1_text_element=&#8221;p&#8221; col_2_text_element=&#8221;p&#8221; font_family=&#8221;p&#8221; hover_effect=&#8221;none&#8221; icon_family=&#8221;none&#8221; icon_size=&#8221;regular&#8221; col_1_content=&#8221;Di\u00e0metre&#8221; col_2_content=&#8221;10,1 mm&#8221;][nectar_horizontal_list_item columns=&#8221;2&#8243; column_layout_using_2_columns=&#8221;even&#8221; col_1_text_align=&#8221;left&#8221; col_2_text_align=&#8221;left&#8221; col_1_text_element=&#8221;p&#8221; col_2_text_element=&#8221;p&#8221; font_family=&#8221;p&#8221; hover_effect=&#8221;none&#8221; icon_family=&#8221;none&#8221; icon_size=&#8221;regular&#8221; col_1_content=&#8221;Pes per metre&#8221; col_2_content=&#8221;66g&#8221;][nectar_horizontal_list_item columns=&#8221;2&#8243; column_layout_using_2_columns=&#8221;even&#8221; col_1_text_align=&#8221;left&#8221; col_2_text_align=&#8221;left&#8221; col_1_text_element=&#8221;p&#8221; col_2_text_element=&#8221;p&#8221; font_family=&#8221;p&#8221; hover_effect=&#8221;none&#8221; icon_family=&#8221;none&#8221; icon_size=&#8221;regular&#8221; col_1_content=&#8221;Pes \u00e0nima&#8221; col_2_content=&#8221;43g&#8221;][nectar_horizontal_list_item columns=&#8221;2&#8243; column_layout_using_2_columns=&#8221;even&#8221; col_1_text_align=&#8221;left&#8221; col_2_text_align=&#8221;left&#8221; col_1_text_element=&#8221;p&#8221; col_2_text_element=&#8221;p&#8221; font_family=&#8221;p&#8221; hover_effect=&#8221;none&#8221; icon_family=&#8221;none&#8221; icon_size=&#8221;regular&#8221; col_1_content=&#8221;Percentatge anima&#8221; col_2_content=&#8221;67%&#8221;][nectar_horizontal_list_item columns=&#8221;2&#8243; column_layout_using_2_columns=&#8221;even&#8221; col_1_text_align=&#8221;left&#8221; col_2_text_align=&#8221;left&#8221; col_1_text_element=&#8221;p&#8221; col_2_text_element=&#8221;p&#8221; font_family=&#8221;p&#8221; hover_effect=&#8221;none&#8221; icon_family=&#8221;none&#8221; icon_size=&#8221;regular&#8221; col_1_content=&#8221;Despla\u00e7ament funda&#8221; col_2_content=&#8221;0%&#8221;][nectar_horizontal_list_item columns=&#8221;2&#8243; column_layout_using_2_columns=&#8221;even&#8221; col_1_text_align=&#8221;left&#8221; col_2_text_align=&#8221;left&#8221; col_1_text_element=&#8221;p&#8221; col_2_text_element=&#8221;p&#8221; font_family=&#8221;p&#8221; hover_effect=&#8221;none&#8221; icon_family=&#8221;none&#8221; icon_size=&#8221;regular&#8221; col_1_content=&#8221;Allargament&#8221; col_2_content=&#8221;8%&#8221;][nectar_horizontal_list_item columns=&#8221;2&#8243; column_layout_using_2_columns=&#8221;even&#8221; col_1_text_align=&#8221;left&#8221; col_2_text_align=&#8221;left&#8221; col_1_text_element=&#8221;p&#8221; col_2_text_element=&#8221;p&#8221; font_family=&#8221;p&#8221; hover_effect=&#8221;none&#8221; icon_family=&#8221;none&#8221; icon_size=&#8221;regular&#8221; col_1_content=&#8221;For\u00e7a de xoc&#8221; col_2_content=&#8221;8,3 kN&#8221;][nectar_horizontal_list_item columns=&#8221;2&#8243; column_layout_using_2_columns=&#8221;even&#8221; col_1_text_align=&#8221;left&#8221; col_2_text_align=&#8221;left&#8221; col_1_text_element=&#8221;p&#8221; col_2_text_element=&#8221;p&#8221; font_family=&#8221;p&#8221; hover_effect=&#8221;none&#8221; icon_family=&#8221;none&#8221; icon_size=&#8221;regular&#8221; col_1_content=&#8221;N\u00ba de caigudes&#8221; col_2_content=&#8221;8&#8243;][nectar_horizontal_list_item columns=&#8221;2&#8243; column_layout_using_2_columns=&#8221;even&#8221; col_1_text_align=&#8221;left&#8221; col_2_text_align=&#8221;left&#8221; col_1_text_element=&#8221;p&#8221; col_2_text_element=&#8221;p&#8221; font_family=&#8221;p&#8221; hover_effect=&#8221;none&#8221; icon_family=&#8221;none&#8221; icon_size=&#8221;regular&#8221; col_1_content=&#8221;Elasticitat din\u00e0mica&#8221; col_2_content=&#8221;32,5%&#8221;][\/vc_column][vc_column column_padding=&#8221;no-extra-padding&#8221; column_padding_tablet=&#8221;inherit&#8221; column_padding_phone=&#8221;inherit&#8221; column_padding_position=&#8221;all&#8221; column_element_direction_desktop=&#8221;default&#8221; column_element_spacing=&#8221;default&#8221; desktop_text_alignment=&#8221;default&#8221; tablet_text_alignment=&#8221;default&#8221; phone_text_alignment=&#8221;default&#8221; background_color_opacity=&#8221;1&#8243; background_hover_color_opacity=&#8221;1&#8243; column_backdrop_filter=&#8221;none&#8221; column_shadow=&#8221;none&#8221; column_border_radius=&#8221;none&#8221; column_link_target=&#8221;_self&#8221; column_position=&#8221;default&#8221; gradient_direction=&#8221;left_to_right&#8221; overlay_strength=&#8221;0.3&#8243; width=&#8221;1\/3&#8243; tablet_width_inherit=&#8221;default&#8221; animation_type=&#8221;default&#8221; bg_image_animation=&#8221;none&#8221; border_type=&#8221;simple&#8221; column_border_width=&#8221;none&#8221; column_border_style=&#8221;solid&#8221;][\/vc_column][\/vc_row][vc_row type=&#8221;in_container&#8221; full_screen_row_position=&#8221;middle&#8221; column_margin=&#8221;default&#8221; column_direction=&#8221;default&#8221; column_direction_tablet=&#8221;default&#8221; column_direction_phone=&#8221;default&#8221; scene_position=&#8221;center&#8221; text_color=&#8221;dark&#8221; text_align=&#8221;left&#8221; row_border_radius=&#8221;none&#8221; row_border_radius_applies=&#8221;bg&#8221; overflow=&#8221;visible&#8221; overlay_strength=&#8221;0.3&#8243; gradient_direction=&#8221;left_to_right&#8221; shape_divider_position=&#8221;bottom&#8221; bg_image_animation=&#8221;none&#8221;][vc_column column_padding=&#8221;no-extra-padding&#8221; column_padding_tablet=&#8221;inherit&#8221; column_padding_phone=&#8221;inherit&#8221; column_padding_position=&#8221;all&#8221; column_element_direction_desktop=&#8221;default&#8221; column_element_spacing=&#8221;default&#8221; desktop_text_alignment=&#8221;default&#8221; tablet_text_alignment=&#8221;default&#8221; phone_text_alignment=&#8221;default&#8221; background_color_opacity=&#8221;1&#8243; background_hover_color_opacity=&#8221;1&#8243; column_backdrop_filter=&#8221;none&#8221; column_shadow=&#8221;none&#8221; column_border_radius=&#8221;none&#8221; column_link_target=&#8221;_self&#8221; column_position=&#8221;default&#8221; gradient_direction=&#8221;left_to_right&#8221; overlay_strength=&#8221;0.3&#8243; width=&#8221;1\/1&#8243; tablet_width_inherit=&#8221;default&#8221; animation_type=&#8221;default&#8221; bg_image_animation=&#8221;none&#8221; border_type=&#8221;simple&#8221; column_border_width=&#8221;none&#8221; column_border_style=&#8221;solid&#8221;][nectar_btn size=&#8221;small&#8221; open_new_tab=&#8221;true&#8221; button_style=&#8221;regular-tilt&#8221; button_color=&#8221;Extra-Color-3&#8243; icon_family=&#8221;none&#8221; margin_top=&#8221;10&#8243; margin_right=&#8221;10&#8243; margin_bottom=&#8221;10&#8243; margin_left=&#8221;10&#8243; text=&#8221;Declaraci\u00f3 conformitat&#8221; url=&#8221;https:\/\/sacidkordas.com\/wp-content\/uploads\/2023\/04\/Declaracion-Conformidad-KRIS-10.1-2023.pdf&#8221;][nectar_btn size=&#8221;small&#8221; open_new_tab=&#8221;true&#8221; button_style=&#8221;regular-tilt&#8221; button_color=&#8221;Extra-Color-3&#8243; icon_family=&#8221;none&#8221; margin_top=&#8221;10&#8243; margin_right=&#8221;10&#8243; margin_bottom=&#8221;10&#8243; margin_left=&#8221;10&#8243; text=&#8221;Fitxa T\u00e8cnica&#8221; url=&#8221;https:\/\/sacidkordas.com\/wp-content\/uploads\/2023\/11\/KRIS-101-2023.pdf&#8221;][nectar_btn size=&#8221;small&#8221; open_new_tab=&#8221;true&#8221; button_style=&#8221;regular-tilt&#8221; button_color=&#8221;Extra-Color-3&#8243; icon_family=&#8221;none&#8221; margin_top=&#8221;10&#8243; margin_right=&#8221;10&#8243; margin_bottom=&#8221;10&#8243; margin_left=&#8221;10&#8243; text=&#8221;Fitxa Comercial&#8221; url=&#8221;https:\/\/sacidkordas.com\/wp-content\/uploads\/2022\/10\/KRIS-10.1-ES.pdf&#8221;][nectar_btn size=&#8221;small&#8221; open_new_tab=&#8221;true&#8221; button_style=&#8221;regular-tilt&#8221; button_color=&#8221;Extra-Color-3&#8243; icon_family=&#8221;none&#8221; margin_top=&#8221;10&#8243; margin_right=&#8221;10&#8243; margin_bottom=&#8221;10&#8243; margin_left=&#8221;10&#8243; text=&#8221;Manual d&#8217;instruccions&#8221; url=&#8221;https:\/\/sacidkordas.com\/wp-content\/uploads\/2025\/06\/KRIS-101-ES-EN-FR-IT-PT-DE.pdf&#8221;][\/vc_column][\/vc_row]\n","protected":false},"excerpt":{"rendered":"<h5 class=\"rtejustify\"><strong>Corda escalada din\u00e0mica Simple<\/strong><\/h5>\n<p class=\"rtejustify\">KRIS \u00e9s una corda que aconsegueix el\u00a0perfecte equilibri entre for\u00e7a de xoc i elongaci\u00f3. Dol\u00e7a i de tacte agradable gr\u00e0cies als seus acabats de s\u00e8rie.<\/p>\n<p class=\"rtejustify\">Inclou\u00a0l\u2019acabat<strong> Stability<\/strong>, exclusiu de Korda&#8217;s, pioner en aconseguir la uni\u00f3 d\u2019\u00e0nima i fundaper evitar el lliscament\u00a0 de la funda.<\/p>\n","protected":false},"featured_media":14598,"template":"","meta":[],"product_brand":[],"product_cat":[82,73],"product_tag":[],"class_list":{"0":"post-7840","1":"product","2":"type-product","3":"status-publish","4":"has-post-thumbnail","6":"product_cat-escalada","7":"product_cat-esportives","9":"first","10":"outofstock","11":"downloadable","12":"virtual","13":"taxable","14":"product-type-simple"},"_links":{"self":[{"href":"https:\/\/sacidkordas.com\/ca\/wp-json\/wp\/v2\/product\/7840","targetHints":{"allow":["GET"]}}],"collection":[{"href":"https:\/\/sacidkordas.com\/ca\/wp-json\/wp\/v2\/product"}],"about":[{"href":"https:\/\/sacidkordas.com\/ca\/wp-json\/wp\/v2\/types\/product"}],"wp:featuredmedia":[{"embeddable":true,"href":"https:\/\/sacidkordas.com\/ca\/wp-json\/wp\/v2\/media\/14598"}],"wp:attachment":[{"href":"https:\/\/sacidkordas.com\/ca\/wp-json\/wp\/v2\/media?parent=7840"}],"wp:term":[{"taxonomy":"product_brand","embeddable":true,"href":"https:\/\/sacidkordas.com\/ca\/wp-json\/wp\/v2\/product_brand?post=7840"},{"taxonomy":"product_cat","embeddable":true,"href":"https:\/\/sacidkordas.com\/ca\/wp-json\/wp\/v2\/product_cat?post=7840"},{"taxonomy":"product_tag","embeddable":true,"href":"https:\/\/sacidkordas.com\/ca\/wp-json\/wp\/v2\/product_tag?post=7840"}],"curies":[{"name":"wp","href":"https:\/\/api.w.org\/{rel}","templated":true}]}}