{"id":17501,"date":"2025-05-27T09:14:17","date_gmt":"2025-05-27T09:14:17","guid":{"rendered":"https:\/\/sacidkordas.com\/?post_type=product&#038;p=17501"},"modified":"2025-06-12T10:32:06","modified_gmt":"2025-06-12T10:32:06","slug":"nuria-89","status":"publish","type":"product","link":"https:\/\/sacidkordas.com\/ca\/nuria-89\/","title":{"rendered":"Nuria 8,9"},"content":{"rendered":"[vc_row type=&#8221;in_container&#8221; full_screen_row_position=&#8221;middle&#8221; column_margin=&#8221;default&#8221; column_direction=&#8221;default&#8221; column_direction_tablet=&#8221;default&#8221; column_direction_phone=&#8221;default&#8221; scene_position=&#8221;center&#8221; text_color=&#8221;dark&#8221; text_align=&#8221;left&#8221; row_border_radius=&#8221;none&#8221; row_border_radius_applies=&#8221;bg&#8221; overflow=&#8221;visible&#8221; overlay_strength=&#8221;0.3&#8243; gradient_direction=&#8221;left_to_right&#8221; shape_divider_position=&#8221;bottom&#8221; bg_image_animation=&#8221;none&#8221;][vc_column column_padding=&#8221;no-extra-padding&#8221; column_padding_tablet=&#8221;inherit&#8221; column_padding_phone=&#8221;inherit&#8221; column_padding_position=&#8221;all&#8221; column_element_direction_desktop=&#8221;default&#8221; column_element_spacing=&#8221;default&#8221; desktop_text_alignment=&#8221;default&#8221; tablet_text_alignment=&#8221;default&#8221; phone_text_alignment=&#8221;default&#8221; background_color_opacity=&#8221;1&#8243; background_hover_color_opacity=&#8221;1&#8243; column_backdrop_filter=&#8221;none&#8221; column_shadow=&#8221;none&#8221; column_border_radius=&#8221;none&#8221; column_link_target=&#8221;_self&#8221; column_position=&#8221;default&#8221; gradient_direction=&#8221;left_to_right&#8221; overlay_strength=&#8221;0.3&#8243; width=&#8221;1\/2&#8243; tablet_width_inherit=&#8221;default&#8221; animation_type=&#8221;default&#8221; bg_image_animation=&#8221;none&#8221; border_type=&#8221;simple&#8221; column_border_width=&#8221;none&#8221; column_border_style=&#8221;solid&#8221;][vc_column_text]\n<h5><strong>CARACTER\u00cdSTIQUES SEMIEST\u00c0TICA EN1891:1998<\/strong><\/h5>\n[\/vc_column_text][\/vc_column][vc_column column_padding=&#8221;no-extra-padding&#8221; column_padding_tablet=&#8221;inherit&#8221; column_padding_phone=&#8221;inherit&#8221; column_padding_position=&#8221;all&#8221; column_element_direction_desktop=&#8221;default&#8221; column_element_spacing=&#8221;default&#8221; desktop_text_alignment=&#8221;default&#8221; tablet_text_alignment=&#8221;default&#8221; phone_text_alignment=&#8221;default&#8221; background_color_opacity=&#8221;1&#8243; background_hover_color_opacity=&#8221;1&#8243; column_backdrop_filter=&#8221;none&#8221; column_shadow=&#8221;none&#8221; column_border_radius=&#8221;none&#8221; column_link_target=&#8221;_self&#8221; column_position=&#8221;default&#8221; gradient_direction=&#8221;left_to_right&#8221; overlay_strength=&#8221;0.3&#8243; width=&#8221;1\/2&#8243; tablet_width_inherit=&#8221;default&#8221; animation_type=&#8221;default&#8221; bg_image_animation=&#8221;none&#8221; border_type=&#8221;simple&#8221; column_border_width=&#8221;none&#8221; column_border_style=&#8221;solid&#8221;][\/vc_column][\/vc_row][vc_row type=&#8221;in_container&#8221; full_screen_row_position=&#8221;middle&#8221; column_margin=&#8221;default&#8221; column_direction=&#8221;default&#8221; column_direction_tablet=&#8221;default&#8221; column_direction_phone=&#8221;default&#8221; scene_position=&#8221;center&#8221; text_color=&#8221;dark&#8221; text_align=&#8221;left&#8221; row_border_radius=&#8221;none&#8221; row_border_radius_applies=&#8221;bg&#8221; overflow=&#8221;visible&#8221; overlay_strength=&#8221;0.3&#8243; gradient_direction=&#8221;left_to_right&#8221; shape_divider_position=&#8221;bottom&#8221; bg_image_animation=&#8221;none&#8221;][vc_column column_padding=&#8221;no-extra-padding&#8221; column_padding_tablet=&#8221;inherit&#8221; column_padding_phone=&#8221;inherit&#8221; column_padding_position=&#8221;all&#8221; column_element_direction_desktop=&#8221;default&#8221; column_element_spacing=&#8221;default&#8221; desktop_text_alignment=&#8221;default&#8221; tablet_text_alignment=&#8221;default&#8221; phone_text_alignment=&#8221;default&#8221; background_color_opacity=&#8221;1&#8243; background_hover_color_opacity=&#8221;1&#8243; column_backdrop_filter=&#8221;none&#8221; column_shadow=&#8221;none&#8221; column_border_radius=&#8221;none&#8221; column_link_target=&#8221;_self&#8221; column_position=&#8221;default&#8221; gradient_direction=&#8221;left_to_right&#8221; overlay_strength=&#8221;0.3&#8243; width=&#8221;2\/3&#8243; tablet_width_inherit=&#8221;default&#8221; animation_type=&#8221;default&#8221; bg_image_animation=&#8221;none&#8221; border_type=&#8221;simple&#8221; column_border_width=&#8221;none&#8221; column_border_style=&#8221;solid&#8221;][nectar_horizontal_list_item columns=&#8221;2&#8243; column_layout_using_2_columns=&#8221;even&#8221; col_1_text_align=&#8221;left&#8221; col_2_text_align=&#8221;left&#8221; col_1_text_element=&#8221;p&#8221; col_2_text_element=&#8221;p&#8221; font_family=&#8221;p&#8221; hover_effect=&#8221;none&#8221; icon_family=&#8221;none&#8221; icon_size=&#8221;regular&#8221; col_1_content=&#8221;Diametre&#8221; col_2_content=&#8221;8,9 mm&#8221;][nectar_horizontal_list_item columns=&#8221;2&#8243; column_layout_using_2_columns=&#8221;even&#8221; col_1_text_align=&#8221;left&#8221; col_2_text_align=&#8221;left&#8221; col_1_text_element=&#8221;p&#8221; col_2_text_element=&#8221;p&#8221; font_family=&#8221;p&#8221; hover_effect=&#8221;none&#8221; icon_family=&#8221;none&#8221; icon_size=&#8221;regular&#8221; col_1_content=&#8221;Pes per metre&#8221; col_2_content=&#8221;49,3 g\/m&#8221;][nectar_horizontal_list_item columns=&#8221;2&#8243; column_layout_using_2_columns=&#8221;even&#8221; col_1_text_align=&#8221;left&#8221; col_2_text_align=&#8221;left&#8221; col_1_text_element=&#8221;p&#8221; col_2_text_element=&#8221;p&#8221; font_family=&#8221;p&#8221; hover_effect=&#8221;none&#8221; icon_family=&#8221;none&#8221; icon_size=&#8221;regular&#8221; col_1_content=&#8221;Percentatge anima&#8221; col_2_content=&#8221;56,2%&#8221;][nectar_horizontal_list_item columns=&#8221;2&#8243; column_layout_using_2_columns=&#8221;even&#8221; col_1_text_align=&#8221;left&#8221; col_2_text_align=&#8221;left&#8221; col_1_text_element=&#8221;p&#8221; col_2_text_element=&#8221;p&#8221; font_family=&#8221;p&#8221; hover_effect=&#8221;none&#8221; icon_family=&#8221;none&#8221; icon_size=&#8221;regular&#8221; col_1_content=&#8221;Percentatge funda&#8221; col_2_content=&#8221;43,8%&#8221;][nectar_horizontal_list_item columns=&#8221;2&#8243; column_layout_using_2_columns=&#8221;even&#8221; col_1_text_align=&#8221;left&#8221; col_2_text_align=&#8221;left&#8221; col_1_text_element=&#8221;p&#8221; col_2_text_element=&#8221;p&#8221; font_family=&#8221;p&#8221; hover_effect=&#8221;none&#8221; icon_family=&#8221;none&#8221; icon_size=&#8221;regular&#8221; col_1_content=&#8221;Despla\u00e7ament funda&#8221; col_2_content=&#8221;0,1%&#8221;][nectar_horizontal_list_item columns=&#8221;2&#8243; column_layout_using_2_columns=&#8221;even&#8221; col_1_text_align=&#8221;left&#8221; col_2_text_align=&#8221;left&#8221; col_1_text_element=&#8221;p&#8221; col_2_text_element=&#8221;p&#8221; font_family=&#8221;p&#8221; hover_effect=&#8221;none&#8221; icon_family=&#8221;none&#8221; icon_size=&#8221;regular&#8221; col_1_content=&#8221;Allargament&#8221; col_2_content=&#8221;4,5%&#8221;][nectar_horizontal_list_item columns=&#8221;2&#8243; column_layout_using_2_columns=&#8221;even&#8221; col_1_text_align=&#8221;left&#8221; col_2_text_align=&#8221;left&#8221; col_1_text_element=&#8221;p&#8221; col_2_text_element=&#8221;p&#8221; font_family=&#8221;p&#8221; hover_effect=&#8221;none&#8221; icon_family=&#8221;none&#8221; icon_size=&#8221;regular&#8221; col_1_content=&#8221;Resist\u00e8ncia est\u00e0tica&#8221; col_2_content=&#8221;21,2 kN&#8221;][\/vc_column][vc_column column_padding=&#8221;no-extra-padding&#8221; column_padding_tablet=&#8221;inherit&#8221; column_padding_phone=&#8221;inherit&#8221; column_padding_position=&#8221;all&#8221; column_element_direction_desktop=&#8221;default&#8221; column_element_spacing=&#8221;default&#8221; desktop_text_alignment=&#8221;default&#8221; tablet_text_alignment=&#8221;default&#8221; phone_text_alignment=&#8221;default&#8221; background_color_opacity=&#8221;1&#8243; background_hover_color_opacity=&#8221;1&#8243; column_backdrop_filter=&#8221;none&#8221; column_shadow=&#8221;none&#8221; column_border_radius=&#8221;none&#8221; column_link_target=&#8221;_self&#8221; column_position=&#8221;default&#8221; gradient_direction=&#8221;left_to_right&#8221; overlay_strength=&#8221;0.3&#8243; width=&#8221;1\/3&#8243; tablet_width_inherit=&#8221;default&#8221; animation_type=&#8221;default&#8221; bg_image_animation=&#8221;none&#8221; border_type=&#8221;simple&#8221; column_border_width=&#8221;none&#8221; column_border_style=&#8221;solid&#8221;][\/vc_column][\/vc_row][vc_row type=&#8221;in_container&#8221; full_screen_row_position=&#8221;middle&#8221; column_margin=&#8221;default&#8221; column_direction=&#8221;default&#8221; column_direction_tablet=&#8221;default&#8221; column_direction_phone=&#8221;default&#8221; scene_position=&#8221;center&#8221; text_color=&#8221;dark&#8221; text_align=&#8221;left&#8221; row_border_radius=&#8221;none&#8221; row_border_radius_applies=&#8221;bg&#8221; overflow=&#8221;visible&#8221; overlay_strength=&#8221;0.3&#8243; gradient_direction=&#8221;left_to_right&#8221; shape_divider_position=&#8221;bottom&#8221; bg_image_animation=&#8221;none&#8221;][vc_column column_padding=&#8221;no-extra-padding&#8221; column_padding_tablet=&#8221;inherit&#8221; column_padding_phone=&#8221;inherit&#8221; column_padding_position=&#8221;all&#8221; column_element_direction_desktop=&#8221;default&#8221; column_element_spacing=&#8221;default&#8221; desktop_text_alignment=&#8221;default&#8221; tablet_text_alignment=&#8221;default&#8221; phone_text_alignment=&#8221;default&#8221; background_color_opacity=&#8221;1&#8243; background_hover_color_opacity=&#8221;1&#8243; column_backdrop_filter=&#8221;none&#8221; column_shadow=&#8221;none&#8221; column_border_radius=&#8221;none&#8221; column_link_target=&#8221;_self&#8221; column_position=&#8221;default&#8221; gradient_direction=&#8221;left_to_right&#8221; overlay_strength=&#8221;0.3&#8243; width=&#8221;1\/1&#8243; tablet_width_inherit=&#8221;default&#8221; animation_type=&#8221;default&#8221; bg_image_animation=&#8221;none&#8221; border_type=&#8221;simple&#8221; column_border_width=&#8221;none&#8221; column_border_style=&#8221;solid&#8221;][nectar_btn size=&#8221;small&#8221; constrain_group_1=&#8221;yes&#8221; constrain_group_2=&#8221;yes&#8221; open_new_tab=&#8221;true&#8221; button_style=&#8221;regular-tilt&#8221; button_color=&#8221;Extra-Color-3&#8243; icon_family=&#8221;none&#8221; text=&#8221;Declaraci\u00f3 conformitat&#8221; margin_top=&#8221;10&#8243; margin_bottom=&#8221;10&#8243; margin_left=&#8221;10&#8243; margin_right=&#8221;10&#8243; url=&#8221;https:\/\/sacidkordas.com\/wp-content\/uploads\/2025\/06\/DECLARACION-CONFORMIDAD-NURIA-89-ES-EN-FR.pdf&#8221;][nectar_btn size=&#8221;small&#8221; constrain_group_1=&#8221;yes&#8221; constrain_group_2=&#8221;yes&#8221; open_new_tab=&#8221;true&#8221; button_style=&#8221;regular-tilt&#8221; button_color=&#8221;Extra-Color-3&#8243; icon_family=&#8221;none&#8221; text=&#8221;Fitxa T\u00e8cnica&#8221; margin_top=&#8221;10&#8243; margin_bottom=&#8221;10&#8243; margin_left=&#8221;10&#8243; margin_right=&#8221;10&#8243; url=&#8221;https:\/\/sacidkordas.com\/wp-content\/uploads\/2025\/06\/NURIA-89-2025.pdf&#8221;][nectar_btn size=&#8221;small&#8221; constrain_group_1=&#8221;yes&#8221; constrain_group_2=&#8221;yes&#8221; open_new_tab=&#8221;true&#8221; button_style=&#8221;regular-tilt&#8221; button_color=&#8221;Extra-Color-3&#8243; icon_family=&#8221;none&#8221; text=&#8221;Manual d&#8217;instruccions&#8221; margin_top=&#8221;10&#8243; margin_bottom=&#8221;10&#8243; margin_left=&#8221;10&#8243; margin_right=&#8221;10&#8243; url=&#8221;https:\/\/sacidkordas.com\/wp-content\/uploads\/2025\/06\/NURIA-89-ES-EN-FR-IT-PT-DE.pdf&#8221;][\/vc_column][\/vc_row]\n","protected":false},"excerpt":{"rendered":"<h5 class=\"rtejustify\"><strong>Corda barranquisme semiestatica Tipus B<\/strong><\/h5>\n<p data-start=\"104\" data-end=\"253\">Corda desenvolupada per a <strong>barranquistes experts<\/strong> que busquen una major resist\u00e8ncia a l&#8217;abrasi\u00f3 sense renunciar a la seguretat d&#8217;una corda certificada.<\/p>\n<p data-start=\"255\" data-end=\"401\">Disposa d&#8217;una camisa <strong>h\u00edbrida d&#8217;aramida\/poliamida<\/strong> que aporta una resist\u00e8ncia a l&#8217;abrasi\u00f3 superior respecte a les cordes convencionals. L\u2019\u00e0nima de poliamida garanteix la m\u00e0xima seguretat pel que fa a l\u2019absorci\u00f3 d\u2019energia i la for\u00e7a de xoc.<\/p>\n<p data-start=\"403\" data-end=\"595\">Est\u00e0 constru\u00efda amb el sistema<strong> Full-ARMOUR<\/strong>, que aporta una sinergia \u00f2ptima entre materials i garanteix el compliment de tots els requisits de la certificaci\u00f3 com a semiest\u00e0tica EN1891 Tipus B.<\/p>\n<p data-start=\"597\" data-end=\"871\">Tamb\u00e9 disposa del <strong>Titan System<\/strong>, que afegeix una seguretat extra, i de l\u2019<strong>Eco System<\/strong>, un tractament de preencongit i impermeabilitzaci\u00f3 aconseguit amb components PFC-Free (lliures de fluorocarbonis C6 o C8). Aix\u00f2 evita que absorbeixi aigua en exc\u00e9s i que augmenti de di\u00e0metre.<\/p>\n<p data-start=\"873\" data-end=\"1139\"><strong data-start=\"873\" data-end=\"897\">Cal tenir en compte:<\/strong> l\u2019aramida t\u00e9 una baixa resist\u00e8ncia als raigs UV i, a causa de la seva pres\u00e8ncia a la camisa, cal tenir especial cura amb l\u2019exposici\u00f3 de la corda a la llum solar.<br data-start=\"1059\" data-end=\"1062\" \/>\u00c9s molt important emmagatzemar-la en un lloc sec i protegit de la llum solar.<\/p>\n","protected":false},"featured_media":17509,"template":"","meta":[],"product_brand":[],"product_cat":[83,73],"product_tag":[],"class_list":{"0":"post-17501","1":"product","2":"type-product","3":"status-publish","4":"has-post-thumbnail","6":"product_cat-barranquismo","7":"product_cat-esportives","9":"first","10":"outofstock","11":"featured","12":"downloadable","13":"virtual","14":"product-type-simple"},"_links":{"self":[{"href":"https:\/\/sacidkordas.com\/ca\/wp-json\/wp\/v2\/product\/17501","targetHints":{"allow":["GET"]}}],"collection":[{"href":"https:\/\/sacidkordas.com\/ca\/wp-json\/wp\/v2\/product"}],"about":[{"href":"https:\/\/sacidkordas.com\/ca\/wp-json\/wp\/v2\/types\/product"}],"wp:featuredmedia":[{"embeddable":true,"href":"https:\/\/sacidkordas.com\/ca\/wp-json\/wp\/v2\/media\/17509"}],"wp:attachment":[{"href":"https:\/\/sacidkordas.com\/ca\/wp-json\/wp\/v2\/media?parent=17501"}],"wp:term":[{"taxonomy":"product_brand","embeddable":true,"href":"https:\/\/sacidkordas.com\/ca\/wp-json\/wp\/v2\/product_brand?post=17501"},{"taxonomy":"product_cat","embeddable":true,"href":"https:\/\/sacidkordas.com\/ca\/wp-json\/wp\/v2\/product_cat?post=17501"},{"taxonomy":"product_tag","embeddable":true,"href":"https:\/\/sacidkordas.com\/ca\/wp-json\/wp\/v2\/product_tag?post=17501"}],"curies":[{"name":"wp","href":"https:\/\/api.w.org\/{rel}","templated":true}]}}