{"id":16768,"date":"2024-09-24T06:56:23","date_gmt":"2024-09-24T06:56:23","guid":{"rendered":"https:\/\/sacidkordas.com\/?post_type=product&#038;p=16768"},"modified":"2024-09-24T09:42:16","modified_gmt":"2024-09-24T09:42:16","slug":"fil-guia","status":"publish","type":"product","link":"https:\/\/sacidkordas.com\/ca\/fil-guia\/","title":{"rendered":"Fil guia"},"content":{"rendered":"","protected":false},"excerpt":{"rendered":"<div class=\"traductor-textarea form-group\">\n<div class=\"textarea-desti col-xs-12 col-sm-6\">\n<div class=\"form-control second-textarea\">Cordino de 2mm fabricat en color taronja fluorescent per a assegurar la seva visi\u00f3 dins de l&#8217;aigua. Especialitzat per a \u00fas en espeleosub. Aquest petit cordino, est\u00e0 elaborat en poli\u00e8ster per a assegurar la m\u00e0xima durabilitat en contacte continuat amb l&#8217;aigua. Permet senyalitzar de manera simple, r\u00e0pida i econ\u00f2mica una ruta a l&#8217;interior de l&#8217;aigua facilitant el retorn a l&#8217;origen o a la repetici\u00f3 del cam\u00ed a posteriori.<\/div>\n<\/div>\n<\/div>\n<div class=\"traductor-checkbox form-group\">\n<div class=\"row\">\n<div class=\"col-sm-offset-2 col-sm-5\"><\/div>\n<\/div>\n<\/div>\n","protected":false},"featured_media":16772,"template":"","meta":[],"product_brand":[],"product_cat":[246,73,74,106,105],"product_tag":[],"class_list":{"0":"post-16768","1":"product","2":"type-product","3":"status-publish","4":"has-post-thumbnail","6":"product_cat-complements","7":"product_cat-esportives","8":"product_cat-profesional","9":"product_cat-rescat-i-intervencio","10":"product_cat-treball-en-alcada-cuerdas-de-trabajo","12":"first","13":"outofstock","14":"downloadable","15":"virtual","16":"product-type-simple"},"_links":{"self":[{"href":"https:\/\/sacidkordas.com\/ca\/wp-json\/wp\/v2\/product\/16768","targetHints":{"allow":["GET"]}}],"collection":[{"href":"https:\/\/sacidkordas.com\/ca\/wp-json\/wp\/v2\/product"}],"about":[{"href":"https:\/\/sacidkordas.com\/ca\/wp-json\/wp\/v2\/types\/product"}],"wp:featuredmedia":[{"embeddable":true,"href":"https:\/\/sacidkordas.com\/ca\/wp-json\/wp\/v2\/media\/16772"}],"wp:attachment":[{"href":"https:\/\/sacidkordas.com\/ca\/wp-json\/wp\/v2\/media?parent=16768"}],"wp:term":[{"taxonomy":"product_brand","embeddable":true,"href":"https:\/\/sacidkordas.com\/ca\/wp-json\/wp\/v2\/product_brand?post=16768"},{"taxonomy":"product_cat","embeddable":true,"href":"https:\/\/sacidkordas.com\/ca\/wp-json\/wp\/v2\/product_cat?post=16768"},{"taxonomy":"product_tag","embeddable":true,"href":"https:\/\/sacidkordas.com\/ca\/wp-json\/wp\/v2\/product_tag?post=16768"}],"curies":[{"name":"wp","href":"https:\/\/api.w.org\/{rel}","templated":true}]}}