{"id":8402,"date":"2020-04-10T14:56:20","date_gmt":"2020-04-10T14:56:20","guid":{"rendered":"https:\/\/sacidkordas.com\/?page_id=8402"},"modified":"2020-05-12T15:44:18","modified_gmt":"2020-05-12T15:44:18","slug":"vida-util-i-recomanacions","status":"publish","type":"page","link":"https:\/\/sacidkordas.com\/ca\/contact\/vida-util-i-recomanacions\/","title":{"rendered":"Vida \u00datil i Recomanacions"},"content":{"rendered":"[vc_row type=&#8221;in_container&#8221; full_screen_row_position=&#8221;middle&#8221; column_margin=&#8221;none&#8221; scene_position=&#8221;center&#8221; text_color=&#8221;dark&#8221; text_align=&#8221;left&#8221; top_padding=&#8221;0&#8243; bottom_padding=&#8221;40&#8243; overlay_strength=&#8221;0.3&#8243; shape_divider_position=&#8221;bottom&#8221; bg_image_animation=&#8221;none&#8221; el_id=&#8221;&#8221; css=&#8221;&#8221;][vc_column column_padding=&#8221;no-extra-padding&#8221; column_padding_position=&#8221;all&#8221; background_color_opacity=&#8221;1&#8243; background_hover_color_opacity=&#8221;1&#8243; column_link_target=&#8221;_self&#8221; column_shadow=&#8221;none&#8221; column_border_radius=&#8221;none&#8221; width=&#8221;1\/1&#8243; tablet_width_inherit=&#8221;default&#8221; tablet_text_alignment=&#8221;default&#8221; phone_text_alignment=&#8221;default&#8221; overlay_strength=&#8221;0.3&#8243; column_border_width=&#8221;none&#8221; column_border_style=&#8221;solid&#8221; bg_image_animation=&#8221;none&#8221;][vc_row_inner column_margin=&#8221;none&#8221; top_padding=&#8221;0&#8243; bottom_padding=&#8221;40&#8243; text_align=&#8221;left&#8221;][\/vc_row_inner][vc_row_inner column_margin=&#8221;none&#8221; top_padding=&#8221;0&#8243; bottom_padding=&#8221;40&#8243; text_align=&#8221;left&#8221;][\/vc_row_inner][heading]Vida \u00fatil de la corda[\/heading][vc_column_text el_class=&#8221;justificat&#8221;]Una corda no ho suporta tot, en qualsevol moment pot patir un desperfecte que ens obligui a retirar-la, b\u00e9 sigui a causa d&#8217;un mal \u00fas, per un desafortunat imprevist com la caiguda d&#8217;una pedra o per altres circumst\u00e0ncies extremes. Determinar la seva durabilitat en el temps dep\u00e8n de la freq\u00fc\u00e8ncia d&#8217;\u00fas i de les cures que es tinguin, per aquest motiu la vida \u00fatil d&#8217;una corda pot ser molt variable. L&#8217;aplicaci\u00f3 de c\u00e0rregues, el contacte amb elements met\u00e0l\u00b7lics o els fregaments amb les roques, s\u00f3n altres factors que contribueixen a la seva deterioraci\u00f3 progressiva. A pesar que s&#8217;emmagatzemin correctament, les cordes perden propietats al llarg del temps degut a les caracter\u00edstiques de les fibres sint\u00e8tiques amb les quals s&#8217;elaboren.<\/p>\n<p>El per\u00edode d&#8217;emmagatzematge d&#8217;una corda, <strong>abans de ser usada, no hauria de ser superior als 4 o 5 anys.<\/strong><\/p>\n<p>D&#8217;altra banda, <strong>encara que aquesta no hagi estat pr\u00e0cticament utilitzada o que aparentment tingui bon aspecte, ha de ser retirada entre els 10 o 12 anys a partir de la data de fabricaci\u00f3.<\/strong><\/p>\n<p>\u00c9s imprescindible que totes les cordes es mantinguin allunyades de productes qu\u00edmics com a \u00e0cids, olis, gasolina\u2026 En cas que es produeixi contacte amb algun element sospit\u00f3s \u00e9s convenient que es contacti amb el fabricant.[\/vc_column_text][\/vc_column][\/vc_row][vc_row type=&#8221;in_container&#8221; full_screen_row_position=&#8221;middle&#8221; column_margin=&#8221;none&#8221; scene_position=&#8221;center&#8221; text_color=&#8221;dark&#8221; text_align=&#8221;left&#8221; top_padding=&#8221;0&#8243; bottom_padding=&#8221;40&#8243; overlay_strength=&#8221;0.3&#8243; shape_divider_position=&#8221;bottom&#8221; bg_image_animation=&#8221;none&#8221; el_id=&#8221;&#8221; css=&#8221;&#8221;][vc_column column_padding=&#8221;no-extra-padding&#8221; column_padding_position=&#8221;all&#8221; background_color_opacity=&#8221;1&#8243; background_hover_color_opacity=&#8221;1&#8243; column_link_target=&#8221;_self&#8221; column_shadow=&#8221;none&#8221; column_border_radius=&#8221;none&#8221; width=&#8221;1\/1&#8243; tablet_width_inherit=&#8221;default&#8221; tablet_text_alignment=&#8221;default&#8221; phone_text_alignment=&#8221;default&#8221; overlay_strength=&#8221;0.3&#8243; column_border_width=&#8221;none&#8221; column_border_style=&#8221;solid&#8221; bg_image_animation=&#8221;none&#8221;][vc_row_inner column_margin=&#8221;none&#8221; top_padding=&#8221;0&#8243; bottom_padding=&#8221;40&#8243; text_align=&#8221;left&#8221;][\/vc_row_inner][\/vc_column][\/vc_row][vc_row type=&#8221;in_container&#8221; full_screen_row_position=&#8221;middle&#8221; column_margin=&#8221;default&#8221; scene_position=&#8221;center&#8221; text_color=&#8221;dark&#8221; text_align=&#8221;left&#8221; overlay_strength=&#8221;0.3&#8243; shape_divider_position=&#8221;bottom&#8221; bg_image_animation=&#8221;none&#8221;][vc_column column_padding=&#8221;no-extra-padding&#8221; column_padding_position=&#8221;all&#8221; background_color_opacity=&#8221;1&#8243; background_hover_color_opacity=&#8221;1&#8243; column_link_target=&#8221;_self&#8221; column_shadow=&#8221;none&#8221; column_border_radius=&#8221;none&#8221; width=&#8221;1\/1&#8243; tablet_width_inherit=&#8221;default&#8221; tablet_text_alignment=&#8221;default&#8221; phone_text_alignment=&#8221;default&#8221; overlay_strength=&#8221;0.3&#8243; column_border_width=&#8221;none&#8221; column_border_style=&#8221;solid&#8221; bg_image_animation=&#8221;none&#8221;][vc_column_text el_class=&#8221;justificat&#8221;]\n<h4><strong><img loading=\"lazy\" decoding=\"async\" class=\"alignleft wp-image-8468 size-thumbnail\" src=\"https:\/\/sacidkordas.com\/wp-content\/uploads\/2020\/04\/ICONOS-REVISIO-01-150x150.jpg\" alt=\"\" width=\"150\" height=\"150\" srcset=\"https:\/\/sacidkordas.com\/wp-content\/uploads\/2020\/04\/ICONOS-REVISIO-01-150x150.jpg?v=1695904657 150w, https:\/\/sacidkordas.com\/wp-content\/uploads\/2020\/04\/ICONOS-REVISIO-01-300x300.jpg?v=1695904657 300w, https:\/\/sacidkordas.com\/wp-content\/uploads\/2020\/04\/ICONOS-REVISIO-01-100x100.jpg?v=1695904657 100w, https:\/\/sacidkordas.com\/wp-content\/uploads\/2020\/04\/ICONOS-REVISIO-01-140x140.jpg?v=1695904657 140w, https:\/\/sacidkordas.com\/wp-content\/uploads\/2020\/04\/ICONOS-REVISIO-01-350x350.jpg?v=1695904657 350w\" sizes=\"auto, (max-width: 150px) 100vw, 150px\" \/><\/strong><\/h4>\n<h4><\/h4>\n<h4><strong>DESCENS<\/strong><\/h4>\n<hr \/>\n<div class=\"traductor-textarea form-group\">\n<div class=\"textarea-desti col-xs-12 col-sm-6\">\n<div class=\"form-control second-textarea\">Durant el r\u00e0pel cal evitar velocitats excessives. Poden provocar-se fusions en la funda de la corda ja que al llarg d&#8217;aquesta moment es generen elevades temperatures en les superf\u00edcies met\u00e0l\u00b7liques en estar en contacte amb la corda. Cal tenir especial cura amb aparells amb politges d&#8217;acer inoxidable, perqu\u00e8 aquest material transmet pitjor la calor, amb la qual cosa el problema s&#8217;aguditza. Es recomana l&#8217;\u00fas d&#8217;aparells descensors homologats per a tal fi i fer-ho amb les t\u00e8cniques adequades.<\/div>\n<\/div>\n<\/div>\n<div class=\"traductor-checkbox form-group\">\n<div class=\"row\"><\/div>\n<\/div>\n[\/vc_column_text][\/vc_column][\/vc_row][vc_row type=&#8221;in_container&#8221; full_screen_row_position=&#8221;middle&#8221; column_margin=&#8221;none&#8221; scene_position=&#8221;center&#8221; text_color=&#8221;dark&#8221; text_align=&#8221;left&#8221; top_padding=&#8221;0&#8243; bottom_padding=&#8221;40&#8243; overlay_strength=&#8221;0.3&#8243; shape_divider_position=&#8221;bottom&#8221; bg_image_animation=&#8221;none&#8221; el_id=&#8221;&#8221; css=&#8221;&#8221;][vc_column column_padding=&#8221;no-extra-padding&#8221; column_padding_position=&#8221;all&#8221; background_color_opacity=&#8221;1&#8243; background_hover_color_opacity=&#8221;1&#8243; column_link_target=&#8221;_self&#8221; column_shadow=&#8221;none&#8221; column_border_radius=&#8221;none&#8221; width=&#8221;1\/1&#8243; tablet_width_inherit=&#8221;default&#8221; tablet_text_alignment=&#8221;default&#8221; phone_text_alignment=&#8221;default&#8221; overlay_strength=&#8221;0.3&#8243; column_border_width=&#8221;none&#8221; column_border_style=&#8221;solid&#8221; bg_image_animation=&#8221;none&#8221;][vc_row_inner column_margin=&#8221;none&#8221; top_padding=&#8221;0&#8243; bottom_padding=&#8221;40&#8243; text_align=&#8221;left&#8221;][\/vc_row_inner][\/vc_column][\/vc_row][vc_row type=&#8221;in_container&#8221; full_screen_row_position=&#8221;middle&#8221; column_margin=&#8221;default&#8221; scene_position=&#8221;center&#8221; text_color=&#8221;dark&#8221; text_align=&#8221;left&#8221; overlay_strength=&#8221;0.3&#8243; shape_divider_position=&#8221;bottom&#8221; bg_image_animation=&#8221;none&#8221;][vc_column column_padding=&#8221;no-extra-padding&#8221; column_padding_position=&#8221;all&#8221; background_color_opacity=&#8221;1&#8243; background_hover_color_opacity=&#8221;1&#8243; column_link_target=&#8221;_self&#8221; column_shadow=&#8221;none&#8221; column_border_radius=&#8221;none&#8221; width=&#8221;1\/1&#8243; tablet_width_inherit=&#8221;default&#8221; tablet_text_alignment=&#8221;default&#8221; phone_text_alignment=&#8221;default&#8221; overlay_strength=&#8221;0.3&#8243; column_border_width=&#8221;none&#8221; column_border_style=&#8221;solid&#8221; bg_image_animation=&#8221;none&#8221;][vc_column_text el_class=&#8221;justificat&#8221;]\n<h4><strong><img loading=\"lazy\" decoding=\"async\" class=\"alignleft wp-image-8472 size-thumbnail\" src=\"https:\/\/sacidkordas.com\/wp-content\/uploads\/2020\/04\/ICONOS-REVISIO-02-150x150.jpg\" alt=\"Icono Revisio\" width=\"150\" height=\"150\" srcset=\"https:\/\/sacidkordas.com\/wp-content\/uploads\/2020\/04\/ICONOS-REVISIO-02-150x150.jpg?v=1695904654 150w, https:\/\/sacidkordas.com\/wp-content\/uploads\/2020\/04\/ICONOS-REVISIO-02-300x300.jpg?v=1695904654 300w, https:\/\/sacidkordas.com\/wp-content\/uploads\/2020\/04\/ICONOS-REVISIO-02-100x100.jpg?v=1695904654 100w, https:\/\/sacidkordas.com\/wp-content\/uploads\/2020\/04\/ICONOS-REVISIO-02-140x140.jpg?v=1695904654 140w, https:\/\/sacidkordas.com\/wp-content\/uploads\/2020\/04\/ICONOS-REVISIO-02-350x350.jpg?v=1695904654 350w\" sizes=\"auto, (max-width: 150px) 100vw, 150px\" \/><\/strong><\/h4>\n<h4><\/h4>\n<h4><strong>REVISI\u00d3<\/strong><\/h4>\n<hr \/>\n<div class=\"traductor-textarea form-group\">\n<div class=\"textarea-desti col-xs-12 col-sm-6\">\n<div class=\"form-control second-textarea\" style=\"padding-left: 160px\">\u00c9s imprescindible revisar la corda visual i t\u00e0ctilment abans i despr\u00e9s de cada utilitzaci\u00f3. Cal passar-la entre la m\u00e0 per a comprovar que no hi hagi cap discontinu\u00eftat. Necess\u00e0riament cal examinar tota la corda fent brassades de mig metre aproximadament conformant una circumfer\u00e8ncia. Una vegada\u00a0 \u00a0realitzat aquest proc\u00e9s, la corda ha de disposar-se suaument sense punts angulosos. La funda ha d&#8217;estar\u00a0 \u00a0en bon estat, sense fibres trencades (\u201cflors\u201d).<\/div>\n<div><\/div>\n<div class=\"form-control second-textarea\" style=\"padding-left: 160px\">\u00a0\u00c9s fonamental realitzar aquesta operaci\u00f3 meticulosament cada vegada que s&#8217;usi una corda. En cas que\u00a0 \u00a0es dubti de la seguretat de la corda ha de substituir-se immediatament per una altra.<\/div>\n<\/div>\n<\/div>\n<div class=\"traductor-checkbox form-group\">\n<div class=\"row\"><\/div>\n<\/div>\n[\/vc_column_text][\/vc_column][\/vc_row][vc_row type=&#8221;in_container&#8221; full_screen_row_position=&#8221;middle&#8221; column_margin=&#8221;none&#8221; scene_position=&#8221;center&#8221; text_color=&#8221;dark&#8221; text_align=&#8221;left&#8221; top_padding=&#8221;0&#8243; bottom_padding=&#8221;40&#8243; overlay_strength=&#8221;0.3&#8243; shape_divider_position=&#8221;bottom&#8221; bg_image_animation=&#8221;none&#8221; el_id=&#8221;&#8221; css=&#8221;&#8221;][vc_column column_padding=&#8221;no-extra-padding&#8221; column_padding_position=&#8221;all&#8221; background_color_opacity=&#8221;1&#8243; background_hover_color_opacity=&#8221;1&#8243; column_link_target=&#8221;_self&#8221; column_shadow=&#8221;none&#8221; column_border_radius=&#8221;none&#8221; width=&#8221;1\/1&#8243; tablet_width_inherit=&#8221;default&#8221; tablet_text_alignment=&#8221;default&#8221; phone_text_alignment=&#8221;default&#8221; overlay_strength=&#8221;0.3&#8243; column_border_width=&#8221;none&#8221; column_border_style=&#8221;solid&#8221; bg_image_animation=&#8221;none&#8221;][vc_row_inner column_margin=&#8221;none&#8221; top_padding=&#8221;0&#8243; bottom_padding=&#8221;40&#8243; text_align=&#8221;left&#8221;][\/vc_row_inner][\/vc_column][\/vc_row][vc_row type=&#8221;in_container&#8221; full_screen_row_position=&#8221;middle&#8221; column_margin=&#8221;default&#8221; scene_position=&#8221;center&#8221; text_color=&#8221;dark&#8221; text_align=&#8221;left&#8221; overlay_strength=&#8221;0.3&#8243; shape_divider_position=&#8221;bottom&#8221; bg_image_animation=&#8221;none&#8221;][vc_column column_padding=&#8221;no-extra-padding&#8221; column_padding_position=&#8221;all&#8221; background_color_opacity=&#8221;1&#8243; background_hover_color_opacity=&#8221;1&#8243; column_link_target=&#8221;_self&#8221; column_shadow=&#8221;none&#8221; column_border_radius=&#8221;none&#8221; width=&#8221;1\/1&#8243; tablet_width_inherit=&#8221;default&#8221; tablet_text_alignment=&#8221;default&#8221; phone_text_alignment=&#8221;default&#8221; overlay_strength=&#8221;0.3&#8243; column_border_width=&#8221;none&#8221; column_border_style=&#8221;solid&#8221; bg_image_animation=&#8221;none&#8221;][vc_column_text el_class=&#8221;justificat&#8221;]\n<h4><strong><img loading=\"lazy\" decoding=\"async\" class=\"alignleft wp-image-8476 size-thumbnail\" src=\"https:\/\/sacidkordas.com\/wp-content\/uploads\/2020\/04\/ICONOS-REVISIO-03-150x150.jpg\" alt=\"Icono Brut\u00edcia\" width=\"150\" height=\"150\" srcset=\"https:\/\/sacidkordas.com\/wp-content\/uploads\/2020\/04\/ICONOS-REVISIO-03-150x150.jpg?v=1695904651 150w, https:\/\/sacidkordas.com\/wp-content\/uploads\/2020\/04\/ICONOS-REVISIO-03-300x300.jpg?v=1695904651 300w, https:\/\/sacidkordas.com\/wp-content\/uploads\/2020\/04\/ICONOS-REVISIO-03-100x100.jpg?v=1695904651 100w, https:\/\/sacidkordas.com\/wp-content\/uploads\/2020\/04\/ICONOS-REVISIO-03-140x140.jpg?v=1695904651 140w, https:\/\/sacidkordas.com\/wp-content\/uploads\/2020\/04\/ICONOS-REVISIO-03-350x350.jpg?v=1695904651 350w\" sizes=\"auto, (max-width: 150px) 100vw, 150px\" \/><\/strong><\/h4>\n<h4><\/h4>\n<h4><strong>BRUT\u00cdCIA<\/strong><\/h4>\n<hr \/>\n<div class=\"traductor-textarea form-group\">\n<div class=\"textarea-desti col-xs-12 col-sm-6\">\n<div class=\"form-control second-textarea\">\n<div class=\"traductor-textarea form-group\">\n<div class=\"textarea-desti col-xs-12 col-sm-6\">\n<div class=\"form-control second-textarea\">Si la corda est\u00e0 moderadament bruta, pot netejar-se amb cura i en sec, amb un raspall sint\u00e8tic suau. En cas que la brut\u00edcia sigui molt intensa pot rentar-se amb aigua freda i amb detergent neutre. La millor manera de rentar-la \u00e9s a m\u00e0 i amb un raspall sint\u00e8tic.<\/div>\n<div class=\"form-control second-textarea\">Encara que no \u00e9s recomanable, en cas d&#8217;usar la rentadora per a netejar-la, evitar el programa de centrifugat, aquest proc\u00e9s augmentar\u00e0 encara m\u00e9s l&#8217;arrissat de la corda que, normalment, causa aquesta operaci\u00f3. Qualsevol altre m\u00e8tode de neteja queda prohibit pel fabricant.<\/div>\n<\/div>\n<\/div>\n<div class=\"traductor-checkbox form-group\">\n<div class=\"row\"><\/div>\n<\/div>\n<\/div>\n<div class=\"form-control second-textarea\"><\/div>\n<\/div>\n<\/div>\n<div class=\"traductor-checkbox form-group\">\n<div class=\"row\"><\/div>\n<\/div>\n[\/vc_column_text][\/vc_column][\/vc_row][vc_row type=&#8221;in_container&#8221; full_screen_row_position=&#8221;middle&#8221; column_margin=&#8221;none&#8221; scene_position=&#8221;center&#8221; text_color=&#8221;dark&#8221; text_align=&#8221;left&#8221; top_padding=&#8221;0&#8243; bottom_padding=&#8221;40&#8243; overlay_strength=&#8221;0.3&#8243; shape_divider_position=&#8221;bottom&#8221; bg_image_animation=&#8221;none&#8221; el_id=&#8221;&#8221; css=&#8221;&#8221;][vc_column column_padding=&#8221;no-extra-padding&#8221; column_padding_position=&#8221;all&#8221; background_color_opacity=&#8221;1&#8243; background_hover_color_opacity=&#8221;1&#8243; column_link_target=&#8221;_self&#8221; column_shadow=&#8221;none&#8221; column_border_radius=&#8221;none&#8221; width=&#8221;1\/1&#8243; tablet_width_inherit=&#8221;default&#8221; tablet_text_alignment=&#8221;default&#8221; phone_text_alignment=&#8221;default&#8221; overlay_strength=&#8221;0.3&#8243; column_border_width=&#8221;none&#8221; column_border_style=&#8221;solid&#8221; bg_image_animation=&#8221;none&#8221;][vc_row_inner column_margin=&#8221;none&#8221; top_padding=&#8221;0&#8243; bottom_padding=&#8221;40&#8243; text_align=&#8221;left&#8221;][\/vc_row_inner][\/vc_column][\/vc_row][vc_row type=&#8221;in_container&#8221; full_screen_row_position=&#8221;middle&#8221; column_margin=&#8221;default&#8221; scene_position=&#8221;center&#8221; text_color=&#8221;dark&#8221; text_align=&#8221;left&#8221; overlay_strength=&#8221;0.3&#8243; shape_divider_position=&#8221;bottom&#8221; bg_image_animation=&#8221;none&#8221;][vc_column column_padding=&#8221;no-extra-padding&#8221; column_padding_position=&#8221;all&#8221; background_color_opacity=&#8221;1&#8243; background_hover_color_opacity=&#8221;1&#8243; column_link_target=&#8221;_self&#8221; column_shadow=&#8221;none&#8221; column_border_radius=&#8221;none&#8221; width=&#8221;1\/1&#8243; tablet_width_inherit=&#8221;default&#8221; tablet_text_alignment=&#8221;default&#8221; phone_text_alignment=&#8221;default&#8221; overlay_strength=&#8221;0.3&#8243; column_border_width=&#8221;none&#8221; column_border_style=&#8221;solid&#8221; bg_image_animation=&#8221;none&#8221;][vc_column_text el_class=&#8221;justificat&#8221;]\n<h4><strong><img loading=\"lazy\" decoding=\"async\" class=\"alignleft wp-image-8480 size-thumbnail\" src=\"https:\/\/sacidkordas.com\/wp-content\/uploads\/2020\/04\/ICONOS-REVISIO-04-150x150.jpg\" alt=\"Icono Secat\" width=\"150\" height=\"150\" srcset=\"https:\/\/sacidkordas.com\/wp-content\/uploads\/2020\/04\/ICONOS-REVISIO-04-150x150.jpg?v=1695904648 150w, https:\/\/sacidkordas.com\/wp-content\/uploads\/2020\/04\/ICONOS-REVISIO-04-300x300.jpg?v=1695904648 300w, https:\/\/sacidkordas.com\/wp-content\/uploads\/2020\/04\/ICONOS-REVISIO-04-100x100.jpg?v=1695904648 100w, https:\/\/sacidkordas.com\/wp-content\/uploads\/2020\/04\/ICONOS-REVISIO-04-140x140.jpg?v=1695904648 140w, https:\/\/sacidkordas.com\/wp-content\/uploads\/2020\/04\/ICONOS-REVISIO-04-350x350.jpg?v=1695904648 350w\" sizes=\"auto, (max-width: 150px) 100vw, 150px\" \/><\/strong><\/h4>\n<h4><\/h4>\n<h4><strong>SECAT<\/strong><\/h4>\n<hr \/>\n<div class=\"traductor-textarea form-group\">\n<div class=\"textarea-desti col-xs-12 col-sm-6\">\n<div class=\"form-control second-textarea\">\n<div class=\"traductor-textarea form-group\">\n<div class=\"textarea-desti col-xs-12 col-sm-6\">\n<div class=\"form-control second-textarea\">Si la corda est\u00e0 mullada, b\u00e9 sigui pel rentat o per qualsevol altre motiu, s&#8217;ha d&#8217;estendre i assecar-se a l&#8217;ombra. Eviti exposar-la al sol o a la calor. Guardar la corda en un lloc fresc, sec i protegit de la llum solar.<\/div>\n<\/div>\n<\/div>\n<\/div>\n<\/div>\n<\/div>\n[\/vc_column_text][\/vc_column][\/vc_row][vc_row type=&#8221;in_container&#8221; full_screen_row_position=&#8221;middle&#8221; column_margin=&#8221;none&#8221; scene_position=&#8221;center&#8221; text_color=&#8221;dark&#8221; text_align=&#8221;left&#8221; top_padding=&#8221;0&#8243; bottom_padding=&#8221;40&#8243; overlay_strength=&#8221;0.3&#8243; shape_divider_position=&#8221;bottom&#8221; bg_image_animation=&#8221;none&#8221; el_id=&#8221;&#8221; css=&#8221;&#8221;][vc_column column_padding=&#8221;no-extra-padding&#8221; column_padding_position=&#8221;all&#8221; background_color_opacity=&#8221;1&#8243; background_hover_color_opacity=&#8221;1&#8243; column_link_target=&#8221;_self&#8221; column_shadow=&#8221;none&#8221; column_border_radius=&#8221;none&#8221; width=&#8221;1\/1&#8243; tablet_width_inherit=&#8221;default&#8221; tablet_text_alignment=&#8221;default&#8221; phone_text_alignment=&#8221;default&#8221; overlay_strength=&#8221;0.3&#8243; column_border_width=&#8221;none&#8221; column_border_style=&#8221;solid&#8221; bg_image_animation=&#8221;none&#8221;][vc_row_inner column_margin=&#8221;none&#8221; top_padding=&#8221;0&#8243; bottom_padding=&#8221;40&#8243; text_align=&#8221;left&#8221;][\/vc_row_inner][\/vc_column][\/vc_row][vc_row type=&#8221;in_container&#8221; full_screen_row_position=&#8221;middle&#8221; column_margin=&#8221;default&#8221; scene_position=&#8221;center&#8221; text_color=&#8221;dark&#8221; text_align=&#8221;left&#8221; overlay_strength=&#8221;0.3&#8243; shape_divider_position=&#8221;bottom&#8221; bg_image_animation=&#8221;none&#8221;][vc_column column_padding=&#8221;no-extra-padding&#8221; column_padding_position=&#8221;all&#8221; background_color_opacity=&#8221;1&#8243; background_hover_color_opacity=&#8221;1&#8243; column_link_target=&#8221;_self&#8221; column_shadow=&#8221;none&#8221; column_border_radius=&#8221;none&#8221; width=&#8221;1\/1&#8243; tablet_width_inherit=&#8221;default&#8221; tablet_text_alignment=&#8221;default&#8221; phone_text_alignment=&#8221;default&#8221; overlay_strength=&#8221;0.3&#8243; column_border_width=&#8221;none&#8221; column_border_style=&#8221;solid&#8221; bg_image_animation=&#8221;none&#8221;][heading]\n<div class=\"traductor-textarea form-group\">\n<div class=\"textarea-desti col-xs-12 col-sm-6\">\n<h3 class=\"form-control second-textarea\">Per a qualsevol altra consulta escriu-nos al <a href=\"https:\/\/sacidkordas.com\/contact\">formulari de contacte\u00a0Korda\u00b4s<\/a>\u00a0i estarem encantats d&#8217;ajudar-te!<\/h3>\n<\/div>\n<\/div>\n<div class=\"traductor-checkbox form-group\">\n<div class=\"row\"><\/div>\n<\/div>\n[\/heading][\/vc_column][\/vc_row]\n","protected":false},"excerpt":{"rendered":"<p>[vc_row type=&#8221;in_container&#8221; full_screen_row_position=&#8221;middle&#8221; column_margin=&#8221;none&#8221; scene_position=&#8221;center&#8221; text_color=&#8221;dark&#8221; text_align=&#8221;left&#8221; top_padding=&#8221;0&#8243; bottom_padding=&#8221;40&#8243; overlay_strength=&#8221;0.3&#8243; shape_divider_position=&#8221;bottom&#8221; bg_image_animation=&#8221;none&#8221; el_id=&#8221;&#8221; css=&#8221;&#8221;][vc_column column_padding=&#8221;no-extra-padding&#8221; column_padding_position=&#8221;all&#8221; background_color_opacity=&#8221;1&#8243; background_hover_color_opacity=&#8221;1&#8243; column_link_target=&#8221;_self&#8221; column_shadow=&#8221;none&#8221; column_border_radius=&#8221;none&#8221; width=&#8221;1\/1&#8243; tablet_width_inherit=&#8221;default&#8221; tablet_text_alignment=&#8221;default&#8221; phone_text_alignment=&#8221;default&#8221; overlay_strength=&#8221;0.3&#8243; column_border_width=&#8221;none&#8221; column_border_style=&#8221;solid&#8221; bg_image_animation=&#8221;none&#8221;][vc_row_inner column_margin=&#8221;none&#8221; top_padding=&#8221;0&#8243; bottom_padding=&#8221;40&#8243; text_align=&#8221;left&#8221;][\/vc_row_inner][vc_row_inner column_margin=&#8221;none&#8221; top_padding=&#8221;0&#8243; bottom_padding=&#8221;40&#8243; text_align=&#8221;left&#8221;][\/vc_row_inner][heading]Vida \u00fatil de la&#8230;<\/p>\n","protected":false},"author":7,"featured_media":0,"parent":66,"menu_order":0,"comment_status":"closed","ping_status":"closed","template":"","meta":{"footnotes":""},"class_list":["post-8402","page","type-page","status-publish"],"_links":{"self":[{"href":"https:\/\/sacidkordas.com\/ca\/wp-json\/wp\/v2\/pages\/8402","targetHints":{"allow":["GET"]}}],"collection":[{"href":"https:\/\/sacidkordas.com\/ca\/wp-json\/wp\/v2\/pages"}],"about":[{"href":"https:\/\/sacidkordas.com\/ca\/wp-json\/wp\/v2\/types\/page"}],"author":[{"embeddable":true,"href":"https:\/\/sacidkordas.com\/ca\/wp-json\/wp\/v2\/users\/7"}],"replies":[{"embeddable":true,"href":"https:\/\/sacidkordas.com\/ca\/wp-json\/wp\/v2\/comments?post=8402"}],"version-history":[{"count":0,"href":"https:\/\/sacidkordas.com\/ca\/wp-json\/wp\/v2\/pages\/8402\/revisions"}],"up":[{"embeddable":true,"href":"https:\/\/sacidkordas.com\/ca\/wp-json\/wp\/v2\/pages\/66"}],"wp:attachment":[{"href":"https:\/\/sacidkordas.com\/ca\/wp-json\/wp\/v2\/media?parent=8402"}],"curies":[{"name":"wp","href":"https:\/\/api.w.org\/{rel}","templated":true}]}}