{"id":8294,"date":"2020-04-09T17:12:57","date_gmt":"2020-04-09T17:12:57","guid":{"rendered":"https:\/\/sacidkordas.com\/?page_id=8294"},"modified":"2023-10-11T11:48:11","modified_gmt":"2023-10-11T11:48:11","slug":"preguntes-frequents","status":"publish","type":"page","link":"https:\/\/sacidkordas.com\/ca\/contact\/preguntes-frequents\/","title":{"rendered":"Preguntes freq\u00fcents"},"content":{"rendered":"[vc_row type=&#8221;in_container&#8221; full_screen_row_position=&#8221;middle&#8221; column_margin=&#8221;none&#8221; column_direction=&#8221;default&#8221; column_direction_tablet=&#8221;default&#8221; column_direction_phone=&#8221;default&#8221; scene_position=&#8221;center&#8221; top_padding=&#8221;0&#8243; bottom_padding=&#8221;40&#8243; text_color=&#8221;dark&#8221; text_align=&#8221;left&#8221; row_border_radius=&#8221;none&#8221; row_border_radius_applies=&#8221;bg&#8221; overflow=&#8221;visible&#8221; overlay_strength=&#8221;0.3&#8243; gradient_direction=&#8221;left_to_right&#8221; shape_divider_position=&#8221;bottom&#8221; bg_image_animation=&#8221;none&#8221; el_id=&#8221;&#8221; css=&#8221;&#8221;][vc_column column_padding=&#8221;no-extra-padding&#8221; column_padding_tablet=&#8221;inherit&#8221; column_padding_phone=&#8221;inherit&#8221; column_padding_position=&#8221;all&#8221; column_element_direction_desktop=&#8221;default&#8221; column_element_spacing=&#8221;default&#8221; desktop_text_alignment=&#8221;default&#8221; tablet_text_alignment=&#8221;default&#8221; phone_text_alignment=&#8221;default&#8221; background_color_opacity=&#8221;1&#8243; background_hover_color_opacity=&#8221;1&#8243; column_backdrop_filter=&#8221;none&#8221; column_shadow=&#8221;none&#8221; column_border_radius=&#8221;none&#8221; column_link_target=&#8221;_self&#8221; column_position=&#8221;default&#8221; gradient_direction=&#8221;left_to_right&#8221; overlay_strength=&#8221;0.3&#8243; width=&#8221;1\/1&#8243; tablet_width_inherit=&#8221;default&#8221; animation_type=&#8221;default&#8221; bg_image_animation=&#8221;none&#8221; border_type=&#8221;simple&#8221; column_border_width=&#8221;none&#8221; column_border_style=&#8221;solid&#8221;][vc_row_inner column_margin=&#8221;none&#8221; column_direction=&#8221;default&#8221; column_direction_tablet=&#8221;default&#8221; column_direction_phone=&#8221;default&#8221; top_padding=&#8221;0&#8243; bottom_padding=&#8221;40&#8243; text_align=&#8221;left&#8221; row_position=&#8221;default&#8221; row_position_tablet=&#8221;inherit&#8221; row_position_phone=&#8221;inherit&#8221; overflow=&#8221;visible&#8221; pointer_events=&#8221;all&#8221;][\/vc_row_inner][\/vc_column][\/vc_row][vc_row type=&#8221;in_container&#8221; full_screen_row_position=&#8221;middle&#8221; column_margin=&#8221;default&#8221; column_direction=&#8221;default&#8221; column_direction_tablet=&#8221;default&#8221; column_direction_phone=&#8221;default&#8221; scene_position=&#8221;center&#8221; text_color=&#8221;dark&#8221; text_align=&#8221;left&#8221; row_border_radius=&#8221;none&#8221; row_border_radius_applies=&#8221;bg&#8221; overflow=&#8221;visible&#8221; overlay_strength=&#8221;0.3&#8243; gradient_direction=&#8221;left_to_right&#8221; shape_divider_position=&#8221;bottom&#8221; bg_image_animation=&#8221;none&#8221;][vc_column column_padding=&#8221;no-extra-padding&#8221; column_padding_tablet=&#8221;inherit&#8221; column_padding_phone=&#8221;inherit&#8221; column_padding_position=&#8221;all&#8221; column_element_direction_desktop=&#8221;default&#8221; column_element_spacing=&#8221;default&#8221; desktop_text_alignment=&#8221;default&#8221; tablet_text_alignment=&#8221;default&#8221; phone_text_alignment=&#8221;default&#8221; background_color_opacity=&#8221;1&#8243; background_hover_color_opacity=&#8221;1&#8243; column_backdrop_filter=&#8221;none&#8221; column_shadow=&#8221;none&#8221; column_border_radius=&#8221;none&#8221; column_link_target=&#8221;_self&#8221; column_position=&#8221;default&#8221; gradient_direction=&#8221;left_to_right&#8221; overlay_strength=&#8221;0.3&#8243; width=&#8221;1\/1&#8243; tablet_width_inherit=&#8221;default&#8221; animation_type=&#8221;default&#8221; bg_image_animation=&#8221;none&#8221; border_type=&#8221;simple&#8221; column_border_width=&#8221;none&#8221; column_border_style=&#8221;solid&#8221;][toggles style=&#8221;minimal&#8221;][toggle color=&#8221;Accent-Color&#8221; heading_tag=&#8221;default&#8221; heading_tag_functionality=&#8221;default&#8221; title=&#8221;Perqu\u00e8 s&#8217;arrissen les cordes?&#8221;][vc_column_text el_class=&#8221;justificat&#8221;]\n<p style=\"padding-left: 40px;\">Les cordes es fabriquen de manera que tota l&#8217;estructura de la corda \u00e9s neutra. En retirar-la del rodet o de la madeixa s&#8217;ha de fer sense provocar r\u00ednxol, tal com indica la imatge. D&#8217;aquesta forma tindrem la corda neutra a punt per a utilitzar.<\/p>\n<p style=\"padding-left: 40px;\"><img loading=\"lazy\" decoding=\"async\" class=\"size-medium wp-image-15356 aligncenter\" src=\"https:\/\/sacidkordas.com\/wp-content\/uploads\/2023\/10\/Kordas-instruccions_Mesa-de-trabajo-1-300x211.png\" alt=\"\" width=\"300\" height=\"211\" srcset=\"https:\/\/sacidkordas.com\/wp-content\/uploads\/2023\/10\/Kordas-instruccions_Mesa-de-trabajo-1-300x211.png 300w, https:\/\/sacidkordas.com\/wp-content\/uploads\/2023\/10\/Kordas-instruccions_Mesa-de-trabajo-1-600x422.png 600w, https:\/\/sacidkordas.com\/wp-content\/uploads\/2023\/10\/Kordas-instruccions_Mesa-de-trabajo-1-1024x721.png 1024w, https:\/\/sacidkordas.com\/wp-content\/uploads\/2023\/10\/Kordas-instruccions_Mesa-de-trabajo-1-768x541.png 768w, https:\/\/sacidkordas.com\/wp-content\/uploads\/2023\/10\/Kordas-instruccions_Mesa-de-trabajo-1-1536x1081.png 1536w, https:\/\/sacidkordas.com\/wp-content\/uploads\/2023\/10\/Kordas-instruccions_Mesa-de-trabajo-1-2048x1442.png 2048w\" sizes=\"auto, (max-width: 300px) 100vw, 300px\" \/>Principalment, el r\u00ednxol el provoca el\u00a0descensor\u00a0i la t\u00e8cnica que s&#8217;utilitza per a\u00a0rapelar. En els aparells de\u00a0espeleologia\u00a0per exemple, la corda realitza tot el recorregut en corrioles amb un mateix pla (en dues dimensions).<\/p>\n<p style=\"padding-left: 40px;\">Quan els recorreguts de la corda tenen 3 dimensions, com pot ser en un vuit o en un din\u00e0mic, la corda s&#8217;arrissa.<\/p>\n<p style=\"padding-left: 40px;\">\u00c9s convenient de tant en tant estirar tota la corda i treure els r\u00ednxols que pugui tenir per a millorar el rendiment.<\/p>\n[\/vc_column_text][vc_column_text][\/vc_column_text][\/toggle][toggle color=&#8221;Accent-Color&#8221; heading_tag=&#8221;default&#8221; heading_tag_functionality=&#8221;default&#8221; title=&#8221;On s&#8217;han de guardar les cordes per a una bona conservaci\u00f3?&#8221;][vc_column_text]\n<div class=\"traductor-textarea form-group\">\n<div class=\"textarea-desti col-xs-12 col-sm-6\">\n<h4 class=\"form-control second-textarea\"><\/h4>\n<p class=\"form-control second-textarea\">\u00c9s molt important on guardem les cordes. La fibra amb la qual aquesta fabricada la corda pot perdre les seves propietats si est\u00e0 en contacte amb productes de neteja, olis, bateries\u2026 La corda ha d&#8217;estar en un lloc sec, sense radiaci\u00f3 solar directa i protegida de qualsevol agent perill\u00f3s.<\/p>\n<\/div>\n<\/div>\n<div class=\"traductor-checkbox form-group\">\n<div class=\"row\"><\/div>\n<\/div>\n[\/vc_column_text][vc_column_text][\/vc_column_text][\/toggle][toggle color=&#8221;Accent-Color&#8221; heading_tag=&#8221;default&#8221; heading_tag_functionality=&#8221;default&#8221; title=&#8221;Com hem de rentar una corda?&#8221;][vc_column_text]Una corda s&#8217;ha de rentar m\u00e9s o menys sovint depenent del seu \u00fas. Es pot rentar a m\u00e0 o a m\u00e0quina. Per rentar-la, \u00e9s imprescindible utilitzar sab\u00f3 per a roba delicada (sab\u00f3 de marsella o similar), i es pot afegir una mica de suavitzant (tamb\u00e9 per a roba delicada) en cas que la corda estigui m\u00e9s r\u00edgida del desitjable. Amb el suavitzant, les fibres, igual que la roba, llisquen millor i queda tacte m\u00e9s agradable a la corda.<\/p>\n<h5><img loading=\"lazy\" decoding=\"async\" class=\"size-full wp-image-15372 alignleft\" src=\"https:\/\/sacidkordas.com\/wp-content\/uploads\/2023\/10\/ETIQUETES-TEXTILS-03-e1697023074507.png\" alt=\"\" width=\"296\" height=\"296\" \/>RENTAT MANUAL<\/h5>\n<p>En cas de rentat manual, s&#8217;aconsella fer servir el<span style=\"color: #c8c8c8;\"> <a style=\"color: #c8c8c8;\" href=\"https:\/\/sacidkordas.com\/raspallcordes\/\" target=\"_blank\" rel=\"noopener\"><strong>raspall<\/strong> <strong>Korda&#8217;s<\/strong><\/a><\/span> per a un millor resultat. S&#8217;ha de submergir la corda en aigua freda o temperada, afegir una mica de sab\u00f3, i passar el raspall des d&#8217;un extrem a l&#8217;altre. Repetir l&#8217;operaci\u00f3 a les dues direccions per obtenir una millor neteja. Si fos necessari, en cas de cordes molt enfangades, aquesta operaci\u00f3 caldr\u00e0 fer-la diverses vegades. Finalment, esbandir amb aigua abundant per eliminar el sab\u00f3 restant. A l&#8217;\u00faltim esbandit, si es desitja, es pot afegir una mica de suavitzant (no esbandir despr\u00e9s de posar el suavitzant).<\/p>\n<h5><img loading=\"lazy\" decoding=\"async\" class=\"size-full wp-image-15376 alignleft\" src=\"https:\/\/sacidkordas.com\/wp-content\/uploads\/2023\/10\/ETIQUETES-TEXTILS-04-e1697023049957.png\" alt=\"\" width=\"297\" height=\"296\" \/>RENTAT A M\u00c0QUINA<\/h5>\n<p>Es pot posar a la rentadora, fent servir un programa curt i en aigua freda o m\u00e0xim de 30\u00baC. Es recomana NO centrifugar, ja que provocaria un major arrissat a la corda.<\/p>\n<p>&nbsp;<\/p>\n<h5><\/h5>\n<h5><\/h5>\n<h5><img loading=\"lazy\" decoding=\"async\" class=\"size-full wp-image-15368 alignleft\" src=\"https:\/\/sacidkordas.com\/wp-content\/uploads\/2023\/10\/ETIQUETES-TEXTILS-02-e1697023085110.png\" alt=\"\" width=\"297\" height=\"296\" \/>ASSECAT<\/h5>\n<p>Per assecar-la s&#8217;ha de posar a l&#8217;ombra en un lloc sec i ventilat. \u00c9s important no posar la corda al sol, perqu\u00e8 pot fer malb\u00e9 les fibres. No fer servir assecadora ni qualsevol altra font de calor.[\/vc_column_text][\/toggle][toggle color=&#8221;Accent-Color&#8221; heading_tag=&#8221;default&#8221; heading_tag_functionality=&#8221;default&#8221; title=&#8221;Cal mullar les cordes d&#8217;espeleologia o d&#8217;ind\u00fastria abans d&#8217;utilitzar-les?&#8221;][vc_column_text el_class=&#8221;justificat&#8221;]\n<h4><\/h4>\n<p style=\"padding-left: 40px;\">Totes les cordes Korda\u2019s v\u00e9nen acabades de fabrica, per tant el primer mullat i assecat ja estar\u00e0 realitzat en fabrica. <strong>No \u00e9s necessari realitzar cap mullat previ de cap entenimentada Korda\u2019s.<\/strong><\/p>\n<p style=\"padding-left: 40px;\">A m\u00e9s, la primera vegada que la corda entra en contacte amb l&#8217;aigua \u00e9s quan m\u00e9s encongeix, de manera que en realitzar aquest proc\u00e9s a f\u00e0brica, l&#8217;usuari rep els metres que desitja sense que li encongeixi tant la corda al llarg de la seva vida \u00fatil.<\/p>\n[\/vc_column_text][\/toggle][toggle color=&#8221;Accent-Color&#8221; heading_tag=&#8221;default&#8221; heading_tag_functionality=&#8221;default&#8221; title=&#8221;Quina \u00e9s la difer\u00e8ncia entre DANA versi\u00f3 Espeleologia (color blanc) i versi\u00f3 Barrancs?&#8221;][vc_column_text el_class=&#8221;justificat&#8221;]\n<h4><\/h4>\n<p style=\"padding-left: 40px;\">La corda Dana, estructuralment \u00e9s la mateixa corda tant en la versi\u00f3 barrancs com en la Espeleo. No obstant aix\u00f2, en la versi\u00f3 de barrancs, el color \u00e9s m\u00e9s vist\u00f3s per poder localitzar millor la corda a l&#8217;aigua, i l&#8217;acabat TOTAL DRY que s\u2019 aplica a la corda, en la versi\u00f3 de barrancs \u00e9s m\u00e9s fort per aconseguir que la corda repel\u00b7leixi l&#8217;aigua i per tant pesi menys. Aquest tractament tamb\u00e9 ajuda a millorar l\u2019envelliment de la corda amb l&#8217;\u00fas pel efecte mullat-assecat.<\/p>\n[\/vc_column_text][\/toggle][toggle color=&#8221;Accent-Color&#8221; heading_tag=&#8221;default&#8221; heading_tag_functionality=&#8221;default&#8221; title=&#8221;Com podem saber si una corda esta certificada?&#8221;][vc_column_text el_class=&#8221;justificat&#8221;]\n<h4><\/h4>\n<p style=\"padding-left: 40px;\">Per saber si una corda semiest\u00e0tica est\u00e0 certificada, hem de mirar al seu interior. Totes les cordes certificades estan fabricades amb una cinta interior on el fabricant indica varis par\u00e0metres; el tipus de certificaci\u00f3 (semiest\u00e0tica, din\u00e0mica), l\u2019any que s&#8217;ha fabricat, i el material.<img loading=\"lazy\" decoding=\"async\" class=\"wp-image-7713 alignright\" src=\"https:\/\/sacidkordas.com\/wp-content\/uploads\/2020\/03\/Tabla-color-a\u00f1o-fabricacion-01-e1586508837616.png\" alt=\"color cinta interior\" width=\"326\" height=\"253\" srcset=\"https:\/\/sacidkordas.com\/wp-content\/uploads\/2020\/03\/Tabla-color-a\u00f1o-fabricacion-01-e1586508837616.png?v=1695905030 2086w, https:\/\/sacidkordas.com\/wp-content\/uploads\/2020\/03\/Tabla-color-a\u00f1o-fabricacion-01-e1586508837616-600x467.png?v=1695905030 600w, https:\/\/sacidkordas.com\/wp-content\/uploads\/2020\/03\/Tabla-color-a\u00f1o-fabricacion-01-e1586508837616-300x233.png?v=1695905030 300w, https:\/\/sacidkordas.com\/wp-content\/uploads\/2020\/03\/Tabla-color-a\u00f1o-fabricacion-01-e1586508837616-1024x797.png?v=1695905030 1024w, https:\/\/sacidkordas.com\/wp-content\/uploads\/2020\/03\/Tabla-color-a\u00f1o-fabricacion-01-e1586508837616-768x598.png?v=1695905030 768w, https:\/\/sacidkordas.com\/wp-content\/uploads\/2020\/03\/Tabla-color-a\u00f1o-fabricacion-01-e1586508837616-1536x1195.png?v=1695905030 1536w, https:\/\/sacidkordas.com\/wp-content\/uploads\/2020\/03\/Tabla-color-a\u00f1o-fabricacion-01-e1586508837616-2048x1593.png?v=1695905030 2048w\" sizes=\"auto, (max-width: 326px) 100vw, 326px\" \/><\/p>\n<p style=\"padding-left: 40px;\">Alguns fabricants utilitzen un codi de colors per identificar mes f\u00e0cilment l\u2019any de fabricaci\u00f3 sense haver de tallar massa la corda. Aqu\u00ed pots consultar la taula de colors de Korda &#8216;s:<\/p>\n<p style=\"padding-left: 40px;\">A les cordes din\u00e0miques no \u00e9s d\u2019obligaci\u00f3 que portin cinta interior, encara que \u00e9s recomanable per a poder identificar en cas necessari l\u2019any de fabricaci\u00f3 de la corda. A Korda&#8217;s les din\u00e0miques incoroporen cinta interior i per tant segueixen la mateixa identificaci\u00f3.<\/p>\n[\/vc_column_text][\/toggle][toggle color=&#8221;Default&#8221; heading_tag=&#8221;default&#8221; heading_tag_functionality=&#8221;default&#8221; title=&#8221;Primers usos de les cordes&#8221;][vc_column_text el_class=&#8221;justificat&#8221;]Quan una corda \u00e9s nova, \u00e9s quan hem d&#8217;anar amb m\u00e9s precauci\u00f3\u00a0a l&#8217;utilitzar-la.<\/p>\n<p>Les fibres\u00a0en\u00a0ser noves,\u00a0estan relaxades i\u00a0\u00e9s\u00a0quan les abrasions poden provocar flors m\u00e9s\u00a0f\u00e0cilment. Amb l&#8217;\u00fas i el pas del temps\u00a0(principalment si durant l&#8217;\u00fas es mulla i s&#8217;asseca la corda) les fibres\u00a0<span class=\"hiddenGrammarError\">es<\/span>\u00a0tensen\u00a0i milloren la\u00a0resist\u00e8ncia\u00a0a l&#8217;abrasi\u00f3.<\/p>\n<p>Com a fabricant recomanem anar amb m\u00e9s precauci\u00f3 les primeres vegades que s&#8217;utilitza una corda nova, sobretot els 4 o 5 primers cops.<\/p>\n[\/vc_column_text][\/toggle][\/toggles][\/vc_column][\/vc_row][vc_row type=&#8221;in_container&#8221; full_screen_row_position=&#8221;middle&#8221; column_margin=&#8221;none&#8221; column_direction=&#8221;default&#8221; column_direction_tablet=&#8221;default&#8221; column_direction_phone=&#8221;default&#8221; scene_position=&#8221;center&#8221; top_padding=&#8221;0&#8243; bottom_padding=&#8221;40&#8243; text_color=&#8221;dark&#8221; text_align=&#8221;left&#8221; row_border_radius=&#8221;none&#8221; row_border_radius_applies=&#8221;bg&#8221; overflow=&#8221;visible&#8221; overlay_strength=&#8221;0.3&#8243; gradient_direction=&#8221;left_to_right&#8221; shape_divider_position=&#8221;bottom&#8221; bg_image_animation=&#8221;none&#8221; el_id=&#8221;&#8221; css=&#8221;&#8221;][vc_column column_padding=&#8221;no-extra-padding&#8221; column_padding_tablet=&#8221;inherit&#8221; column_padding_phone=&#8221;inherit&#8221; column_padding_position=&#8221;all&#8221; column_element_direction_desktop=&#8221;default&#8221; column_element_spacing=&#8221;default&#8221; desktop_text_alignment=&#8221;default&#8221; tablet_text_alignment=&#8221;default&#8221; phone_text_alignment=&#8221;default&#8221; background_color_opacity=&#8221;1&#8243; background_hover_color_opacity=&#8221;1&#8243; column_backdrop_filter=&#8221;none&#8221; column_shadow=&#8221;none&#8221; column_border_radius=&#8221;none&#8221; column_link_target=&#8221;_self&#8221; column_position=&#8221;default&#8221; gradient_direction=&#8221;left_to_right&#8221; overlay_strength=&#8221;0.3&#8243; width=&#8221;1\/1&#8243; tablet_width_inherit=&#8221;default&#8221; animation_type=&#8221;default&#8221; bg_image_animation=&#8221;none&#8221; border_type=&#8221;simple&#8221; column_border_width=&#8221;none&#8221; column_border_style=&#8221;solid&#8221;][vc_row_inner column_margin=&#8221;none&#8221; column_direction=&#8221;default&#8221; column_direction_tablet=&#8221;default&#8221; column_direction_phone=&#8221;default&#8221; top_padding=&#8221;0&#8243; bottom_padding=&#8221;40&#8243; text_align=&#8221;left&#8221; row_position=&#8221;default&#8221; row_position_tablet=&#8221;inherit&#8221; row_position_phone=&#8221;inherit&#8221; overflow=&#8221;visible&#8221; pointer_events=&#8221;all&#8221;][\/vc_row_inner][vc_row_inner column_margin=&#8221;none&#8221; column_direction=&#8221;default&#8221; column_direction_tablet=&#8221;default&#8221; column_direction_phone=&#8221;default&#8221; top_padding=&#8221;0&#8243; bottom_padding=&#8221;40&#8243; text_align=&#8221;left&#8221; row_position=&#8221;default&#8221; row_position_tablet=&#8221;inherit&#8221; row_position_phone=&#8221;inherit&#8221; overflow=&#8221;visible&#8221; pointer_events=&#8221;all&#8221;][\/vc_row_inner][\/vc_column][\/vc_row][vc_row type=&#8221;in_container&#8221; full_screen_row_position=&#8221;middle&#8221; column_margin=&#8221;default&#8221; column_direction=&#8221;default&#8221; column_direction_tablet=&#8221;default&#8221; column_direction_phone=&#8221;default&#8221; scene_position=&#8221;center&#8221; text_color=&#8221;dark&#8221; text_align=&#8221;left&#8221; row_border_radius=&#8221;none&#8221; row_border_radius_applies=&#8221;bg&#8221; overflow=&#8221;visible&#8221; overlay_strength=&#8221;0.3&#8243; gradient_direction=&#8221;left_to_right&#8221; shape_divider_position=&#8221;bottom&#8221; bg_image_animation=&#8221;none&#8221;][vc_column column_padding=&#8221;no-extra-padding&#8221; column_padding_tablet=&#8221;inherit&#8221; column_padding_phone=&#8221;inherit&#8221; column_padding_position=&#8221;all&#8221; column_element_direction_desktop=&#8221;default&#8221; column_element_spacing=&#8221;default&#8221; desktop_text_alignment=&#8221;default&#8221; tablet_text_alignment=&#8221;default&#8221; phone_text_alignment=&#8221;default&#8221; background_color_opacity=&#8221;1&#8243; background_hover_color_opacity=&#8221;1&#8243; column_backdrop_filter=&#8221;none&#8221; column_shadow=&#8221;none&#8221; column_border_radius=&#8221;none&#8221; column_link_target=&#8221;_self&#8221; column_position=&#8221;default&#8221; gradient_direction=&#8221;left_to_right&#8221; overlay_strength=&#8221;0.3&#8243; width=&#8221;1\/1&#8243; tablet_width_inherit=&#8221;default&#8221; animation_type=&#8221;default&#8221; bg_image_animation=&#8221;none&#8221; border_type=&#8221;simple&#8221; column_border_width=&#8221;none&#8221; column_border_style=&#8221;solid&#8221;][heading]\n<div class=\"traductor-textarea form-group\">\n<div class=\"textarea-desti col-xs-12 col-sm-6\">\n<h3 class=\"form-control second-textarea\">Per a qualsevol altra consulta escriu-nos al <a href=\"https:\/\/sacidkordas.com\/contact\">formulari de contacte\u00a0Korda\u00b4s<\/a>\u00a0i estarem encantats d&#8217;ajudar-te!<\/h3>\n<\/div>\n<\/div>\n<div class=\"traductor-checkbox form-group\">\n<div class=\"row\"><\/div>\n<\/div>\n[\/heading][\/vc_column][\/vc_row]\n","protected":false},"excerpt":{"rendered":"<p>[vc_row type=&#8221;in_container&#8221; full_screen_row_position=&#8221;middle&#8221; column_margin=&#8221;none&#8221; column_direction=&#8221;default&#8221; column_direction_tablet=&#8221;default&#8221; column_direction_phone=&#8221;default&#8221; scene_position=&#8221;center&#8221; top_padding=&#8221;0&#8243; bottom_padding=&#8221;40&#8243; text_color=&#8221;dark&#8221; text_align=&#8221;left&#8221; row_border_radius=&#8221;none&#8221; row_border_radius_applies=&#8221;bg&#8221; overflow=&#8221;visible&#8221; overlay_strength=&#8221;0.3&#8243; gradient_direction=&#8221;left_to_right&#8221; shape_divider_position=&#8221;bottom&#8221; bg_image_animation=&#8221;none&#8221; el_id=&#8221;&#8221; css=&#8221;&#8221;][vc_column column_padding=&#8221;no-extra-padding&#8221; column_padding_tablet=&#8221;inherit&#8221; column_padding_phone=&#8221;inherit&#8221; column_padding_position=&#8221;all&#8221; column_element_direction_desktop=&#8221;default&#8221; column_element_spacing=&#8221;default&#8221; desktop_text_alignment=&#8221;default&#8221; tablet_text_alignment=&#8221;default&#8221; phone_text_alignment=&#8221;default&#8221; background_color_opacity=&#8221;1&#8243; background_hover_color_opacity=&#8221;1&#8243; column_backdrop_filter=&#8221;none&#8221; column_shadow=&#8221;none&#8221; column_border_radius=&#8221;none&#8221; column_link_target=&#8221;_self&#8221; column_position=&#8221;default&#8221; gradient_direction=&#8221;left_to_right&#8221; overlay_strength=&#8221;0.3&#8243; width=&#8221;1\/1&#8243;&#8230;<\/p>\n","protected":false},"author":7,"featured_media":0,"parent":66,"menu_order":0,"comment_status":"closed","ping_status":"closed","template":"","meta":{"footnotes":""},"class_list":["post-8294","page","type-page","status-publish"],"_links":{"self":[{"href":"https:\/\/sacidkordas.com\/ca\/wp-json\/wp\/v2\/pages\/8294","targetHints":{"allow":["GET"]}}],"collection":[{"href":"https:\/\/sacidkordas.com\/ca\/wp-json\/wp\/v2\/pages"}],"about":[{"href":"https:\/\/sacidkordas.com\/ca\/wp-json\/wp\/v2\/types\/page"}],"author":[{"embeddable":true,"href":"https:\/\/sacidkordas.com\/ca\/wp-json\/wp\/v2\/users\/7"}],"replies":[{"embeddable":true,"href":"https:\/\/sacidkordas.com\/ca\/wp-json\/wp\/v2\/comments?post=8294"}],"version-history":[{"count":0,"href":"https:\/\/sacidkordas.com\/ca\/wp-json\/wp\/v2\/pages\/8294\/revisions"}],"up":[{"embeddable":true,"href":"https:\/\/sacidkordas.com\/ca\/wp-json\/wp\/v2\/pages\/66"}],"wp:attachment":[{"href":"https:\/\/sacidkordas.com\/ca\/wp-json\/wp\/v2\/media?parent=8294"}],"curies":[{"name":"wp","href":"https:\/\/api.w.org\/{rel}","templated":true}]}}