{"id":7224,"date":"2020-02-28T08:59:05","date_gmt":"2020-02-28T08:59:05","guid":{"rendered":"https:\/\/sacidkordas.com\/?page_id=7224"},"modified":"2023-03-16T20:07:07","modified_gmt":"2023-03-16T20:07:07","slug":"tipus-de-corda","status":"publish","type":"page","link":"https:\/\/sacidkordas.com\/ca\/acabats\/tipus-de-corda\/","title":{"rendered":"Tipus de corda"},"content":{"rendered":"[vc_row type=&#8221;full_width_background&#8221; full_screen_row_position=&#8221;middle&#8221; column_margin=&#8221;default&#8221; scene_position=&#8221;center&#8221; text_color=&#8221;dark&#8221; text_align=&#8221;left&#8221; top_padding=&#8221;88&#8243; bottom_padding=&#8221;88&#8243; enable_gradient=&#8221;true&#8221; color_overlay=&#8221;#d8d8d8&#8243; color_overlay_2=&#8221;#f7f7f7&#8243; gradient_direction=&#8221;top_to_bottom&#8221; overlay_strength=&#8221;0.3&#8243; shape_divider_position=&#8221;bottom&#8221; bg_image_animation=&#8221;none&#8221; shape_type=&#8221;&#8221;][vc_column column_padding=&#8221;no-extra-padding&#8221; column_padding_position=&#8221;all&#8221; background_color_opacity=&#8221;1&#8243; background_hover_color_opacity=&#8221;1&#8243; column_link_target=&#8221;_self&#8221; column_shadow=&#8221;none&#8221; column_border_radius=&#8221;none&#8221; width=&#8221;1\/1&#8243; tablet_width_inherit=&#8221;default&#8221; tablet_text_alignment=&#8221;default&#8221; phone_text_alignment=&#8221;default&#8221; overlay_strength=&#8221;0.3&#8243; column_border_width=&#8221;none&#8221; column_border_style=&#8221;solid&#8221; bg_image_animation=&#8221;none&#8221;][heading]\n<h2><strong>SEMIEST\u00c1TIQUES<\/strong><\/h2>\n[\/heading][vc_column_text el_class=&#8221;justificat&#8221;]\n<p class=\"rtejustify\">Cordes destinades a ser utilitzades com a mig de progressi\u00f3, \u00e9s a dir, <strong>pujar i baixar <\/strong>per elles amb comoditat. Tamb\u00e9 ofereixen un m\u00ednim de seguretat davant de possibles caigudes, oferint <strong>seguretat fins a caigudes de factor 1. <\/strong>\u00c9s a dir, la persona que utilitza aquest tipus de corda sempre ha d\u2019estar situada per sota del punt d\u2019ancoratge de la corda. S\u00f3n cordes pensades per a ser utilitzades en l\u2019\u00e0mbit dels treballs en al\u00e7ada, l\u2019espeleologia, els descens, els descens de canons i el rescat.<\/p>\n[\/vc_column_text][vc_row_inner equal_height=&#8221;yes&#8221; column_margin=&#8221;default&#8221; top_padding=&#8221;44&#8243; text_align=&#8221;left&#8221;][vc_column_inner column_padding=&#8221;padding-4-percent&#8221; column_padding_position=&#8221;all&#8221; background_color=&#8221;#ffffff&#8221; background_color_opacity=&#8221;1&#8243; background_hover_color_opacity=&#8221;1&#8243; column_shadow=&#8221;none&#8221; column_border_radius=&#8221;10px&#8221; column_link_target=&#8221;_self&#8221; width=&#8221;1\/2&#8243; tablet_width_inherit=&#8221;default&#8221; overlay_strength=&#8221;0.3&#8243; column_border_width=&#8221;none&#8221; column_border_style=&#8221;solid&#8221; bg_image_animation=&#8221;none&#8221;]<div class=\"iwithtext\"><div class=\"iwt-icon\"> <img decoding=\"async\" src=\"https:\/\/sacidkordas.com\/wp-content\/uploads\/2020\/03\/TIPO-A-.png?v=1695905054\" alt=\"Cuerda semiest\u00e1tica Tipo A\" \/> <\/div><div class=\"iwt-text\"> \n<h3 class=\"rtejustify\"><strong>Tipus\u00a0A<\/strong><\/h3>\n <\/div><div class=\"clear\"><\/div><\/div>[vc_column_text el_class=&#8221;justificat&#8221;]\u00c9s la m\u00e0xima categoria de les cordes semiest\u00e0tiques la que ofereixen marges de seguretat a l\u2019usuari m\u00e9s amplis. \u00c9s el tipus de corda a utilitzar\u00a0<strong>per als professionals, els grups de rescat, els grups d\u2019espeleologia per a equips nombrosos, equipaments d\u2019itinerari en alta muntanya i per a treball en Big-Wall. Es pot pujar i baixar en simple per ella.<\/strong>[\/vc_column_text][\/vc_column_inner][vc_column_inner column_padding=&#8221;padding-4-percent&#8221; column_padding_position=&#8221;all&#8221; background_color=&#8221;#ffffff&#8221; background_color_opacity=&#8221;1&#8243; background_hover_color_opacity=&#8221;1&#8243; column_shadow=&#8221;none&#8221; column_border_radius=&#8221;10px&#8221; column_link_target=&#8221;_self&#8221; width=&#8221;1\/2&#8243; tablet_width_inherit=&#8221;default&#8221; overlay_strength=&#8221;0.3&#8243; column_border_width=&#8221;none&#8221; column_border_style=&#8221;solid&#8221; bg_image_animation=&#8221;none&#8221;]<div class=\"iwithtext\"><div class=\"iwt-icon\"> <img decoding=\"async\" src=\"https:\/\/sacidkordas.com\/wp-content\/uploads\/2020\/03\/TIPO-B-.png?v=1695905051\" alt=\"Cuerda semiest\u00e1tica Tipo B\" \/> <\/div><div class=\"iwt-text\"> \n<h3 class=\"rtejustify\"><strong>Tipus B<\/strong><\/h3>\n <\/div><div class=\"clear\"><\/div><\/div>[vc_column_text el_class=&#8221;justificat&#8221;]\u00c9s una categoria de corda semiest\u00e0tica inferior a la de tipus A. Ofereix marges de seguretat m\u00e9s redu\u00efts i \u00e9s necessari prestar-hi major atenci\u00f3 al utilitzar-la, especialment en instal\u00b7laci\u00f3. Aquest \u00e9s el tipus de corda a utilitzar en\u00a0<strong>espeleologia, canons, equipament d\u2019itinerari en alta muntanya o per a Big-Wall. S\u2019ha d\u2019utilitzar per equips no excessivament nombrosos i amb bona experi\u00e8ncia i formaci\u00f3. Es pot pujar i baixar en simple per ella.<\/strong>[\/vc_column_text][\/vc_column_inner][\/vc_row_inner][\/vc_column][\/vc_row][vc_row type=&#8221;full_width_background&#8221; full_screen_row_position=&#8221;middle&#8221; equal_height=&#8221;yes&#8221; column_margin=&#8221;default&#8221; bg_color=&#8221;#ffffff&#8221; scene_position=&#8221;center&#8221; text_color=&#8221;dark&#8221; text_align=&#8221;left&#8221; top_padding=&#8221;88&#8243; bottom_padding=&#8221;88&#8243; overlay_strength=&#8221;0.3&#8243; shape_divider_position=&#8221;bottom&#8221; bg_image_animation=&#8221;none&#8221; shape_type=&#8221;tilt_alt&#8221;][vc_column column_padding=&#8221;no-extra-padding&#8221; column_padding_position=&#8221;all&#8221; background_color_opacity=&#8221;1&#8243; background_hover_color_opacity=&#8221;1&#8243; column_link_target=&#8221;_self&#8221; column_shadow=&#8221;none&#8221; column_border_radius=&#8221;none&#8221; width=&#8221;1\/1&#8243; tablet_width_inherit=&#8221;default&#8221; tablet_text_alignment=&#8221;default&#8221; phone_text_alignment=&#8221;default&#8221; overlay_strength=&#8221;0.3&#8243; column_border_width=&#8221;none&#8221; column_border_style=&#8221;solid&#8221; bg_image_animation=&#8221;none&#8221;][heading]\n<h2>DIN\u00c1MIQUES<\/h2>\n[\/heading][vc_column_text el_class=&#8221;justificat&#8221;]Cordes destinades a\u00a0<strong>absorbir la major quantitat d\u2019energia possible en el cas de caiguda<\/strong>. Destinades a protegir amb seguretat les caigudes d\u2019escaladors i alpinistes. Estan pensades per a parar caigudes fins a factor 2.[\/vc_column_text][vc_row_inner equal_height=&#8221;yes&#8221; column_margin=&#8221;default&#8221; top_padding=&#8221;44&#8243; text_align=&#8221;left&#8221;][vc_column_inner column_padding=&#8221;padding-4-percent&#8221; column_padding_position=&#8221;all&#8221; background_color=&#8221;#ffffff&#8221; background_color_opacity=&#8221;1&#8243; background_hover_color_opacity=&#8221;1&#8243; column_shadow=&#8221;none&#8221; column_border_radius=&#8221;10px&#8221; column_link_target=&#8221;_self&#8221; width=&#8221;1\/3&#8243; tablet_width_inherit=&#8221;default&#8221; overlay_strength=&#8221;0.3&#8243; column_border_width=&#8221;none&#8221; column_border_style=&#8221;solid&#8221; bg_image_animation=&#8221;none&#8221;]<div class=\"iwithtext\"><div class=\"iwt-icon\"> <img decoding=\"async\" src=\"https:\/\/sacidkordas.com\/wp-content\/uploads\/2020\/03\/TIPO-simple.png?v=1695905042\" alt=\"Cuerda Din\u00e1mica simple\" \/> <\/div><div class=\"iwt-text\"> \n<h3>Simple<\/h3>\n <\/div><div class=\"clear\"><\/div><\/div>[vc_column_text el_class=&#8221;justificat&#8221;]Capaces d\u2019absorbir una caiguda d\u2019una persona per si mateixa com part de la cadena de seguretat. Pensades per a l\u2019escalada esportiva, lliure, en corriola o grans parets.[\/vc_column_text][image_with_animation image_url=&#8221;11514&#8243; alignment=&#8221;center&#8221; animation=&#8221;Fade In&#8221; hover_animation=&#8221;none&#8221; border_radius=&#8221;none&#8221; box_shadow=&#8221;none&#8221; image_loading=&#8221;default&#8221; max_width=&#8221;125%&#8221; max_width_mobile=&#8221;default&#8221; margin_top=&#8221;100&#8243;][\/vc_column_inner][vc_column_inner column_padding=&#8221;padding-4-percent&#8221; column_padding_position=&#8221;all&#8221; background_color=&#8221;#ffffff&#8221; background_color_opacity=&#8221;1&#8243; background_hover_color_opacity=&#8221;1&#8243; column_shadow=&#8221;none&#8221; column_border_radius=&#8221;10px&#8221; column_link_target=&#8221;_self&#8221; width=&#8221;1\/3&#8243; tablet_width_inherit=&#8221;default&#8221; overlay_strength=&#8221;0.3&#8243; column_border_width=&#8221;none&#8221; column_border_style=&#8221;solid&#8221; bg_image_animation=&#8221;none&#8221;]<div class=\"iwithtext\"><div class=\"iwt-icon\"> <img decoding=\"async\" src=\"https:\/\/sacidkordas.com\/wp-content\/uploads\/2020\/03\/TIPO-doble.png?v=1695905048\" alt=\"Cuerda Din\u00e1mica doble\" \/> <\/div><div class=\"iwt-text\"> \n<h3 class=\"rtejustify\"><strong>Doble<\/strong><\/h3>\n <\/div><div class=\"clear\"><\/div><\/div>[vc_column_text el_class=&#8221;justificat&#8221;]Capaces d\u2019absorbir una caiguda del primer de la cordada quan s\u2019utilitza en doble com part de la cadena de seguretat. S\u2019ha de passar pels ancoratges de forma alternativa. Pensades per a l\u2019escalada lliure, alpinisme, escalada en gel o mixta.[\/vc_column_text][image_with_animation image_url=&#8221;11518&#8243; alignment=&#8221;center&#8221; animation=&#8221;Fade In&#8221; hover_animation=&#8221;none&#8221; border_radius=&#8221;none&#8221; box_shadow=&#8221;none&#8221; image_loading=&#8221;default&#8221; max_width=&#8221;150%&#8221; max_width_mobile=&#8221;default&#8221; margin_top=&#8221;70&#8243;][\/vc_column_inner][vc_column_inner column_padding=&#8221;padding-4-percent&#8221; column_padding_position=&#8221;all&#8221; background_color=&#8221;#ffffff&#8221; background_color_opacity=&#8221;1&#8243; background_hover_color_opacity=&#8221;1&#8243; column_shadow=&#8221;none&#8221; column_border_radius=&#8221;10px&#8221; column_link_target=&#8221;_self&#8221; width=&#8221;1\/3&#8243; tablet_width_inherit=&#8221;default&#8221; overlay_strength=&#8221;0.3&#8243; column_border_width=&#8221;none&#8221; column_border_style=&#8221;solid&#8221; bg_image_animation=&#8221;none&#8221;]<div class=\"iwithtext\"><div class=\"iwt-icon\"> <img decoding=\"async\" src=\"https:\/\/sacidkordas.com\/wp-content\/uploads\/2020\/03\/TIPO-gemela.png?v=1695905045\" alt=\"Cuerda Din\u00e1mica gemela\" \/> <\/div><div class=\"iwt-text\"> \n<h3 class=\"rtejustify\"><strong>Bessona<\/strong><\/h3>\n <\/div><div class=\"clear\"><\/div><\/div>[vc_column_text el_class=&#8221;justificat&#8221;]Capaces d&#8217;absorbir la caiguda d&#8217;una persona durant la utilitzaci\u00f3 de forma doble i paral\u00b7lela com a part de la cadena de seguretat. Cal passar les cordes pels ancoratges simult\u00e0niament. Cordes pensades per grans itineraris d&#8217;alta muntanya.[\/vc_column_text][image_with_animation image_url=&#8221;11522&#8243; alignment=&#8221;center&#8221; animation=&#8221;Fade In&#8221; hover_animation=&#8221;none&#8221; border_radius=&#8221;none&#8221; box_shadow=&#8221;none&#8221; image_loading=&#8221;default&#8221; max_width=&#8221;110%&#8221; max_width_mobile=&#8221;default&#8221; margin_top=&#8221;20&#8243;][\/vc_column_inner][\/vc_row_inner][\/vc_column][\/vc_row]\n","protected":false},"excerpt":{"rendered":"<p>[vc_row type=&#8221;full_width_background&#8221; full_screen_row_position=&#8221;middle&#8221; column_margin=&#8221;default&#8221; scene_position=&#8221;center&#8221; text_color=&#8221;dark&#8221; text_align=&#8221;left&#8221; top_padding=&#8221;88&#8243; bottom_padding=&#8221;88&#8243; enable_gradient=&#8221;true&#8221; color_overlay=&#8221;#d8d8d8&#8243; color_overlay_2=&#8221;#f7f7f7&#8243; gradient_direction=&#8221;top_to_bottom&#8221; overlay_strength=&#8221;0.3&#8243; shape_divider_position=&#8221;bottom&#8221; bg_image_animation=&#8221;none&#8221; shape_type=&#8221;&#8221;][vc_column column_padding=&#8221;no-extra-padding&#8221; column_padding_position=&#8221;all&#8221; background_color_opacity=&#8221;1&#8243; background_hover_color_opacity=&#8221;1&#8243; column_link_target=&#8221;_self&#8221; column_shadow=&#8221;none&#8221; column_border_radius=&#8221;none&#8221; width=&#8221;1\/1&#8243; tablet_width_inherit=&#8221;default&#8221; tablet_text_alignment=&#8221;default&#8221; phone_text_alignment=&#8221;default&#8221; overlay_strength=&#8221;0.3&#8243; column_border_width=&#8221;none&#8221; column_border_style=&#8221;solid&#8221; bg_image_animation=&#8221;none&#8221;][heading] SEMIEST\u00c1TIQUES [\/heading][vc_column_text el_class=&#8221;justificat&#8221;] Cordes destinades a ser utilitzades&#8230;<\/p>\n","protected":false},"author":7,"featured_media":0,"parent":6744,"menu_order":0,"comment_status":"closed","ping_status":"closed","template":"","meta":{"footnotes":""},"class_list":["post-7224","page","type-page","status-publish"],"_links":{"self":[{"href":"https:\/\/sacidkordas.com\/ca\/wp-json\/wp\/v2\/pages\/7224","targetHints":{"allow":["GET"]}}],"collection":[{"href":"https:\/\/sacidkordas.com\/ca\/wp-json\/wp\/v2\/pages"}],"about":[{"href":"https:\/\/sacidkordas.com\/ca\/wp-json\/wp\/v2\/types\/page"}],"author":[{"embeddable":true,"href":"https:\/\/sacidkordas.com\/ca\/wp-json\/wp\/v2\/users\/7"}],"replies":[{"embeddable":true,"href":"https:\/\/sacidkordas.com\/ca\/wp-json\/wp\/v2\/comments?post=7224"}],"version-history":[{"count":0,"href":"https:\/\/sacidkordas.com\/ca\/wp-json\/wp\/v2\/pages\/7224\/revisions"}],"up":[{"embeddable":true,"href":"https:\/\/sacidkordas.com\/ca\/wp-json\/wp\/v2\/pages\/6744"}],"wp:attachment":[{"href":"https:\/\/sacidkordas.com\/ca\/wp-json\/wp\/v2\/media?parent=7224"}],"curies":[{"name":"wp","href":"https:\/\/api.w.org\/{rel}","templated":true}]}}