{"id":7193,"date":"2020-02-27T15:24:11","date_gmt":"2020-02-27T15:24:11","guid":{"rendered":"https:\/\/sacidkordas.com\/?page_id=7193"},"modified":"2024-11-20T12:18:01","modified_gmt":"2024-11-20T12:18:01","slug":"idi","status":"publish","type":"page","link":"https:\/\/sacidkordas.com\/ca\/acabats\/idi\/","title":{"rendered":"Tecnologia"},"content":{"rendered":"[vc_row type=&#8221;in_container&#8221; full_screen_row_position=&#8221;middle&#8221; column_margin=&#8221;default&#8221; scene_position=&#8221;center&#8221; text_color=&#8221;dark&#8221; text_align=&#8221;left&#8221; top_padding=&#8221;88&#8243; overlay_strength=&#8221;0.3&#8243; shape_divider_position=&#8221;bottom&#8221; bg_image_animation=&#8221;none&#8221; shape_type=&#8221;&#8221;][vc_column column_padding=&#8221;no-extra-padding&#8221; column_padding_position=&#8221;all&#8221; background_color_opacity=&#8221;1&#8243; background_hover_color_opacity=&#8221;1&#8243; column_link_target=&#8221;_self&#8221; column_shadow=&#8221;none&#8221; column_border_radius=&#8221;none&#8221; width=&#8221;1\/1&#8243; tablet_width_inherit=&#8221;default&#8221; tablet_text_alignment=&#8221;default&#8221; phone_text_alignment=&#8221;default&#8221; overlay_strength=&#8221;0.3&#8243; column_border_width=&#8221;none&#8221; column_border_style=&#8221;solid&#8221; bg_image_animation=&#8221;none&#8221;][vc_column_text el_class=&#8221;justificat&#8221;]\n<div class=\"page\" title=\"Page 3\">\n<div class=\"layoutArea\">\n<div class=\"column\">\n<p>A Korda&#8217;s, el nostre objectiu \u00e9s fabricar cordes amb acabats est\u00e0ndard d&#8217;alta qualitat que garanteixin m\u00e9s seguretat a l&#8217;usuari. La <strong>innovaci\u00f3 i el desenvolupament per a cordes<\/strong> \u00e9s imprescindible per a aconseguir-lo.<\/p>\n<p><strong>\u00a0<\/strong><\/p>\n<\/div>\n<\/div>\n<\/div>\n[\/vc_column_text][\/vc_column][\/vc_row][vc_row type=&#8221;in_container&#8221; full_screen_row_position=&#8221;middle&#8221; column_margin=&#8221;default&#8221; scene_position=&#8221;center&#8221; text_color=&#8221;dark&#8221; text_align=&#8221;left&#8221; top_padding=&#8221;0&#8243; overlay_strength=&#8221;0.3&#8243; shape_divider_position=&#8221;bottom&#8221; bg_image_animation=&#8221;none&#8221; shape_type=&#8221;&#8221;][vc_column column_padding=&#8221;no-extra-padding&#8221; column_padding_position=&#8221;all&#8221; background_color_opacity=&#8221;1&#8243; background_hover_color_opacity=&#8221;1&#8243; column_link_target=&#8221;_self&#8221; column_shadow=&#8221;none&#8221; column_border_radius=&#8221;none&#8221; width=&#8221;1\/1&#8243; tablet_width_inherit=&#8221;default&#8221; tablet_text_alignment=&#8221;default&#8221; phone_text_alignment=&#8221;default&#8221; overlay_strength=&#8221;0.3&#8243; column_border_width=&#8221;none&#8221; column_border_style=&#8221;solid&#8221; bg_image_animation=&#8221;none&#8221;][split_line_heading animation_type=&#8221;default&#8221;]\n<h2 class=\"form-control second-textarea\">Els or\u00edgens del nostre equip d&#8217;I+D+i i la nostra aposta per la innovaci\u00f3 i desenvolupament per a cordes<\/h2>\n[\/split_line_heading][\/vc_column][\/vc_row][vc_row type=&#8221;in_container&#8221; full_screen_row_position=&#8221;middle&#8221; column_margin=&#8221;default&#8221; scene_position=&#8221;center&#8221; text_color=&#8221;dark&#8221; text_align=&#8221;left&#8221; overlay_strength=&#8221;0.3&#8243; shape_divider_position=&#8221;bottom&#8221; bg_image_animation=&#8221;none&#8221;][vc_column column_padding=&#8221;no-extra-padding&#8221; column_padding_position=&#8221;all&#8221; background_color_opacity=&#8221;1&#8243; background_hover_color_opacity=&#8221;1&#8243; column_link_target=&#8221;_self&#8221; column_shadow=&#8221;none&#8221; column_border_radius=&#8221;none&#8221; width=&#8221;1\/2&#8243; tablet_width_inherit=&#8221;default&#8221; tablet_text_alignment=&#8221;default&#8221; phone_text_alignment=&#8221;default&#8221; overlay_strength=&#8221;0.3&#8243; column_border_width=&#8221;none&#8221; column_border_style=&#8221;solid&#8221; bg_image_animation=&#8221;none&#8221;][vc_column_text el_class=&#8221;justificat&#8221;]\n<div class=\"page\" title=\"Page 3\">\n<div class=\"layoutArea\">\n<div class=\"column\">\n<p>Poc abans de l&#8217;any 2000, un equip de joves enginyers i emprenedors s&#8217;iniciaven en el disseny i desenvolupament d&#8217;unes cordes amb unes caracter\u00edstiques molt especials. Es tractava d&#8217;un grup de guies i instructors d&#8217;escalada, espeleologia i el descens de barrancs, aix\u00ed com professionals dels treballs verticals.<\/p>\n<p>Van ser les seves pr\u00f2pies experi\u00e8ncies i treballs realitzats, a partir dels quals\u00a0Korda&#8217;s\u00a0va extreure coneixements i conclusions que van permetre obrir una nova via de recerca per a reduir les causes dels accidents i minimitzar els incidents pr\u00e8viament registrats.<\/p>\n<p>Per aix\u00f2, creiem fermament en la innovaci\u00f3 i desenvolupament per a cordes i comptem amb un equip d&#8217;I+D+i (Recerca, desenvolupament i innovaci\u00f3) la funci\u00f3 de la qual \u00e9s investigar i millorar cont\u00ednuament els processos de fabricaci\u00f3 i els materials emprats.<\/p>\n<\/div>\n<\/div>\n<\/div>\n[\/vc_column_text][nectar_btn size=&#8221;medium&#8221; open_new_tab=&#8221;true&#8221; button_style=&#8221;regular&#8221; button_color_2=&#8221;Extra-Color-1&#8243; icon_family=&#8221;none&#8221; button_id=&#8221;botoncentrat&#8221; url=&#8221;https:\/\/sacidkordas.com\/empresa\/&#8221; text=&#8221;Sobre Korda&#8217;s&#8221; margin_top=&#8221;5%&#8221; margin_right=&#8221;10%&#8221; margin_bottom=&#8221;5%&#8221; margin_left=&#8221;10%&#8221;][vc_row_inner column_margin=&#8221;none&#8221; top_padding=&#8221;0&#8243; bottom_padding=&#8221;40&#8243; text_align=&#8221;left&#8221;][\/vc_row_inner][\/vc_column][vc_column column_padding=&#8221;no-extra-padding&#8221; column_padding_position=&#8221;all&#8221; background_color_opacity=&#8221;1&#8243; background_hover_color_opacity=&#8221;1&#8243; column_link_target=&#8221;_self&#8221; column_shadow=&#8221;none&#8221; column_border_radius=&#8221;none&#8221; width=&#8221;1\/2&#8243; tablet_width_inherit=&#8221;default&#8221; tablet_text_alignment=&#8221;default&#8221; phone_text_alignment=&#8221;default&#8221; overlay_strength=&#8221;0.3&#8243; column_border_width=&#8221;none&#8221; column_border_style=&#8221;solid&#8221; bg_image_animation=&#8221;none&#8221;][image_with_animation image_url=&#8221;12783&#8243; alignment=&#8221;center&#8221; animation=&#8221;Fade In&#8221; hover_animation=&#8221;none&#8221; border_radius=&#8221;none&#8221; box_shadow=&#8221;none&#8221; image_loading=&#8221;default&#8221; max_width=&#8221;100%&#8221; max_width_mobile=&#8221;default&#8221;][\/vc_column][\/vc_row][vc_row type=&#8221;in_container&#8221; full_screen_row_position=&#8221;middle&#8221; column_margin=&#8221;default&#8221; scene_position=&#8221;center&#8221; text_color=&#8221;dark&#8221; text_align=&#8221;left&#8221; top_padding=&#8221;88&#8243; overlay_strength=&#8221;0.3&#8243; shape_divider_position=&#8221;bottom&#8221; bg_image_animation=&#8221;none&#8221; shape_type=&#8221;&#8221;][vc_column column_padding=&#8221;no-extra-padding&#8221; column_padding_position=&#8221;all&#8221; background_color_opacity=&#8221;1&#8243; background_hover_color_opacity=&#8221;1&#8243; column_link_target=&#8221;_self&#8221; column_shadow=&#8221;none&#8221; column_border_radius=&#8221;none&#8221; width=&#8221;1\/1&#8243; tablet_width_inherit=&#8221;default&#8221; tablet_text_alignment=&#8221;default&#8221; phone_text_alignment=&#8221;default&#8221; overlay_strength=&#8221;0.3&#8243; column_border_width=&#8221;none&#8221; column_border_style=&#8221;solid&#8221; bg_image_animation=&#8221;none&#8221;][split_line_heading animation_type=&#8221;default&#8221;]\n<h3 class=\"form-control second-textarea\">L&#8217;experi\u00e8ncia de l&#8217;equip de\u00a0Korda\u2019s\u00a0a l&#8217;hora de fabricar cordes<\/h3>\n[\/split_line_heading][\/vc_column][\/vc_row][vc_row type=&#8221;in_container&#8221; full_screen_row_position=&#8221;middle&#8221; column_margin=&#8221;default&#8221; scene_position=&#8221;center&#8221; text_color=&#8221;dark&#8221; text_align=&#8221;left&#8221; overlay_strength=&#8221;0.3&#8243; shape_divider_position=&#8221;bottom&#8221; bg_image_animation=&#8221;none&#8221;][vc_column column_padding=&#8221;no-extra-padding&#8221; column_padding_position=&#8221;all&#8221; background_color_opacity=&#8221;1&#8243; background_hover_color_opacity=&#8221;1&#8243; column_link_target=&#8221;_self&#8221; column_shadow=&#8221;none&#8221; column_border_radius=&#8221;none&#8221; width=&#8221;1\/2&#8243; tablet_width_inherit=&#8221;default&#8221; tablet_text_alignment=&#8221;default&#8221; phone_text_alignment=&#8221;default&#8221; overlay_strength=&#8221;0.3&#8243; column_border_width=&#8221;none&#8221; column_border_style=&#8221;solid&#8221; bg_image_animation=&#8221;none&#8221;][image_with_animation image_url=&#8221;12488&#8243; alignment=&#8221;center&#8221; animation=&#8221;Fade In&#8221; hover_animation=&#8221;none&#8221; border_radius=&#8221;none&#8221; box_shadow=&#8221;none&#8221; image_loading=&#8221;default&#8221; max_width=&#8221;100%&#8221; max_width_mobile=&#8221;default&#8221;][vc_row_inner column_margin=&#8221;none&#8221; top_padding=&#8221;0&#8243; bottom_padding=&#8221;40&#8243; text_align=&#8221;left&#8221;][\/vc_row_inner][\/vc_column][vc_column column_padding=&#8221;no-extra-padding&#8221; column_padding_position=&#8221;all&#8221; background_color_opacity=&#8221;1&#8243; background_hover_color_opacity=&#8221;1&#8243; column_link_target=&#8221;_self&#8221; column_shadow=&#8221;none&#8221; column_border_radius=&#8221;none&#8221; width=&#8221;1\/2&#8243; tablet_width_inherit=&#8221;default&#8221; tablet_text_alignment=&#8221;default&#8221; phone_text_alignment=&#8221;default&#8221; overlay_strength=&#8221;0.3&#8243; column_border_width=&#8221;none&#8221; column_border_style=&#8221;solid&#8221; bg_image_animation=&#8221;none&#8221;][vc_column_text el_class=&#8221;justificat&#8221;]\n<div class=\"page\" title=\"Page 3\">\n<div class=\"layoutArea\">\n<div class=\"column\">\n<p>Part de l&#8217;equip hum\u00e0 de\u00a0Sacid\u00a0Korda\u2019s\u00a0practica el barranquisme, l&#8217;escalada, l&#8217;espeleologia o est\u00e0 altament qualificat en treballs verticals. \u00c9s aquest coneixement d&#8217;activitats el que ens permet dialogar amb experts professionals d&#8217;aquestes activitats per a estar a l&#8217;\u00faltima de les diferents t\u00e8cniques i de les formes d&#8217;\u00fas de les cordes amb les quals es duen a terme cadascun dels exercicis.<\/p>\n<p>Es duu a terme de manera constant una <strong>recerca per a innovar i desenvolupar per a aconseguir cordes<\/strong> que permetin cobrir les necessitats que requereixen aquests esports o activitats. El nostre objectiu \u00e9s minimitzar riscos, millorar la qualitat de les cordes i garantir la seguretat de l&#8217;usuari.<\/p>\n<p>Tot aix\u00f2, sumat a l&#8217;experi\u00e8ncia de fabricaci\u00f3 i a l&#8217;afany per aconseguir la millora constant dels nostres productes, ens ha fet evolucionar i revolucionar aquest m\u00f3n a nivell tecnol\u00f2gic i en el desenvolupament de nous sistemes productius.<\/p>\n<\/div>\n<\/div>\n<\/div>\n[\/vc_column_text][nectar_btn size=&#8221;medium&#8221; open_new_tab=&#8221;true&#8221; button_style=&#8221;regular&#8221; button_color_2=&#8221;Extra-Color-1&#8243; icon_family=&#8221;none&#8221; button_id=&#8221;botoncentrat&#8221; url=&#8221;https:\/\/sacidkordas.com\/productes-kordas\/&#8221; text=&#8221;Productes KORDA&#8217;s&#8221; margin_top=&#8221;5%&#8221; margin_right=&#8221;10%&#8221; margin_bottom=&#8221;5%&#8221; margin_left=&#8221;10%&#8221;][\/vc_column][\/vc_row][vc_row type=&#8221;in_container&#8221; full_screen_row_position=&#8221;middle&#8221; column_margin=&#8221;default&#8221; scene_position=&#8221;center&#8221; text_color=&#8221;dark&#8221; text_align=&#8221;left&#8221; overlay_strength=&#8221;0.3&#8243; shape_divider_position=&#8221;bottom&#8221; bg_image_animation=&#8221;none&#8221;][vc_column column_padding=&#8221;no-extra-padding&#8221; column_padding_position=&#8221;all&#8221; background_color_opacity=&#8221;1&#8243; background_hover_color_opacity=&#8221;1&#8243; column_link_target=&#8221;_self&#8221; column_shadow=&#8221;none&#8221; column_border_radius=&#8221;none&#8221; width=&#8221;1\/1&#8243; tablet_width_inherit=&#8221;default&#8221; tablet_text_alignment=&#8221;default&#8221; phone_text_alignment=&#8221;default&#8221; overlay_strength=&#8221;0.3&#8243; column_border_width=&#8221;none&#8221; column_border_style=&#8221;solid&#8221; bg_image_animation=&#8221;none&#8221;][split_line_heading animation_type=&#8221;default&#8221;]\n<h2>Innovaci\u00f3 i desenvolupament per a fabricar cordes en Korda\u2019s<\/h2>\n[\/split_line_heading]<div class=\"nectar-fancy-ul\" data-list-icon=\"dot\" data-animation=\"false\" data-animation-delay=\"0\" data-spacing=\"default\" data-alignment=\"left\"> El seg\u00fcent pas va ser centrar-nos en un nou proc\u00e9s de fabricaci\u00f3 \u2013 encara vigent \u2013 i en l&#8217;\u00fas de materials espec\u00edfics, fins que aconseguir cordes amb les seg\u00fcents caracter\u00edstiques:<\/p>\n<ul>\n<li>Cordes acabades en f\u00e0brica, mitjan\u00e7ant les quals aconseguim que es mantinguin les seves propietats el m\u00e0xim per\u00edode de temps possible.<\/li>\n<li>Cordes pr\u00e8viament encongides en f\u00e0brica, un proc\u00e9s mitjan\u00e7ant el qual aconseguim minimitzar la p\u00e8rdua de metres al llarg de la seva vida \u00fatil.<\/li>\n<li>Amb la uni\u00f3 de l&#8217;\u00e0nima-funda impedim el lliscament de la funda i, en conseq\u00fc\u00e8ncia, s&#8217;evita el risc d&#8217;accidents en cas de trencament d&#8217;aquesta.<\/li>\n<\/ul>\n <\/div>[vc_column_text el_class=&#8221;justificat&#8221;]\n<div class=\"page\" title=\"Page 3\">\n<div class=\"layoutArea\">\n<div class=\"column\">\n<p>Una vegada pautades les directrius, neixen l&#8217;any 2002 les primeres Korda\u2019s d&#8217;\u00fas espec\u00edfic amb un revolucionari i innovador m\u00e8tode de fabricaci\u00f3 que va crear escola i va ser seguit per altres fabricants que van elaborar cordes seguint els criteris d&#8217;elaboraci\u00f3 que Korda\u2019s va aplicar en el seu moment.<\/p>\n<p>Un fet que a m\u00e9s de revolucionar i causar un considerable impacte en el mercat, va suposar un pas cap endavant de la nostra empresa tant en el que concerneix a l&#8217;elaboraci\u00f3, en la qualitat i en l&#8217;especificitat dels nostres productes.<\/p>\n<p>Hem desenvolupat un complet sistema mitjan\u00e7ant el qual podem garantir una excel\u00b7lent qualitat i l&#8217;homogene\u00eftat de les nostres cordes. El nostre treball va permetre obtenir l&#8217;ISO 9001 i la certificaci\u00f3 de les cordes segons l&#8217;article 19 (M\u00f2dul D) del reglament UE2016-425.<\/p>\n<p>L&#8217;esperit de recerca, <strong>innovaci\u00f3 i desenvolupament per a cordes<\/strong> continua intacte i continuem treballant en els nostres productes per a oferir encara m\u00e9s qualitat i seguretat als nostres usuaris. Treballem per a oferir cordes d&#8217;un acabat est\u00e0ndard del m\u00e9s alt nivell, a m\u00e9s d&#8217;unes magn\u00edfiques prestacions mec\u00e0niques, amb la finalitat de garantir la m\u00e0xima seguretat i confort de l&#8217;usuari.<\/p>\n<\/div>\n<\/div>\n<\/div>\n[\/vc_column_text][\/vc_column][\/vc_row][vc_row type=&#8221;in_container&#8221; full_screen_row_position=&#8221;middle&#8221; column_margin=&#8221;default&#8221; scene_position=&#8221;center&#8221; text_color=&#8221;dark&#8221; text_align=&#8221;left&#8221; overlay_strength=&#8221;0.3&#8243; shape_divider_position=&#8221;bottom&#8221; bg_image_animation=&#8221;none&#8221;][vc_column column_padding=&#8221;no-extra-padding&#8221; column_padding_position=&#8221;all&#8221; background_color_opacity=&#8221;1&#8243; background_hover_color_opacity=&#8221;1&#8243; column_link_target=&#8221;_self&#8221; column_shadow=&#8221;none&#8221; column_border_radius=&#8221;none&#8221; width=&#8221;1\/1&#8243; tablet_width_inherit=&#8221;default&#8221; tablet_text_alignment=&#8221;default&#8221; phone_text_alignment=&#8221;default&#8221; overlay_strength=&#8221;0.3&#8243; column_border_width=&#8221;none&#8221; column_border_style=&#8221;solid&#8221; bg_image_animation=&#8221;none&#8221;][split_line_heading animation_type=&#8221;default&#8221;]\n<h3><strong>Certificat de garantia en les cordes de Korda\u2019s <\/strong><\/h3>\n[\/split_line_heading]<div class=\"nectar-fancy-ul\" data-list-icon=\"dot\" data-animation=\"false\" data-animation-delay=\"0\" data-spacing=\"default\" data-alignment=\"left\"> Totes les cordes disposen d&#8217;un per\u00edode de 3 anys de garantia.<br \/>\nD&#8217;aquesta garantia s&#8217;exclouen les seg\u00fcents situacions:<\/p>\n<ul>\n<li>Els productes que sofreixin danys a causa del mal emmagatzematge o de la mala conservaci\u00f3 per part de l&#8217;usuari.<\/li>\n<li>El desgast normal de la corda.<\/li>\n<li>Els danys produ\u00efts, les neglig\u00e8ncies o els accidents a causa de l&#8217;\u00fas incorrecte de la corda.<\/li>\n<li>Qualsevol modificaci\u00f3 estructural del producte.<\/li>\n<\/ul>\n<p>La l\u00ednia de productes que vam mostrar \u00e9s el resultat de l&#8217;esfor\u00e7 i les ganes d&#8217;innovar per part de tot un equip de professionals que cre\u00efn en el treball ben fet. <\/div>[\/vc_column][\/vc_row][vc_row type=&#8221;in_container&#8221; full_screen_row_position=&#8221;middle&#8221; column_margin=&#8221;default&#8221; scene_position=&#8221;center&#8221; text_color=&#8221;dark&#8221; text_align=&#8221;left&#8221; overlay_strength=&#8221;0.3&#8243; shape_divider_position=&#8221;bottom&#8221; bg_image_animation=&#8221;none&#8221;][vc_column column_padding=&#8221;no-extra-padding&#8221; column_padding_position=&#8221;all&#8221; background_color_opacity=&#8221;1&#8243; background_hover_color_opacity=&#8221;1&#8243; column_link_target=&#8221;_self&#8221; column_shadow=&#8221;none&#8221; column_border_radius=&#8221;none&#8221; width=&#8221;1\/1&#8243; tablet_width_inherit=&#8221;default&#8221; tablet_text_alignment=&#8221;default&#8221; phone_text_alignment=&#8221;default&#8221; overlay_strength=&#8221;0.3&#8243; column_border_width=&#8221;none&#8221; column_border_style=&#8221;solid&#8221; bg_image_animation=&#8221;none&#8221;][split_line_heading animation_type=&#8221;default&#8221;]\n<h3>Fem bandera de la innovaci\u00f3 i desenvolupament per a fabricar cordes<\/h3>\n[\/split_line_heading][vc_column_text el_class=&#8221;justificat&#8221;]\n<div class=\"page\" title=\"Page 3\">\n<div class=\"layoutArea\">\n<div class=\"column\">\n<p>Si vol con\u00e8ixer una mica m\u00e9s<a href=\"https:\/\/sacidkordas.com\/empresa\/\"> <strong>sobre\u00a0Korda&#8217;s<\/strong> <\/a>o els nostres productes, no dubti a visitar el nostre <strong><a href=\"https:\/\/sacidkordas.com\/cataleg\/\">cat\u00e0leg<\/a><\/strong>, xarxes socials i p\u00e0gina web, on trobar\u00e0 una gran varietat de\u00a0<a href=\"https:\/\/sacidkordas.com\/esportives\/\"><strong>cordes esportives<\/strong><\/a> (perfectes per a <strong><a href=\"https:\/\/sacidkordas.com\/outdoor\/barranquismo\/\">barranquisme<\/a><\/strong>, <strong><a href=\"https:\/\/sacidkordas.com\/outdoor\/escalada\/\">escalada\/alpinisme<\/a><\/strong> i <strong><a href=\"https:\/\/sacidkordas.com\/outdoor\/espeleologia\/\">espeleologia<\/a><\/strong>),<a href=\"https:\/\/sacidkordas.com\/profesional\/\"> <strong>cordes professionals<\/strong><\/a> (<strong><a href=\"https:\/\/sacidkordas.com\/profesional\/treball-en-alcada\/\">treballs en al\u00e7ada<\/a><\/strong>,<strong><a href=\"https:\/\/sacidkordas.com\/profesional\/rescat-i-intervencio\/\">rescat i intervenci\u00f3<\/a><\/strong>, <strong><a href=\"https:\/\/sacidkordas.com\/profesional\/manipulacio-de-carregues\/\">manipulaci\u00f3 de c\u00e0rregues<\/a><\/strong>,<strong> <a href=\"https:\/\/sacidkordas.com\/profesional\/cordes-especials\/\">cordes especials<\/a><\/strong>), <strong><a href=\"https:\/\/sacidkordas.com\/complements\/\">complements<\/a><\/strong>,<strong> <a href=\"https:\/\/sacidkordas.com\/corderia\/\">corderia<\/a>\u00a0i&#8230; Molt m\u00e9s!<\/strong><\/p>\n<p>&nbsp;<\/p>\n<\/div>\n<\/div>\n<\/div>\n[\/vc_column_text][nectar_btn size=&#8221;medium&#8221; open_new_tab=&#8221;true&#8221; button_style=&#8221;regular&#8221; button_color_2=&#8221;Extra-Color-1&#8243; icon_family=&#8221;none&#8221; button_id=&#8221;botoncentrat&#8221; url=&#8221;https:\/\/sacidkordas.com\/contact\/&#8221; text=&#8221;Interessat en el nostre I+D+i?&#8221; margin_top=&#8221;5%&#8221; margin_right=&#8221;10%&#8221; margin_bottom=&#8221;5%&#8221; margin_left=&#8221;10%&#8221;][\/vc_column][\/vc_row][vc_row type=&#8221;in_container&#8221; full_screen_row_position=&#8221;middle&#8221; column_margin=&#8221;none&#8221; scene_position=&#8221;center&#8221; text_color=&#8221;dark&#8221; text_align=&#8221;left&#8221; top_padding=&#8221;0&#8243; bottom_padding=&#8221;40&#8243; overlay_strength=&#8221;0.3&#8243; shape_divider_position=&#8221;bottom&#8221; bg_image_animation=&#8221;none&#8221; el_id=&#8221;&#8221; css=&#8221;&#8221;][vc_column column_padding=&#8221;no-extra-padding&#8221; column_padding_position=&#8221;all&#8221; background_color_opacity=&#8221;1&#8243; background_hover_color_opacity=&#8221;1&#8243; column_link_target=&#8221;_self&#8221; column_shadow=&#8221;none&#8221; column_border_radius=&#8221;none&#8221; width=&#8221;1\/1&#8243; tablet_width_inherit=&#8221;default&#8221; tablet_text_alignment=&#8221;default&#8221; phone_text_alignment=&#8221;default&#8221; overlay_strength=&#8221;0.3&#8243; column_border_width=&#8221;none&#8221; column_border_style=&#8221;solid&#8221; bg_image_animation=&#8221;none&#8221;][vc_row_inner column_margin=&#8221;none&#8221; top_padding=&#8221;0&#8243; bottom_padding=&#8221;40&#8243; text_align=&#8221;left&#8221;][\/vc_row_inner][\/vc_column][\/vc_row]\n","protected":false},"excerpt":{"rendered":"<p>[vc_row type=&#8221;in_container&#8221; full_screen_row_position=&#8221;middle&#8221; column_margin=&#8221;default&#8221; scene_position=&#8221;center&#8221; text_color=&#8221;dark&#8221; text_align=&#8221;left&#8221; top_padding=&#8221;88&#8243; overlay_strength=&#8221;0.3&#8243; shape_divider_position=&#8221;bottom&#8221; bg_image_animation=&#8221;none&#8221; shape_type=&#8221;&#8221;][vc_column column_padding=&#8221;no-extra-padding&#8221; column_padding_position=&#8221;all&#8221; background_color_opacity=&#8221;1&#8243; background_hover_color_opacity=&#8221;1&#8243; column_link_target=&#8221;_self&#8221; column_shadow=&#8221;none&#8221; column_border_radius=&#8221;none&#8221; width=&#8221;1\/1&#8243; tablet_width_inherit=&#8221;default&#8221; tablet_text_alignment=&#8221;default&#8221; phone_text_alignment=&#8221;default&#8221; overlay_strength=&#8221;0.3&#8243; column_border_width=&#8221;none&#8221; column_border_style=&#8221;solid&#8221; bg_image_animation=&#8221;none&#8221;][vc_column_text el_class=&#8221;justificat&#8221;] A Korda&#8217;s, el nostre objectiu \u00e9s fabricar cordes amb acabats est\u00e0ndard d&#8217;alta&#8230;<\/p>\n","protected":false},"author":7,"featured_media":0,"parent":6744,"menu_order":0,"comment_status":"closed","ping_status":"closed","template":"","meta":{"footnotes":""},"class_list":["post-7193","page","type-page","status-publish"],"_links":{"self":[{"href":"https:\/\/sacidkordas.com\/ca\/wp-json\/wp\/v2\/pages\/7193","targetHints":{"allow":["GET"]}}],"collection":[{"href":"https:\/\/sacidkordas.com\/ca\/wp-json\/wp\/v2\/pages"}],"about":[{"href":"https:\/\/sacidkordas.com\/ca\/wp-json\/wp\/v2\/types\/page"}],"author":[{"embeddable":true,"href":"https:\/\/sacidkordas.com\/ca\/wp-json\/wp\/v2\/users\/7"}],"replies":[{"embeddable":true,"href":"https:\/\/sacidkordas.com\/ca\/wp-json\/wp\/v2\/comments?post=7193"}],"version-history":[{"count":0,"href":"https:\/\/sacidkordas.com\/ca\/wp-json\/wp\/v2\/pages\/7193\/revisions"}],"up":[{"embeddable":true,"href":"https:\/\/sacidkordas.com\/ca\/wp-json\/wp\/v2\/pages\/6744"}],"wp:attachment":[{"href":"https:\/\/sacidkordas.com\/ca\/wp-json\/wp\/v2\/media?parent=7193"}],"curies":[{"name":"wp","href":"https:\/\/api.w.org\/{rel}","templated":true}]}}