{"id":10705,"date":"2020-05-28T16:57:22","date_gmt":"2020-05-28T16:57:22","guid":{"rendered":"https:\/\/sacidkordas.com\/?page_id=10705"},"modified":"2024-07-23T12:56:13","modified_gmt":"2024-07-23T12:56:13","slug":"privacitat","status":"publish","type":"page","link":"https:\/\/sacidkordas.com\/ca\/privacitat\/","title":{"rendered":"PRIVACITAT"},"content":{"rendered":"[vc_row type=&#8221;in_container&#8221; full_screen_row_position=&#8221;middle&#8221; column_margin=&#8221;default&#8221; column_direction=&#8221;default&#8221; column_direction_tablet=&#8221;default&#8221; column_direction_phone=&#8221;default&#8221; scene_position=&#8221;center&#8221; text_color=&#8221;dark&#8221; text_align=&#8221;left&#8221; row_border_radius=&#8221;none&#8221; row_border_radius_applies=&#8221;bg&#8221; overflow=&#8221;visible&#8221; overlay_strength=&#8221;0.3&#8243; gradient_direction=&#8221;left_to_right&#8221; shape_divider_position=&#8221;bottom&#8221; bg_image_animation=&#8221;none&#8221;][vc_column column_padding=&#8221;no-extra-padding&#8221; column_padding_tablet=&#8221;inherit&#8221; column_padding_phone=&#8221;inherit&#8221; column_padding_position=&#8221;all&#8221; column_element_direction_desktop=&#8221;default&#8221; column_element_spacing=&#8221;default&#8221; desktop_text_alignment=&#8221;default&#8221; tablet_text_alignment=&#8221;default&#8221; phone_text_alignment=&#8221;default&#8221; background_color_opacity=&#8221;1&#8243; background_hover_color_opacity=&#8221;1&#8243; column_backdrop_filter=&#8221;none&#8221; column_shadow=&#8221;none&#8221; column_border_radius=&#8221;none&#8221; column_link_target=&#8221;_self&#8221; column_position=&#8221;default&#8221; gradient_direction=&#8221;left_to_right&#8221; overlay_strength=&#8221;0.3&#8243; width=&#8221;1\/1&#8243; tablet_width_inherit=&#8221;default&#8221; animation_type=&#8221;default&#8221; bg_image_animation=&#8221;none&#8221; border_type=&#8221;simple&#8221; column_border_width=&#8221;none&#8221; column_border_style=&#8221;solid&#8221;][vc_column_text]\n<p style=\"text-align: center;\"><strong><u>Pol\u00edtica de Privacitat (RGPD)<\/u><\/strong><\/p>\n<p><strong><u>RESPONSABLE DEL TRACTAMENT<\/u><\/strong><\/p>\n<p>SA DE CABULLERIA INDUSTRIAL I ESPORTIVA (KORDAS) A58174798, amb domicili en Pol\u00edgon Raval dels Torrents, 4, Parcel\u00b7la 4, 08297, Castellgal\u00ed Tel\u00e8fon 938330302 i Mail <a href=\"mailto:sacid@sacidkordas.com\">sacid@sacidkordas.com<\/a>.<\/p>\n<p><strong><u>FINALITAT<\/u><\/strong><\/p>\n<p>La finalitat de la creaci\u00f3, exist\u00e8ncia i manteniment \u00e9s el tractament de les dades amb els exclusius fins de poder fer efectiva la nostra relaci\u00f3 comercial i realitzar la facturaci\u00f3 d&#8217;aquesta.<\/p>\n<p><strong><u>LEGITIMACI\u00d3<\/u><\/strong><\/p>\n<p>La base legal per al tractament de les seves dades \u00e9s l&#8217;execuci\u00f3 de la relaci\u00f3 comercial entre el titular de la dada i el responsable del tractament i aquesta informaci\u00f3 personal es conservar\u00e0 mentre es mantingui la relaci\u00f3 o durant el temps estrictament necessari per a complir amb les obligacions legals.<\/p>\n<p><strong><u>COMUNICACIONS COMERCIALS<\/u><\/strong><\/p>\n<p>Aix\u00ed mateix i sobre la base del seu consentiment atorgat de manera afirmativa i expressa, ens permet poder enviar-li informaci\u00f3 comercial sobre els nostres productes i novetats a trav\u00e9s de correu electr\u00f2nic. Aquest consentiment podr\u00e0 ser revocat en qualsevol moment a trav\u00e9s del nostre correu electr\u00f2nic <a href=\"mailto:sacid@sacidkordas.com\">sacid@sacidkordas.com<\/a>.<\/p>\n<p><strong><u>PER\u00cdODE DE CONSERVACI\u00d3<\/u><\/strong><\/p>\n<p>Les dades proporcionades es conservaran mentre es mantingui la relaci\u00f3 comercial o durant els anys necessaris per a complir amb les obligacions legals.<\/p>\n<p><strong><u>DESTINATARIS<\/u><\/strong><\/p>\n<p>Mentre duri el tractament de les dades de l&#8217;interessat, SA DE CABULLERIA INDUSTRIAL I ESPORTIVA (KORDAS) no cedir\u00e0 les dades a tercers, tret que sigui necessari per obligaci\u00f3 legal.<\/p>\n<p>En els sup\u00f2sits que, per a la realitzaci\u00f3 de tractaments de tipus administratiu, fiscal, comptable i\/o comercial, es compti amb els serveis de tercers, es formalitzar\u00e0 degudament el preceptiu contracte d&#8217;encarregat de tractament, amb la finalitat de garantir la seguretat i confidencialitat de les dades de l&#8217;interessat enfront de tercers.<\/p>\n<p><strong><u>DRETS<\/u><\/strong><\/p>\n<p class=\"p1\">Les persones interessades tenen dret a accedir a les seves dades de car\u00e0cter personal, aix\u00ed com a sol\u00b7licitar la rectificaci\u00f3 de dades inexactes o, si \u00e9s el cas, sol\u00b7licitar la supressi\u00f3 quan, entre altres motius, les dades ja no siguin necessaris per a la finalitat que van ser lliurats aix\u00ed com retirar el consentiment atorgat. L&#8217;exercici d&#8217;oposici\u00f3 al tractament de les seves dades per a l&#8217;enviament d&#8217;informaci\u00f3 publicit\u00e0ria per via electr\u00f2nica. Tamb\u00e9 pot exercir el seu dret a la limitaci\u00f3 del tractament, de manera que les seves dades no seran suprimits, per\u00f2 el tractament dels mateixos estar\u00e0 subjecte a limitacions. Els exercicis de portabilitat i automatitzaci\u00f3 de decisions no apliquen en aquest cas per la tipologia de dades i tractament d&#8217;aquests.<\/p>\n[\/vc_column_text][\/vc_column][\/vc_row]\n","protected":false},"excerpt":{"rendered":"<p>[vc_row type=&#8221;in_container&#8221; full_screen_row_position=&#8221;middle&#8221; column_margin=&#8221;default&#8221; column_direction=&#8221;default&#8221; column_direction_tablet=&#8221;default&#8221; column_direction_phone=&#8221;default&#8221; scene_position=&#8221;center&#8221; text_color=&#8221;dark&#8221; text_align=&#8221;left&#8221; row_border_radius=&#8221;none&#8221; row_border_radius_applies=&#8221;bg&#8221; overflow=&#8221;visible&#8221; overlay_strength=&#8221;0.3&#8243; gradient_direction=&#8221;left_to_right&#8221; shape_divider_position=&#8221;bottom&#8221; bg_image_animation=&#8221;none&#8221;][vc_column column_padding=&#8221;no-extra-padding&#8221; column_padding_tablet=&#8221;inherit&#8221; column_padding_phone=&#8221;inherit&#8221; column_padding_position=&#8221;all&#8221; column_element_direction_desktop=&#8221;default&#8221; column_element_spacing=&#8221;default&#8221; desktop_text_alignment=&#8221;default&#8221; tablet_text_alignment=&#8221;default&#8221; phone_text_alignment=&#8221;default&#8221; background_color_opacity=&#8221;1&#8243; background_hover_color_opacity=&#8221;1&#8243; column_backdrop_filter=&#8221;none&#8221; column_shadow=&#8221;none&#8221; column_border_radius=&#8221;none&#8221; column_link_target=&#8221;_self&#8221; column_position=&#8221;default&#8221; gradient_direction=&#8221;left_to_right&#8221; overlay_strength=&#8221;0.3&#8243; width=&#8221;1\/1&#8243; tablet_width_inherit=&#8221;default&#8221; animation_type=&#8221;default&#8221; bg_image_animation=&#8221;none&#8221; border_type=&#8221;simple&#8221;&#8230;<\/p>\n","protected":false},"author":7,"featured_media":0,"parent":0,"menu_order":0,"comment_status":"closed","ping_status":"closed","template":"","meta":{"footnotes":""},"class_list":["post-10705","page","type-page","status-publish"],"_links":{"self":[{"href":"https:\/\/sacidkordas.com\/ca\/wp-json\/wp\/v2\/pages\/10705","targetHints":{"allow":["GET"]}}],"collection":[{"href":"https:\/\/sacidkordas.com\/ca\/wp-json\/wp\/v2\/pages"}],"about":[{"href":"https:\/\/sacidkordas.com\/ca\/wp-json\/wp\/v2\/types\/page"}],"author":[{"embeddable":true,"href":"https:\/\/sacidkordas.com\/ca\/wp-json\/wp\/v2\/users\/7"}],"replies":[{"embeddable":true,"href":"https:\/\/sacidkordas.com\/ca\/wp-json\/wp\/v2\/comments?post=10705"}],"version-history":[{"count":0,"href":"https:\/\/sacidkordas.com\/ca\/wp-json\/wp\/v2\/pages\/10705\/revisions"}],"wp:attachment":[{"href":"https:\/\/sacidkordas.com\/ca\/wp-json\/wp\/v2\/media?parent=10705"}],"curies":[{"name":"wp","href":"https:\/\/api.w.org\/{rel}","templated":true}]}}